{"id":15236,"date":"2025-01-19T14:16:34","date_gmt":"2025-01-19T14:16:34","guid":{"rendered":"https:\/\/www.hydraulic-cylinders.net\/product\/bucket-cylinder-for-caterpillar-middle-excavator-e320dz-bl\/"},"modified":"2025-01-19T14:16:36","modified_gmt":"2025-01-19T14:16:36","slug":"bucket-cylinder-for-caterpillar-middle-excavator-e320dz-bl","status":"publish","type":"product","link":"https:\/\/www.hydraulic-cylinders.net\/fr\/produit\/bucket-cylinder-for-caterpillar-middle-excavator-e320dz-bl\/","title":{"rendered":"V\u00e9rin de godet pour pelle hydraulique Caterpillar E320DZ\/BL"},"content":{"rendered":"<p><!DOCTYPE html><br \/>\n<html><br \/>\n<head><br \/>\n<title>V\u00e9rin de godet pour pelle hydraulique Caterpillar E320DZ\/BL<\/title><br \/>\n<\/head><br \/>\n<body><\/p>\n<h1>V\u00e9rin de godet pour pelle hydraulique Caterpillar E320DZ\/BL<\/h1>\n<h2>Introduction<\/h2>\n<p>Le v\u00e9rin de godet pour pelle hydraulique Caterpillar E320DZ\/BL est un v\u00e9rin hydraulique sp\u00e9cialement con\u00e7u pour contr\u00f4ler les mouvements du godet sur les engins de chantier tels que les pelles hydrauliques, les chargeuses-pelleteuses et les chargeuses frontales. Sa fonction principale est de permettre au godet d'effectuer des op\u00e9rations de levage, d'abaissement et d'inclinaison, facilitant ainsi diverses t\u00e2ches de manutention. Au sein du syst\u00e8me hydraulique, le v\u00e9rin de godet assure un contr\u00f4le pr\u00e9cis du godet gr\u00e2ce \u00e0 la variation de la pression d'huile hydraulique, permettant aux op\u00e9rateurs de manipuler efficacement des charges lourdes et de s'adapter \u00e0 des environnements de travail complexes et \u00e0 des exigences vari\u00e9es.<\/p>\n<p><img decoding=\"async\" src=\"https:\/\/www.hydraulic-cylinders.net\/wp-content\/uploads\/2025\/01\/songte-company-2.webp\" alt=\"Image du cylindre du godet\"><\/p>\n<h2>Caract\u00e9ristiques<\/h2>\n<ul>\n<li><strong>Haute r\u00e9sistance et durabilit\u00e9 :<\/strong> Fabriqu\u00e9 g\u00e9n\u00e9ralement en acier haute r\u00e9sistance ou en aluminium, le v\u00e9rin du godet supporte les hautes pressions et les charges importantes, s'adaptant ainsi aux environnements de travail difficiles. Sa conception assure une r\u00e9sistance \u00e0 l'usure et \u00e0 la corrosion, prolongeant sa dur\u00e9e de vie.<\/li>\n<li><strong>Fonctionnement hydraulique efficace :<\/strong> En utilisant la pression de l'huile hydraulique, le v\u00e9rin du godet assure des mouvements t\u00e9lescopiques fluides, permettant une r\u00e9ponse rapide aux commandes et fournissant des forces de pouss\u00e9e et de traction puissantes, adapt\u00e9es \u00e0 la manutention de charges lourdes et \u00e0 des t\u00e2ches complexes.<\/li>\n<li><strong>Diff\u00e9rents types :<\/strong> Le v\u00e9rin du godet peut \u00eatre choisi en version simple effet (actionnement hydraulique dans un seul sens) ou double effet (actionnement hydraulique dans les deux sens), selon les besoins op\u00e9rationnels. Certains mod\u00e8les sont t\u00e9lescopiques, ce qui permet une plus grande extension sans augmenter les dimensions ext\u00e9rieures et les rend adapt\u00e9s aux applications \u00e0 espace restreint.<\/li>\n<li><strong>Remplacement id\u00e9al\u00a0:<\/strong> Nos produits peuvent parfaitement remplacer ces v\u00e9rins hydrauliques, offrant les m\u00eames fonctionnalit\u00e9s et la m\u00eame qualit\u00e9.<\/li>\n<\/ul>\n<p><img decoding=\"async\" src=\"https:\/\/www.hydraulic-cylinders.net\/wp-content\/uploads\/2025\/01\/songte-cylinder-head-with-all-kinds-excavator-models.webp\" alt=\"Image de remplacement du v\u00e9rin de godet\"><\/p>\n<h2>Applications<\/h2>\n<p>Le v\u00e9rin \u00e0 godet trouve des applications dans divers \u00e9quipements\u00a0:<\/p>\n<ul>\n<li><strong>\u00c9quipement de construction :<\/strong> Ils sont indispensables aux excavatrices pour creuser, charger et d\u00e9placer la terre ou les d\u00e9bris. Sur les chargeuses-pelleteuses, le v\u00e9rin du godet contribue \u00e0 la fois \u00e0 l'excavation et au levage.<\/li>\n<li><strong>Machines agricoles :<\/strong> Utilis\u00e9 dans les chargeurs frontaux pour ramasser, soulever et transporter de la terre, du foin et d'autres mat\u00e9riaux.<\/li>\n<li><strong>Excavateurs:<\/strong> Le v\u00e9rin du godet permet des actions de creusement en permettant au godet de p\u00e9n\u00e9trer le sol.<\/li>\n<li><strong>Chargeurs:<\/strong> Dans les chargeuses frontales, elles contribuent \u00e0 faciliter le levage et le d\u00e9chargement efficaces des marchandises.<\/li>\n<\/ul>\n<h2>Consid\u00e9rations de conception et crit\u00e8res de s\u00e9lection<\/h2>\n<ul>\n<li><strong>Capacit\u00e9 portante :<\/strong> Le v\u00e9rin du godet est con\u00e7u pour r\u00e9sister \u00e0 des charges et \u00e0 une pression \u00e9lev\u00e9es tout en maintenant stabilit\u00e9 et s\u00e9curit\u00e9.<\/li>\n<li><strong>Scellage:<\/strong> Divers composants d'\u00e9tanch\u00e9it\u00e9, tels que les joints de piston et les joints de tige, sont utilis\u00e9s\u00a0; ils sont fabriqu\u00e9s \u00e0 partir de mat\u00e9riaux r\u00e9sistants \u00e0 l'usure comme le polyur\u00e9thane et le caoutchouc nitrile. Le corps du cylindre et les extr\u00e9mit\u00e9s filet\u00e9es subissent un traitement de pr\u00e9cision afin d'am\u00e9liorer leur r\u00e9sistance \u00e0 l'usure.<\/li>\n<\/ul>\n<p><img decoding=\"async\" src=\"https:\/\/www.hydraulic-cylinders.net\/wp-content\/uploads\/2025\/01\/songte-oil-pipes-and-spare-parts.webp\" alt=\"Image d&#039;\u00e9tanch\u00e9it\u00e9 et de lubrification\"><\/p>\n<h2>\u00c9tanch\u00e9it\u00e9 et lubrification<\/h2>\n<p>Le v\u00e9rin du godet utilise divers joints d'\u00e9tanch\u00e9it\u00e9, tels que des joints de piston et des joints de tige, fabriqu\u00e9s en mat\u00e9riaux r\u00e9sistants \u00e0 l'usure comme le polyur\u00e9thane et le caoutchouc nitrile. Le corps du v\u00e9rin et ses extr\u00e9mit\u00e9s filet\u00e9es b\u00e9n\u00e9ficient d'un traitement de pr\u00e9cision pour une meilleure r\u00e9sistance \u00e0 l'usure. Une lubrification r\u00e9guli\u00e8re avec une huile hydraulique adapt\u00e9e est indispensable \u00e0 un fonctionnement optimal.<\/p>\n<h2>Inspection r\u00e9guli\u00e8re et maintenance pr\u00e9ventive<\/h2>\n<ul>\n<li>Une inspection r\u00e9guli\u00e8re doit \u00eatre effectu\u00e9e pour v\u00e9rifier l'absence de fuites, de dommages ou de dysfonctionnements au niveau du v\u00e9rin du godet.<\/li>\n<li>Il convient d'effectuer r\u00e9guli\u00e8rement une lubrification ad\u00e9quate du cylindre et des autres pi\u00e8ces mobiles.<\/li>\n<li>Les joints doivent \u00eatre remplac\u00e9s si des signes d'usure ou de dommages sont d\u00e9tect\u00e9s.<\/li>\n<li>Des contr\u00f4les d'\u00e9talonnage doivent \u00eatre effectu\u00e9s pour garantir un fonctionnement pr\u00e9cis.<\/li>\n<\/ul>\n<h2>Instructions d'installation correctes du produit<\/h2>\n<p>Une installation correcte du v\u00e9rin de godet est essentielle pour un fonctionnement optimal et une longue dur\u00e9e de vie. Voici quelques recommandations\u00a0:<\/p>\n<ul>\n<li>Veillez \u00e0 aligner correctement le cylindre lors de l'installation.<\/li>\n<li>Utilisez les supports de fixation appropri\u00e9s pour fixer le cylindre.<\/li>\n<li>Suivez les proc\u00e9dures recommand\u00e9es pour l'inspection, la r\u00e9paration et le remplacement.<\/li>\n<li>Fournir des services de remise en \u00e9tat et des pi\u00e8ces de rechange pour prolonger la dur\u00e9e de vie du v\u00e9rin de godet.<\/li>\n<\/ul>\n<p><img decoding=\"async\" src=\"https:\/\/www.hydraulic-cylinders.net\/wp-content\/uploads\/2025\/01\/songte-chushion-collar.webp\" alt=\"Image des instructions d&#039;installation\"><\/p>\n<h2>Consid\u00e9rations de s\u00e9curit\u00e9 et facteurs environnementaux<\/h2>\n<p>Lors de l'utilisation du v\u00e9rin \u00e0 godet, il est important de respecter les mesures de s\u00e9curit\u00e9 afin de pr\u00e9venir les accidents et d'assurer la s\u00e9curit\u00e9 du personnel et de l'environnement.<\/p>\n<h2>Diagnostic des pannes et probl\u00e8mes courants<\/h2>\n<p>Probl\u00e8mes courants et conseils de d\u00e9pannage pour le v\u00e9rin de godet\u00a0:<\/p>\n<p><img decoding=\"async\" src=\"https:\/\/www.hydraulic-cylinders.net\/wp-content\/uploads\/2025\/01\/songte-bushings-with-all-kinds-of-excavator-models.webp\" alt=\"Image de diagnostic des pannes\"><\/p>\n<h2>Conseils d'entretien<\/h2>\n<p>Fournir des conseils et des solutions de d\u00e9pannage pour diagnostiquer et r\u00e9soudre efficacement les probl\u00e8mes, ainsi que des mesures pr\u00e9ventives pour minimiser les probl\u00e8mes potentiels.<\/p>\n<h2>\u00c0 propos de notre entreprise<\/h2>\n<p>Nous sommes un fabricant et distributeur de premier plan de v\u00e9rins hydrauliques sur les march\u00e9s nationaux et internationaux. Notre entreprise propose une vaste gamme de produits et applique une strat\u00e9gie de gestion de la production industrielle, s'appuyant sur une qualit\u00e9 irr\u00e9prochable, des ateliers de fabrication sp\u00e9cialis\u00e9s, des \u00e9quipements de production num\u00e9rique de pointe et des syst\u00e8mes de contr\u00f4le professionnels. Nous sommes en mesure de r\u00e9pondre efficacement, avec pr\u00e9cision et qualit\u00e9, aux besoins vari\u00e9s de nos clients. Notre entreprise est reconnue pour son professionnalisme, ses certifications internationales, ses services personnalis\u00e9s, ses \u00e9quipements de production modernes et son excellent service apr\u00e8s-vente.<\/p>\n<p><img decoding=\"async\" src=\"https:\/\/www.hydraulic-cylinders.net\/wp-content\/uploads\/2025\/01\/songte-company-3.webp\" alt=\"Image de pr\u00e9sentation de l&#039;entreprise\"><\/p>\n<p>Auteur : lyl<\/p>\n<p><\/body><br \/>\n<\/html><\/p>","protected":false},"excerpt":{"rendered":"<p>Bucket Cylinder For Caterpillar Middle Excavator E320DZ\/BL Bucket Cylinder For Caterpillar Middle Excavator E320DZ\/BL Introduction The bucket cylinder for Caterpillar middle excavator E320DZ\/BL is a specially designed hydraulic cylinder used to control the movement of the bucket in heavy machinery such as excavators, backhoe loaders, and front-end loaders. Its main function is to enable the [&hellip;]<\/p>","protected":false},"featured_media":14761,"comment_status":"open","ping_status":"closed","template":"","meta":{"_et_pb_use_builder":"","_et_pb_old_content":"","_et_gb_content_width":""},"product_brand":[],"product_cat":[1494],"product_tag":[1495,1496],"class_list":{"0":"post-15236","1":"product","2":"type-product","3":"status-publish","4":"has-post-thumbnail","6":"product_cat-bucket-cylinders","7":"product_tag-bucket-cylinders","8":"product_tag-hydraulic-cylinders","10":"first","11":"instock","12":"shipping-taxable","13":"product-type-simple"},"amp_enabled":true,"_links":{"self":[{"href":"https:\/\/www.hydraulic-cylinders.net\/fr\/wp-json\/wp\/v2\/product\/15236","targetHints":{"allow":["GET"]}}],"collection":[{"href":"https:\/\/www.hydraulic-cylinders.net\/fr\/wp-json\/wp\/v2\/product"}],"about":[{"href":"https:\/\/www.hydraulic-cylinders.net\/fr\/wp-json\/wp\/v2\/types\/product"}],"replies":[{"embeddable":true,"href":"https:\/\/www.hydraulic-cylinders.net\/fr\/wp-json\/wp\/v2\/comments?post=15236"}],"wp:featuredmedia":[{"embeddable":true,"href":"https:\/\/www.hydraulic-cylinders.net\/fr\/wp-json\/wp\/v2\/media\/14761"}],"wp:attachment":[{"href":"https:\/\/www.hydraulic-cylinders.net\/fr\/wp-json\/wp\/v2\/media?parent=15236"}],"wp:term":[{"taxonomy":"product_brand","embeddable":true,"href":"https:\/\/www.hydraulic-cylinders.net\/fr\/wp-json\/wp\/v2\/product_brand?post=15236"},{"taxonomy":"product_cat","embeddable":true,"href":"https:\/\/www.hydraulic-cylinders.net\/fr\/wp-json\/wp\/v2\/product_cat?post=15236"},{"taxonomy":"product_tag","embeddable":true,"href":"https:\/\/www.hydraulic-cylinders.net\/fr\/wp-json\/wp\/v2\/product_tag?post=15236"}],"curies":[{"name":"wp","href":"https:\/\/api.w.org\/{rel}","templated":true}]}}