{"id":15244,"date":"2025-01-19T14:17:12","date_gmt":"2025-01-19T14:17:12","guid":{"rendered":"https:\/\/www.hydraulic-cylinders.net\/product\/bucket-cylinder-for-caterpillar-large-excavator-e349dz\/"},"modified":"2025-01-19T14:17:14","modified_gmt":"2025-01-19T14:17:14","slug":"bucket-cylinder-for-caterpillar-large-excavator-e349dz","status":"publish","type":"product","link":"https:\/\/www.hydraulic-cylinders.net\/fr\/produit\/bucket-cylinder-for-caterpillar-large-excavator-e349dz\/","title":{"rendered":"V\u00e9rin de godet pour pelle hydraulique Caterpillar E349DZ"},"content":{"rendered":"<h1>V\u00e9rin de godet pour pelle hydraulique Caterpillar E349DZ<\/h1>\n<h2>Introduction<\/h2>\n<p>Un v\u00e9rin de godet est un v\u00e9rin hydraulique sp\u00e9cialement con\u00e7u pour contr\u00f4ler les mouvements du godet sur les engins de chantier tels que les pelles hydrauliques, les chargeuses-pelleteuses et les chargeuses frontales. Sa fonction principale est de permettre la lev\u00e9e, l'abaissement et l'inclinaison du godet, facilitant ainsi la manutention de divers mat\u00e9riaux. Au sein du syst\u00e8me hydraulique, le v\u00e9rin de godet assure un contr\u00f4le pr\u00e9cis des mouvements du godet gr\u00e2ce \u00e0 la variation de la pression d'huile hydraulique, permettant aux op\u00e9rateurs de manipuler efficacement des charges lourdes et de s'adapter \u00e0 des environnements de travail complexes et \u00e0 des besoins op\u00e9rationnels vari\u00e9s.<\/p>\n<p><img decoding=\"async\" src=\"https:\/\/www.hydraulic-cylinders.net\/wp-content\/uploads\/2025\/01\/songte-company-2.webp\"><\/p>\n<h2>Caract\u00e9ristiques<\/h2>\n<ul>\n<li>\n<h3>Haute r\u00e9sistance et durabilit\u00e9<\/h3>\n<\/li>\n<p>Les v\u00e9rins de godet sont g\u00e9n\u00e9ralement fabriqu\u00e9s en acier \u00e0 haute r\u00e9sistance ou en aluminium, ce qui leur permet de r\u00e9sister \u00e0 des pressions \u00e9lev\u00e9es et \u00e0 des charges importantes, de s'adapter \u00e0 des environnements de travail difficiles et de prendre en compte la r\u00e9sistance \u00e0 l'usure et \u00e0 la corrosion afin de prolonger leur dur\u00e9e de vie.<\/p>\n<li>\n<h3>Fonctionnement hydraulique efficace<\/h3>\n<\/li>\n<p>Les v\u00e9rins de godet utilisent la pression de l'huile hydraulique pour assurer des mouvements d'extension et de contraction fluides, et peuvent r\u00e9pondre rapidement aux commandes pour fournir des forces de pouss\u00e9e et de traction importantes, ce qui les rend adapt\u00e9s \u00e0 la manutention de charges lourdes et \u00e0 des t\u00e2ches op\u00e9rationnelles complexes.<\/p>\n<li>\n<h3>Diff\u00e9rents types<\/h3>\n<\/li>\n<p>Le choix des v\u00e9rins de godet d\u00e9pend des besoins op\u00e9rationnels\u00a0: v\u00e9rins simple effet (fonctionnant dans un seul sens) ou double effet (fonctionnant dans les deux sens). Certains mod\u00e8les sont t\u00e9lescopiques, ce qui permet une plus grande extension sans augmenter l\u2019encombrement et les rend adapt\u00e9s aux espaces restreints.<\/p>\n<li>\n<h3>Remplacement compatible<\/h3>\n<\/li>\n<p>Nos produits peuvent parfaitement remplacer ces v\u00e9rins hydrauliques.<\/p>\n<\/ul>\n<p><img decoding=\"async\" src=\"https:\/\/www.hydraulic-cylinders.net\/wp-content\/uploads\/2025\/01\/songte-cylinder-head-with-all-kinds-excavator-models.webp\"><\/p>\n<h2>Applications<\/h2>\n<p>Les v\u00e9rins de godet sont largement utilis\u00e9s dans divers secteurs industriels tels que les engins de construction, les machines agricoles, les excavatrices et les chargeuses. Voici quelques exemples\u00a0:<\/p>\n<ul>\n<li>\n<h3>\u00c9quipement de construction<\/h3>\n<\/li>\n<p>Les v\u00e9rins de godet sont indispensables pour creuser, charger et d\u00e9placer la terre ou les d\u00e9bris avec les excavatrices et les chargeuses-pelleteuses. Sur les chargeuses frontales, ils permettent de lever et d'incliner efficacement les charges.<\/p>\n<li>\n<h3>machines agricoles<\/h3>\n<\/li>\n<p>Les v\u00e9rins de godet sont utilis\u00e9s sur les chargeuses frontales pour ramasser, soulever et transporter de la terre, du foin et d'autres mat\u00e9riaux.<\/p>\n<li>\n<h3>Excavateurs<\/h3>\n<\/li>\n<p>Les v\u00e9rins de godet permettent l'excavation en permettant au godet de p\u00e9n\u00e9trer dans le sol.<\/p>\n<li>\n<h3>Chargeurs<\/h3>\n<\/li>\n<p>Les v\u00e9rins de godet permettent de soulever et d'incliner efficacement les marchandises dans les chargeuses frontales.<\/p>\n<\/ul>\n<h2>Consid\u00e9rations de conception et crit\u00e8res de s\u00e9lection<\/h2>\n<p>Lors du choix des v\u00e9rins de godet, divers facteurs tels que la capacit\u00e9 de charge, l'\u00e9tanch\u00e9it\u00e9, la durabilit\u00e9, la s\u00e9curit\u00e9 et la facilit\u00e9 d'entretien doivent \u00eatre pris en compte. Voici quelques consid\u00e9rations de conception et crit\u00e8res de s\u00e9lection\u00a0:<\/p>\n<ul>\n<li>\n<h3>Capacit\u00e9 de charge<\/h3>\n<\/li>\n<p>Le v\u00e9rin du godet doit pouvoir supporter la charge maximale susceptible de survenir en cours de fonctionnement.<\/p>\n<li>\n<h3>Scellage<\/h3>\n<\/li>\n<p>Le v\u00e9rin du godet doit \u00eatre bien \u00e9tanche pour \u00e9viter les fuites d'huile et assurer un bon fonctionnement.<\/p>\n<li>\n<h3>Durabilit\u00e9<\/h3>\n<\/li>\n<p>Le v\u00e9rin du godet doit \u00eatre fabriqu\u00e9 \u00e0 partir de mat\u00e9riaux durables et de haute qualit\u00e9 afin de r\u00e9sister aux conditions de travail difficiles et de garantir une longue dur\u00e9e de vie.<\/p>\n<li>\n<h3>S\u00e9curit\u00e9<\/h3>\n<\/li>\n<p>Le v\u00e9rin du godet doit \u00eatre \u00e9quip\u00e9 de dispositifs de s\u00e9curit\u00e9 tels que des soupapes de d\u00e9charge et des manom\u00e8tres afin d'\u00e9viter les surcharges et de garantir un fonctionnement s\u00fbr.<\/p>\n<li>\n<h3>Maintenabilit\u00e9<\/h3>\n<\/li>\n<p>Le v\u00e9rin du godet doit \u00eatre facile \u00e0 entretenir et \u00e0 r\u00e9parer, et les pi\u00e8ces de rechange doivent \u00eatre facilement disponibles.<\/p>\n<\/ul>\n<p><img decoding=\"async\" src=\"https:\/\/www.hydraulic-cylinders.net\/wp-content\/uploads\/2025\/01\/songte-oil-pipes-and-spare-parts.webp\"><\/p>\n<h2>\u00c9tanch\u00e9it\u00e9 et lubrification<\/h2>\n<p>Divers composants d'\u00e9tanch\u00e9it\u00e9, tels que des joints de piston et des joints de tige, doivent \u00eatre utilis\u00e9s dans les v\u00e9rins de godet pour pr\u00e9venir les fuites d'huile et garantir un fonctionnement optimal. Ces joints doivent \u00eatre fabriqu\u00e9s dans des mat\u00e9riaux r\u00e9sistants \u00e0 l'usure, comme le polyur\u00e9thane et le caoutchouc nitrile. Le corps du v\u00e9rin et les surfaces d'extr\u00e9mit\u00e9 du filetage doivent \u00eatre usin\u00e9s avec pr\u00e9cision pour am\u00e9liorer la r\u00e9sistance \u00e0 l'usure. Le v\u00e9rin de godet n\u00e9cessite une lubrification r\u00e9guli\u00e8re \u00e0 l'huile hydraulique pour assurer un fonctionnement optimal. <\/p>\n<h2>Entretien et r\u00e9paration<\/h2>\n<p>Un contr\u00f4le r\u00e9gulier et des mesures d'entretien pr\u00e9ventif permettent d'\u00e9viter les probl\u00e8mes potentiels et de prolonger la dur\u00e9e de vie du v\u00e9rin du godet. Voici trois op\u00e9rations d'entretien courantes\u00a0:<\/p>\n<ul>\n<li>Inspection r\u00e9guli\u00e8re<\/li>\n<p>V\u00e9rifiez r\u00e9guli\u00e8rement l'absence de fuites d'huile, l'usure et tout autre probl\u00e8me.<\/p>\n<li>Lubrification appropri\u00e9e<\/li>\n<p>Assurez-vous que le v\u00e9rin du godet est correctement lubrifi\u00e9 avec de l'huile hydraulique.<\/p>\n<li>Remplacement des joints et v\u00e9rification de l'\u00e9talonnage<\/li>\n<p>Remplacez les joints us\u00e9s et v\u00e9rifiez r\u00e9guli\u00e8rement l'\u00e9talonnage pour garantir des performances optimales.<\/p>\n<\/ul>\n<p><img decoding=\"async\" src=\"https:\/\/www.hydraulic-cylinders.net\/wp-content\/uploads\/2025\/01\/songte-chushion-collar.webp\"><\/p>\n<h2>Consid\u00e9rations relatives \u00e0 la s\u00e9curit\u00e9 et \u00e0 l'environnement<\/h2>\n<p>Des mesures de s\u00e9curit\u00e9 doivent \u00eatre prises lors de l'utilisation de v\u00e9rins de godet afin de pr\u00e9venir les accidents. Il est essentiel de respecter les consignes de s\u00e9curit\u00e9 et d'utiliser les \u00e9quipements de protection individuelle appropri\u00e9s. Les consid\u00e9rations environnementales doivent \u00e9galement \u00eatre prises en compte, notamment l'\u00e9limination correcte de l'huile hydraulique et des autres d\u00e9chets.<\/p>\n<h2>D\u00e9pannage et probl\u00e8mes courants<\/h2>\n<p>Voici quelques probl\u00e8mes courants pouvant survenir lors de l'utilisation de v\u00e9rins de godet, ainsi que des suggestions pour le d\u00e9pannage et la r\u00e9solution de ces probl\u00e8mes\u00a0:<\/p>\n<ul>\n<li>\n<h3>Fuite d'huile<\/h3>\n<\/li>\n<p>V\u00e9rifiez l'\u00e9tat des joints et remplacez-les si n\u00e9cessaire.<\/p>\n<li>\n<h3>Fonctionnement lent<\/h3>\n<\/li>\n<p>V\u00e9rifiez le niveau d'huile hydraulique et faites l'appoint si n\u00e9cessaire.<\/p>\n<li>\n<h3>Bruit excessif<\/h3>\n<\/li>\n<p>V\u00e9rifiez si les composants sont endommag\u00e9s ou us\u00e9s et remplacez-les si n\u00e9cessaire.<\/p>\n<\/ul>\n<p><img decoding=\"async\" src=\"https:\/\/www.hydraulic-cylinders.net\/wp-content\/uploads\/2025\/01\/songte-bushings-with-all-kinds-of-excavator-models.webp\"><\/p>\n<h2>\u00c0 propos de notre entreprise<\/h2>\n<p>Nous sommes un fabricant de v\u00e9rins hydrauliques de remplacement offrant une gamme compl\u00e8te de produits et figurant parmi les principaux fabricants et distributeurs de v\u00e9rins hydrauliques sur les march\u00e9s nationaux et internationaux. Notre engagement envers l'excellence et la qualit\u00e9 se traduit par des strat\u00e9gies de gestion de la production industrielle mises en \u0153uvre dans des ateliers de fabrication de pointe. Notre entreprise am\u00e9liore constamment ses installations, optimise sa cha\u00eene de production et fait preuve d'une grande capacit\u00e9 d'innovation. Nous r\u00e9pondons aux besoins vari\u00e9s de nos clients avec efficacit\u00e9, pr\u00e9cision et un haut niveau de qualit\u00e9.<\/p>\n<p><img decoding=\"async\" src=\"https:\/\/hzpt.com\/wp-content\/uploads\/2024\/11\/songte-company-1.webp\"><\/p>\n<h2>Nos services<\/h2>\n<ul>\n<li>\n<h3>Professionnalisme<\/h3>\n<\/li>\n<p>Nous disposons d'une \u00e9quipe d'ing\u00e9nieurs et de techniciens professionnels capables de vous fournir des solutions personnalis\u00e9es pour vos besoins en v\u00e9rins hydrauliques.<\/p>\n<li>\n<h3>Certification internationale<\/h3>\n<\/li>\n<p>Nous avons obtenu des certifications internationales telles que ISO9001, CE et SGS, ce qui garantit que la qualit\u00e9 de nos produits r\u00e9pond aux normes internationales.<\/p>\n<li>\n<h3>Services de personnalisation<\/h3>\n<\/li>\n<p>Nous proposons des services de personnalisation pour r\u00e9pondre aux besoins sp\u00e9cifiques de nos clients.<\/p>\n<li>\n<h3>\u00c9quipements de production avanc\u00e9s<\/h3>\n<\/li>\n<p>Nous utilisons des \u00e9quipements de production et des syst\u00e8mes de test de pointe pour garantir la qualit\u00e9 de nos produits.<\/p>\n<li>\n<h3>Service apr\u00e8s-vente<\/h3>\n<\/li>\n<p>Nous assurons un service apr\u00e8s-vente et un support technique afin de garantir la performance \u00e0 long terme de nos produits.<\/p>\n<\/ul>\n<p>Auteur : lyl<\/p>","protected":false},"excerpt":{"rendered":"<p>Bucket Cylinder For Caterpillar Large Excavator E349DZ Introduction A bucket cylinder is a specially designed hydraulic cylinder that controls the movement of buckets in heavy machinery such as excavators, backhoe loaders, and front-end loaders. Its main function is to allow the bucket to lift, lower, and tilt, making it easier to handle various materials. In [&hellip;]<\/p>","protected":false},"featured_media":14778,"comment_status":"open","ping_status":"closed","template":"","meta":{"_et_pb_use_builder":"","_et_pb_old_content":"","_et_gb_content_width":""},"product_brand":[],"product_cat":[1494],"product_tag":[1495,1496],"class_list":{"0":"post-15244","1":"product","2":"type-product","3":"status-publish","4":"has-post-thumbnail","6":"product_cat-bucket-cylinders","7":"product_tag-bucket-cylinders","8":"product_tag-hydraulic-cylinders","10":"first","11":"instock","12":"shipping-taxable","13":"product-type-simple"},"amp_enabled":true,"_links":{"self":[{"href":"https:\/\/www.hydraulic-cylinders.net\/fr\/wp-json\/wp\/v2\/product\/15244","targetHints":{"allow":["GET"]}}],"collection":[{"href":"https:\/\/www.hydraulic-cylinders.net\/fr\/wp-json\/wp\/v2\/product"}],"about":[{"href":"https:\/\/www.hydraulic-cylinders.net\/fr\/wp-json\/wp\/v2\/types\/product"}],"replies":[{"embeddable":true,"href":"https:\/\/www.hydraulic-cylinders.net\/fr\/wp-json\/wp\/v2\/comments?post=15244"}],"wp:featuredmedia":[{"embeddable":true,"href":"https:\/\/www.hydraulic-cylinders.net\/fr\/wp-json\/wp\/v2\/media\/14778"}],"wp:attachment":[{"href":"https:\/\/www.hydraulic-cylinders.net\/fr\/wp-json\/wp\/v2\/media?parent=15244"}],"wp:term":[{"taxonomy":"product_brand","embeddable":true,"href":"https:\/\/www.hydraulic-cylinders.net\/fr\/wp-json\/wp\/v2\/product_brand?post=15244"},{"taxonomy":"product_cat","embeddable":true,"href":"https:\/\/www.hydraulic-cylinders.net\/fr\/wp-json\/wp\/v2\/product_cat?post=15244"},{"taxonomy":"product_tag","embeddable":true,"href":"https:\/\/www.hydraulic-cylinders.net\/fr\/wp-json\/wp\/v2\/product_tag?post=15244"}],"curies":[{"name":"wp","href":"https:\/\/api.w.org\/{rel}","templated":true}]}}