{"id":15246,"date":"2025-01-19T14:17:21","date_gmt":"2025-01-19T14:17:21","guid":{"rendered":"https:\/\/www.hydraulic-cylinders.net\/product\/bucket-cylinder-for-caterpillar-large-excavator-e390dl\/"},"modified":"2025-01-19T14:17:23","modified_gmt":"2025-01-19T14:17:23","slug":"bucket-cylinder-for-caterpillar-large-excavator-e390dl","status":"publish","type":"product","link":"https:\/\/www.hydraulic-cylinders.net\/fr\/produit\/bucket-cylinder-for-caterpillar-large-excavator-e390dl\/","title":{"rendered":"Cylindre de godet pour pelle hydraulique Caterpillar E390DL"},"content":{"rendered":"<h2>Cylindre de godet pour pelle hydraulique Caterpillar E390DL<\/h2>\n<h3>Introduction<\/h3>\n<p>Le v\u00e9rin de godet d'une pelle hydraulique Caterpillar E390DL est un v\u00e9rin sp\u00e9cialis\u00e9 con\u00e7u pour contr\u00f4ler les mouvements du godet sur les engins de chantier tels que les pelles hydrauliques, les chargeuses-pelleteuses et les chargeuses frontales. Sa fonction principale est de permettre la lev\u00e9e, l'abaissement et l'inclinaison du godet, facilitant ainsi les op\u00e9rations de manutention. Au sein du syst\u00e8me hydraulique, les v\u00e9rins de godet contr\u00f4lent avec pr\u00e9cision les mouvements du godet gr\u00e2ce \u00e0 la variation de la pression d'huile hydraulique, permettant aux op\u00e9rateurs de manipuler efficacement des charges lourdes, de s'adapter \u00e0 des environnements de travail complexes et de r\u00e9pondre \u00e0 des exigences vari\u00e9es.<\/p>\n<p><img decoding=\"async\" src=\"https:\/\/www.hydraulic-cylinders.net\/wp-content\/uploads\/2025\/01\/songte-company-2.webp\" alt=\"Cylindre de godet pour pelle hydraulique Caterpillar E390DL\" \/><\/p>\n<h3>Caract\u00e9ristiques<\/h3>\n<ul>\n<li>Haute r\u00e9sistance et durabilit\u00e9 : G\u00e9n\u00e9ralement fabriqu\u00e9 en acier ou en aluminium \u00e0 haute r\u00e9sistance, il peut supporter une pression \u00e9lev\u00e9e et des charges importantes, s'adapter aux environnements de travail difficiles et est con\u00e7u pour r\u00e9sister \u00e0 l'usure et \u00e0 la corrosion afin de prolonger sa dur\u00e9e de vie.<\/li>\n<li>Fonctionnement hydraulique efficace : Utilisant la pression de l'huile hydraulique pour obtenir des mouvements d'extension et de contraction fluides, il peut r\u00e9pondre rapidement aux commandes, fournir des forces de pouss\u00e9e et de traction puissantes et convient \u00e0 la manutention de charges lourdes et \u00e0 des t\u00e2ches complexes.<\/li>\n<li>Diff\u00e9rents types de v\u00e9rins sont disponibles\u00a0: \u00e0 simple effet (actionnement hydraulique dans un seul sens) ou \u00e0 double effet (actionnement hydraulique dans les deux sens), selon les besoins op\u00e9rationnels. Certains mod\u00e8les sont t\u00e9lescopiques, ce qui permet une plus grande extension sans augmenter l\u2019encombrement et les rend particuli\u00e8rement adapt\u00e9s aux espaces restreints.<\/li>\n<li>Haute compatibilit\u00e9 : Notre produit peut parfaitement remplacer ces v\u00e9rins hydrauliques.<\/li>\n<li>Personnalisable : Nous pouvons fabriquer ce produit selon vos sp\u00e9cifications, afin de r\u00e9pondre \u00e0 vos besoins sp\u00e9cifiques.<\/li>\n<\/ul>\n<p><img decoding=\"async\" src=\"https:\/\/www.hydraulic-cylinders.net\/wp-content\/uploads\/2025\/01\/songte-cylinder-head-with-all-kinds-excavator-models.webp\" alt=\"Cylindre de godet pour pelle hydraulique Caterpillar E390DL\" \/><\/p>\n<h3>Applications<\/h3>\n<p>Les v\u00e9rins de godet sont largement utilis\u00e9s dans diverses machines lourdes telles que\u00a0:<\/p>\n<ul>\n<li>Engins de chantier\u00a0: Sur les excavatrices, les v\u00e9rins sont indispensables pour creuser, charger et d\u00e9placer la terre ou les d\u00e9bris. Sur les chargeuses-pelleteuses, les v\u00e9rins du godet participent au creusement et au levage.<\/li>\n<li>Machines agricoles : Utilis\u00e9es dans les chargeuses frontales pour ramasser, soulever et transporter la terre, le foin et autres mat\u00e9riaux.<\/li>\n<li>Excavatrices : Les v\u00e9rins du godet permettent l'excavation en permettant au godet de p\u00e9n\u00e9trer dans le sol.<\/li>\n<li>Chargeuses : Sur les chargeuses frontales, elles facilitent le levage et le d\u00e9chargement efficaces des marchandises.<\/li>\n<\/ul>\n<h3>Crit\u00e8res de conception et de s\u00e9lection<\/h3>\n<p>Lors de la conception et de la s\u00e9lection des v\u00e9rins de godet, plusieurs facteurs doivent \u00eatre pris en compte\u00a0:<\/p>\n<ul>\n<li>Capacit\u00e9 de charge : Les v\u00e9rins des godets doivent pouvoir supporter la charge de la machine dans laquelle ils sont utilis\u00e9s et le poids du mat\u00e9riau manipul\u00e9.<\/li>\n<li>\u00c9tanch\u00e9it\u00e9 : Diff\u00e9rents composants d'\u00e9tanch\u00e9it\u00e9, tels que les joints de piston, les joints de tige et les joints racleurs, doivent \u00eatre utilis\u00e9s pour assurer une \u00e9tanch\u00e9it\u00e9 efficace et \u00e9viter les fuites.<\/li>\n<li>Durabilit\u00e9 : Les v\u00e9rins de godet doivent \u00eatre con\u00e7us dans un souci de durabilit\u00e9, afin de garantir leur r\u00e9sistance aux conditions de travail difficiles, \u00e0 une utilisation prolong\u00e9e et aux charges lourdes.<\/li>\n<li>S\u00e9curit\u00e9 : Les v\u00e9rins de godet doivent \u00eatre con\u00e7us et fabriqu\u00e9s conform\u00e9ment \u00e0 des normes de s\u00e9curit\u00e9 strictes, garantissant un fonctionnement s\u00fbr et pr\u00e9venant les accidents.<\/li>\n<li>Maintenance : Les v\u00e9rins de godet doivent \u00eatre con\u00e7us pour faciliter la maintenance, ce qui permet de les d\u00e9monter, de les r\u00e9parer et de remplacer facilement les pi\u00e8ces si n\u00e9cessaire.<\/li>\n<\/ul>\n<p><img decoding=\"async\" src=\"https:\/\/www.hydraulic-cylinders.net\/wp-content\/uploads\/2025\/01\/songte-oil-pipes-and-spare-parts.webp\" alt=\"Cylindre de godet pour pelle hydraulique Caterpillar E390DL\" \/><\/p>\n<h3>\u00c9tanch\u00e9it\u00e9 et lubrification<\/h3>\n<p>Pour un fonctionnement optimal, les v\u00e9rins de godet n\u00e9cessitent une \u00e9tanch\u00e9it\u00e9 et une lubrification ad\u00e9quates. Cela implique l'utilisation de divers composants d'\u00e9tanch\u00e9it\u00e9, tels que des joints de piston, des joints de tige et des joints racleurs, fabriqu\u00e9s dans des mat\u00e9riaux durables comme le polyur\u00e9thane et le caoutchouc nitrile, ainsi qu'un usinage pr\u00e9cis du corps du v\u00e9rin et des surfaces de filetage afin d'accro\u00eetre sa r\u00e9sistance \u00e0 l'usure. Un ajout r\u00e9gulier de la quantit\u00e9 appropri\u00e9e d'huile hydraulique est indispensable pour assurer une lubrification optimale.<\/p>\n<h3>Entretien et r\u00e9paration<\/h3>\n<p>L'inspection r\u00e9guli\u00e8re et la maintenance pr\u00e9ventive sont essentielles \u00e0 la long\u00e9vit\u00e9 des v\u00e9rins de godet. Les t\u00e2ches de maintenance courantes comprennent les suivantes\u00a0:<\/p>\n<ul>\n<li>Inspection r\u00e9guli\u00e8re\u00a0: inspectez le cylindre pour d\u00e9tecter tout signe de dommage ou d\u2019usure, comme des fuites d\u2019huile, des fissures, des bosses ou de la rouille.<\/li>\n<li>Lubrification : Appliquer r\u00e9guli\u00e8rement le lubrifiant appropri\u00e9 sur les surfaces critiques.<\/li>\n<li>Remplacement des joints : Remplacez les joints us\u00e9s ou endommag\u00e9s afin d'\u00e9viter les fuites d'huile.<\/li>\n<li>Calibration check: Check the cylinder&#8217;s performance regularly to ensure it is functioning correctly.<\/li>\n<\/ul>\n<p><img decoding=\"async\" src=\"https:\/\/www.hydraulic-cylinders.net\/wp-content\/uploads\/2025\/01\/songte-chushion-collar.webp\" alt=\"Cylindre de godet pour pelle hydraulique Caterpillar E390DL\" \/><\/p>\n<h3>Consid\u00e9rations de s\u00e9curit\u00e9 et facteurs environnementaux<\/h3>\n<p>Les v\u00e9rins de godet doivent \u00eatre utilis\u00e9s avec pr\u00e9caution et avec un \u00e9quipement de protection individuelle adapt\u00e9, comme des gants et des chaussures de s\u00e9curit\u00e9. L'\u00e9limination correcte de l'huile hydraulique et des autres d\u00e9chets est essentielle \u00e0 la protection de l'environnement et doit \u00eatre effectu\u00e9e conform\u00e9ment \u00e0 la r\u00e9glementation locale.<\/p>\n<h3>Diagnostic des pannes et probl\u00e8mes courants<\/h3>\n<p>Les probl\u00e8mes courants pouvant affecter le fonctionnement des v\u00e9rins de godet incluent les fuites d'huile, les dommages aux pistons et l'usure des joints. Pour diagnostiquer et r\u00e9soudre ces probl\u00e8mes, les conseils suivants peuvent vous aider\u00a0:<\/p>\n<ul>\n<li>Inspectez r\u00e9guli\u00e8rement le cylindre pour d\u00e9tecter tout dommage ou usure.<\/li>\n<li>Remplacez les joints ou composants us\u00e9s ou endommag\u00e9s.<\/li>\n<li>V\u00e9rifiez et ajustez l'\u00e9talonnage si n\u00e9cessaire.<\/li>\n<\/ul>\n<p><img decoding=\"async\" src=\"https:\/\/www.hydraulic-cylinders.net\/wp-content\/uploads\/2025\/01\/songte-bushings-with-all-kinds-of-excavator-models.webp\" alt=\"Cylindre de godet pour pelle hydraulique Caterpillar E390DL\" \/><\/p>\n<h3>\u00c0 propos de notre entreprise<\/h3>\n<p>Nous sommes un fabricant et distributeur de premier plan de v\u00e9rins hydrauliques sur les march\u00e9s nationaux et internationaux. Nous respectons des normes de qualit\u00e9 rigoureuses, nous appuyons sur des strat\u00e9gies de gestion de la production industrielle au sein d'ateliers de fabrication de pointe et nous am\u00e9liorons constamment notre plateforme de production et nos processus de contr\u00f4le qualit\u00e9 gr\u00e2ce \u00e0 une \u00e9quipe technique comp\u00e9tente, des \u00e9quipements de fabrication num\u00e9riques haut de gamme et des syst\u00e8mes de test professionnels. Forts d'une grande capacit\u00e9 d'innovation, nous fournissons des produits et services performants, pr\u00e9cis et de haute qualit\u00e9 afin de r\u00e9pondre aux besoins vari\u00e9s de nos clients.<\/p>\n<p><img decoding=\"async\" src=\"https:\/\/hzpt.com\/wp-content\/uploads\/2024\/11\/songte-company-1.webp\" alt=\"Cylindre de godet pour pelle hydraulique Caterpillar E390DL\" \/><\/p>\n<h3>Pourquoi nous choisir?<\/h3>\n<ul>\n<li>Professionnalisme : Nous disposons d'une \u00e9quipe de professionnels exp\u00e9riment\u00e9s, experts dans le domaine des v\u00e9rins hydrauliques.<\/li>\n<li>Certification internationale\u00a0: Nous avons obtenu la norme ISO9001 et d\u2019autres certifications internationales, garantissant la qualit\u00e9 de nos produits.<\/li>\n<li>Services de personnalisation\u00a0: Nous pouvons fournir des produits personnalis\u00e9s selon vos sp\u00e9cifications afin de r\u00e9pondre \u00e0 vos besoins sp\u00e9cifiques.<\/li>\n<li>\u00c9quipements de production de pointe : Nous utilisons des \u00e9quipements de production de pointe pour garantir la pr\u00e9cision et la qualit\u00e9 de nos produits.<\/li>\n<li>Services apr\u00e8s-vente\u00a0: Nous offrons \u00e0 nos clients d\u2019excellents services apr\u00e8s-vente, notamment des services d\u2019entretien, de r\u00e9paration et de remise \u00e0 neuf.<\/li>\n<\/ul>\n<p>Auteur : lyl<\/p>","protected":false},"excerpt":{"rendered":"<p>Bucket Cylinder for Caterpillar Large Excavator E390DL Introduction A bucket cylinder for a Caterpillar large excavator E390DL is a specialized hydraulic cylinder designed primarily for controlling the movement of the bucket in heavy machinery such as excavators, backhoe loaders, and front-end loaders. Its main function is to enable the bucket to lift, lower, and tilt, [&hellip;]<\/p>","protected":false},"featured_media":14773,"comment_status":"open","ping_status":"closed","template":"","meta":{"_et_pb_use_builder":"","_et_pb_old_content":"","_et_gb_content_width":""},"product_brand":[],"product_cat":[1494],"product_tag":[1495,1496],"class_list":{"0":"post-15246","1":"product","2":"type-product","3":"status-publish","4":"has-post-thumbnail","6":"product_cat-bucket-cylinders","7":"product_tag-bucket-cylinders","8":"product_tag-hydraulic-cylinders","10":"first","11":"instock","12":"shipping-taxable","13":"product-type-simple"},"amp_enabled":true,"_links":{"self":[{"href":"https:\/\/www.hydraulic-cylinders.net\/fr\/wp-json\/wp\/v2\/product\/15246","targetHints":{"allow":["GET"]}}],"collection":[{"href":"https:\/\/www.hydraulic-cylinders.net\/fr\/wp-json\/wp\/v2\/product"}],"about":[{"href":"https:\/\/www.hydraulic-cylinders.net\/fr\/wp-json\/wp\/v2\/types\/product"}],"replies":[{"embeddable":true,"href":"https:\/\/www.hydraulic-cylinders.net\/fr\/wp-json\/wp\/v2\/comments?post=15246"}],"wp:featuredmedia":[{"embeddable":true,"href":"https:\/\/www.hydraulic-cylinders.net\/fr\/wp-json\/wp\/v2\/media\/14773"}],"wp:attachment":[{"href":"https:\/\/www.hydraulic-cylinders.net\/fr\/wp-json\/wp\/v2\/media?parent=15246"}],"wp:term":[{"taxonomy":"product_brand","embeddable":true,"href":"https:\/\/www.hydraulic-cylinders.net\/fr\/wp-json\/wp\/v2\/product_brand?post=15246"},{"taxonomy":"product_cat","embeddable":true,"href":"https:\/\/www.hydraulic-cylinders.net\/fr\/wp-json\/wp\/v2\/product_cat?post=15246"},{"taxonomy":"product_tag","embeddable":true,"href":"https:\/\/www.hydraulic-cylinders.net\/fr\/wp-json\/wp\/v2\/product_tag?post=15246"}],"curies":[{"name":"wp","href":"https:\/\/api.w.org\/{rel}","templated":true}]}}