{"id":15250,"date":"2025-01-19T14:17:37","date_gmt":"2025-01-19T14:17:37","guid":{"rendered":"https:\/\/www.hydraulic-cylinders.net\/product\/bucket-cylinder-for-caterpillar-large-excavator-e345d\/"},"modified":"2025-01-19T14:17:39","modified_gmt":"2025-01-19T14:17:39","slug":"bucket-cylinder-for-caterpillar-large-excavator-e345d","status":"publish","type":"product","link":"https:\/\/www.hydraulic-cylinders.net\/fr\/produit\/bucket-cylinder-for-caterpillar-large-excavator-e345d\/","title":{"rendered":"V\u00e9rin de godet pour pelle hydraulique Caterpillar E345D"},"content":{"rendered":"<h1>V\u00e9rin de godet pour pelle hydraulique Caterpillar E345D<\/h1>\n<h2>Introduction<\/h2>\n<p>Le v\u00e9rin de godet pour pelle hydraulique Caterpillar E345D est un v\u00e9rin sp\u00e9cialis\u00e9 con\u00e7u pour contr\u00f4ler les mouvements du godet sur les engins de chantier tels que les pelles hydrauliques, les pelles r\u00e9tro et les chargeuses frontales. Sa fonction principale est de permettre la lev\u00e9e, l'abaissement et l'inclinaison du godet, facilitant ainsi la manutention de divers mat\u00e9riaux. Au sein du syst\u00e8me hydraulique, le v\u00e9rin de godet assure un contr\u00f4le pr\u00e9cis du godet gr\u00e2ce aux variations de pression de l'huile hydraulique, permettant aux op\u00e9rateurs de manipuler efficacement des charges lourdes et de s'adapter \u00e0 des exigences de travail vari\u00e9es et \u00e0 des environnements complexes.<\/p>\n<p><img decoding=\"async\" src=\"https:\/\/www.hydraulic-cylinders.net\/wp-content\/uploads\/2025\/01\/songte-company-2.webp\" alt=\"Image du cylindre du godet\"><\/p>\n<h2>Caract\u00e9ristiques<\/h2>\n<ul>\n<li>Haute r\u00e9sistance et durabilit\u00e9 : G\u00e9n\u00e9ralement fabriqu\u00e9 en acier ou en aluminium \u00e0 haute r\u00e9sistance, il est capable de r\u00e9sister \u00e0 une pression \u00e9lev\u00e9e et \u00e0 des charges importantes, de s'adapter aux environnements de travail difficiles et est con\u00e7u pour r\u00e9sister \u00e0 l'usure et \u00e0 la corrosion, prolongeant ainsi sa dur\u00e9e de vie.<\/li>\n<li>Fonctionnement hydraulique efficace : gr\u00e2ce \u00e0 la pression de l'huile hydraulique qui permet une extension et une r\u00e9traction fluides, il r\u00e9pond rapidement aux commandes, fournit des forces de pouss\u00e9e et de traction puissantes et convient \u00e0 la manutention de charges lourdes et \u00e0 des t\u00e2ches complexes.<\/li>\n<li>Types polyvalents\u00a0: des v\u00e9rins \u00e0 simple effet (actionnement hydraulique dans un seul sens) ou \u00e0 double effet (actionnement hydraulique dans les deux sens) peuvent \u00eatre s\u00e9lectionn\u00e9s en fonction des besoins pour r\u00e9pondre \u00e0 diff\u00e9rentes applications. Certains mod\u00e8les sont t\u00e9lescopiques, permettant une plus grande extension sans augmentation des dimensions ext\u00e9rieures, ce qui les rend adapt\u00e9s aux applications \u00e0 espace restreint.<\/li>\n<li>Personnalisables : Nos produits peuvent parfaitement remplacer ces v\u00e9rins hydrauliques, et nous proposons des services de personnalisation pour r\u00e9pondre \u00e0 des exigences sp\u00e9cifiques.<\/li>\n<li>Maintenance facile : Avec un entretien et une inspection appropri\u00e9s, le produit peut fournir un service fiable et durable.<\/li>\n<\/ul>\n<p><img decoding=\"async\" src=\"https:\/\/www.hydraulic-cylinders.net\/wp-content\/uploads\/2025\/01\/songte-cylinder-head-with-all-kinds-excavator-models.webp\" alt=\"Image du cylindre du godet\"><\/p>\n<h2>Applications<\/h2>\n<p>Le v\u00e9rin de godet est largement utilis\u00e9 dans diverses machines lourdes. Voici quelques exemples\u00a0:<\/p>\n<ul>\n<li>Mat\u00e9riel de construction\u00a0: Sur les excavatrices, les v\u00e9rins sont indispensables pour creuser, charger et d\u00e9placer la terre ou les d\u00e9bris. Sur les pelles r\u00e9tro, le v\u00e9rin du godet participe \u00e0 la fois au creusement et au levage. <\/li>\n<li>Machines agricoles : Utilis\u00e9es dans les chargeuses frontales pour ramasser, soulever et transporter la terre, le foin et autres mat\u00e9riaux. <\/li>\n<li>Excavatrices : Le v\u00e9rin du godet permet \u00e0 celui-ci de p\u00e9n\u00e9trer dans le sol pour effectuer l'excavation.<\/li>\n<li>Chargeuses frontales : Les chargeuses frontales permettent de lever et de d\u00e9charger efficacement les marchandises.<\/li>\n<\/ul>\n<h2>Consid\u00e9rations de conception et crit\u00e8res de s\u00e9lection<\/h2>\n<p>En mati\u00e8re de conception, des facteurs cl\u00e9s tels que la capacit\u00e9 de charge, l'\u00e9tanch\u00e9it\u00e9, la durabilit\u00e9, la s\u00e9curit\u00e9 et la facilit\u00e9 d'entretien sont pris en compte. Voici quelques d\u00e9tails\u00a0:<\/p>\n<ul>\n<li>Capacit\u00e9 de charge : La capacit\u00e9 de charge du cylindre est d\u00e9termin\u00e9e par son diam\u00e8tre d'al\u00e9sage, sa course et sa pression de service. <\/li>\n<li>\u00c9tanch\u00e9it\u00e9\u00a0: Diff\u00e9rents composants d\u2019\u00e9tanch\u00e9it\u00e9, tels que les joints de piston et les joints de tige, sont utilis\u00e9s pour pr\u00e9venir les fuites. Les mat\u00e9riaux d\u2019\u00e9tanch\u00e9it\u00e9, comme le polyur\u00e9thane et le caoutchouc nitrile, sont choisis pour leur r\u00e9sistance \u00e0 l\u2019usure et leur durabilit\u00e9.<\/li>\n<li>Durabilit\u00e9\u00a0: Le corps du cylindre, la tige et le bouchon sont fabriqu\u00e9s en mat\u00e9riaux haute r\u00e9sistance pour supporter des pressions et des charges \u00e9lev\u00e9es. La surface du corps du cylindre et de l\u2019extr\u00e9mit\u00e9 filet\u00e9e est usin\u00e9e avec pr\u00e9cision pour une meilleure r\u00e9sistance \u00e0 l\u2019usure.<\/li>\n<li>S\u00e9curit\u00e9 : Des dispositifs de s\u00e9curit\u00e9 tels que des disques de rupture et des clapets anti-retour sont con\u00e7us pour pr\u00e9venir les accidents caus\u00e9s par une surpression ou une d\u00e9faillance soudaine.<\/li>\n<li>Entretien : Un entretien r\u00e9gulier, une inspection et une lubrification sont n\u00e9cessaires pour assurer la longue dur\u00e9e de vie du cylindre.<\/li>\n<\/ul>\n<p><img decoding=\"async\" src=\"https:\/\/www.hydraulic-cylinders.net\/wp-content\/uploads\/2025\/01\/songte-oil-pipes-and-spare-parts.webp\" alt=\"Image du cylindre du godet\"><\/p>\n<h2>\u00c9tanch\u00e9it\u00e9 et lubrification<\/h2>\n<p>Le v\u00e9rin de godet utilise divers composants d'\u00e9tanch\u00e9it\u00e9 pour pr\u00e9venir les fuites, tels que des joints de piston et des joints de tige. Des joints en mat\u00e9riaux r\u00e9sistants \u00e0 l'usure, comme le polyur\u00e9thane et le caoutchouc nitrile, sont utilis\u00e9s. Le corps, la tige et le bouchon du v\u00e9rin sont fabriqu\u00e9s en mat\u00e9riaux haute r\u00e9sistance, et la surface du corps et de l'extr\u00e9mit\u00e9 filet\u00e9e est usin\u00e9e avec pr\u00e9cision pour une meilleure r\u00e9sistance \u00e0 l'usure. Une lubrification r\u00e9guli\u00e8re avec une huile hydraulique adapt\u00e9e est indispensable pour un fonctionnement optimal et une dur\u00e9e de vie prolong\u00e9e du v\u00e9rin.<\/p>\n<h2>Entretien et r\u00e9paration<\/h2>\n<p>Un contr\u00f4le et un entretien r\u00e9guliers sont n\u00e9cessaires pour garantir le fonctionnement fiable et durable du v\u00e9rin du godet. Voici quelques op\u00e9rations d'entretien courantes\u00a0:<\/p>\n<ul>\n<li>Inspection r\u00e9guli\u00e8re\u00a0: inspectez r\u00e9guli\u00e8rement le corps du cylindre, le piston, la bielle et les joints afin de d\u00e9tecter tout dommage ou usure.<\/li>\n<li>Lubrification : Appliquer de l'huile lubrifiante sur le cylindre si n\u00e9cessaire.<\/li>\n<li>Remplacement des joints : Remplacez les joints us\u00e9s ou endommag\u00e9s pour \u00e9viter les fuites.<\/li>\n<li>Contr\u00f4le d'\u00e9talonnage\u00a0: V\u00e9rifiez la pression, la course et la capacit\u00e9 de charge du v\u00e9rin pour garantir son bon fonctionnement.<\/li>\n<\/ul>\n<p>Une installation correcte est \u00e9galement essentielle pour garantir le fonctionnement optimal du cylindre. Voici quelques conseils d'installation\u00a0:<\/p>\n<ul>\n<li>Alignez correctement le cylindre lors de l'installation.<\/li>\n<li>Utilisez les supports de fixation appropri\u00e9s pour fixer le cylindre.<\/li>\n<li>Suivez les proc\u00e9dures d\u2019inspection, de r\u00e9paration et de remplacement recommand\u00e9es.<\/li>\n<li>Profitez de nos services de remplacement et de remise \u00e0 neuf de composants pour prolonger la dur\u00e9e de vie du cylindre.<\/li>\n<\/ul>\n<p><img decoding=\"async\" src=\"https:\/\/www.hydraulic-cylinders.net\/wp-content\/uploads\/2025\/01\/songte-chushion-collar.webp\" alt=\"Image du cylindre du godet\"><\/p>\n<h2>Consid\u00e9rations de s\u00e9curit\u00e9 et facteurs environnementaux<\/h2>\n<p>Lors de l'utilisation du v\u00e9rin \u00e0 godet, il est essentiel de respecter les consignes de s\u00e9curit\u00e9 et les pr\u00e9cautions d'usage afin de pr\u00e9venir les accidents et les blessures. Il est \u00e9galement important de prendre en compte les facteurs environnementaux, tels que les fuites d'huile et l'\u00e9limination des d\u00e9chets, afin de minimiser l'impact n\u00e9gatif sur l'environnement.<\/p>\n<h2>D\u00e9pannage et probl\u00e8mes courants<\/h2>\n<p>Voici quelques probl\u00e8mes courants qui peuvent survenir lors de l'utilisation du v\u00e9rin de godet\u00a0:<\/p>\n<ul>\n<li>Fuite d'huile\u00a0: v\u00e9rifiez l'\u00e9tat des joints et autres composants afin de d\u00e9tecter tout dommage ou usure.<\/li>\n<li>Dysfonctionnement : V\u00e9rifiez la pression, la course et la capacit\u00e9 de charge du v\u00e9rin.<\/li>\n<li>Surchauffe : V\u00e9rifiez le niveau et la qualit\u00e9 de l'huile hydraulique et assurez-vous d'une lubrification correcte.<\/li>\n<\/ul>\n<p>Si vous rencontrez l'un de ces probl\u00e8mes, veuillez consulter le manuel d'utilisation ou contacter notre service client pour obtenir des solutions de d\u00e9pannage et de r\u00e9paration.<\/p>\n<p><img decoding=\"async\" src=\"https:\/\/www.hydraulic-cylinders.net\/wp-content\/uploads\/2025\/01\/songte-bushings-with-all-kinds-of-excavator-models.webp\" alt=\"Image du cylindre du godet\"><\/p>\n<h2>\u00c0 propos de notre entreprise<\/h2>\n<p>Nous sommes un fabricant de v\u00e9rins hydrauliques de remplacement, offrant une large gamme de produits et figurant parmi les principaux fabricants et grossistes de v\u00e9rins hydrauliques sur les march\u00e9s nationaux et internationaux. Notre engagement envers l'excellence repose sur des strat\u00e9gies de gestion de la production industrielle rigoureuses, mises en \u0153uvre dans des ateliers de fabrication parfaitement organis\u00e9s. Nous optimisons constamment nos processus de production et perfectionnons la fabrication de produits de haute qualit\u00e9. Notre forte capacit\u00e9 d'innovation nous permet de r\u00e9pondre aux besoins vari\u00e9s de nos clients avec efficacit\u00e9, pr\u00e9cision et une qualit\u00e9 irr\u00e9prochable. <\/p>\n<p><img decoding=\"async\" src=\"https:\/\/hzpt.com\/wp-content\/uploads\/2024\/11\/songte-company-1.webp\" alt=\"Image du cylindre du godet\"><\/p>\n<h3>Nos avantages<\/h3>\n<ul>\n<li>Professionnalisme : Nous disposons d'une \u00e9quipe technique professionnelle et d'\u00e9quipements de pointe pour fournir des produits et des services de haute qualit\u00e9.<\/li>\n<li>Certifications internationales\u00a0: Nos produits sont certifi\u00e9s conformes aux normes internationales telles que l\u2019ISO et le CE.<\/li>\n<li>Personnalisation : Nous proposons des services de personnalisation pour r\u00e9pondre \u00e0 des exigences sp\u00e9cifiques.<\/li>\n<li>\u00c9quipements de production : Nous utilisons des \u00e9quipements de fabrication num\u00e9rique de pointe pour garantir la qualit\u00e9 et l'efficacit\u00e9 de nos produits.<\/li>\n<li>Service apr\u00e8s-vente\u00a0: Nous fournissons des services apr\u00e8s-vente complets et un support technique afin de garantir la satisfaction de nos clients.<\/li>\n<\/ul>\n<p>Auteur lyl.<\/p>","protected":false},"excerpt":{"rendered":"<p>Bucket Cylinder For Caterpillar Large Excavator E345D Introduction The bucket cylinder for Caterpillar large excavator E345D is a specialized hydraulic cylinder designed to control the movement of the bucket in heavy machinery such as excavators, backhoe excavators, and front-end loaders. Its main function is to enable the bucket to lift, lower, and tilt, facilitating the [&hellip;]<\/p>","protected":false},"featured_media":14762,"comment_status":"open","ping_status":"closed","template":"","meta":{"_et_pb_use_builder":"","_et_pb_old_content":"","_et_gb_content_width":""},"product_brand":[],"product_cat":[1494],"product_tag":[1495,1496],"class_list":{"0":"post-15250","1":"product","2":"type-product","3":"status-publish","4":"has-post-thumbnail","6":"product_cat-bucket-cylinders","7":"product_tag-bucket-cylinders","8":"product_tag-hydraulic-cylinders","10":"first","11":"instock","12":"shipping-taxable","13":"product-type-simple"},"amp_enabled":true,"_links":{"self":[{"href":"https:\/\/www.hydraulic-cylinders.net\/fr\/wp-json\/wp\/v2\/product\/15250","targetHints":{"allow":["GET"]}}],"collection":[{"href":"https:\/\/www.hydraulic-cylinders.net\/fr\/wp-json\/wp\/v2\/product"}],"about":[{"href":"https:\/\/www.hydraulic-cylinders.net\/fr\/wp-json\/wp\/v2\/types\/product"}],"replies":[{"embeddable":true,"href":"https:\/\/www.hydraulic-cylinders.net\/fr\/wp-json\/wp\/v2\/comments?post=15250"}],"wp:featuredmedia":[{"embeddable":true,"href":"https:\/\/www.hydraulic-cylinders.net\/fr\/wp-json\/wp\/v2\/media\/14762"}],"wp:attachment":[{"href":"https:\/\/www.hydraulic-cylinders.net\/fr\/wp-json\/wp\/v2\/media?parent=15250"}],"wp:term":[{"taxonomy":"product_brand","embeddable":true,"href":"https:\/\/www.hydraulic-cylinders.net\/fr\/wp-json\/wp\/v2\/product_brand?post=15250"},{"taxonomy":"product_cat","embeddable":true,"href":"https:\/\/www.hydraulic-cylinders.net\/fr\/wp-json\/wp\/v2\/product_cat?post=15250"},{"taxonomy":"product_tag","embeddable":true,"href":"https:\/\/www.hydraulic-cylinders.net\/fr\/wp-json\/wp\/v2\/product_tag?post=15250"}],"curies":[{"name":"wp","href":"https:\/\/api.w.org\/{rel}","templated":true}]}}