{"id":15251,"date":"2025-01-19T14:17:41","date_gmt":"2025-01-19T14:17:41","guid":{"rendered":"https:\/\/www.hydraulic-cylinders.net\/product\/bucket-cylinder-for-caterpillar-large-excavator-d2l-374dl\/"},"modified":"2025-01-19T14:17:43","modified_gmt":"2025-01-19T14:17:43","slug":"bucket-cylinder-for-caterpillar-large-excavator-d2l-374dl","status":"publish","type":"product","link":"https:\/\/www.hydraulic-cylinders.net\/fr\/produit\/bucket-cylinder-for-caterpillar-large-excavator-d2l-374dl\/","title":{"rendered":"V\u00e9rin de godet pour pelle hydraulique Caterpillar D2L\/374DL"},"content":{"rendered":"<h1>V\u00e9rin de godet pour pelle hydraulique Caterpillar D2L\/374DL<\/h1>\n<h2>Introduction<\/h2>\n<p>Le v\u00e9rin de godet pour pelle hydraulique Caterpillar D2L\/374DL est un v\u00e9rin sp\u00e9cialis\u00e9 con\u00e7u pour contr\u00f4ler les mouvements du godet sur les engins de chantier tels que les pelles hydrauliques, les chargeuses-pelleteuses et les chargeuses frontales. Sa fonction principale est de permettre le levage, l'abaissement et l'inclinaison du godet, facilitant ainsi la manutention de divers mat\u00e9riaux. Dans un syst\u00e8me hydraulique, le v\u00e9rin de godet assure un contr\u00f4le pr\u00e9cis du godet gr\u00e2ce aux variations de pression d'huile hydraulique, permettant aux op\u00e9rateurs de manipuler efficacement des charges lourdes et de s'adapter \u00e0 des environnements de travail complexes et \u00e0 des exigences vari\u00e9es.<\/p>\n<p><img decoding=\"async\" src=\"https:\/\/www.hydraulic-cylinders.net\/wp-content\/uploads\/2025\/01\/songte-company-2.webp\" alt=\"Image du cylindre du godet\"><\/p>\n<h2>Caract\u00e9ristiques<\/h2>\n<ul>\n<li>Haute r\u00e9sistance et durabilit\u00e9\u00a0: g\u00e9n\u00e9ralement fabriqu\u00e9 en acier ou en aluminium haute r\u00e9sistance, le v\u00e9rin du godet supporte les hautes pressions et les charges importantes, s\u2019adaptant ainsi aux environnements de travail difficiles. Sa conception prend en compte des facteurs tels que la r\u00e9sistance \u00e0 l\u2019usure et \u00e0 la corrosion, prolongeant sa dur\u00e9e de vie.<\/li>\n<li>Fonctionnement hydraulique efficace\u00a0: gr\u00e2ce \u00e0 la pression de l\u2019huile hydraulique, le v\u00e9rin du godet assure des mouvements d\u2019extension et de r\u00e9traction fluides, permettant une r\u00e9ponse rapide aux commandes et fournissant des forces de pouss\u00e9e et de traction puissantes, adapt\u00e9es \u00e0 la manutention de charges lourdes et aux t\u00e2ches complexes.<\/li>\n<li>Diff\u00e9rents types\u00a0: Le v\u00e9rin peut \u00eatre choisi en version simple effet (puissance hydraulique unidirectionnelle) ou double effet (puissance hydraulique bidirectionnelle) selon les besoins op\u00e9rationnels. Certains mod\u00e8les sont t\u00e9lescopiques, ce qui permet une plus grande extension sans augmenter les dimensions ext\u00e9rieures et les rend adapt\u00e9s aux applications \u00e0 espace restreint.<\/li>\n<li>Remplacement parfait : notre produit peut parfaitement remplacer ces v\u00e9rins hydrauliques.<\/li>\n<\/ul>\n<p><img decoding=\"async\" src=\"https:\/\/www.hydraulic-cylinders.net\/wp-content\/uploads\/2025\/01\/songte-cylinder-head-with-all-kinds-excavator-models.webp\" alt=\"Image du cylindre de remplacement\"><\/p>\n<h2>Applications<\/h2>\n<h3>\u00c9quipement de construction :<\/h3>\n<p>Sur les excavatrices, ils sont essentiels pour creuser, charger et d\u00e9placer la terre ou les d\u00e9bris. Sur les chargeuses-pelleteuses, le v\u00e9rin du godet contribue \u00e0 la fois au creusement et au levage.<\/p>\n<h3>Machines agricoles :<\/h3>\n<p>Utilis\u00e9 sur les chargeuses frontales pour ramasser, soulever et transporter la terre, le foin et autres mat\u00e9riaux.<\/p>\n<h3>Excavateurs:<\/h3>\n<p>Le v\u00e9rin du godet permet des actions de creusement en permettant au godet de p\u00e9n\u00e9trer le sol.<\/p>\n<h3>Chargeurs:<\/h3>\n<p>Sur les chargeuses frontales, elles contribuent \u00e0 lever et \u00e0 d\u00e9charger efficacement la cargaison.<\/p>\n<h2>Consid\u00e9rations de conception et crit\u00e8res de s\u00e9lection<\/h2>\n<ul>\n<li>Capacit\u00e9 de charge : Le cylindre est con\u00e7u pour supporter la capacit\u00e9 de charge requise.<\/li>\n<li>\u00c9tanch\u00e9it\u00e9\u00a0: Diff\u00e9rents composants d\u2019\u00e9tanch\u00e9it\u00e9, tels que les joints de piston et les joints de tige, sont utilis\u00e9s pour assurer une \u00e9tanch\u00e9it\u00e9 efficace. Ils sont fabriqu\u00e9s \u00e0 partir de mat\u00e9riaux r\u00e9sistants \u00e0 l\u2019usure comme le polyur\u00e9thane et le caoutchouc nitrile.<\/li>\n<li>Durabilit\u00e9 : Le corps du cylindre et les extr\u00e9mit\u00e9s filet\u00e9es subissent un traitement de pr\u00e9cision pour am\u00e9liorer leur r\u00e9sistance \u00e0 l'usure.<\/li>\n<li>S\u00e9curit\u00e9 : Des mesures de s\u00e9curit\u00e9 sont prises en compte d\u00e8s la conception afin de garantir un fonctionnement s\u00fbr.<\/li>\n<li>Entretien : Le v\u00e9rin n\u00e9cessite une lubrification r\u00e9guli\u00e8re avec la quantit\u00e9 appropri\u00e9e d'huile hydraulique.<\/li>\n<\/ul>\n<p><img decoding=\"async\" src=\"https:\/\/www.hydraulic-cylinders.net\/wp-content\/uploads\/2025\/01\/songte-oil-pipes-and-spare-parts.webp\" alt=\"Image des pi\u00e8ces du v\u00e9rin hydraulique\"><\/p>\n<h2>Maintenance et mesures pr\u00e9ventives<\/h2>\n<ul>\n<li>inspections r\u00e9guli\u00e8res<\/li>\n<li>Lubrification appropri\u00e9e<\/li>\n<li>remplacement des joints<\/li>\n<li>Contr\u00f4les d'\u00e9talonnage<\/li>\n<\/ul>\n<p><img decoding=\"async\" src=\"https:\/\/www.hydraulic-cylinders.net\/wp-content\/uploads\/2025\/01\/songte-chushion-collar.webp\" alt=\"Image de maintenance du v\u00e9rin hydraulique\"><\/p>\n<h2>Consid\u00e9rations de s\u00e9curit\u00e9 et facteurs environnementaux<\/h2>\n<p>Des mesures de s\u00e9curit\u00e9 doivent \u00eatre respect\u00e9es lors de l'utilisation du v\u00e9rin de godet afin de garantir un environnement de travail s\u00fbr. Les facteurs environnementaux tels que la temp\u00e9rature et l'humidit\u00e9 doivent \u00e9galement \u00eatre pris en compte pour un fonctionnement optimal.<\/p>\n<h2>D\u00e9pannage et probl\u00e8mes courants<\/h2>\n<p>Diagnostic des pannes et probl\u00e8mes courants li\u00e9s au v\u00e9rin du godet\u00a0:<\/p>\n<ul>\n<li>Fuite<\/li>\n<li>Mauvaises performances<\/li>\n<li>Bruits inhabituels<\/li>\n<\/ul>\n<p><img decoding=\"async\" src=\"https:\/\/www.hydraulic-cylinders.net\/wp-content\/uploads\/2025\/01\/songte-bushings-with-all-kinds-of-excavator-models.webp\" alt=\"Image des bagues du v\u00e9rin de godet\"><\/p>\n<h2>Conseils et solutions d'entretien<\/h2>\n<p>Fournir des conseils et des solutions pour diagnostiquer et r\u00e9soudre efficacement les probl\u00e8mes, ainsi que des mesures pr\u00e9ventives pour minimiser les probl\u00e8mes potentiels.<\/p>\n<h2>Guide d'installation<\/h2>\n<p>Fournir un guide complet pour l'installation correcte du v\u00e9rin de godet.<\/p>\n<h2>T\u00e2ches d'entretien r\u00e9guli\u00e8res<\/h2>\n<p>Ce document \u00e9num\u00e8re trois t\u00e2ches d'entretien courantes\u00a0: inspections r\u00e9guli\u00e8res, lubrification ad\u00e9quate et remplacement des joints. Il souligne l'importance d'une installation, d'une lubrification et d'un r\u00e9glage corrects. Il fournit des instructions pour aligner le v\u00e9rin lors de l'installation et recommande l'utilisation de supports de fixation appropri\u00e9s. Il recommande les proc\u00e9dures d'inspection, de r\u00e9paration et de remplacement. Il propose des conseils pour prolonger la dur\u00e9e de vie du v\u00e9rin de godet.<\/p>\n<p><img decoding=\"async\" src=\"https:\/\/www.hydraulic-cylinders.net\/wp-content\/uploads\/2025\/01\/songte-company-1.webp\" alt=\"Image de l&#039;entreprise\"><\/p>\n<h2>\u00c0 propos de notre entreprise<\/h2>\n<p>Nous sommes un fabricant de v\u00e9rins hydrauliques de remplacement et proposons une large gamme de produits. Nous figurons parmi les principaux fabricants et distributeurs de v\u00e9rins hydrauliques sur les march\u00e9s nationaux et internationaux. Attach\u00e9s \u00e0 l'excellence, nous nous appuyons sur des strat\u00e9gies de gestion de production industrialis\u00e9es au sein de nos ateliers de fabrication modernes. Gr\u00e2ce \u00e0 nos \u00e9quipes techniques comp\u00e9tentes, nos \u00e9quipements de fabrication num\u00e9rique de pointe et nos syst\u00e8mes de contr\u00f4le qualit\u00e9 professionnels, nous am\u00e9liorons constamment notre plateforme de production et optimisons nos processus afin de garantir la qualit\u00e9 de nos produits. Forts d'une grande cr\u00e9ativit\u00e9, nous nous effor\u00e7ons de r\u00e9pondre aux besoins vari\u00e9s de nos clients en misant sur l'efficacit\u00e9, la pr\u00e9cision et la qualit\u00e9.<\/p>\n<p><img decoding=\"async\" src=\"https:\/\/www.hydraulic-cylinders.net\/wp-content\/uploads\/2025\/01\/songte-company-3.webp\" alt=\"Image de l&#039;entreprise\"><\/p>\n<p>Nous sommes fiers de notre professionnalisme, de nos certifications internationales, de nos services personnalis\u00e9s, de nos \u00e9quipements de production et de notre service apr\u00e8s-vente.<\/p>\n<p>Auteur : lyl<\/p>","protected":false},"excerpt":{"rendered":"<p>Bucket Cylinder For Caterpillar Large Excavator D2L\/374DL Introduction The bucket cylinder for Caterpillar large excavator D2L\/374DL is a specialized hydraulic cylinder designed to control the movement of the bucket in heavy machinery such as excavators, backhoe loaders, and front loaders. Its main function is to enable the lifting, lowering, and tilting of the bucket, making [&hellip;]<\/p>","protected":false},"featured_media":14761,"comment_status":"open","ping_status":"closed","template":"","meta":{"_et_pb_use_builder":"","_et_pb_old_content":"","_et_gb_content_width":""},"product_brand":[],"product_cat":[1494],"product_tag":[1495,1496],"class_list":{"0":"post-15251","1":"product","2":"type-product","3":"status-publish","4":"has-post-thumbnail","6":"product_cat-bucket-cylinders","7":"product_tag-bucket-cylinders","8":"product_tag-hydraulic-cylinders","10":"first","11":"instock","12":"shipping-taxable","13":"product-type-simple"},"amp_enabled":true,"_links":{"self":[{"href":"https:\/\/www.hydraulic-cylinders.net\/fr\/wp-json\/wp\/v2\/product\/15251","targetHints":{"allow":["GET"]}}],"collection":[{"href":"https:\/\/www.hydraulic-cylinders.net\/fr\/wp-json\/wp\/v2\/product"}],"about":[{"href":"https:\/\/www.hydraulic-cylinders.net\/fr\/wp-json\/wp\/v2\/types\/product"}],"replies":[{"embeddable":true,"href":"https:\/\/www.hydraulic-cylinders.net\/fr\/wp-json\/wp\/v2\/comments?post=15251"}],"wp:featuredmedia":[{"embeddable":true,"href":"https:\/\/www.hydraulic-cylinders.net\/fr\/wp-json\/wp\/v2\/media\/14761"}],"wp:attachment":[{"href":"https:\/\/www.hydraulic-cylinders.net\/fr\/wp-json\/wp\/v2\/media?parent=15251"}],"wp:term":[{"taxonomy":"product_brand","embeddable":true,"href":"https:\/\/www.hydraulic-cylinders.net\/fr\/wp-json\/wp\/v2\/product_brand?post=15251"},{"taxonomy":"product_cat","embeddable":true,"href":"https:\/\/www.hydraulic-cylinders.net\/fr\/wp-json\/wp\/v2\/product_cat?post=15251"},{"taxonomy":"product_tag","embeddable":true,"href":"https:\/\/www.hydraulic-cylinders.net\/fr\/wp-json\/wp\/v2\/product_tag?post=15251"}],"curies":[{"name":"wp","href":"https:\/\/api.w.org\/{rel}","templated":true}]}}