{"id":15253,"date":"2025-01-19T14:17:48","date_gmt":"2025-01-19T14:17:48","guid":{"rendered":"https:\/\/www.hydraulic-cylinders.net\/product\/bucket-cylinder-for-caterpillar-large-excavator-e450\/"},"modified":"2025-01-19T14:17:50","modified_gmt":"2025-01-19T14:17:50","slug":"bucket-cylinder-for-caterpillar-large-excavator-e450","status":"publish","type":"product","link":"https:\/\/www.hydraulic-cylinders.net\/fr\/produit\/bucket-cylinder-for-caterpillar-large-excavator-e450\/","title":{"rendered":"V\u00e9rin de godet pour pelle hydraulique Caterpillar E450"},"content":{"rendered":"<p><!DOCTYPE html><br \/>\n<html><br \/>\n<head><br \/>\n<title>V\u00e9rin de godet pour pelle hydraulique Caterpillar E450<\/title><br \/>\n<\/head><br \/>\n<body><\/p>\n<h1>V\u00e9rin de godet pour pelle hydraulique Caterpillar E450<\/h1>\n<h2>Introduction<\/h2>\n<p>Le v\u00e9rin de godet de la pelle hydraulique Caterpillar E450 est un v\u00e9rin sp\u00e9cialement con\u00e7u pour contr\u00f4ler les mouvements du godet sur les engins de chantier tels que les pelles hydrauliques, les chargeuses-pelleteuses et les chargeuses frontales. Sa fonction principale est de permettre le levage, l'abaissement et l'inclinaison du godet, facilitant ainsi diverses op\u00e9rations de manutention. Au sein du syst\u00e8me hydraulique, le v\u00e9rin de godet assure un contr\u00f4le pr\u00e9cis du godet gr\u00e2ce aux variations de pression de l'huile hydraulique, permettant aux op\u00e9rateurs de manipuler efficacement des charges lourdes et de s'adapter \u00e0 des environnements de travail complexes et \u00e0 des exigences vari\u00e9es.<\/p>\n<p><img decoding=\"async\" src=\"https:\/\/www.hydraulic-cylinders.net\/wp-content\/uploads\/2025\/01\/songte-company-2.webp\"><\/p>\n<h2>Caract\u00e9ristiques<\/h2>\n<ul>\n<li>Haute r\u00e9sistance et durabilit\u00e9\u00a0: g\u00e9n\u00e9ralement fabriqu\u00e9 en acier ou en aluminium haute r\u00e9sistance, le v\u00e9rin du godet supporte les hautes pressions et les charges importantes, s\u2019adaptant ainsi aux environnements de travail difficiles. Sa conception int\u00e8gre une r\u00e9sistance \u00e0 l\u2019usure et \u00e0 la corrosion, prolongeant sa dur\u00e9e de vie.<\/li>\n<li>Fonctionnement hydraulique efficace\u00a0: gr\u00e2ce \u00e0 la pression de l\u2019huile hydraulique, le v\u00e9rin du godet assure des mouvements d\u2019extension et de r\u00e9traction fluides, permettant une r\u00e9ponse rapide aux commandes et fournissant des forces de pouss\u00e9e et de traction puissantes. Il est ainsi parfaitement adapt\u00e9 \u00e0 la manutention de charges lourdes et aux t\u00e2ches complexes.<\/li>\n<li>Diff\u00e9rents types\u00a0: Le v\u00e9rin du godet peut \u00eatre choisi en version simple effet (pression hydraulique unidirectionnelle) ou double effet (pression hydraulique bidirectionnelle) afin de r\u00e9pondre \u00e0 diff\u00e9rents besoins op\u00e9rationnels. Certains mod\u00e8les sont t\u00e9lescopiques, ce qui permet une plus grande extension sans augmenter les dimensions ext\u00e9rieures et les rend id\u00e9aux pour les applications \u00e0 espace restreint.<\/li>\n<\/ul>\n<p><img decoding=\"async\" src=\"https:\/\/www.hydraulic-cylinders.net\/wp-content\/uploads\/2025\/01\/songte-cylinder-head-with-all-kinds-excavator-models.webp\"><\/p>\n<h2>Applications<\/h2>\n<h3>\u00c9quipement de construction<\/h3>\n<p>Sur les excavatrices, le v\u00e9rin du godet est essentiel pour creuser, charger et d\u00e9placer la terre ou les d\u00e9bris. Sur les chargeuses-pelleteuses, le v\u00e9rin du godet sert \u00e0 la fois au creusement et au levage.<\/p>\n<h3>machines agricoles<\/h3>\n<p>Utilis\u00e9 sur les chargeuses frontales pour ramasser, soulever et transporter la terre, le foin et autres mat\u00e9riaux.<\/p>\n<h3>Excavateurs<\/h3>\n<p>Le v\u00e9rin du godet permet des actions de creusement en permettant au godet de p\u00e9n\u00e9trer le sol.<\/p>\n<h3>Chargeurs<\/h3>\n<p>Sur les chargeuses frontales, elles contribuent \u00e0 lever et \u00e0 d\u00e9charger efficacement la cargaison.<\/p>\n<h2>Consid\u00e9rations de conception et crit\u00e8res de s\u00e9lection<\/h2>\n<ul>\n<li>Capacit\u00e9 de charge : Le v\u00e9rin du godet est con\u00e7u pour supporter des charges importantes et garantir un fonctionnement s\u00fbr.<\/li>\n<li>\u00c9tanch\u00e9it\u00e9\u00a0: Diff\u00e9rents \u00e9l\u00e9ments d\u2019\u00e9tanch\u00e9it\u00e9, tels que des joints de piston et des joints de tige en mat\u00e9riaux r\u00e9sistants \u00e0 l\u2019usure comme le polyur\u00e9thane et le caoutchouc nitrile, sont utilis\u00e9s pour assurer une \u00e9tanch\u00e9it\u00e9 optimale. Le corps du cylindre et les extr\u00e9mit\u00e9s filet\u00e9es font l\u2019objet d\u2019un usinage de pr\u00e9cision afin d\u2019am\u00e9liorer leur r\u00e9sistance \u00e0 l\u2019usure.<\/li>\n<\/ul>\n<p><img decoding=\"async\" src=\"https:\/\/www.hydraulic-cylinders.net\/wp-content\/uploads\/2025\/01\/songte-oil-pipes-and-spare-parts.webp\"><\/p>\n<h2>\u00c9tanch\u00e9it\u00e9 et lubrification<\/h2>\n<p>Le v\u00e9rin du godet utilise divers joints d'\u00e9tanch\u00e9it\u00e9, tels que des joints de piston et des joints de tige, fabriqu\u00e9s en mat\u00e9riaux r\u00e9sistants \u00e0 l'usure comme le polyur\u00e9thane et le caoutchouc nitrile. Le corps du v\u00e9rin et les surfaces d'extr\u00e9mit\u00e9 filet\u00e9es sont usin\u00e9s avec pr\u00e9cision pour une meilleure r\u00e9sistance \u00e0 l'usure. Une lubrification r\u00e9guli\u00e8re est n\u00e9cessaire\u00a0; il convient d'ajouter la quantit\u00e9 appropri\u00e9e d'huile hydraulique pour assurer une lubrification optimale.<\/p>\n<h2>Inspection et maintenance pr\u00e9ventive<\/h2>\n<ul>\n<li>Un contr\u00f4le et un entretien r\u00e9guliers sont essentiels pour garantir des performances optimales et une longue dur\u00e9e de vie au v\u00e9rin du godet.<\/li>\n<li>Une installation, une lubrification et un r\u00e9glage corrects sont essentiels \u00e0 la long\u00e9vit\u00e9 du v\u00e9rin de godet. Des instructions d'alignement pr\u00e9cises doivent \u00eatre fournies lors de l'installation, et l'utilisation de supports de fixation adapt\u00e9s est recommand\u00e9e.<\/li>\n<li>Il convient de suivre les proc\u00e9dures recommand\u00e9es d'inspection, de r\u00e9paration et de remplacement. Des pi\u00e8ces de rechange et des services de remise \u00e0 neuf sont disponibles pour prolonger la dur\u00e9e de vie du v\u00e9rin de godet.<\/li>\n<\/ul>\n<p><img decoding=\"async\" src=\"https:\/\/www.hydraulic-cylinders.net\/wp-content\/uploads\/2025\/01\/songte-chushion-collar.webp\"><\/p>\n<h2>Consid\u00e9rations de s\u00e9curit\u00e9 et facteurs environnementaux<\/h2>\n<p>Lors de l'utilisation du v\u00e9rin de godet, il est important de respecter les mesures de s\u00e9curit\u00e9 afin de pr\u00e9venir les accidents et de garantir un environnement de travail s\u00fbr.<\/p>\n<h2>Diagnostic des pannes et probl\u00e8mes courants<\/h2>\n<p>Il est essentiel de fournir des conseils et des solutions de d\u00e9pannage pour diagnostiquer et r\u00e9soudre efficacement les probl\u00e8mes. Des mesures pr\u00e9ventives doivent \u00eatre propos\u00e9es afin de minimiser les risques.<\/p>\n<p><img decoding=\"async\" src=\"https:\/\/www.hydraulic-cylinders.net\/wp-content\/uploads\/2025\/01\/songte-bushings-with-all-kinds-of-excavator-models.webp\"><\/p>\n<h2>Conclusion<\/h2>\n<p>En conclusion, le v\u00e9rin de godet pour pelle hydraulique Caterpillar E450 est un composant essentiel des engins de chantier pour diverses op\u00e9rations de manutention. Notre entreprise est un fabricant et distributeur majeur de v\u00e9rins hydrauliques, offrant une large gamme de produits r\u00e9pondant aux exigences des march\u00e9s nationaux et internationaux. Gr\u00e2ce \u00e0 notre engagement envers l'excellence et \u00e0 nos installations de production de pointe, nous nous effor\u00e7ons de fournir des produits de haute qualit\u00e9 et un service client exceptionnel. <\/p>\n<p><img decoding=\"async\" src=\"https:\/\/www.hydraulic-cylinders.net\/wp-content\/uploads\/2025\/01\/songte-company-3.webp\"><\/p>\n<p>Auteur : lyl<\/p>\n<p><\/body><br \/>\n<\/html><\/p>","protected":false},"excerpt":{"rendered":"<p>Bucket Cylinder For Caterpillar Large Excavator E450 Bucket Cylinder For Caterpillar Large Excavator E450 Introduction The bucket cylinder for Caterpillar large excavator E450 is a specially designed hydraulic cylinder that is used to control the movement of the bucket in heavy machinery such as excavators, backhoe loaders, and front loaders. Its main function is to [&hellip;]<\/p>","protected":false},"featured_media":14788,"comment_status":"open","ping_status":"closed","template":"","meta":{"_et_pb_use_builder":"","_et_pb_old_content":"","_et_gb_content_width":""},"product_brand":[],"product_cat":[1494],"product_tag":[1495,1496],"class_list":{"0":"post-15253","1":"product","2":"type-product","3":"status-publish","4":"has-post-thumbnail","6":"product_cat-bucket-cylinders","7":"product_tag-bucket-cylinders","8":"product_tag-hydraulic-cylinders","10":"first","11":"instock","12":"shipping-taxable","13":"product-type-simple"},"amp_enabled":true,"_links":{"self":[{"href":"https:\/\/www.hydraulic-cylinders.net\/fr\/wp-json\/wp\/v2\/product\/15253","targetHints":{"allow":["GET"]}}],"collection":[{"href":"https:\/\/www.hydraulic-cylinders.net\/fr\/wp-json\/wp\/v2\/product"}],"about":[{"href":"https:\/\/www.hydraulic-cylinders.net\/fr\/wp-json\/wp\/v2\/types\/product"}],"replies":[{"embeddable":true,"href":"https:\/\/www.hydraulic-cylinders.net\/fr\/wp-json\/wp\/v2\/comments?post=15253"}],"wp:featuredmedia":[{"embeddable":true,"href":"https:\/\/www.hydraulic-cylinders.net\/fr\/wp-json\/wp\/v2\/media\/14788"}],"wp:attachment":[{"href":"https:\/\/www.hydraulic-cylinders.net\/fr\/wp-json\/wp\/v2\/media?parent=15253"}],"wp:term":[{"taxonomy":"product_brand","embeddable":true,"href":"https:\/\/www.hydraulic-cylinders.net\/fr\/wp-json\/wp\/v2\/product_brand?post=15253"},{"taxonomy":"product_cat","embeddable":true,"href":"https:\/\/www.hydraulic-cylinders.net\/fr\/wp-json\/wp\/v2\/product_cat?post=15253"},{"taxonomy":"product_tag","embeddable":true,"href":"https:\/\/www.hydraulic-cylinders.net\/fr\/wp-json\/wp\/v2\/product_tag?post=15253"}],"curies":[{"name":"wp","href":"https:\/\/api.w.org\/{rel}","templated":true}]}}