{"id":15255,"date":"2025-01-19T14:18:02","date_gmt":"2025-01-19T14:18:02","guid":{"rendered":"https:\/\/www.hydraulic-cylinders.net\/product\/bucket-cylinder-for-caterpillar-large-excavator-e330d-330l\/"},"modified":"2025-01-19T14:18:04","modified_gmt":"2025-01-19T14:18:04","slug":"bucket-cylinder-for-caterpillar-large-excavator-e330d-330l","status":"publish","type":"product","link":"https:\/\/www.hydraulic-cylinders.net\/fr\/produit\/bucket-cylinder-for-caterpillar-large-excavator-e330d-330l\/","title":{"rendered":"V\u00e9rin de godet pour pelle hydraulique Caterpillar E330D\/330L"},"content":{"rendered":"<h1>V\u00e9rin de godet pour pelle hydraulique Caterpillar E330D\/330L<\/h1>\n<h2>Introduction<\/h2>\n<p>Le v\u00e9rin de godet pour pelle hydraulique Caterpillar E330D\/330L est un v\u00e9rin hydraulique sp\u00e9cialement con\u00e7u pour contr\u00f4ler les mouvements du godet sur les engins de chantier tels que les pelles hydrauliques, les tractopelles et les chargeuses frontales. Sa fonction principale est de permettre la lev\u00e9e, l'abaissement et l'inclinaison du godet, facilitant ainsi la manutention de divers mat\u00e9riaux. Au sein du syst\u00e8me hydraulique, le v\u00e9rin de godet contr\u00f4le avec pr\u00e9cision les mouvements du godet gr\u00e2ce aux variations de pression d'huile hydraulique, permettant aux op\u00e9rateurs de manipuler efficacement des charges lourdes et de s'adapter \u00e0 des environnements de travail complexes et \u00e0 des exigences op\u00e9rationnelles vari\u00e9es.<\/p>\n<p><img decoding=\"async\" src=\"https:\/\/www.hydraulic-cylinders.net\/wp-content\/uploads\/2025\/01\/songte-company-2.webp\" \/><\/p>\n<h2>Caract\u00e9ristiques<\/h2>\n<ul>\n<li>\n<h3>Haute r\u00e9sistance et durabilit\u00e9<\/h3>\n<p>Le v\u00e9rin du godet est g\u00e9n\u00e9ralement fabriqu\u00e9 en acier haute r\u00e9sistance ou en aluminium, ce qui lui permet de r\u00e9sister \u00e0 une pression \u00e9lev\u00e9e et \u00e0 des charges importantes, de s'adapter \u00e0 des environnements de travail difficiles et est con\u00e7u pour r\u00e9sister \u00e0 l'usure et \u00e0 la corrosion, prolongeant ainsi sa dur\u00e9e de vie.<\/p>\n<\/li>\n<li>\n<h3>Fonctionnement hydraulique efficace<\/h3>\n<p>Le v\u00e9rin du godet utilise la pression de l'huile hydraulique pour assurer des mouvements d'extension et de contraction fluides, peut r\u00e9pondre rapidement aux commandes, fournit des forces de pouss\u00e9e et de traction puissantes et convient \u00e0 la manutention de charges lourdes et \u00e0 des t\u00e2ches op\u00e9rationnelles complexes.<\/p>\n<\/li>\n<li>\n<h3>Diff\u00e9rents types<\/h3>\n<p>Le v\u00e9rin du godet peut \u00eatre choisi en version simple effet (actionnement hydraulique dans un seul sens) ou double effet (actionnement hydraulique dans les deux sens) afin de r\u00e9pondre aux diff\u00e9rentes exigences op\u00e9rationnelles. Certains mod\u00e8les sont t\u00e9lescopiques, ce qui permet une plus grande extension sans augmenter les dimensions ext\u00e9rieures et convient aux applications o\u00f9 l'espace est limit\u00e9.<\/p>\n<\/li>\n<li>\n<h3>Remplacement parfait<\/h3>\n<p>Nos produits peuvent parfaitement remplacer ces v\u00e9rins hydrauliques. Nous proposons diff\u00e9rents types et mod\u00e8les de v\u00e9rins de godet et pouvons les personnaliser selon les besoins de nos clients.<\/p>\n<\/li>\n<li>\n<h3>Large application<\/h3>\n<p>Le v\u00e9rin de godet est largement utilis\u00e9 dans diverses machines de construction, telles que les excavatrices, les pelles r\u00e9trocaveuses, les chargeuses frontales, et dans les machines agricoles, telles que les chargeuses, les excavatrices, etc. Il est \u00e9galement utilis\u00e9 dans d'autres \u00e9quipements de manutention, tels que les chariots \u00e9l\u00e9vateurs.<\/p>\n<\/li>\n<\/ul>\n<h2>Consid\u00e9rations de conception et crit\u00e8res de s\u00e9lection<\/h2>\n<ul>\n<li>\n<h3>Capacit\u00e9 de charge<\/h3>\n<p>Le v\u00e9rin du godet doit pouvoir supporter la charge et la pression du mat\u00e9riau manipul\u00e9, et sa capacit\u00e9 de charge doit \u00eatre d\u00e9termin\u00e9e en fonction des exigences op\u00e9rationnelles sp\u00e9cifiques.<\/p>\n<\/li>\n<li>\n<h3>Performances d'\u00e9tanch\u00e9it\u00e9<\/h3>\n<p>Le v\u00e9rin du godet utilise divers \u00e9l\u00e9ments d'\u00e9tanch\u00e9it\u00e9, tels que des joints de piston et des joints de tige, fabriqu\u00e9s en mat\u00e9riaux r\u00e9sistants \u00e0 l'usure comme le polyur\u00e9thane et le caoutchouc nitrile, afin de garantir une \u00e9tanch\u00e9it\u00e9 optimale et d'\u00e9viter les fuites d'huile. Le corps du v\u00e9rin et la surface d'extr\u00e9mit\u00e9 du filetage sont usin\u00e9s avec pr\u00e9cision pour une meilleure r\u00e9sistance \u00e0 l'usure.<\/p>\n<\/li>\n<li>\n<h3>Durabilit\u00e9<\/h3>\n<p>Le v\u00e9rin du godet doit \u00eatre fabriqu\u00e9 \u00e0 partir de mat\u00e9riaux de haute qualit\u00e9, et le choix des mat\u00e9riaux et des proc\u00e9d\u00e9s de fabrication doit garantir une bonne durabilit\u00e9 et prolonger la dur\u00e9e de vie du v\u00e9rin.<\/p>\n<\/li>\n<li>\n<h3>S\u00e9curit\u00e9<\/h3>\n<p>Le v\u00e9rin du godet doit \u00eatre con\u00e7u et fabriqu\u00e9 en tenant compte des imp\u00e9ratifs de s\u00e9curit\u00e9, et ses performances en mati\u00e8re de s\u00e9curit\u00e9 doivent \u00eatre conformes aux normes nationales et internationales en vigueur.<\/p>\n<\/li>\n<li>\n<h3>Entretien<\/h3>\n<p>Le v\u00e9rin du godet doit \u00eatre facile \u00e0 entretenir et \u00e0 r\u00e9parer, et ses composants doivent \u00eatre faciles \u00e0 d\u00e9monter et \u00e0 remplacer. Un contr\u00f4le et un entretien r\u00e9guliers doivent \u00eatre effectu\u00e9s pour garantir le bon fonctionnement du v\u00e9rin.<\/p>\n<\/li>\n<\/ul>\n<p><img decoding=\"async\" src=\"https:\/\/www.hydraulic-cylinders.net\/wp-content\/uploads\/2025\/01\/songte-oil-pipes-and-spare-parts.webp\" \/><\/p>\n<h2>Installation et maintenance<\/h2>\n<p>Une installation et un entretien corrects du v\u00e9rin de godet contribuent \u00e0 garantir son fonctionnement fiable et durable. Voici les t\u00e2ches d'entretien courantes\u00a0:<\/p>\n<h3>Inspection r\u00e9guli\u00e8re<\/h3>\n<p>L'inspection r\u00e9guli\u00e8re du v\u00e9rin du godet permet de d\u00e9tecter les probl\u00e8mes potentiels et de pr\u00e9venir les dysfonctionnements. Elle comprend la v\u00e9rification du niveau d'huile hydraulique, le contr\u00f4le de l'usure et des dommages des joints d'\u00e9tanch\u00e9it\u00e9 et l'inspection du v\u00e9rin afin de d\u00e9celer d'\u00e9ventuelles fissures ou autres dommages.<\/p>\n<h3>Lubrification<\/h3>\n<p>Le v\u00e9rin du godet n\u00e9cessite une lubrification r\u00e9guli\u00e8re pour un fonctionnement optimal. L'huile hydraulique appropri\u00e9e doit \u00eatre choisie et ajout\u00e9e conform\u00e9ment aux recommandations du fabricant.<\/p>\n<h3>Remplacement des joints et v\u00e9rification de l'\u00e9talonnage<\/h3>\n<p>Les joints du v\u00e9rin du godet doivent \u00eatre remplac\u00e9s r\u00e9guli\u00e8rement afin d'\u00e9viter les fuites d'huile. De plus, des contr\u00f4les d'\u00e9talonnage doivent \u00eatre effectu\u00e9s pour garantir le bon fonctionnement du v\u00e9rin.<\/p>\n<h2>Consid\u00e9rations de s\u00e9curit\u00e9 et facteurs environnementaux<\/h2>\n<p>Lors de l'utilisation du v\u00e9rin de godet, il est important de respecter les consignes de s\u00e9curit\u00e9 afin de pr\u00e9venir les accidents. Les mesures de s\u00e9curit\u00e9 courantes comprennent le port de v\u00eatements et d'\u00e9quipements de protection, le respect des proc\u00e9dures d'utilisation et d'entretien, ainsi que l'utilisation des accessoires et \u00e9quipements appropri\u00e9s.<\/p>\n<p><img decoding=\"async\" src=\"https:\/\/www.hydraulic-cylinders.net\/wp-content\/uploads\/2025\/01\/songte-bushings-with-all-kinds-of-excavator-models.webp\" \/><\/p>\n<h2>D\u00e9pannage et probl\u00e8mes courants<\/h2>\n<p>Le v\u00e9rin du godet peut rencontrer divers probl\u00e8mes en cours de fonctionnement, tels que des fuites d'huile, une force insuffisante et des bruits anormaux. Pour diagnostiquer et r\u00e9soudre ces probl\u00e8mes, il est n\u00e9cessaire d'en identifier la cause et d'intervenir en cons\u00e9quence. Les solutions courantes consistent \u00e0 ajuster la pression hydraulique, \u00e0 remplacer les joints et \u00e0 r\u00e9parer ou remplacer les pi\u00e8ces endommag\u00e9es.<\/p>\n<h2>\u00c0 propos de notre entreprise<\/h2>\n<p>Nous sommes un fabricant de v\u00e9rins hydrauliques et un acteur majeur de la production et de la distribution sur les march\u00e9s nationaux et internationaux. Notre priorit\u00e9 est la qualit\u00e9, et nous nous appuyons sur une strat\u00e9gie de production industrialis\u00e9e au sein d'ateliers de fabrication performants. Notre entreprise am\u00e9liore constamment ses installations, optimise sa cha\u00eene de production et se distingue par sa grande cr\u00e9ativit\u00e9, son efficacit\u00e9, sa pr\u00e9cision et la qualit\u00e9 de ses produits, afin de r\u00e9pondre aux besoins vari\u00e9s de nos clients.<\/p>\n<ul>\n<li>\n<h3>Professionnalisme<\/h3>\n<p>Notre entreprise dispose d'une \u00e9quipe professionnelle d'ing\u00e9nieurs et de techniciens poss\u00e9dant une vaste exp\u00e9rience dans la conception et la fabrication de v\u00e9rins hydrauliques. Ils peuvent fournir aux clients des solutions personnalis\u00e9es et un soutien technique.<\/p>\n<\/li>\n<li>\n<h3>Certification internationale<\/h3>\n<p>Les produits de notre entreprise ont obtenu diverses certifications internationales, telles que CE, ISO et SGS, ce qui garantit qu'ils r\u00e9pondent aux normes internationales et aux exigences de nos clients.<\/p>\n<\/li>\n<li>\n<h3>Service de personnalisation<\/h3>\n<p>Notre entreprise peut personnaliser les v\u00e9rins hydrauliques en fonction des exigences des clients, notamment en termes de dimensions, de pression et de mat\u00e9riaux.<\/p>\n<\/li>\n<li>\n<h3>\u00c9quipement de production<\/h3>\n<p>Notre entreprise dispose d'\u00e9quipements de production de pointe, tels que des centres d'usinage CNC, des robots de soudage et des \u00e9quipements de test, qui garantissent la haute qualit\u00e9 et la pr\u00e9cision de nos produits.<\/p>\n<\/li>\n<li>\n<h3>Service apr\u00e8s-vente<\/h3>\n<p>Notre entreprise offre \u00e0 ses clients un service apr\u00e8s-vente complet, comprenant notamment l'assistance technique, la maintenance des produits et les services de r\u00e9paration, afin de garantir une utilisation sereine de nos produits.<\/p>\n<\/li>\n<\/ul>\n<p><img decoding=\"async\" src=\"https:\/\/hzpt.com\/wp-content\/uploads\/2024\/11\/songte-company-1.webp\" \/><\/p>\n<p>Auteur : lyl<\/p>","protected":false},"excerpt":{"rendered":"<p>Bucket Cylinder For Caterpillar Large Excavator E330D\/330L Introduction The bucket cylinder for Caterpillar large excavator E330D\/330L is a specially designed hydraulic cylinder that is mainly used to control the movement of the bucket in heavy machinery such as excavators, backhoes, and front-end loaders. Its main function is to allow the bucket to lift, lower, and [&hellip;]<\/p>","protected":false},"featured_media":14785,"comment_status":"open","ping_status":"closed","template":"","meta":{"_et_pb_use_builder":"","_et_pb_old_content":"","_et_gb_content_width":""},"product_brand":[],"product_cat":[1494],"product_tag":[1495,1496],"class_list":{"0":"post-15255","1":"product","2":"type-product","3":"status-publish","4":"has-post-thumbnail","6":"product_cat-bucket-cylinders","7":"product_tag-bucket-cylinders","8":"product_tag-hydraulic-cylinders","10":"first","11":"instock","12":"shipping-taxable","13":"product-type-simple"},"amp_enabled":true,"_links":{"self":[{"href":"https:\/\/www.hydraulic-cylinders.net\/fr\/wp-json\/wp\/v2\/product\/15255","targetHints":{"allow":["GET"]}}],"collection":[{"href":"https:\/\/www.hydraulic-cylinders.net\/fr\/wp-json\/wp\/v2\/product"}],"about":[{"href":"https:\/\/www.hydraulic-cylinders.net\/fr\/wp-json\/wp\/v2\/types\/product"}],"replies":[{"embeddable":true,"href":"https:\/\/www.hydraulic-cylinders.net\/fr\/wp-json\/wp\/v2\/comments?post=15255"}],"wp:featuredmedia":[{"embeddable":true,"href":"https:\/\/www.hydraulic-cylinders.net\/fr\/wp-json\/wp\/v2\/media\/14785"}],"wp:attachment":[{"href":"https:\/\/www.hydraulic-cylinders.net\/fr\/wp-json\/wp\/v2\/media?parent=15255"}],"wp:term":[{"taxonomy":"product_brand","embeddable":true,"href":"https:\/\/www.hydraulic-cylinders.net\/fr\/wp-json\/wp\/v2\/product_brand?post=15255"},{"taxonomy":"product_cat","embeddable":true,"href":"https:\/\/www.hydraulic-cylinders.net\/fr\/wp-json\/wp\/v2\/product_cat?post=15255"},{"taxonomy":"product_tag","embeddable":true,"href":"https:\/\/www.hydraulic-cylinders.net\/fr\/wp-json\/wp\/v2\/product_tag?post=15255"}],"curies":[{"name":"wp","href":"https:\/\/api.w.org\/{rel}","templated":true}]}}