{"id":15259,"date":"2025-01-19T14:18:18","date_gmt":"2025-01-19T14:18:18","guid":{"rendered":"https:\/\/www.hydraulic-cylinders.net\/product\/bucket-cylinder-for-caterpillar-large-excavator-e390d\/"},"modified":"2025-01-19T14:18:20","modified_gmt":"2025-01-19T14:18:20","slug":"bucket-cylinder-for-caterpillar-large-excavator-e390d","status":"publish","type":"product","link":"https:\/\/www.hydraulic-cylinders.net\/fr\/produit\/bucket-cylinder-for-caterpillar-large-excavator-e390d\/","title":{"rendered":"V\u00e9rin de godet pour pelle hydraulique Caterpillar E390D"},"content":{"rendered":"<h1>V\u00e9rin de godet pour pelle hydraulique Caterpillar E390D<\/h1>\n<h2>Introduction<\/h2>\n<p>Un v\u00e9rin de godet est un v\u00e9rin hydraulique sp\u00e9cialement con\u00e7u pour contr\u00f4ler les mouvements du godet sur les engins de chantier tels que les pelles hydrauliques, les chargeuses-pelleteuses et les chargeuses frontales. Sa fonction principale est de permettre la lev\u00e9e, l'abaissement et l'inclinaison du godet, le rendant ainsi adapt\u00e9 \u00e0 diverses op\u00e9rations de manutention. Au sein du syst\u00e8me hydraulique, le v\u00e9rin de godet contr\u00f4le avec pr\u00e9cision les mouvements du godet gr\u00e2ce aux variations de pression d'huile hydraulique, permettant aux op\u00e9rateurs de manipuler efficacement des charges lourdes et de s'adapter \u00e0 des environnements de travail complexes et \u00e0 des exigences vari\u00e9es. <\/p>\n<p><img decoding=\"async\" src=\"https:\/\/www.hydraulic-cylinders.net\/wp-content\/uploads\/2025\/01\/songte-company-2.webp\"><\/p>\n<h2>Caract\u00e9ristiques<\/h2>\n<ul>\n<li>\n<h3>Haute r\u00e9sistance et durabilit\u00e9<\/h3>\n<p>Les v\u00e9rins de godet sont g\u00e9n\u00e9ralement fabriqu\u00e9s en acier haute r\u00e9sistance ou en aluminium et peuvent supporter des pressions et des charges \u00e9lev\u00e9es, ce qui les rend adapt\u00e9s aux environnements de travail difficiles. Leur conception privil\u00e9gie la r\u00e9sistance \u00e0 l'usure et \u00e0 la corrosion, prolongeant ainsi leur dur\u00e9e de vie.<\/p>\n<\/li>\n<li>\n<h3>Fonctionnement hydraulique efficace<\/h3>\n<p>Les v\u00e9rins du godet utilisent la pression de l'huile hydraulique pour assurer des mouvements d'extension et de r\u00e9traction fluides. Ils r\u00e9pondent rapidement aux commandes et fournissent des forces de pouss\u00e9e et de traction puissantes, adapt\u00e9es \u00e0 la manutention de charges lourdes et aux t\u00e2ches complexes.<\/p>\n<\/li>\n<li>\n<h3>Divers types<\/h3>\n<p>Les v\u00e9rins de godet peuvent \u00eatre \u00e0 simple effet (utilisant la pression hydraulique dans un seul sens) ou \u00e0 double effet (utilisant la pression hydraulique dans les deux sens), selon les besoins op\u00e9rationnels. Certains mod\u00e8les sont t\u00e9lescopiques, ce qui permet une plus grande extension sans augmenter les dimensions ext\u00e9rieures et les rend adapt\u00e9s aux applications dans des espaces restreints.<\/p>\n<\/li>\n<li>\n<h3>Compatible avec diff\u00e9rents mod\u00e8les d'excavatrices<\/h3>\n<p>Notre produit peut parfaitement remplacer ces v\u00e9rins hydrauliques. <\/p>\n<\/li>\n<\/ul>\n<p><img decoding=\"async\" src=\"https:\/\/www.hydraulic-cylinders.net\/wp-content\/uploads\/2025\/01\/songte-cylinder-head-with-all-kinds-excavator-models.webp\"><\/p>\n<h2>Applications<\/h2>\n<p>Les v\u00e9rins de godet sont des composants essentiels de diverses machines lourdes, notamment\u00a0:<\/p>\n<ul>\n<li>\n<h3>\u00c9quipement de construction<\/h3>\n<p>Sur les excavatrices, ils sont indispensables pour l'excavation, le chargement et le d\u00e9placement de terre ou de d\u00e9bris. Sur les chargeuses-pelleteuses, le v\u00e9rin du godet participe \u00e0 la fois au creusement et au levage. <\/p>\n<\/li>\n<li>\n<h3>machines agricoles<\/h3>\n<p>Utilis\u00e9 dans les chargeurs frontaux pour ramasser, soulever et transporter de la terre, du foin et d'autres mat\u00e9riaux. <\/p>\n<\/li>\n<li>\n<h3>Excavateurs<\/h3>\n<p>Le v\u00e9rin du godet permet \u00e0 celui-ci de p\u00e9n\u00e9trer dans le sol et d'effectuer des travaux de creusement. <\/p>\n<\/li>\n<li>\n<h3>Chargeuses frontales<\/h3>\n<p>Sur les chargeuses frontales, elles permettent de lever et de d\u00e9charger efficacement les marchandises. <\/p>\n<\/li>\n<\/ul>\n<h2>Consid\u00e9rations de conception et crit\u00e8res de s\u00e9lection<\/h2>\n<p>Les v\u00e9rins de godet sont con\u00e7us en tenant compte de plusieurs facteurs\u00a0:<\/p>\n<ul>\n<li>\n<h3>capacit\u00e9 de charge<\/h3>\n<p>Le v\u00e9rin du godet doit \u00eatre suffisamment robuste pour supporter des charges lourdes et r\u00e9sister \u00e0 une pression \u00e9lev\u00e9e.<\/p>\n<\/li>\n<li>\n<h3>Scellage<\/h3>\n<p>Le cylindre doit \u00eatre parfaitement \u00e9tanche pour \u00e9viter les fuites d'huile et maintenir une pression ad\u00e9quate. Il doit \u00eatre \u00e9quip\u00e9 de joints d'\u00e9tanch\u00e9it\u00e9 de haute qualit\u00e9, tels que des joints de piston et des joints de tige en mat\u00e9riaux r\u00e9sistants \u00e0 l'usure comme le polyur\u00e9thane et le caoutchouc nitrile.<\/p>\n<\/li>\n<li>\n<h3>Durabilit\u00e9<\/h3>\n<p>Le cylindre doit \u00eatre suffisamment r\u00e9sistant pour supporter l'usure dans des environnements difficiles, et le corps du cylindre ainsi que les extr\u00e9mit\u00e9s filet\u00e9es doivent \u00eatre finement usin\u00e9s pour am\u00e9liorer la r\u00e9sistance \u00e0 l'usure.<\/p>\n<\/li>\n<li>\n<h3>S\u00e9curit\u00e9<\/h3>\n<p>Le cylindre doit \u00eatre con\u00e7u avec des dispositifs de s\u00e9curit\u00e9 tels qu'une protection contre les surcharges et des soupapes de d\u00e9charge de pression afin de pr\u00e9venir les accidents.<\/p>\n<\/li>\n<li>\n<h3>Maintenabilit\u00e9<\/h3>\n<p>Le cylindre doit \u00eatre facile \u00e0 entretenir et \u00e0 r\u00e9parer, et il est recommand\u00e9 d'utiliser des pi\u00e8ces de rechange appropri\u00e9es et des services de remise en \u00e9tat pour une dur\u00e9e de vie prolong\u00e9e.<\/p>\n<\/li>\n<\/ul>\n<p><img decoding=\"async\" src=\"https:\/\/www.hydraulic-cylinders.net\/wp-content\/uploads\/2025\/01\/songte-oil-pipes-and-spare-parts.webp\"><\/p>\n<h2>\u00c9tanch\u00e9it\u00e9 et lubrification<\/h2>\n<p>Pour un fonctionnement optimal, les v\u00e9rins de godet n\u00e9cessitent une \u00e9tanch\u00e9it\u00e9 et une lubrification ad\u00e9quates. Cela implique l'utilisation de divers composants d'\u00e9tanch\u00e9it\u00e9, tels que des joints de piston, des joints de tige et des joints racleurs, fabriqu\u00e9s dans des mat\u00e9riaux r\u00e9sistants \u00e0 l'usure. Le corps du v\u00e9rin et les extr\u00e9mit\u00e9s filet\u00e9es doivent \u00eatre trait\u00e9s pour une meilleure r\u00e9sistance \u00e0 l'usure. Une lubrification r\u00e9guli\u00e8re \u00e0 l'huile hydraulique est recommand\u00e9e pour un fonctionnement fluide.<\/p>\n<h2>Entretien et r\u00e9paration<\/h2>\n<p>Un entretien et des r\u00e9parations r\u00e9guliers sont essentiels pour garantir le fonctionnement optimal du v\u00e9rin de godet. Les t\u00e2ches d'entretien courantes comprennent l'inspection r\u00e9guli\u00e8re, la lubrification ad\u00e9quate, le remplacement des joints et la v\u00e9rification de l'\u00e9talonnage. Il est \u00e9galement primordial de veiller \u00e0 une installation, une lubrification et un r\u00e9glage corrects afin d'optimiser la dur\u00e9e de vie du v\u00e9rin. <\/p>\n<p><img decoding=\"async\" src=\"https:\/\/www.hydraulic-cylinders.net\/wp-content\/uploads\/2025\/01\/songte-chushion-collar.webp\"><\/p>\n<h2>Consid\u00e9rations de s\u00e9curit\u00e9<\/h2>\n<p>L'utilisation des v\u00e9rins de godet doit respecter les consignes de s\u00e9curit\u00e9 et les mesures appropri\u00e9es. Leur installation et leur utilisation doivent \u00eatre effectu\u00e9es par du personnel qualifi\u00e9 afin de pr\u00e9venir tout accident.<\/p>\n<h2>Diagnostic et d\u00e9pannage des pannes<\/h2>\n<p>Les pannes courantes des v\u00e9rins de godet incluent les fuites d'huile, une puissance insuffisante et un fonctionnement lent. Le d\u00e9pannage peut s'av\u00e9rer efficace en v\u00e9rifiant le niveau d'huile hydraulique, en inspectant le v\u00e9rin pour d\u00e9tecter tout dommage ou usure et en rempla\u00e7ant les joints us\u00e9s ou endommag\u00e9s. Il est essentiel de suivre les proc\u00e9dures d'entretien recommand\u00e9es afin de pr\u00e9venir ces pannes.<\/p>\n<p><img decoding=\"async\" src=\"https:\/\/www.hydraulic-cylinders.net\/wp-content\/uploads\/2025\/01\/songte-bushings-with-all-kinds-of-excavator-models.webp\"><\/p>\n<h2>\u00c0 propos de nous<\/h2>\n<p>Nous sommes un fabricant de v\u00e9rins hydrauliques de remplacement offrant une gamme compl\u00e8te de produits. Nous figurons parmi les principaux fabricants et distributeurs de v\u00e9rins hydrauliques sur les march\u00e9s nationaux et internationaux. Notre priorit\u00e9 est l'excellence, et nous nous appuyons sur des strat\u00e9gies de gestion de la production industrielle rigoureuses, mises en \u0153uvre dans nos ateliers de fabrication. Nous am\u00e9liorons constamment nos plateformes de production, nos lignes de fabrication et notre capacit\u00e9 d'innovation nous permet de r\u00e9pondre aux besoins vari\u00e9s de nos clients avec efficacit\u00e9, pr\u00e9cision et un haut niveau de qualit\u00e9. <\/p>\n<p><img decoding=\"async\" src=\"https:\/\/hzpt.com\/wp-content\/uploads\/2024\/11\/songte-company-1.webp\"><\/p>\n<h3>Professionnalisme<\/h3>\n<p>Nous disposons d'une \u00e9quipe d'ing\u00e9nieurs et de techniciens hautement qualifi\u00e9s qui con\u00e7oivent et fabriquent des v\u00e9rins hydrauliques r\u00e9pondant aux normes de qualit\u00e9 les plus exigeantes. <\/p>\n<h3>Certifications internationales<\/h3>\n<p>Nos produits sont certifi\u00e9s conformes \u00e0 diverses normes internationales, notamment ISO, CE et SGS. <\/p>\n<h3>Services de personnalisation<\/h3>\n<p>Nous fournissons des v\u00e9rins hydrauliques sur mesure pour r\u00e9pondre aux exigences sp\u00e9cifiques de nos clients, y compris la conception, la fabrication et les tests. <\/p>\n<h3>\u00c9quipement de production<\/h3>\n<p>Nous utilisons des \u00e9quipements de pointe, notamment des centres d'usinage CNC, des rectifieuses de pr\u00e9cision et des \u00e9quipements de test. <\/p>\n<h3>Services apr\u00e8s-vente<\/h3>\n<p>Nous proposons des services apr\u00e8s-vente complets, incluant la maintenance, la r\u00e9paration et la remise \u00e0 neuf, afin de garantir des performances et une durabilit\u00e9 optimales. <\/p>\n<p>Auteur : lyl.<\/p>","protected":false},"excerpt":{"rendered":"<p>Bucket Cylinder For Caterpillar Large Excavator E390D Introduction A bucket cylinder is a specially designed hydraulic cylinder used to control the movement of the bucket in heavy machinery, such as excavators, backhoe loaders, and front-end loaders. Its primary function is to allow the bucket to lift, lower and tilt, making it suitable for various material [&hellip;]<\/p>","protected":false},"featured_media":14778,"comment_status":"open","ping_status":"closed","template":"","meta":{"_et_pb_use_builder":"","_et_pb_old_content":"","_et_gb_content_width":""},"product_brand":[],"product_cat":[1494],"product_tag":[1495,1496],"class_list":{"0":"post-15259","1":"product","2":"type-product","3":"status-publish","4":"has-post-thumbnail","6":"product_cat-bucket-cylinders","7":"product_tag-bucket-cylinders","8":"product_tag-hydraulic-cylinders","10":"first","11":"instock","12":"shipping-taxable","13":"product-type-simple"},"amp_enabled":true,"_links":{"self":[{"href":"https:\/\/www.hydraulic-cylinders.net\/fr\/wp-json\/wp\/v2\/product\/15259","targetHints":{"allow":["GET"]}}],"collection":[{"href":"https:\/\/www.hydraulic-cylinders.net\/fr\/wp-json\/wp\/v2\/product"}],"about":[{"href":"https:\/\/www.hydraulic-cylinders.net\/fr\/wp-json\/wp\/v2\/types\/product"}],"replies":[{"embeddable":true,"href":"https:\/\/www.hydraulic-cylinders.net\/fr\/wp-json\/wp\/v2\/comments?post=15259"}],"wp:featuredmedia":[{"embeddable":true,"href":"https:\/\/www.hydraulic-cylinders.net\/fr\/wp-json\/wp\/v2\/media\/14778"}],"wp:attachment":[{"href":"https:\/\/www.hydraulic-cylinders.net\/fr\/wp-json\/wp\/v2\/media?parent=15259"}],"wp:term":[{"taxonomy":"product_brand","embeddable":true,"href":"https:\/\/www.hydraulic-cylinders.net\/fr\/wp-json\/wp\/v2\/product_brand?post=15259"},{"taxonomy":"product_cat","embeddable":true,"href":"https:\/\/www.hydraulic-cylinders.net\/fr\/wp-json\/wp\/v2\/product_cat?post=15259"},{"taxonomy":"product_tag","embeddable":true,"href":"https:\/\/www.hydraulic-cylinders.net\/fr\/wp-json\/wp\/v2\/product_tag?post=15259"}],"curies":[{"name":"wp","href":"https:\/\/api.w.org\/{rel}","templated":true}]}}