{"id":15265,"date":"2025-01-19T14:18:42","date_gmt":"2025-01-19T14:18:42","guid":{"rendered":"https:\/\/www.hydraulic-cylinders.net\/product\/bucket-cylinder-for-caterpillar-wheel-excavator-m217dz\/"},"modified":"2025-01-19T14:18:44","modified_gmt":"2025-01-19T14:18:44","slug":"bucket-cylinder-for-caterpillar-wheel-excavator-m217dz","status":"publish","type":"product","link":"https:\/\/www.hydraulic-cylinders.net\/fr\/produit\/bucket-cylinder-for-caterpillar-wheel-excavator-m217dz\/","title":{"rendered":"V\u00e9rin de godet pour pelle sur pneus Caterpillar M217DZ"},"content":{"rendered":"<h1>V\u00e9rin de godet pour pelle sur pneus Caterpillar M217DZ<\/h1>\n<h2>Introduction<\/h2>\n<p>Un v\u00e9rin de godet est un v\u00e9rin hydraulique sp\u00e9cialis\u00e9, principalement utilis\u00e9 pour commander les mouvements du godet sur les engins de chantier tels que les pelles hydrauliques, les chargeuses-pelleteuses et les chargeuses frontales. Sa fonction principale est de permettre au godet d'effectuer des op\u00e9rations de levage, d'abaissement et d'inclinaison, facilitant ainsi la manutention de divers mat\u00e9riaux. Au sein du syst\u00e8me hydraulique, le v\u00e9rin de godet assure un contr\u00f4le pr\u00e9cis du godet gr\u00e2ce \u00e0 la variation de la pression d'huile hydraulique, permettant \u00e0 l'op\u00e9rateur de manipuler efficacement des charges lourdes et de s'adapter \u00e0 des environnements de travail complexes et \u00e0 des exigences op\u00e9rationnelles vari\u00e9es.<\/p>\n<p><img decoding=\"async\" src=\"https:\/\/www.hydraulic-cylinders.net\/wp-content\/uploads\/2025\/01\/songte-company-2.webp\"><\/p>\n<h2>Caract\u00e9ristiques<\/h2>\n<ul>\n<li><strong>Haute r\u00e9sistance et durabilit\u00e9 :<\/strong> Fabriqu\u00e9 g\u00e9n\u00e9ralement en acier haute r\u00e9sistance ou en aluminium, il supporte les hautes pressions et les charges importantes, s'adaptant ainsi aux environnements de travail difficiles. Sa conception prend en compte la r\u00e9sistance \u00e0 l'usure et \u00e0 la corrosion afin d'en prolonger la dur\u00e9e de vie.<\/li>\n<li><strong>Fonctionnement hydraulique efficace :<\/strong> Utilise la pression de l'huile hydraulique pour obtenir des mouvements d'extension et de contraction fluides, permettant une r\u00e9ponse rapide aux commandes, fournissant des forces de pouss\u00e9e et de traction puissantes, adapt\u00e9es \u00e0 la manutention de charges lourdes et \u00e0 des t\u00e2ches de travail complexes.<\/li>\n<li><strong>Diff\u00e9rents types :<\/strong> Les v\u00e9rins \u00e0 simple effet (actionnement hydraulique dans un seul sens) ou \u00e0 double effet (actionnement hydraulique dans les deux sens) peuvent \u00eatre s\u00e9lectionn\u00e9s en fonction des besoins afin de r\u00e9pondre aux diff\u00e9rentes exigences op\u00e9rationnelles. Certains mod\u00e8les sont t\u00e9lescopiques, ce qui permet une plus grande extension sans augmenter les dimensions ext\u00e9rieures et convient aux applications o\u00f9 l'espace est limit\u00e9.<\/li>\n<li><strong>Remplacement id\u00e9al :<\/strong> Notre produit peut parfaitement remplacer ces v\u00e9rins hydrauliques.<\/li>\n<\/ul>\n<p><img decoding=\"async\" src=\"https:\/\/www.hydraulic-cylinders.net\/wp-content\/uploads\/2025\/01\/songte-cylinder-head-with-all-kinds-excavator-models.webp\"><\/p>\n<h2>Applications<\/h2>\n<p>Les v\u00e9rins de godet sont largement utilis\u00e9s dans divers \u00e9quipements, notamment\u00a0:<\/p>\n<ul>\n<li><strong>Mat\u00e9riel de construction :<\/strong> Sur les excavatrices, ils sont indispensables pour creuser, charger et d\u00e9placer la terre ou les d\u00e9bris. Sur les chargeuses-pelleteuses, les v\u00e9rins du godet servent \u00e0 la fois au creusement et au levage. <\/li>\n<li><strong>Machines agricoles :<\/strong> Utilis\u00e9 dans les chargeurs frontaux pour ramasser, soulever et transporter de la terre, du foin et d'autres mat\u00e9riaux. <\/li>\n<li><strong>Excavateurs:<\/strong> Les v\u00e9rins de godet permettent d'effectuer des op\u00e9rations de creusement en permettant au godet de p\u00e9n\u00e9trer dans le sol. <\/li>\n<li><strong>Chargeurs:<\/strong> Sur les chargeuses frontales, elles permettent de lever et de d\u00e9charger efficacement la cargaison. <\/li>\n<\/ul>\n<h2>Consid\u00e9rations de conception et crit\u00e8res de s\u00e9lection<\/h2>\n<ul>\n<li><strong>Capacit\u00e9 de charge :<\/strong> Le cylindre doit pouvoir r\u00e9sister \u00e0 la charge et \u00e0 la pression exerc\u00e9es par l'\u00e9quipement. <\/li>\n<li><strong>Scellage:<\/strong> Divers composants d'\u00e9tanch\u00e9it\u00e9, tels que les joints de piston et les joints de tige, doivent \u00eatre fabriqu\u00e9s \u00e0 partir de mat\u00e9riaux r\u00e9sistants \u00e0 l'usure comme le polyur\u00e9thane et le caoutchouc nitrile afin d'assurer d'excellentes performances d'\u00e9tanch\u00e9it\u00e9 et de prolonger la dur\u00e9e de vie. <\/li>\n<li><strong>Durabilit\u00e9:<\/strong> Le corps du cylindre et la surface d'extr\u00e9mit\u00e9 filet\u00e9e doivent \u00eatre usin\u00e9s avec pr\u00e9cision afin d'am\u00e9liorer la r\u00e9sistance \u00e0 l'usure. <\/li>\n<li><strong>S\u00e9curit\u00e9:<\/strong> Le cylindre doit \u00eatre con\u00e7u et fabriqu\u00e9 conform\u00e9ment aux normes de s\u00e9curit\u00e9 afin d'\u00e9viter les accidents et d'assurer la s\u00e9curit\u00e9 du personnel et des \u00e9quipements. <\/li>\n<li><strong>Maintenabilit\u00e9 :<\/strong> Le cylindre doit \u00eatre facile \u00e0 entretenir et \u00e0 r\u00e9parer, et les pi\u00e8ces de rechange doivent \u00eatre facilement disponibles. <\/li>\n<\/ul>\n<p><img decoding=\"async\" src=\"https:\/\/www.hydraulic-cylinders.net\/wp-content\/uploads\/2025\/01\/songte-oil-pipes-and-spare-parts.webp\"><\/p>\n<h2>\u00c9tanch\u00e9it\u00e9 et lubrification<\/h2>\n<p>Le v\u00e9rin utilise divers joints d'\u00e9tanch\u00e9it\u00e9 pour garantir une excellente \u00e9tanch\u00e9it\u00e9 et prolonger sa dur\u00e9e de vie. Les joints de piston et de tige sont fabriqu\u00e9s en mat\u00e9riaux r\u00e9sistants \u00e0 l'usure, tels que le polyur\u00e9thane et le caoutchouc nitrile. Le corps du v\u00e9rin et la surface filet\u00e9e sont usin\u00e9s avec pr\u00e9cision pour une meilleure r\u00e9sistance \u00e0 l'usure. Une quantit\u00e9 suffisante d'huile hydraulique est n\u00e9cessaire pour lubrifier le v\u00e9rin et assurer son bon fonctionnement. Un entretien r\u00e9gulier et un appoint d'huile hydraulique sont donc indispensables.<\/p>\n<h2>Entretien et r\u00e9paration<\/h2>\n<p>L'inspection r\u00e9guli\u00e8re, la lubrification ad\u00e9quate, le remplacement des joints et la v\u00e9rification de l'\u00e9talonnage constituent des op\u00e9rations d'entretien courantes pour les v\u00e9rins de godet. Une installation, une lubrification et un r\u00e9glage corrects sont essentiels pour prolonger la dur\u00e9e de vie du v\u00e9rin. Lors de l'installation, un alignement pr\u00e9cis du v\u00e9rin est n\u00e9cessaire et l'utilisation de supports de fixation adapt\u00e9s est recommand\u00e9e. Il est recommand\u00e9 de suivre les proc\u00e9dures d'inspection, de r\u00e9paration et de remplacement pr\u00e9conis\u00e9es et de faire appel \u00e0 des services de remplacement et de remise en \u00e9tat des pi\u00e8ces afin d'optimiser la dur\u00e9e de vie du v\u00e9rin.<\/p>\n<p><img decoding=\"async\" src=\"https:\/\/www.hydraulic-cylinders.net\/wp-content\/uploads\/2025\/01\/songte-chushion-collar.webp\"><\/p>\n<h2>Consid\u00e9rations de s\u00e9curit\u00e9 et facteurs environnementaux<\/h2>\n<p>Lors de l'utilisation d'un v\u00e9rin hydraulique pour godet, il est essentiel de respecter les consignes de s\u00e9curit\u00e9 afin de pr\u00e9venir les accidents et de prot\u00e9ger le personnel et le mat\u00e9riel. Les facteurs environnementaux tels que la temp\u00e9rature, l'humidit\u00e9 et la qualit\u00e9 de l'air doivent \u00eatre pris en compte pour garantir un fonctionnement optimal du v\u00e9rin et prolonger sa dur\u00e9e de vie.<\/p>\n<h2>Diagnostic des pannes et probl\u00e8mes courants<\/h2>\n<p>Les probl\u00e8mes courants rencontr\u00e9s avec les v\u00e9rins de godet incluent les fuites d'huile, l'usure des joints, l'endommagement des pistons et des tiges, ainsi que les bruits anormaux. Pour diagnostiquer et r\u00e9soudre efficacement ces probl\u00e8mes, une inspection et un entretien r\u00e9guliers sont indispensables. Il est fortement recommand\u00e9 de suivre les proc\u00e9dures d'entretien pr\u00e9conis\u00e9es et de mettre en \u0153uvre des mesures pr\u00e9ventives efficaces afin de minimiser les risques de dysfonctionnement.<\/p>\n<p><img decoding=\"async\" src=\"https:\/\/www.hydraulic-cylinders.net\/wp-content\/uploads\/2025\/01\/songte-bushings-with-all-kinds-of-excavator-models.webp\"><\/p>\n<h2>\u00c0 propos de notre entreprise<\/h2>\n<p>Nous sommes un fabricant de v\u00e9rins hydrauliques de remplacement et proposons une gamme compl\u00e8te de produits. Nous figurons parmi les principaux fabricants et distributeurs de v\u00e9rins hydrauliques sur les march\u00e9s nationaux et internationaux. Notre priorit\u00e9 est l'excellence, et nous nous appuyons sur une strat\u00e9gie de production industrialis\u00e9e au sein d'ateliers de fabrication modernes. L'entreprise am\u00e9liore constamment sa plateforme de production gr\u00e2ce \u00e0 des \u00e9quipes techniques comp\u00e9tentes, des \u00e9quipements de pointe num\u00e9riques et des syst\u00e8mes de contr\u00f4le professionnels, optimisant ainsi la qualit\u00e9 de ses produits. Forte de sa capacit\u00e9 d'innovation, elle r\u00e9pond aux besoins vari\u00e9s de ses clients avec efficacit\u00e9, pr\u00e9cision et un souci constant de la qualit\u00e9. <\/p>\n<p><img decoding=\"async\" src=\"https:\/\/hzpt.com\/wp-content\/uploads\/2024\/11\/songte-company-1.webp\"><\/p>\n<p>Nous proposons des services professionnels, une certification internationale, des services personnalis\u00e9s, des \u00e9quipements de production et un service apr\u00e8s-vente, etc.<\/p>\n<p>Auteur : lyl.<\/p>","protected":false},"excerpt":{"rendered":"<p>Bucket Cylinder For Caterpillar Wheel Excavator M217DZ Introduction A bucket cylinder is a specialized hydraulic cylinder mainly used to control the movement of the bucket in heavy machinery such as excavators, backhoe loaders, and front-end loaders. Its primary function is to enable the bucket to perform lifting, lowering, and tilting, making it easier to handle [&hellip;]<\/p>","protected":false},"featured_media":14762,"comment_status":"open","ping_status":"closed","template":"","meta":{"_et_pb_use_builder":"","_et_pb_old_content":"","_et_gb_content_width":""},"product_brand":[],"product_cat":[1494],"product_tag":[1495,1496],"class_list":{"0":"post-15265","1":"product","2":"type-product","3":"status-publish","4":"has-post-thumbnail","6":"product_cat-bucket-cylinders","7":"product_tag-bucket-cylinders","8":"product_tag-hydraulic-cylinders","10":"first","11":"instock","12":"shipping-taxable","13":"product-type-simple"},"amp_enabled":true,"_links":{"self":[{"href":"https:\/\/www.hydraulic-cylinders.net\/fr\/wp-json\/wp\/v2\/product\/15265","targetHints":{"allow":["GET"]}}],"collection":[{"href":"https:\/\/www.hydraulic-cylinders.net\/fr\/wp-json\/wp\/v2\/product"}],"about":[{"href":"https:\/\/www.hydraulic-cylinders.net\/fr\/wp-json\/wp\/v2\/types\/product"}],"replies":[{"embeddable":true,"href":"https:\/\/www.hydraulic-cylinders.net\/fr\/wp-json\/wp\/v2\/comments?post=15265"}],"wp:featuredmedia":[{"embeddable":true,"href":"https:\/\/www.hydraulic-cylinders.net\/fr\/wp-json\/wp\/v2\/media\/14762"}],"wp:attachment":[{"href":"https:\/\/www.hydraulic-cylinders.net\/fr\/wp-json\/wp\/v2\/media?parent=15265"}],"wp:term":[{"taxonomy":"product_brand","embeddable":true,"href":"https:\/\/www.hydraulic-cylinders.net\/fr\/wp-json\/wp\/v2\/product_brand?post=15265"},{"taxonomy":"product_cat","embeddable":true,"href":"https:\/\/www.hydraulic-cylinders.net\/fr\/wp-json\/wp\/v2\/product_cat?post=15265"},{"taxonomy":"product_tag","embeddable":true,"href":"https:\/\/www.hydraulic-cylinders.net\/fr\/wp-json\/wp\/v2\/product_tag?post=15265"}],"curies":[{"name":"wp","href":"https:\/\/api.w.org\/{rel}","templated":true}]}}