{"id":15271,"date":"2025-01-19T14:19:13","date_gmt":"2025-01-19T14:19:13","guid":{"rendered":"https:\/\/www.hydraulic-cylinders.net\/product\/bucket-cylinder-for-doosan-small-excavator-dh55-5\/"},"modified":"2025-01-19T14:19:15","modified_gmt":"2025-01-19T14:19:15","slug":"bucket-cylinder-for-doosan-small-excavator-dh55-5","status":"publish","type":"product","link":"https:\/\/www.hydraulic-cylinders.net\/fr\/produit\/bucket-cylinder-for-doosan-small-excavator-dh55-5\/","title":{"rendered":"V\u00e9rin de godet pour mini-pelle Doosan DH55-5"},"content":{"rendered":"<h1>V\u00e9rin de godet pour mini-pelle Doosan DH55-5<\/h1>\n<h2>Introduction<\/h2>\n<h3>D\u00e9finition du v\u00e9rin de godet pour mini-pelle Doosan DH55-5<\/h3>\n<p>Un v\u00e9rin de godet est un v\u00e9rin hydraulique sp\u00e9cialement con\u00e7u pour contr\u00f4ler les mouvements du godet sur les engins de chantier tels que les pelles hydrauliques, les chargeuses-pelleteuses et les chargeuses frontales. Sa fonction principale est de permettre la lev\u00e9e, l'abaissement et l'inclinaison du godet, facilitant ainsi diverses op\u00e9rations de manutention. Au sein du syst\u00e8me hydraulique, le v\u00e9rin de godet assure un contr\u00f4le pr\u00e9cis du godet en modulant la pression de l'huile hydraulique, permettant aux op\u00e9rateurs de manipuler efficacement des charges lourdes et de s'adapter \u00e0 des environnements de travail complexes et \u00e0 des exigences op\u00e9rationnelles vari\u00e9es.<\/p>\n<p><img decoding=\"async\" src=\"https:\/\/www.hydraulic-cylinders.net\/wp-content\/uploads\/2025\/01\/songte-company-2.webp\" alt=\"V\u00e9rin de godet\" \/><\/p>\n<h3>Caract\u00e9ristiques du v\u00e9rin de godet pour mini-pelle Doosan DH55-5<\/h3>\n<ul>\n<li>Haute r\u00e9sistance et durabilit\u00e9 : G\u00e9n\u00e9ralement fabriqu\u00e9 en acier ou en aluminium \u00e0 haute r\u00e9sistance, il peut supporter une pression \u00e9lev\u00e9e et des charges importantes, s'adapter aux environnements de travail difficiles et est con\u00e7u pour r\u00e9sister \u00e0 l'usure et \u00e0 la corrosion, prolongeant ainsi sa dur\u00e9e de vie.<\/li>\n<li>Fonctionnement hydraulique efficace\u00a0: Utilisant la pression de l\u2019huile hydraulique pour obtenir des mouvements t\u00e9lescopiques fluides, il peut r\u00e9pondre rapidement aux commandes, fournir des forces de pouss\u00e9e et de traction puissantes et convient \u00e0 la manutention de charges lourdes et \u00e0 des t\u00e2ches op\u00e9rationnelles complexes.<\/li>\n<li>Plusieurs types de v\u00e9rins sont disponibles\u00a0: \u00e0 simple effet (actionnement hydraulique dans un seul sens) ou \u00e0 double effet (actionnement hydraulique dans les deux sens), selon les besoins. Certains mod\u00e8les sont t\u00e9lescopiques, ce qui permet une plus grande extension sans augmenter l\u2019encombrement et les rend adapt\u00e9s aux espaces restreints.<\/li>\n<li>Rempla\u00e7able : Notre produit peut parfaitement remplacer ces v\u00e9rins hydrauliques.<\/li>\n<\/ul>\n<p><img decoding=\"async\" src=\"https:\/\/www.hydraulic-cylinders.net\/wp-content\/uploads\/2025\/01\/songte-cylinder-head-with-all-kinds-excavator-models.webp\" alt=\"Mod\u00e8les de v\u00e9rins de godet\" \/><\/p>\n<h3>Application du v\u00e9rin de godet pour la petite pelle Doosan DH55-5<\/h3>\n<p>Le v\u00e9rin \u00e0 godet est largement utilis\u00e9 dans diverses machines lourdes, telles que\u00a0:<\/p>\n<ul>\n<li>Mat\u00e9riel de construction\u00a0: Sur les pelles hydrauliques, les v\u00e9rins sont indispensables pour l\u2019excavation, le chargement et le d\u00e9placement de la terre ou des d\u00e9bris. Sur les chargeuses-pelleteuses, les v\u00e9rins du godet participent \u00e0 la fois \u00e0 l\u2019excavation et au levage. <\/li>\n<li>Machines agricoles : utilis\u00e9es dans les chargeurs frontaux pour ramasser, soulever et transporter de la terre, du foin et d'autres mat\u00e9riaux. <\/li>\n<li>Excavatrices : Le v\u00e9rin du godet permet l'excavation en permettant au godet de p\u00e9n\u00e9trer dans le sol. <\/li>\n<li>Chargeurs : Sur les chargeuses frontales, ils permettent de lever et d'incliner efficacement la charge. <\/li>\n<\/ul>\n<p>Chaque application du v\u00e9rin \u00e0 godet est d\u00e9taill\u00e9e ci-dessous.<\/p>\n<h3>Consid\u00e9rations de conception et crit\u00e8res de s\u00e9lection<\/h3>\n<p>Le v\u00e9rin du godet est con\u00e7u en tenant compte des consid\u00e9rations suivantes\u00a0:<\/p>\n<ul>\n<li>Capacit\u00e9 de charge : Le v\u00e9rin doit pouvoir supporter des charges \u00e9lev\u00e9es et maintenir sa stabilit\u00e9 en fonctionnement.<\/li>\n<li>\u00c9tanch\u00e9it\u00e9 : Le cylindre doit \u00eatre \u00e9tanche pour \u00e9viter les fuites de fluide et maintenir une pression ad\u00e9quate.<\/li>\n<li>Durabilit\u00e9 : Le cylindre doit \u00eatre con\u00e7u pour r\u00e9sister aux conditions de fonctionnement difficiles et \u00e0 l'usure et \u00e0 la corrosion.<\/li>\n<li>S\u00e9curit\u00e9 : Le cylindre doit \u00eatre con\u00e7u de mani\u00e8re \u00e0 pr\u00e9venir les accidents et \u00e0 minimiser les risques de blessures pour les op\u00e9rateurs.<\/li>\n<li>Facilit\u00e9 d'entretien : Le cylindre doit \u00eatre facile \u00e0 entretenir et \u00e0 r\u00e9parer.<\/li>\n<\/ul>\n<p><img decoding=\"async\" src=\"https:\/\/www.hydraulic-cylinders.net\/wp-content\/uploads\/2025\/01\/songte-oil-pipes-and-spare-parts.webp\" alt=\"Pi\u00e8ces de v\u00e9rin de godet\" \/><\/p>\n<h3>\u00c9tanch\u00e9it\u00e9 et lubrification du v\u00e9rin de godet pour mini-pelle Doosan DH55-5<\/h3>\n<ul>\n<li>Divers \u00e9l\u00e9ments d'\u00e9tanch\u00e9it\u00e9, tels que des joints de piston et de tige, sont utilis\u00e9s dans le cylindre. Ces \u00e9l\u00e9ments sont fabriqu\u00e9s \u00e0 partir de mat\u00e9riaux r\u00e9sistants \u00e0 l'usure, comme le polyur\u00e9thane et le caoutchouc nitrile.<\/li>\n<li>Corps de cylindre finement usin\u00e9\u00a0: Le corps du cylindre et la surface d\u2019extr\u00e9mit\u00e9 du filetage sont finement usin\u00e9s pour am\u00e9liorer la r\u00e9sistance \u00e0 l\u2019usure.<\/li>\n<li>Lubrification : Le cylindre doit \u00eatre lubrifi\u00e9 r\u00e9guli\u00e8rement avec une quantit\u00e9 appropri\u00e9e d'huile hydraulique.<\/li>\n<\/ul>\n<h3>Inspection r\u00e9guli\u00e8re et mesures d'entretien pr\u00e9ventif<\/h3>\n<p>Il est recommand\u00e9 d'effectuer r\u00e9guli\u00e8rement les t\u00e2ches d'entretien suivantes\u00a0:<\/p>\n<ul>\n<li>Inspection r\u00e9guli\u00e8re\u00a0: Inspectez r\u00e9guli\u00e8rement le cylindre pour d\u00e9tecter tout signe de dommage, de fuite ou d\u2019usure.<\/li>\n<li>Lubrification ad\u00e9quate\u00a0: Veillez \u00e0 maintenir le cylindre correctement lubrifi\u00e9.<\/li>\n<li>Remplacement des joints : Remplacez les joints si n\u00e9cessaire.<\/li>\n<li>Calibration Check: Check the cylinder&#8217;s calibration periodically.<\/li>\n<\/ul>\n<p>Une installation, une lubrification et un r\u00e9glage corrects sont essentiels pour garantir le fonctionnement s\u00fbr et efficace du v\u00e9rin de godet. Il est recommand\u00e9 d'aligner correctement le v\u00e9rin lors de l'installation et d'utiliser des supports de fixation appropri\u00e9s pour le maintenir en place. Notre entreprise fournit des pi\u00e8ces de rechange et des services de remise \u00e0 neuf afin de prolonger la dur\u00e9e de vie de votre v\u00e9rin de godet.<\/p>\n<p><img decoding=\"async\" src=\"https:\/\/www.hydraulic-cylinders.net\/wp-content\/uploads\/2025\/01\/songte-chushion-collar.webp\" alt=\"Installation du v\u00e9rin de godet\" \/><\/p>\n<h3>Consid\u00e9rations de s\u00e9curit\u00e9 et facteurs environnementaux<\/h3>\n<p>Lors de l'utilisation du v\u00e9rin de godet, il est essentiel de respecter les consignes de s\u00e9curit\u00e9 afin de pr\u00e9venir les accidents et les blessures. Il est \u00e9galement important de prendre en compte les facteurs environnementaux, tels que l'impact des fuites d'huile hydraulique sur l'environnement et les m\u00e9thodes d'\u00e9limination appropri\u00e9es des d\u00e9chets.<\/p>\n<h3>D\u00e9pannage et probl\u00e8mes courants du v\u00e9rin de godet pour la mini-pelle Doosan DH55-5<\/h3>\n<p>Les probl\u00e8mes courants pouvant affecter le v\u00e9rin du godet incluent les fuites d'huile, la d\u00e9rive du v\u00e9rin et une force insuffisante. Nos conseils et solutions de d\u00e9pannage vous aident \u00e0 diagnostiquer et \u00e0 r\u00e9soudre efficacement ces probl\u00e8mes. Il est \u00e9galement recommand\u00e9 de prendre des mesures pr\u00e9ventives afin de minimiser les risques de dysfonctionnement.<\/p>\n<p><img decoding=\"async\" src=\"https:\/\/www.hydraulic-cylinders.net\/wp-content\/uploads\/2025\/01\/songte-bushings-with-all-kinds-of-excavator-models.webp\" alt=\"Bagues de v\u00e9rin de godet\" \/><\/p>\n<h2>\u00c0 propos de notre entreprise<\/h2>\n<p>We are a manufacturer of hydraulic cylinders that can replace conventional hydraulic cylinders. Our company offers a complete range of hydraulic cylinders and has become one of the leading manufacturers and wholesale distributors in the domestic and international markets. We adhere to the principles of excellent quality, rely on industrialized production management strategies, and have continuously improved our manufacturing platforms by using technological talents, digitalized high-end manufacturing equipment, and professional testing systems, and we have a strong ability to create high-efficiency, high-precision, and high-quality products to meet our customers&#8217; diverse needs.<\/p>\n<p><img decoding=\"async\" src=\"https:\/\/hzpt.com\/wp-content\/uploads\/2024\/11\/songte-company-1.webp\" alt=\"Pr\u00e9sentation de l&#039;entreprise\" \/><\/p>\n<h3>Notre expertise<\/h3>\n<p>Notre entreprise poss\u00e8de une expertise dans les domaines suivants :<\/p>\n<ul>\n<li>Certification internationale\u00a0: Nos produits ont obtenu diverses certifications internationales, notamment ISO9001, CE, SGS et TUV. <\/li>\n<li>Customized Services: Our company can provide customized services according to customers&#8217; needs, such as tailored product design, customized packaging, etc.<\/li>\n<li>\u00c9quipements de production : Nous utilisons des \u00e9quipements d'usinage CNC haut de gamme, des \u00e9quipements de soudage de pointe et divers \u00e9quipements de test pour garantir la qualit\u00e9 de nos produits.<\/li>\n<li>Service apr\u00e8s-vente\u00a0: Nous assurons un support apr\u00e8s-vente complet, incluant l\u2019installation, la maintenance et les services de r\u00e9paration.<\/li>\n<\/ul>\n<p>Merci de l'int\u00e9r\u00eat que vous portez \u00e0 nos produits. Pour plus d'informations, veuillez consulter notre site web ou nous contacter directement.<\/p>\n<footer>Auteur : lyl<\/footer>","protected":false},"excerpt":{"rendered":"<p>Bucket Cylinder For Doosan Small Excavator DH55-5 Introduction Defining Bucket Cylinder for Doosan Small Excavator DH55-5 A bucket cylinder is a specially designed hydraulic cylinder that is primarily used to control the movement of the bucket in heavy machinery such as excavators, backhoe loaders, and front-end loaders. Its main function is to enable the bucket [&hellip;]<\/p>","protected":false},"featured_media":14784,"comment_status":"open","ping_status":"closed","template":"","meta":{"_et_pb_use_builder":"","_et_pb_old_content":"","_et_gb_content_width":""},"product_brand":[],"product_cat":[1494],"product_tag":[1495,1496],"class_list":{"0":"post-15271","1":"product","2":"type-product","3":"status-publish","4":"has-post-thumbnail","6":"product_cat-bucket-cylinders","7":"product_tag-bucket-cylinders","8":"product_tag-hydraulic-cylinders","10":"first","11":"instock","12":"shipping-taxable","13":"product-type-simple"},"amp_enabled":true,"_links":{"self":[{"href":"https:\/\/www.hydraulic-cylinders.net\/fr\/wp-json\/wp\/v2\/product\/15271","targetHints":{"allow":["GET"]}}],"collection":[{"href":"https:\/\/www.hydraulic-cylinders.net\/fr\/wp-json\/wp\/v2\/product"}],"about":[{"href":"https:\/\/www.hydraulic-cylinders.net\/fr\/wp-json\/wp\/v2\/types\/product"}],"replies":[{"embeddable":true,"href":"https:\/\/www.hydraulic-cylinders.net\/fr\/wp-json\/wp\/v2\/comments?post=15271"}],"wp:featuredmedia":[{"embeddable":true,"href":"https:\/\/www.hydraulic-cylinders.net\/fr\/wp-json\/wp\/v2\/media\/14784"}],"wp:attachment":[{"href":"https:\/\/www.hydraulic-cylinders.net\/fr\/wp-json\/wp\/v2\/media?parent=15271"}],"wp:term":[{"taxonomy":"product_brand","embeddable":true,"href":"https:\/\/www.hydraulic-cylinders.net\/fr\/wp-json\/wp\/v2\/product_brand?post=15271"},{"taxonomy":"product_cat","embeddable":true,"href":"https:\/\/www.hydraulic-cylinders.net\/fr\/wp-json\/wp\/v2\/product_cat?post=15271"},{"taxonomy":"product_tag","embeddable":true,"href":"https:\/\/www.hydraulic-cylinders.net\/fr\/wp-json\/wp\/v2\/product_tag?post=15271"}],"curies":[{"name":"wp","href":"https:\/\/api.w.org\/{rel}","templated":true}]}}