{"id":15275,"date":"2025-01-19T14:19:32","date_gmt":"2025-01-19T14:19:32","guid":{"rendered":"https:\/\/www.hydraulic-cylinders.net\/product\/bucket-cylinder-for-doosan-middle-excavator-dh200-5-7\/"},"modified":"2025-01-19T14:19:34","modified_gmt":"2025-01-19T14:19:34","slug":"bucket-cylinder-for-doosan-middle-excavator-dh200-5-7","status":"publish","type":"product","link":"https:\/\/www.hydraulic-cylinders.net\/fr\/produit\/bucket-cylinder-for-doosan-middle-excavator-dh200-5-7\/","title":{"rendered":"Cylindre de godet pour pelle moyenne Doosan DH200-5-7"},"content":{"rendered":"<h1>Cylindre de godet pour pelle moyenne Doosan DH200-5-7<\/h1>\n<h2>Introduction<\/h2>\n<p>Un v\u00e9rin de godet est un v\u00e9rin hydraulique sp\u00e9cialement con\u00e7u pour contr\u00f4ler les mouvements du godet sur les engins de chantier tels que les pelles hydrauliques, les chargeuses-pelleteuses et les chargeuses frontales. Sa fonction principale est de permettre la lev\u00e9e, l'abaissement et l'inclinaison du godet, facilitant ainsi la manutention de divers mat\u00e9riaux. Au sein du syst\u00e8me hydraulique, le v\u00e9rin de godet contr\u00f4le avec pr\u00e9cision les mouvements du godet gr\u00e2ce \u00e0 la variation de la pression d'huile hydraulique, permettant aux op\u00e9rateurs de manipuler efficacement des charges lourdes et de s'adapter \u00e0 des environnements de travail complexes et \u00e0 des exigences vari\u00e9es.<\/p>\n<p><img decoding=\"async\" src=\"https:\/\/www.hydraulic-cylinders.net\/wp-content\/uploads\/2025\/01\/songte-company-2.webp\" alt=\"Image du cylindre du godet\"><\/p>\n<h2>Caract\u00e9ristiques<\/h2>\n<ul>\n<li>\n<h3>Haute r\u00e9sistance et durabilit\u00e9<\/h3>\n<p>Les v\u00e9rins des godets sont g\u00e9n\u00e9ralement fabriqu\u00e9s en acier haute r\u00e9sistance ou en aluminium, ce qui leur permet de supporter des pressions et des charges importantes et de s'adapter aux conditions de travail difficiles. Leur conception prend en compte la r\u00e9sistance \u00e0 l'usure et \u00e0 la corrosion, prolongeant ainsi leur dur\u00e9e de vie.<\/p>\n<\/li>\n<li>\n<h3>Fonctionnement hydraulique efficace<\/h3>\n<p>La pression hydraulique est utilis\u00e9e pour obtenir des mouvements d'extension et de contraction fluides, permettant une r\u00e9ponse rapide aux commandes, fournissant des forces de pouss\u00e9e-traction puissantes et convenant \u00e0 la manutention de charges lourdes et \u00e0 des t\u00e2ches complexes.<\/p>\n<\/li>\n<li>\n<h3>Diff\u00e9rents types<\/h3>\n<p>Les v\u00e9rins du godet peuvent \u00eatre \u00e0 simple effet (fonctionnant dans un seul sens) ou \u00e0 double effet (fonctionnant dans les deux sens), selon les besoins. Certains mod\u00e8les sont t\u00e9lescopiques, ce qui permet une plus grande extension sans augmenter les dimensions ext\u00e9rieures et les rend adapt\u00e9s aux espaces restreints.<\/p>\n<\/li>\n<li>\n<h3>Substitut parfait<\/h3>\n<p>Nos produits peuvent parfaitement remplacer ces v\u00e9rins hydrauliques.<\/p>\n<\/li>\n<\/ul>\n<p><img decoding=\"async\" src=\"https:\/\/www.hydraulic-cylinders.net\/wp-content\/uploads\/2025\/01\/songte-cylinder-head-with-all-kinds-excavator-models.webp\" alt=\"Image de remplacement du cylindre de godet\"><\/p>\n<h2>Applications<\/h2>\n<p>Les v\u00e9rins \u00e0 godets sont largement utilis\u00e9s dans diverses machines, telles que\u00a0:<\/p>\n<ul>\n<li>\n<h3>\u00c9quipement de construction<\/h3>\n<p>Sur les excavatrices, ils sont indispensables pour creuser, charger et d\u00e9placer la terre ou les d\u00e9bris. Sur les chargeuses-pelleteuses, le v\u00e9rin du godet contribue \u00e0 la fois au creusement et au levage. <\/p>\n<\/li>\n<li>\n<h3>machines agricoles<\/h3>\n<p>Utilis\u00e9 dans les chargeurs frontaux pour ramasser, soulever et transporter de la terre, du foin et d'autres mat\u00e9riaux.<\/p>\n<\/li>\n<li>\n<h3>Excavateurs<\/h3>\n<p>Le v\u00e9rin du godet permet la p\u00e9n\u00e9tration du sol pour r\u00e9aliser l'excavation.<\/p>\n<\/li>\n<li>\n<h3>Chargeurs<\/h3>\n<p>Sur les chargeuses frontales, elles permettent de lever et de d\u00e9charger efficacement les marchandises.<\/p>\n<\/li>\n<\/ul>\n<h2>Consid\u00e9rations de conception et crit\u00e8res de s\u00e9lection<\/h2>\n<ul>\n<li>\n<h3>Capacit\u00e9 de charge<\/h3>\n<p>Le cylindre doit avoir une capacit\u00e9 de charge suffisante pour garantir un fonctionnement s\u00fbr et \u00e9viter toute surcharge. <\/p>\n<\/li>\n<li>\n<h3>Scellage<\/h3>\n<p>Le joint de piston, le joint de tige et les autres joints doivent \u00eatre fabriqu\u00e9s en mat\u00e9riaux r\u00e9sistants \u00e0 l'usure tels que le polyur\u00e9thane et le caoutchouc nitrile afin de prolonger leur dur\u00e9e de vie. <\/p>\n<\/li>\n<li>\n<h3>Durabilit\u00e9<\/h3>\n<p>Le corps du cylindre et la surface d'extr\u00e9mit\u00e9 du filetage doivent subir un traitement de pr\u00e9cision afin d'am\u00e9liorer la r\u00e9sistance \u00e0 l'usure. <\/p>\n<\/li>\n<li>\n<h3>S\u00e9curit\u00e9<\/h3>\n<p>Le cylindre doit \u00eatre \u00e9quip\u00e9 de dispositifs de s\u00e9curit\u00e9 pour pr\u00e9venir les accidents caus\u00e9s par des chutes de pression soudaines ou des charges excessives. <\/p>\n<\/li>\n<li>\n<h3>Maintenabilit\u00e9<\/h3>\n<p>Le cylindre doit \u00eatre facile \u00e0 d\u00e9monter et \u00e0 remonter, \u00e0 remplacer les pi\u00e8ces endommag\u00e9es et \u00e0 entretenir.<\/p>\n<\/li>\n<\/ul>\n<p><img decoding=\"async\" src=\"https:\/\/www.hydraulic-cylinders.net\/wp-content\/uploads\/2025\/01\/songte-oil-pipes-and-spare-parts.webp\" alt=\"Image des pi\u00e8ces d\u00e9tach\u00e9es\"><\/p>\n<h2>\u00c9tanch\u00e9it\u00e9 et lubrification<\/h2>\n<p>Divers composants d'\u00e9tanch\u00e9it\u00e9, tels que les joints de piston et les joints de tige, sont utilis\u00e9s pour pr\u00e9venir les fuites d'huile et assurer la lubrification des pi\u00e8ces mobiles. Ces joints sont fabriqu\u00e9s \u00e0 partir de mat\u00e9riaux r\u00e9sistants \u00e0 l'usure, comme le polyur\u00e9thane et le caoutchouc nitrile. Le corps du cylindre et la surface d'extr\u00e9mit\u00e9 du filetage sont usin\u00e9s avec pr\u00e9cision pour optimiser leur r\u00e9sistance \u00e0 l'usure. Le cylindre doit \u00e9galement \u00eatre r\u00e9guli\u00e8rement rempli d'une quantit\u00e9 appropri\u00e9e d'huile hydraulique pour assurer sa lubrification.<\/p>\n<h2>Mesures d'inspection et de maintenance pr\u00e9ventive<\/h2>\n<p>Les inspections r\u00e9guli\u00e8res, la lubrification appropri\u00e9e, le remplacement des joints et les contr\u00f4les d'\u00e9talonnage constituent des op\u00e9rations d'entretien courantes. Une installation, une lubrification et un r\u00e9glage corrects sont essentiels, et un alignement pr\u00e9cis du v\u00e9rin doit \u00eatre assur\u00e9 lors de l'installation. Il est recommand\u00e9 d'utiliser des supports de fixation appropri\u00e9s pour maintenir le v\u00e9rin en place. Les proc\u00e9dures recommand\u00e9es d'inspection, de r\u00e9paration et de remplacement sont fournies, ainsi que des conseils pour prolonger la dur\u00e9e de vie du v\u00e9rin.<\/p>\n<p><img decoding=\"async\" src=\"https:\/\/www.hydraulic-cylinders.net\/wp-content\/uploads\/2025\/01\/songte-chushion-collar.webp\" alt=\"Image d&#039;installation\"><\/p>\n<h2>Consid\u00e9rations de s\u00e9curit\u00e9 et facteurs environnementaux<\/h2>\n<p>Le respect des consignes de s\u00e9curit\u00e9 est primordial lors de l'utilisation de la bouteille. Il est indispensable de veiller \u00e0 son installation et \u00e0 son utilisation correctes afin de pr\u00e9venir tout accident. Les facteurs environnementaux tels que la temp\u00e9rature, la pression et l'humidit\u00e9 doivent \u00e9galement \u00eatre pris en compte pour \u00e9viter tout risque potentiel.<\/p>\n<h2>Diagnostic et solutions des pannes courantes<\/h2>\n<p>Des probl\u00e8mes courants tels que des fuites d'huile, une pression insuffisante et un fonctionnement instable peuvent survenir lors de l'utilisation du v\u00e9rin. Le manuel d'utilisation fournit des conseils et des solutions de d\u00e9pannage pour aider les utilisateurs \u00e0 diagnostiquer et \u00e0 r\u00e9soudre efficacement les probl\u00e8mes, ainsi que des mesures pr\u00e9ventives pour r\u00e9duire les risques.<\/p>\n<p><img decoding=\"async\" src=\"https:\/\/www.hydraulic-cylinders.net\/wp-content\/uploads\/2025\/01\/songte-bushings-with-all-kinds-of-excavator-models.webp\" alt=\"Image de diagnostic des pannes\"><\/p>\n<h2>\u00c0 propos de notre entreprise<\/h2>\n<p>Nous sommes un fabricant de v\u00e9rins hydrauliques de remplacement, offrant une gamme compl\u00e8te de produits. Nous figurons parmi les principaux fabricants et grossistes de v\u00e9rins hydrauliques sur les march\u00e9s nationaux et internationaux. Attach\u00e9s \u00e0 l'excellence, nous nous appuyons sur une strat\u00e9gie de gestion de la production industrielle performante, des ateliers de fabrication de pointe, des \u00e9quipements de production num\u00e9rique haut de gamme et des syst\u00e8mes de contr\u00f4le professionnels. Notre entreprise am\u00e9liore constamment ses installations, optimise son processus de fabrication et dispose d'une forte capacit\u00e9 de production pour r\u00e9pondre aux besoins vari\u00e9s de ses clients, en misant sur l'efficacit\u00e9, la pr\u00e9cision et la qualit\u00e9.<\/p>\n<p><img decoding=\"async\" src=\"https:\/\/hzpt.com\/wp-content\/uploads\/2024\/11\/songte-company-1.webp\" alt=\"Image de l&#039;entreprise\"><\/p>\n<h3>Professionnalisme<\/h3>\n<p>Nous disposons d'une \u00e9quipe professionnelle de conception et de production capable de fournir \u00e0 nos clients des services personnalis\u00e9s pour r\u00e9pondre \u00e0 leurs besoins sp\u00e9cifiques.<\/p>\n<h3>Certification internationale<\/h3>\n<p>Les produits de notre entreprise ont obtenu les certifications ISO9001, CE et autres certifications internationales, ce qui t\u00e9moigne pleinement de l'excellence de nos produits et de notre niveau de service.<\/p>\n<h3>Service personnalis\u00e9<\/h3>\n<p>Nous proposons des services personnalis\u00e9s en fonction des diff\u00e9rents besoins de nos clients, et notre \u00e9quipe de conception professionnelle peut leur fournir des solutions sur mesure.<\/p>\n<h3>\u00c9quipement de production<\/h3>\n<p>Nous disposons d'\u00e9quipements de production de pointe, tels que des machines-outils \u00e0 commande num\u00e9rique et des \u00e9quipements de test, qui nous permettent de garantir la haute qualit\u00e9 et la pr\u00e9cision de nos produits.<\/p>\n<h3>Service apr\u00e8s-vente<\/h3>\n<p>Nous offrons \u00e0 nos clients des services apr\u00e8s-vente complets, incluant des conseils d'installation, une assistance technique et des services de maintenance, afin de leur permettre d'utiliser nos produits en toute s\u00e9r\u00e9nit\u00e9.<\/p>\n<p>Auteur : lyl<\/p>","protected":false},"excerpt":{"rendered":"<p>Bucket Cylinder for Doosan Middle Excavator DH200-5-7 Introduction A bucket cylinder is a specially designed hydraulic cylinder that is primarily used to control the movement of the bucket in heavy machinery such as excavators, backhoe loaders, and front-end loaders. Its main function is to enable the bucket to lift, lower, and tilt, making it easier [&hellip;]<\/p>","protected":false},"featured_media":14776,"comment_status":"open","ping_status":"closed","template":"","meta":{"_et_pb_use_builder":"","_et_pb_old_content":"","_et_gb_content_width":""},"product_brand":[],"product_cat":[1494],"product_tag":[1495,1496],"class_list":{"0":"post-15275","1":"product","2":"type-product","3":"status-publish","4":"has-post-thumbnail","6":"product_cat-bucket-cylinders","7":"product_tag-bucket-cylinders","8":"product_tag-hydraulic-cylinders","10":"first","11":"instock","12":"shipping-taxable","13":"product-type-simple"},"amp_enabled":true,"_links":{"self":[{"href":"https:\/\/www.hydraulic-cylinders.net\/fr\/wp-json\/wp\/v2\/product\/15275","targetHints":{"allow":["GET"]}}],"collection":[{"href":"https:\/\/www.hydraulic-cylinders.net\/fr\/wp-json\/wp\/v2\/product"}],"about":[{"href":"https:\/\/www.hydraulic-cylinders.net\/fr\/wp-json\/wp\/v2\/types\/product"}],"replies":[{"embeddable":true,"href":"https:\/\/www.hydraulic-cylinders.net\/fr\/wp-json\/wp\/v2\/comments?post=15275"}],"wp:featuredmedia":[{"embeddable":true,"href":"https:\/\/www.hydraulic-cylinders.net\/fr\/wp-json\/wp\/v2\/media\/14776"}],"wp:attachment":[{"href":"https:\/\/www.hydraulic-cylinders.net\/fr\/wp-json\/wp\/v2\/media?parent=15275"}],"wp:term":[{"taxonomy":"product_brand","embeddable":true,"href":"https:\/\/www.hydraulic-cylinders.net\/fr\/wp-json\/wp\/v2\/product_brand?post=15275"},{"taxonomy":"product_cat","embeddable":true,"href":"https:\/\/www.hydraulic-cylinders.net\/fr\/wp-json\/wp\/v2\/product_cat?post=15275"},{"taxonomy":"product_tag","embeddable":true,"href":"https:\/\/www.hydraulic-cylinders.net\/fr\/wp-json\/wp\/v2\/product_tag?post=15275"}],"curies":[{"name":"wp","href":"https:\/\/api.w.org\/{rel}","templated":true}]}}