{"id":15276,"date":"2025-01-19T14:19:36","date_gmt":"2025-01-19T14:19:36","guid":{"rendered":"https:\/\/www.hydraulic-cylinders.net\/product\/bucket-cylinder-for-doosan-middle-excavator-dh220-3-5-7\/"},"modified":"2025-01-19T14:19:38","modified_gmt":"2025-01-19T14:19:38","slug":"bucket-cylinder-for-doosan-middle-excavator-dh220-3-5-7","status":"publish","type":"product","link":"https:\/\/www.hydraulic-cylinders.net\/fr\/produit\/bucket-cylinder-for-doosan-middle-excavator-dh220-3-5-7\/","title":{"rendered":"Cylindre de godet pour pelle moyenne Doosan DH220-3-5-7"},"content":{"rendered":"<h1>Cylindre de godet pour pelle moyenne Doosan DH220-3-5-7<\/h1>\n<h2>Introduction<\/h2>\n<p>Le v\u00e9rin de godet est un v\u00e9rin hydraulique sp\u00e9cialement con\u00e7u pour contr\u00f4ler les mouvements du godet sur les engins de chantier tels que les pelles hydrauliques, les tractopelles et les chargeuses frontales. Sa fonction principale est de permettre la lev\u00e9e, l'abaissement et l'inclinaison du godet, facilitant ainsi la manutention de divers mat\u00e9riaux. Au sein du syst\u00e8me hydraulique, le v\u00e9rin de godet assure un contr\u00f4le pr\u00e9cis du godet gr\u00e2ce \u00e0 la variation de la pression d'huile hydraulique, permettant \u00e0 l'op\u00e9rateur de manipuler efficacement des charges lourdes et de s'adapter \u00e0 des environnements de travail complexes et \u00e0 des exigences vari\u00e9es.<\/p>\n<p><img decoding=\"async\" src=\"https:\/\/www.hydraulic-cylinders.net\/wp-content\/uploads\/2025\/01\/songte-company-2.webp\" alt=\"Image du cylindre du godet\"><\/p>\n<h2>Caract\u00e9ristiques<\/h2>\n<ul>\n<li>Haute r\u00e9sistance et durabilit\u00e9 : G\u00e9n\u00e9ralement fabriqu\u00e9 en acier ou en aluminium \u00e0 haute r\u00e9sistance, il peut supporter une pression \u00e9lev\u00e9e et des charges importantes, convient aux environnements de travail difficiles et est con\u00e7u pour r\u00e9sister \u00e0 l'usure et \u00e0 la corrosion afin d'allonger sa dur\u00e9e de vie. <\/li>\n<li>Fonctionnement hydraulique efficace : Un mouvement t\u00e9lescopique fluide est obtenu gr\u00e2ce \u00e0 la pression de l'huile hydraulique, une r\u00e9ponse rapide aux commandes et une force de pouss\u00e9e et de traction puissante, ce qui le rend adapt\u00e9 \u00e0 la manutention de charges lourdes et \u00e0 des t\u00e2ches complexes. <\/li>\n<li>Plusieurs types de v\u00e9rins sont disponibles\u00a0: \u00e0 simple effet (fonctionnement hydraulique dans un seul sens) ou \u00e0 double effet (fonctionnement hydraulique dans les deux sens), selon les besoins. Certains mod\u00e8les sont t\u00e9lescopiques, ce qui permet une plus grande extension sans augmenter l\u2019encombrement et les rend particuli\u00e8rement adapt\u00e9s aux espaces restreints. <\/li>\n<li>Parfaitement rempla\u00e7ables : Nos produits peuvent parfaitement remplacer ces v\u00e9rins hydrauliques.<\/li>\n<li>Conception et production personnalis\u00e9es disponibles.<\/li>\n<\/ul>\n<p><img decoding=\"async\" src=\"https:\/\/www.hydraulic-cylinders.net\/wp-content\/uploads\/2025\/01\/songte-cylinder-head-with-all-kinds-excavator-models.webp\" alt=\"Image de remplacement du v\u00e9rin de godet\"><\/p>\n<h2>Applications<\/h2>\n<p>Les v\u00e9rins de godet sont utilis\u00e9s dans diverses machines et \u00e9quipements de construction et agricoles, notamment\u00a0:<\/p>\n<ul>\n<li>Excavatrices : les v\u00e9rins du godet permettent \u00e0 celui-ci de p\u00e9n\u00e9trer dans le sol pour effectuer les op\u00e9rations de creusement. <\/li>\n<li>Chargeuses frontales : elles permettent de soulever et d'incliner efficacement les marchandises.<\/li>\n<li>Pelles r\u00e9trocaveuses\u00a0: les v\u00e9rins du godet facilitent les op\u00e9rations de creusement et de levage.<\/li>\n<li>Machines agricoles : utilis\u00e9es pour les chargeuses frontales, le ramassage, le levage et le transport de terre, de foin et d'autres mat\u00e9riaux.<\/li>\n<\/ul>\n<h2>Consid\u00e9rations de conception et crit\u00e8res de s\u00e9lection<\/h2>\n<p>Lorsqu'on examine les crit\u00e8res de conception et de s\u00e9lection des v\u00e9rins de godet, plusieurs facteurs sont \u00e0 prendre en compte\u00a0:<\/p>\n<ul>\n<li>Capacit\u00e9 de charge : Le cylindre doit \u00eatre suffisamment robuste pour supporter le poids de la machine et r\u00e9sister aux charges dynamiques qui surviennent pendant son fonctionnement. <\/li>\n<li>\u00c9tanch\u00e9it\u00e9 : Le cylindre doit \u00eatre parfaitement \u00e9tanche afin d'\u00e9viter les fuites d'huile et d'assurer un fonctionnement efficace.<\/li>\n<li>Durabilit\u00e9 : Le cylindre doit \u00eatre durable et capable de r\u00e9sister aux conditions difficiles de l'environnement de travail afin de prolonger sa dur\u00e9e de vie. <\/li>\n<li>S\u00e9curit\u00e9 : Le cylindre doit comporter des dispositifs de s\u00e9curit\u00e9 permettant de pr\u00e9venir les accidents et de prot\u00e9ger les op\u00e9rateurs et l'\u00e9quipement. <\/li>\n<li>Maintenance : Le cylindre doit \u00eatre facile \u00e0 entretenir et \u00e0 r\u00e9parer afin de minimiser les temps d'arr\u00eat.<\/li>\n<\/ul>\n<p><img decoding=\"async\" src=\"https:\/\/www.hydraulic-cylinders.net\/wp-content\/uploads\/2025\/01\/songte-oil-pipes-and-spare-parts.webp\" alt=\"Image des pi\u00e8ces du v\u00e9rin de godet\"><\/p>\n<h2>\u00c9tanch\u00e9it\u00e9 et lubrification<\/h2>\n<p>Les v\u00e9rins de godet utilisent divers composants d'\u00e9tanch\u00e9it\u00e9, tels que des joints de piston et des joints de tige. Ces joints sont fabriqu\u00e9s dans des mat\u00e9riaux r\u00e9sistants \u00e0 l'usure, comme le polyur\u00e9thane et le caoutchouc nitrile. Le corps du v\u00e9rin et les surfaces filet\u00e9es sont trait\u00e9s avec soin pour optimiser sa r\u00e9sistance \u00e0 l'usure. Un appoint r\u00e9gulier d'huile hydraulique est n\u00e9cessaire pour assurer la lubrification et le bon fonctionnement du v\u00e9rin.<\/p>\n<h2>Entretien et r\u00e9paration<\/h2>\n<p>Un entretien r\u00e9gulier est essentiel pour assurer le bon fonctionnement des v\u00e9rins de godet. Les t\u00e2ches suivantes doivent \u00eatre effectu\u00e9es\u00a0:<\/p>\n<ul>\n<li>Inspection r\u00e9guli\u00e8re\u00a0: v\u00e9rifier les signes de dommages, d\u2019usure et de fuites d\u2019huile.<\/li>\n<li>Lubrification : Appliquez du lubrifiant sur les pi\u00e8ces mobiles pour assurer leur bon fonctionnement.<\/li>\n<li>Remplacement des joints : Remplacez les joints us\u00e9s ou endommag\u00e9s pour \u00e9viter les fuites d'huile et assurer un bon fonctionnement.<\/li>\n<li>Contr\u00f4les d'\u00e9talonnage\u00a0: s'assurer que le cylindre est correctement \u00e9talonn\u00e9 et r\u00e9gl\u00e9, et que tous les composants fonctionnent correctement.<\/li>\n<\/ul>\n<p><img decoding=\"async\" src=\"https:\/\/www.hydraulic-cylinders.net\/wp-content\/uploads\/2025\/01\/songte-chushion-collar.webp\" alt=\"Image du collier du cylindre de godet\"><\/p>\n<h2>Consid\u00e9rations relatives \u00e0 la s\u00e9curit\u00e9 et \u00e0 l'environnement<\/h2>\n<p>Lors de l'utilisation de v\u00e9rins de godet, des mesures de s\u00e9curit\u00e9 doivent \u00eatre prises afin de pr\u00e9venir les accidents. Les op\u00e9rateurs doivent veiller \u00e0 ne pas surcharger le v\u00e9rin et \u00e0 l'inspecter r\u00e9guli\u00e8rement pour d\u00e9tecter tout signe d'usure ou de dommage. De plus, il est important d'\u00e9liminer correctement toute huile hydraulique usag\u00e9e ou autre mati\u00e8re dangereuse.<\/p>\n<h2>Probl\u00e8mes courants et d\u00e9pannage<\/h2>\n<p>Parmi les probl\u00e8mes courants pouvant affecter les v\u00e9rins de godet, on retrouve les fuites d'huile, l'endommagement des joints et un fonctionnement anormal. Dans ces cas, il est important d'inspecter le v\u00e9rin afin de d\u00e9celer les signes d'usure et de dommages, et de remplacer les pi\u00e8ces d\u00e9fectueuses. Un entretien et une inspection r\u00e9guliers permettent de pr\u00e9venir ces probl\u00e8mes.<\/p>\n<p><img decoding=\"async\" src=\"https:\/\/www.hydraulic-cylinders.net\/wp-content\/uploads\/2025\/01\/songte-bushings-with-all-kinds-of-excavator-models.webp\" alt=\"Image des bagues du v\u00e9rin de godet\"><\/p>\n<h2>\u00c0 propos de notre entreprise<\/h2>\n<p>Notre entreprise est sp\u00e9cialis\u00e9e dans la fabrication de v\u00e9rins hydrauliques de remplacement. Forte d'une large gamme de produits, elle s'est impos\u00e9e comme l'un des principaux fabricants et distributeurs de v\u00e9rins hydrauliques sur les march\u00e9s nationaux et internationaux. Notre engagement envers l'excellence repose sur une strat\u00e9gie de production industrialis\u00e9e et des ateliers de fabrication modernes. Nous optimisons constamment nos processus de production afin de garantir une qualit\u00e9 irr\u00e9prochable et disposons d'une grande capacit\u00e9 d'innovation pour r\u00e9pondre aux besoins vari\u00e9s de nos clients avec efficacit\u00e9, pr\u00e9cision et un haut niveau de qualit\u00e9.<\/p>\n<h3>Professionnalisme<\/h3>\n<p>Notre \u00e9quipe de professionnels est \u00e0 la fois comp\u00e9tente et exp\u00e9riment\u00e9e, offrant \u00e0 nos clients des produits et services de la plus haute qualit\u00e9.<\/p>\n<h3>Certification internationale<\/h3>\n<p>Nos produits ont obtenu des certifications internationales telles que l'ISO9001 et le CE, garantissant leur qualit\u00e9 et leur fiabilit\u00e9.<\/p>\n<h3>Services personnalis\u00e9s<\/h3>\n<p>Nous proposons des services personnalis\u00e9s pour r\u00e9pondre aux exigences sp\u00e9cifiques de nos clients et offrons des solutions sur mesure.<\/p>\n<h3>\u00c9quipements de production avanc\u00e9s<\/h3>\n<p>Nous utilisons des \u00e9quipements de production de pointe pour garantir une fabrication et une production efficaces et de haute qualit\u00e9.<\/p>\n<h3>Service apr\u00e8s-vente<\/h3>\n<p>Nous offrons un excellent service apr\u00e8s-vente et un soutien optimal, garantissant la satisfaction et la fid\u00e9lit\u00e9 de nos clients.<\/p>\n<p><img decoding=\"async\" src=\"https:\/\/hzpt.com\/wp-content\/uploads\/2024\/11\/songte-company-1.webp\" alt=\"Image de l&#039;entreprise\"><\/p>\n<p>Auteur : lyl.<\/p>","protected":false},"excerpt":{"rendered":"<p>Bucket Cylinder For Doosan Middle Excavator DH220-3-5-7 Introduction The bucket cylinder is a specially designed hydraulic cylinder used to control the movement of the bucket in heavy machinery such as excavators, backhoes, and front loaders. Its main function is to allow the bucket to lift, lower, and tilt, making it easier to handle various material [&hellip;]<\/p>","protected":false},"featured_media":14773,"comment_status":"open","ping_status":"closed","template":"","meta":{"_et_pb_use_builder":"","_et_pb_old_content":"","_et_gb_content_width":""},"product_brand":[],"product_cat":[1494],"product_tag":[1495,1496],"class_list":{"0":"post-15276","1":"product","2":"type-product","3":"status-publish","4":"has-post-thumbnail","6":"product_cat-bucket-cylinders","7":"product_tag-bucket-cylinders","8":"product_tag-hydraulic-cylinders","10":"first","11":"instock","12":"shipping-taxable","13":"product-type-simple"},"amp_enabled":true,"_links":{"self":[{"href":"https:\/\/www.hydraulic-cylinders.net\/fr\/wp-json\/wp\/v2\/product\/15276","targetHints":{"allow":["GET"]}}],"collection":[{"href":"https:\/\/www.hydraulic-cylinders.net\/fr\/wp-json\/wp\/v2\/product"}],"about":[{"href":"https:\/\/www.hydraulic-cylinders.net\/fr\/wp-json\/wp\/v2\/types\/product"}],"replies":[{"embeddable":true,"href":"https:\/\/www.hydraulic-cylinders.net\/fr\/wp-json\/wp\/v2\/comments?post=15276"}],"wp:featuredmedia":[{"embeddable":true,"href":"https:\/\/www.hydraulic-cylinders.net\/fr\/wp-json\/wp\/v2\/media\/14773"}],"wp:attachment":[{"href":"https:\/\/www.hydraulic-cylinders.net\/fr\/wp-json\/wp\/v2\/media?parent=15276"}],"wp:term":[{"taxonomy":"product_brand","embeddable":true,"href":"https:\/\/www.hydraulic-cylinders.net\/fr\/wp-json\/wp\/v2\/product_brand?post=15276"},{"taxonomy":"product_cat","embeddable":true,"href":"https:\/\/www.hydraulic-cylinders.net\/fr\/wp-json\/wp\/v2\/product_cat?post=15276"},{"taxonomy":"product_tag","embeddable":true,"href":"https:\/\/www.hydraulic-cylinders.net\/fr\/wp-json\/wp\/v2\/product_tag?post=15276"}],"curies":[{"name":"wp","href":"https:\/\/api.w.org\/{rel}","templated":true}]}}