{"id":15282,"date":"2025-01-19T14:20:06","date_gmt":"2025-01-19T14:20:06","guid":{"rendered":"https:\/\/www.hydraulic-cylinders.net\/product\/bucket-cylinder-for-doosan-middle-excavator-dh225lc-9\/"},"modified":"2025-01-19T14:20:09","modified_gmt":"2025-01-19T14:20:09","slug":"bucket-cylinder-for-doosan-middle-excavator-dh225lc-9","status":"publish","type":"product","link":"https:\/\/www.hydraulic-cylinders.net\/fr\/produit\/bucket-cylinder-for-doosan-middle-excavator-dh225lc-9\/","title":{"rendered":"V\u00e9rin de godet pour pelle moyenne Doosan DH225LC-9"},"content":{"rendered":"<h1>V\u00e9rin de godet pour pelle moyenne Doosan DH225LC-9<\/h1>\n<h2>Introduction<\/h2>\n<p>Le v\u00e9rin de godet pour pelle moyenne Doosan DH225LC-9 est un v\u00e9rin hydraulique sp\u00e9cialis\u00e9, con\u00e7u principalement pour contr\u00f4ler les mouvements du godet sur les engins de chantier tels que les pelles hydrauliques, les chargeuses-pelleteuses et les chargeuses frontales. Sa fonction principale est de permettre la lev\u00e9e, l'abaissement et l'inclinaison du godet, facilitant ainsi diverses op\u00e9rations de manutention. Au sein du syst\u00e8me hydraulique, le v\u00e9rin de godet utilise les variations de pression de l'huile hydraulique pour contr\u00f4ler pr\u00e9cis\u00e9ment le godet, permettant aux op\u00e9rateurs de manipuler efficacement des charges lourdes et de s'adapter \u00e0 des environnements de travail complexes et \u00e0 des exigences op\u00e9rationnelles vari\u00e9es.<\/p>\n<p><img decoding=\"async\" src=\"https:\/\/www.hydraulic-cylinders.net\/wp-content\/uploads\/2025\/01\/songte-company-2.webp\"\/><\/p>\n<h2>Caract\u00e9ristiques<\/h2>\n<ul>\n<li>Haute r\u00e9sistance et durabilit\u00e9 : G\u00e9n\u00e9ralement fabriqu\u00e9 en acier ou en aluminium \u00e0 haute r\u00e9sistance, il peut supporter une pression \u00e9lev\u00e9e et des charges importantes, s'adapter aux environnements de travail difficiles et est con\u00e7u pour prendre en compte la r\u00e9sistance \u00e0 l'usure et \u00e0 la corrosion afin d'allonger sa dur\u00e9e de vie. <\/li>\n<li>Fonctionnement hydraulique efficace\u00a0: des mouvements d\u2019expansion et de contraction fluides sont obtenus gr\u00e2ce \u00e0 la pression de l\u2019huile hydraulique, qui peut r\u00e9pondre rapidement aux commandes, fournir des forces de pouss\u00e9e et de traction puissantes et convient \u00e0 la manutention de charges lourdes et \u00e0 des t\u00e2ches op\u00e9rationnelles complexes. <\/li>\n<li>Diff\u00e9rents types de v\u00e9rins sont disponibles\u00a0: \u00e0 simple effet (fonctionnement hydraulique dans un seul sens) ou \u00e0 double effet (fonctionnement hydraulique dans les deux sens), selon les besoins op\u00e9rationnels. Certains mod\u00e8les sont t\u00e9lescopiques, permettant une plus grande extension sans augmentation des dimensions ext\u00e9rieures, ce qui convient aux applications o\u00f9 l\u2019espace est limit\u00e9. <\/li>\n<li>Peuvent \u00eatre fabriqu\u00e9s par notre entreprise\u00a0: Nos produits peuvent parfaitement remplacer ces v\u00e9rins hydrauliques.<\/li>\n<\/ul>\n<p><img decoding=\"async\" src=\"https:\/\/www.hydraulic-cylinders.net\/wp-content\/uploads\/2025\/01\/songte-cylinder-head-with-all-kinds-excavator-models.webp\"\/><\/p>\n<h2>Applications<\/h2>\n<p>Le v\u00e9rin de godet pour pelle moyenne Doosan DH225LC-9 est largement utilis\u00e9 dans divers domaines, notamment\u00a0:<\/p>\n<ul>\n<li>Mat\u00e9riel de construction\u00a0: Le v\u00e9rin du godet est essentiel aux excavatrices pour creuser, charger et d\u00e9placer la terre ou les d\u00e9bris. Sur les chargeuses-pelleteuses, il facilite le creusement et le levage. <\/li>\n<li>Machines agricoles : Utilis\u00e9es pour les chargeuses frontales afin de ramasser, soulever et transporter la terre, le foin et autres mat\u00e9riaux. <\/li>\n<li>Excavatrices : Le v\u00e9rin du godet permet \u00e0 celui-ci de p\u00e9n\u00e9trer dans le sol pour effectuer le creusement. <\/li>\n<li>Chargeuses : Sur les chargeuses frontales, il permet de soulever et d'incliner efficacement les marchandises. <\/li>\n<\/ul>\n<p>Chaque application est d\u00e9taill\u00e9e ci-dessous\u00a0:<\/p>\n<h3>Mat\u00e9riel de construction<\/h3>\n<p>Le v\u00e9rin du godet joue un r\u00f4le important dans les excavatrices pour le creusement, le chargement et le d\u00e9placement de terre ou de d\u00e9bris. Il est \u00e9galement utile aux chargeuses-pelleteuses pour le creusement et le levage.<\/p>\n<h3>machines agricoles<\/h3>\n<p>Le v\u00e9rin du godet est utilis\u00e9 dans les chargeuses frontales pour ramasser, soulever et transporter de la terre, du foin et d'autres mat\u00e9riaux.<\/p>\n<h3>Excavateurs<\/h3>\n<p>Le v\u00e9rin du godet permet au godet de p\u00e9n\u00e9trer dans le sol pour effectuer le creusement.<\/p>\n<h3>Chargeurs<\/h3>\n<p>Sur les chargeuses frontales, le v\u00e9rin du godet permet de soulever et d'incliner efficacement les marchandises.<\/p>\n<h2>Consid\u00e9rations de conception et crit\u00e8res de s\u00e9lection<\/h2>\n<p>Diff\u00e9rents crit\u00e8res de conception et de s\u00e9lection doivent \u00eatre pris en compte lors du choix du v\u00e9rin de godet pour la pelle moyenne Doosan DH225LC-9. Ces crit\u00e8res incluent\u00a0:<\/p>\n<ul>\n<li>Capacit\u00e9 de charge<\/li>\n<li>Scellage<\/li>\n<li>Durabilit\u00e9<\/li>\n<li>S\u00e9curit\u00e9<\/li>\n<li>Maintenabilit\u00e9<\/li>\n<\/ul>\n<p><img decoding=\"async\" src=\"https:\/\/www.hydraulic-cylinders.net\/wp-content\/uploads\/2025\/01\/songte-oil-pipes-and-spare-parts.webp\"\/><\/p>\n<h2>\u00c9tanch\u00e9it\u00e9 et lubrification<\/h2>\n<p>Le v\u00e9rin de godet de la pelle moyenne Doosan DH225LC-9 utilise divers joints d'\u00e9tanch\u00e9it\u00e9, tels que des joints de piston et de tige, fabriqu\u00e9s en mat\u00e9riaux r\u00e9sistants \u00e0 l'usure, comme le polyur\u00e9thane et le caoutchouc nitrile. Le corps du v\u00e9rin et la surface d'extr\u00e9mit\u00e9 filet\u00e9e sont usin\u00e9s avec pr\u00e9cision pour une meilleure r\u00e9sistance \u00e0 l'usure. Un appoint r\u00e9gulier d'huile hydraulique adapt\u00e9e est n\u00e9cessaire pour la lubrification.<\/p>\n<h2>Maintenance et mesures de pr\u00e9caution<\/h2>\n<p>Des contr\u00f4les r\u00e9guliers et des mesures d'entretien pr\u00e9ventif sont essentiels au bon fonctionnement du v\u00e9rin de godet. Ces mesures comprennent\u00a0:<\/p>\n<ul>\n<li>Contr\u00f4les r\u00e9guliers<\/li>\n<li>Lubrification ad\u00e9quate<\/li>\n<li>Inspection de remplacement et d'\u00e9talonnage des joints<\/li>\n<\/ul>\n<p>Il est important de respecter scrupuleusement les consignes d'alignement lors de l'installation et d'utiliser les supports de fixation appropri\u00e9s pour maintenir le v\u00e9rin en place. Nous recommandons de suivre les proc\u00e9dures d'inspection, de r\u00e9paration et de remplacement pr\u00e9conis\u00e9es afin de prolonger la dur\u00e9e de vie du v\u00e9rin de godet de la pelle Doosan DH225LC-9.<\/p>\n<p><img decoding=\"async\" src=\"https:\/\/www.hydraulic-cylinders.net\/wp-content\/uploads\/2025\/01\/songte-chushion-collar.webp\"\/><\/p>\n<h2>Consid\u00e9rations de s\u00e9curit\u00e9 et facteurs environnementaux<\/h2>\n<p>Lors de l'utilisation du v\u00e9rin de godet pour pelle moyenne Doosan DH225LC-9, il est important de suivre les mesures de s\u00e9curit\u00e9 pour \u00e9viter les accidents et de prendre en compte les facteurs environnementaux qui peuvent affecter le fonctionnement du v\u00e9rin.<\/p>\n<h2>D\u00e9pannage et probl\u00e8mes courants<\/h2>\n<p>Divers probl\u00e8mes et difficult\u00e9s de d\u00e9pannage peuvent survenir lors de l'utilisation du v\u00e9rin de godet de la pelle moyenne Doosan DH225LC-9. Voici quelques solutions\u00a0:<\/p>\n<ul>\n<li>Remplacement des joints<\/li>\n<li>V\u00e9rification des fuites<\/li>\n<li>V\u00e9rification des d\u00e9formations et des dommages <\/li>\n<\/ul>\n<p>Des mesures pr\u00e9ventives sont recommand\u00e9es afin de minimiser les probl\u00e8mes potentiels.<\/p>\n<p><img decoding=\"async\" src=\"https:\/\/www.hydraulic-cylinders.net\/wp-content\/uploads\/2025\/01\/songte-bushings-with-all-kinds-of-excavator-models.webp\"\/><\/p>\n<h2>\u00c0 propos de notre entreprise<\/h2>\n<p>Nous sommes un fabricant et grossiste de premier plan de v\u00e9rins hydrauliques sur les march\u00e9s nationaux et internationaux, offrant une gamme compl\u00e8te de produits de remplacement. Attach\u00e9s \u00e0 l'excellence, nous nous appuyons sur une strat\u00e9gie de gestion de production industrialis\u00e9e au sein d'un atelier de fabrication de pointe. Nous am\u00e9liorons constamment nos installations, perfectionnons notre processus de production et disposons d'une forte capacit\u00e9 d'innovation. <\/p>\n<p>Outre nos talents technologiques, nos \u00e9quipements de fabrication num\u00e9riques haut de gamme et nos syst\u00e8mes d'inspection professionnels, nous proposons des services personnalis\u00e9s, des \u00e9quipements de production et un service apr\u00e8s-vente pour r\u00e9pondre aux divers besoins de nos clients, en nous appuyant sur les principes d'efficacit\u00e9, de pr\u00e9cision et de qualit\u00e9 \u00e9lev\u00e9es.<\/p>\n<p>Notre entreprise propose \u00e9galement une gamme de services tels que des personnalisations sp\u00e9cialis\u00e9es, des services de remise \u00e0 neuf et des pi\u00e8ces de rechange pour aider les clients \u00e0 prolonger la dur\u00e9e de vie de leurs \u00e9quipements.<\/p>\n<p><img decoding=\"async\" src=\"https:\/\/hzpt.com\/wp-content\/uploads\/2024\/11\/songte-company-1.webp\"\/><\/p>\n<h2>Auteur<\/h2>\n<p>lyl<\/p>","protected":false},"excerpt":{"rendered":"<p>Bucket Cylinder For Doosan Middle Excavator DH225LC-9 Introduction The Bucket Cylinder for Doosan Middle Excavator DH225LC-9 is a specialized hydraulic cylinder designed primarily for controlling the movements of the bucket in heavy machinery, such as excavators, backhoe loaders, and front loaders. Its main function is to enable lifting, lowering, and tilting of the bucket, making [&hellip;]<\/p>","protected":false},"featured_media":14789,"comment_status":"open","ping_status":"closed","template":"","meta":{"_et_pb_use_builder":"","_et_pb_old_content":"","_et_gb_content_width":""},"product_brand":[],"product_cat":[1494],"product_tag":[1495,1496],"class_list":{"0":"post-15282","1":"product","2":"type-product","3":"status-publish","4":"has-post-thumbnail","6":"product_cat-bucket-cylinders","7":"product_tag-bucket-cylinders","8":"product_tag-hydraulic-cylinders","10":"first","11":"instock","12":"shipping-taxable","13":"product-type-simple"},"amp_enabled":true,"_links":{"self":[{"href":"https:\/\/www.hydraulic-cylinders.net\/fr\/wp-json\/wp\/v2\/product\/15282","targetHints":{"allow":["GET"]}}],"collection":[{"href":"https:\/\/www.hydraulic-cylinders.net\/fr\/wp-json\/wp\/v2\/product"}],"about":[{"href":"https:\/\/www.hydraulic-cylinders.net\/fr\/wp-json\/wp\/v2\/types\/product"}],"replies":[{"embeddable":true,"href":"https:\/\/www.hydraulic-cylinders.net\/fr\/wp-json\/wp\/v2\/comments?post=15282"}],"wp:featuredmedia":[{"embeddable":true,"href":"https:\/\/www.hydraulic-cylinders.net\/fr\/wp-json\/wp\/v2\/media\/14789"}],"wp:attachment":[{"href":"https:\/\/www.hydraulic-cylinders.net\/fr\/wp-json\/wp\/v2\/media?parent=15282"}],"wp:term":[{"taxonomy":"product_brand","embeddable":true,"href":"https:\/\/www.hydraulic-cylinders.net\/fr\/wp-json\/wp\/v2\/product_brand?post=15282"},{"taxonomy":"product_cat","embeddable":true,"href":"https:\/\/www.hydraulic-cylinders.net\/fr\/wp-json\/wp\/v2\/product_cat?post=15282"},{"taxonomy":"product_tag","embeddable":true,"href":"https:\/\/www.hydraulic-cylinders.net\/fr\/wp-json\/wp\/v2\/product_tag?post=15282"}],"curies":[{"name":"wp","href":"https:\/\/api.w.org\/{rel}","templated":true}]}}