{"id":15286,"date":"2025-01-19T14:20:24","date_gmt":"2025-01-19T14:20:24","guid":{"rendered":"https:\/\/www.hydraulic-cylinders.net\/product\/bucket-cylinder-for-doosan-large-excavator-dh320\/"},"modified":"2025-01-19T14:20:26","modified_gmt":"2025-01-19T14:20:26","slug":"bucket-cylinder-for-doosan-large-excavator-dh320","status":"publish","type":"product","link":"https:\/\/www.hydraulic-cylinders.net\/fr\/produit\/bucket-cylinder-for-doosan-large-excavator-dh320\/","title":{"rendered":"V\u00e9rin de godet pour pelle hydraulique Doosan DH320"},"content":{"rendered":"<h1>V\u00e9rin de godet pour pelle hydraulique Doosan DH320<\/h1>\n<h2>Introduction<\/h2>\n<p>Le v\u00e9rin de godet pour pelle hydraulique Doosan DH320 est un v\u00e9rin hydraulique sp\u00e9cialis\u00e9 servant \u00e0 contr\u00f4ler les mouvements du godet sur les engins de chantier tels que les pelles hydrauliques, les pelles r\u00e9tro et les chargeuses frontales. Sa fonction principale est de lever, d'abaisser et d'incliner le godet pour faciliter la manutention des mat\u00e9riaux. Dans le syst\u00e8me hydraulique, le v\u00e9rin de godet utilise la pression de l'huile hydraulique pour un contr\u00f4le pr\u00e9cis du godet, permettant ainsi aux op\u00e9rateurs de manipuler efficacement des charges lourdes et de s'adapter \u00e0 des environnements de travail complexes et \u00e0 des exigences vari\u00e9es.<\/p>\n<p><img decoding=\"async\" src=\"https:\/\/www.hydraulic-cylinders.net\/wp-content\/uploads\/2025\/01\/songte-company-2.webp\"><\/p>\n<h2>Caract\u00e9ristiques<\/h2>\n<ul>\n<li>\n<h3>Haute r\u00e9sistance et durabilit\u00e9<\/h3>\n<p>Les v\u00e9rins de godet sont g\u00e9n\u00e9ralement fabriqu\u00e9s en acier haute r\u00e9sistance ou en aluminium, capables de supporter des pressions \u00e9lev\u00e9es et des charges importantes. Ils sont con\u00e7us pour r\u00e9sister \u00e0 l'usure et \u00e0 la corrosion, ce qui prolonge leur dur\u00e9e de vie.<\/p>\n<\/li>\n<li>\n<h3>Fonctionnement hydraulique efficace<\/h3>\n<p>Les v\u00e9rins de godet utilisent la pression de l'huile hydraulique pour assurer des mouvements d'expansion et de contraction fluides, r\u00e9pondre rapidement aux commandes et fournir des forces de pouss\u00e9e et de traction puissantes, ce qui les rend adapt\u00e9s \u00e0 la manutention d'objets lourds et \u00e0 des t\u00e2ches complexes.<\/p>\n<\/li>\n<li>\n<h3>Diff\u00e9rents types<\/h3>\n<p>Les v\u00e9rins de godet peuvent \u00eatre \u00e0 simple effet (la pression hydraulique agissant dans un seul sens) ou \u00e0 double effet (la pression hydraulique agissant dans les deux sens), selon les besoins. Certains mod\u00e8les sont t\u00e9lescopiques, ce qui permet une plus grande extension sans augmenter l'encombrement ext\u00e9rieur et les rend adapt\u00e9s aux applications o\u00f9 l'espace est limit\u00e9.<\/p>\n<\/li>\n<li>\n<h3>Remplacement id\u00e9al pour les v\u00e9rins hydrauliques<\/h3>\n<p>Nos produits peuvent parfaitement remplacer ces v\u00e9rins hydrauliques, et nous pouvons fabriquer ce produit.<\/p>\n<\/li>\n<\/ul>\n<p><img decoding=\"async\" src=\"https:\/\/www.hydraulic-cylinders.net\/wp-content\/uploads\/2025\/01\/songte-cylinder-head-with-all-kinds-excavator-models.webp\"><\/p>\n<h2>Applications<\/h2>\n<p>Les v\u00e9rins de godet ont diverses applications dans diff\u00e9rents secteurs, notamment les engins de construction, les machines agricoles, les excavatrices et les chargeuses\u00a0:<\/p>\n<ul>\n<li>\n<h3>\u00c9quipement de construction<\/h3>\n<p>Sur les excavatrices, les v\u00e9rins de godet sont indispensables pour creuser, charger et d\u00e9placer la terre ou les d\u00e9bris. Sur les pelles r\u00e9trocaveuses, ils servent \u00e0 la fois au creusement et au levage. Sur les chargeuses, ils permettent de lever et de basculer efficacement les charges.<\/p>\n<\/li>\n<li>\n<h3>machines agricoles<\/h3>\n<p>Les v\u00e9rins de godet sont utilis\u00e9s sur les chargeuses frontales pour ramasser, soulever et transporter de la terre, du foin et d'autres mat\u00e9riaux.<\/p>\n<\/li>\n<li>\n<h3>Excavateurs<\/h3>\n<p>Le v\u00e9rin du godet permet \u00e0 celui-ci de p\u00e9n\u00e9trer dans le sol pour effectuer le creusement.<\/p>\n<\/li>\n<li>\n<h3>Chargeurs<\/h3>\n<p>Les v\u00e9rins de godet permettent de lever et de d\u00e9charger efficacement les marchandises dans les chargeuses frontales.<\/p>\n<\/li>\n<\/ul>\n<h2>Consid\u00e9rations de conception et crit\u00e8res de s\u00e9lection<\/h2>\n<p>Lors de la conception et du choix des v\u00e9rins de godet, les facteurs suivants doivent \u00eatre pris en compte\u00a0:<\/p>\n<ul>\n<li>\n<h3>Capacit\u00e9 de charge<\/h3>\n<p>Le cylindre doit \u00eatre con\u00e7u pour r\u00e9sister \u00e0 la charge et \u00e0 la pression pr\u00e9vues.<\/p>\n<\/li>\n<li>\n<h3>\u00c9tanch\u00e9it\u00e9 et durabilit\u00e9<\/h3>\n<p>Le cylindre doit \u00eatre con\u00e7u avec des caract\u00e9ristiques d'\u00e9tanch\u00e9it\u00e9 et de durabilit\u00e9 ad\u00e9quates afin de garantir une longue dur\u00e9e de vie.<\/p>\n<\/li>\n<li>\n<h3>S\u00e9curit\u00e9 et entretien<\/h3>\n<p>Le cylindre doit \u00eatre con\u00e7u pour garantir la s\u00e9curit\u00e9 pendant son fonctionnement et faciliter son entretien.<\/p>\n<\/li>\n<\/ul>\n<p><img decoding=\"async\" src=\"https:\/\/www.hydraulic-cylinders.net\/wp-content\/uploads\/2025\/01\/songte-oil-pipes-and-spare-parts.webp\"><\/p>\n<h2>\u00c9tanch\u00e9it\u00e9 et lubrification<\/h2>\n<p>Les v\u00e9rins de godet utilisent diff\u00e9rents \u00e9l\u00e9ments d'\u00e9tanch\u00e9it\u00e9, tels que des joints de piston et des joints de tige, fabriqu\u00e9s en mat\u00e9riaux r\u00e9sistants \u00e0 l'usure comme le polyur\u00e9thane et le caoutchouc nitrile. La t\u00eate de v\u00e9rin et les surfaces d'extr\u00e9mit\u00e9 filet\u00e9es sont usin\u00e9es avec pr\u00e9cision pour optimiser la r\u00e9sistance \u00e0 l'usure. Une lubrification r\u00e9guli\u00e8re avec une huile hydraulique adapt\u00e9e est indispensable pour garantir un fonctionnement optimal et une longue dur\u00e9e de vie.<\/p>\n<h2>Maintenance et installation<\/h2>\n<p>Un entretien et une installation r\u00e9guliers sont essentiels pour garantir le bon fonctionnement et la long\u00e9vit\u00e9 du v\u00e9rin de godet. Les op\u00e9rations d'entretien suivantes sont recommand\u00e9es\u00a0:<\/p>\n<ul>\n<li>\n<h3>Inspection r\u00e9guli\u00e8re<\/h3>\n<p>Une inspection r\u00e9guli\u00e8re des joints, des raccords et des autres composants du cylindre est n\u00e9cessaire pour s'assurer qu'ils sont en bon \u00e9tat et fonctionnent correctement.<\/p>\n<\/li>\n<li>\n<h3>Lubrification<\/h3>\n<p>Une lubrification r\u00e9guli\u00e8re du cylindre avec l'huile hydraulique appropri\u00e9e est n\u00e9cessaire pour assurer un fonctionnement fluide et une longue dur\u00e9e de vie.<\/p>\n<\/li>\n<li>\n<h3>Remplacement des joints et v\u00e9rification de l'\u00e9talonnage<\/h3>\n<p>Il peut \u00eatre n\u00e9cessaire de remplacer p\u00e9riodiquement les joints d'\u00e9tanch\u00e9it\u00e9 et de proc\u00e9der \u00e0 un contr\u00f4le d'\u00e9talonnage afin de garantir le bon fonctionnement du cylindre.<\/p>\n<\/li>\n<\/ul>\n<p><img decoding=\"async\" src=\"https:\/\/www.hydraulic-cylinders.net\/wp-content\/uploads\/2025\/01\/songte-chushion-collar.webp\"><\/p>\n<h2>Consid\u00e9rations relatives \u00e0 la s\u00e9curit\u00e9 et \u00e0 l'environnement<\/h2>\n<p>Les v\u00e9rins de godet doivent \u00eatre install\u00e9s et utilis\u00e9s conform\u00e9ment aux proc\u00e9dures de s\u00e9curit\u00e9 recommand\u00e9es afin de garantir la s\u00e9curit\u00e9 de l'op\u00e9rateur et la protection de l'environnement. Des mesures de s\u00e9curit\u00e9 ad\u00e9quates doivent \u00eatre prises pour pr\u00e9venir tout dommage accidentel et \u00e9viter les fuites ou d\u00e9versements d'huile.<\/p>\n<h2>Diagnostic et d\u00e9pannage<\/h2>\n<p>Si le cylindre ne fonctionne pas correctement, les probl\u00e8mes suivants peuvent \u00eatre diagnostiqu\u00e9s\u00a0:<\/p>\n<ul>\n<li>\n<h3>Joints d'\u00e9tanch\u00e9it\u00e9 d\u00e9fectueux<\/h3>\n<p>Si le cylindre fuit de l'huile, cela peut \u00eatre d\u00fb \u00e0 des joints us\u00e9s qui doivent \u00eatre remplac\u00e9s.<\/p>\n<\/li>\n<li>\n<h3>Fonctionnement bruyant<\/h3>\n<p>Si le fonctionnement du v\u00e9rin est bruyant, cela peut indiquer la pr\u00e9sence de poches d'air dans le syst\u00e8me hydraulique ou une lubrification insuffisante.<\/p>\n<\/li>\n<li>\n<h3>Fonctionnement lent<\/h3>\n<p>Si le fonctionnement du v\u00e9rin est lent, cela peut indiquer une pression hydraulique insuffisante ou une alimentation en huile bloqu\u00e9e.<\/p>\n<\/li>\n<\/ul>\n<p>Les conseils et solutions de d\u00e9pannage suivants peuvent s'av\u00e9rer utiles\u00a0:<\/p>\n<ul>\n<li>\n<h3>Remplacement du joint<\/h3>\n<p>Les joints us\u00e9s doivent \u00eatre remplac\u00e9s par des neufs.<\/p>\n<\/li>\n<li>\n<h3>Purge du syst\u00e8me hydraulique<\/h3>\n<p>Les poches d'air pr\u00e9sentes dans le syst\u00e8me hydraulique doivent \u00eatre purg\u00e9es.<\/p>\n<\/li>\n<li>\n<h3>Lubrification<\/h3>\n<p>Le cylindre doit \u00eatre lubrifi\u00e9 avec l'huile hydraulique appropri\u00e9e.<\/p>\n<\/li>\n<\/ul>\n<p><img decoding=\"async\" src=\"https:\/\/www.hydraulic-cylinders.net\/wp-content\/uploads\/2025\/01\/songte-bushings-with-all-kinds-of-excavator-models.webp\"><\/p>\n<h2>\u00c0 propos de notre entreprise<\/h2>\n<p>Nous sommes un fabricant et grossiste de premier plan de v\u00e9rins hydrauliques sur les march\u00e9s nationaux et internationaux. Nous proposons une gamme compl\u00e8te de produits et appliquons une strat\u00e9gie de gestion de la production industrielle ax\u00e9e sur l'excellence, gr\u00e2ce \u00e0 des ateliers de fabrication de pointe, des \u00e9quipes techniques qualifi\u00e9es, des \u00e9quipements de production num\u00e9rique haut de gamme et des syst\u00e8mes de contr\u00f4le professionnels. Notre plateforme de production est en constante am\u00e9lioration, notre ligne de production garantit une qualit\u00e9 optimale et notre forte capacit\u00e9 d'innovation nous permet de r\u00e9pondre aux besoins vari\u00e9s de nos clients avec efficacit\u00e9, pr\u00e9cision et qualit\u00e9.<\/p>\n<h3>Professionnalisme<\/h3>\n<p>Notre entreprise poss\u00e8de une expertise technique professionnelle et des mesures de contr\u00f4le qualit\u00e9 rigoureuses afin de garantir que nos produits r\u00e9pondent aux normes de l'industrie et aux exigences des clients.<\/p>\n<h3>Certification internationale<\/h3>\n<p>Nos produits sont certifi\u00e9s et conformes aux normes internationales, telles que ISO, CE et SGS.<\/p>\n<h3>Services personnalis\u00e9s<\/h3>\n<p>Nous proposons des services personnalis\u00e9s pour r\u00e9pondre aux exigences sp\u00e9cifiques de nos clients.<\/p>\n<h3>\u00c9quipement de production<\/h3>\n<p>Notre entreprise utilise des \u00e9quipements de fabrication num\u00e9riques haut de gamme de pointe, tels que des centres d'usinage CNC, des rectifieuses de pr\u00e9cision et des machines \u00e0 souder automatiques, afin de garantir la plus haute qualit\u00e9 de nos produits.<\/p>\n<h3>Service apr\u00e8s-vente<\/h3>\n<p>Notre entreprise propose un service apr\u00e8s-vente complet, incluant la maintenance, la r\u00e9paration et le remplacement des produits.<\/p>\n<p><img decoding=\"async\" src=\"https:\/\/hzpt.com\/wp-content\/uploads\/2024\/11\/songte-company-1.webp\"><\/p>\n<p>Auteur : lyl<\/p>","protected":false},"excerpt":{"rendered":"<p>Bucket Cylinder For Doosan Large Excavator DH320 Introduction A bucket cylinder for Doosan large excavator DH320 is a specialized type of hydraulic cylinder used to control the movement of the bucket in heavy machinery such as excavators, backhoe excavators, and front-end loaders. Its main function is to lift, lower, and tilt the bucket for easy [&hellip;]<\/p>","protected":false},"featured_media":14784,"comment_status":"open","ping_status":"closed","template":"","meta":{"_et_pb_use_builder":"","_et_pb_old_content":"","_et_gb_content_width":""},"product_brand":[],"product_cat":[1494],"product_tag":[1495,1496],"class_list":{"0":"post-15286","1":"product","2":"type-product","3":"status-publish","4":"has-post-thumbnail","6":"product_cat-bucket-cylinders","7":"product_tag-bucket-cylinders","8":"product_tag-hydraulic-cylinders","10":"first","11":"instock","12":"shipping-taxable","13":"product-type-simple"},"amp_enabled":true,"_links":{"self":[{"href":"https:\/\/www.hydraulic-cylinders.net\/fr\/wp-json\/wp\/v2\/product\/15286","targetHints":{"allow":["GET"]}}],"collection":[{"href":"https:\/\/www.hydraulic-cylinders.net\/fr\/wp-json\/wp\/v2\/product"}],"about":[{"href":"https:\/\/www.hydraulic-cylinders.net\/fr\/wp-json\/wp\/v2\/types\/product"}],"replies":[{"embeddable":true,"href":"https:\/\/www.hydraulic-cylinders.net\/fr\/wp-json\/wp\/v2\/comments?post=15286"}],"wp:featuredmedia":[{"embeddable":true,"href":"https:\/\/www.hydraulic-cylinders.net\/fr\/wp-json\/wp\/v2\/media\/14784"}],"wp:attachment":[{"href":"https:\/\/www.hydraulic-cylinders.net\/fr\/wp-json\/wp\/v2\/media?parent=15286"}],"wp:term":[{"taxonomy":"product_brand","embeddable":true,"href":"https:\/\/www.hydraulic-cylinders.net\/fr\/wp-json\/wp\/v2\/product_brand?post=15286"},{"taxonomy":"product_cat","embeddable":true,"href":"https:\/\/www.hydraulic-cylinders.net\/fr\/wp-json\/wp\/v2\/product_cat?post=15286"},{"taxonomy":"product_tag","embeddable":true,"href":"https:\/\/www.hydraulic-cylinders.net\/fr\/wp-json\/wp\/v2\/product_tag?post=15286"}],"curies":[{"name":"wp","href":"https:\/\/api.w.org\/{rel}","templated":true}]}}