{"id":15289,"date":"2025-01-19T14:20:36","date_gmt":"2025-01-19T14:20:36","guid":{"rendered":"https:\/\/www.hydraulic-cylinders.net\/product\/bucket-cylinder-for-doosan-large-excavator-dx500lc\/"},"modified":"2025-01-19T14:20:38","modified_gmt":"2025-01-19T14:20:38","slug":"bucket-cylinder-for-doosan-large-excavator-dx500lc","status":"publish","type":"product","link":"https:\/\/www.hydraulic-cylinders.net\/fr\/produit\/bucket-cylinder-for-doosan-large-excavator-dx500lc\/","title":{"rendered":"V\u00e9rin de godet pour pelle hydraulique Doosan DX500LC"},"content":{"rendered":"<h1>V\u00e9rin de godet pour pelle hydraulique Doosan DX500LC<\/h1>\n<h2>Introduction<\/h2>\n<p>Le v\u00e9rin de godet pour pelle hydraulique Doosan DX500LC est un v\u00e9rin hydraulique sp\u00e9cialement con\u00e7u pour contr\u00f4ler les mouvements du godet sur les engins de chantier tels que les pelles hydrauliques, les pelles r\u00e9tro et les chargeuses frontales. Sa fonction principale est de permettre la lev\u00e9e, l'abaissement et l'inclinaison du godet, facilitant ainsi diverses op\u00e9rations de manutention. Au sein du syst\u00e8me hydraulique, le v\u00e9rin de godet assure un contr\u00f4le pr\u00e9cis des mouvements du godet gr\u00e2ce \u00e0 la variation de la pression d'huile hydraulique, permettant aux op\u00e9rateurs de manipuler efficacement des charges lourdes et de s'adapter \u00e0 des environnements de travail complexes et \u00e0 des besoins op\u00e9rationnels vari\u00e9s.<\/p>\n<p><img decoding=\"async\" src=\"https:\/\/www.hydraulic-cylinders.net\/wp-content\/uploads\/2025\/01\/songte-company-2.webp\"><\/p>\n<h2>Caract\u00e9ristiques<\/h2>\n<ul>\n<li>Haute r\u00e9sistance et durabilit\u00e9 : g\u00e9n\u00e9ralement fabriqu\u00e9 en acier ou en aluminium \u00e0 haute r\u00e9sistance, il peut supporter une pression \u00e9lev\u00e9e et des charges importantes, s'adapter aux environnements de travail difficiles et est con\u00e7u pour r\u00e9sister \u00e0 l'usure et \u00e0 la corrosion afin de prolonger sa dur\u00e9e de vie.<\/li>\n<li>Fonctionnement hydraulique efficace\u00a0: Utilisant la pression de l\u2019huile hydraulique pour obtenir des mouvements d\u2019expansion et de contraction fluides, il peut r\u00e9pondre rapidement aux commandes, fournir des forces de pouss\u00e9e et de traction puissantes et convient \u00e0 la manutention de charges lourdes et \u00e0 des t\u00e2ches op\u00e9rationnelles complexes.<\/li>\n<li>Divers types\u00a0: Il est possible de choisir des v\u00e9rins \u00e0 simple effet (actionnement hydraulique dans un seul sens) ou \u00e0 double effet (actionnement hydraulique dans les deux sens) selon les besoins, afin de r\u00e9pondre \u00e0 diff\u00e9rentes exigences op\u00e9rationnelles. Certains mod\u00e8les sont t\u00e9lescopiques, ce qui permet une plus grande extension sans augmenter les dimensions ext\u00e9rieures et convient aux applications o\u00f9 l\u2019espace est limit\u00e9.<\/li>\n<li>Remplacement facile : Notre produit peut parfaitement remplacer ces v\u00e9rins hydrauliques.<\/li>\n<\/ul>\n<p><img decoding=\"async\" src=\"https:\/\/www.hydraulic-cylinders.net\/wp-content\/uploads\/2025\/01\/songte-cylinder-head-with-all-kinds-excavator-models.webp\"><\/p>\n<h2>Applications<\/h2>\n<p>Les v\u00e9rins \u00e0 godet sont largement utilis\u00e9s dans divers secteurs industriels tels que la construction, l'agriculture et l'exploitation mini\u00e8re. Voici quelques applications courantes\u00a0:<\/p>\n<ul>\n<li>Mat\u00e9riel de construction\u00a0: Sur les excavatrices, les v\u00e9rins sont indispensables pour creuser, charger et d\u00e9placer la terre ou les d\u00e9bris. Sur les pelles r\u00e9tro, les v\u00e9rins du godet facilitent \u00e0 la fois l\u2019excavation et le levage. <\/li>\n<li>Machines agricoles\u00a0: Elles sont utilis\u00e9es dans les chargeuses frontales pour ramasser, soulever et transporter la terre, le foin et d\u2019autres mat\u00e9riaux. <\/li>\n<li>Excavatrices : Les v\u00e9rins des godets permettent l'excavation en permettant au godet de p\u00e9n\u00e9trer dans le sol. <\/li>\n<li>Chargeuses : Sur les chargeuses frontales, elles permettent de soulever et de d\u00e9charger efficacement les marchandises. <\/li>\n<\/ul>\n<h2>Consid\u00e9rations de conception et crit\u00e8res de s\u00e9lection<\/h2>\n<p>Lors du choix d'un v\u00e9rin de godet, il est essentiel de prendre en compte les consid\u00e9rations de conception et les crit\u00e8res de s\u00e9lection suivants\u00a0:<\/p>\n<ul>\n<li>Capacit\u00e9 de charge : Il est n\u00e9cessaire de s'assurer que le cylindre peut supporter le poids de la charge qu'il supporte.<\/li>\n<li>\u00c9tanch\u00e9it\u00e9 : Diff\u00e9rents \u00e9l\u00e9ments d'\u00e9tanch\u00e9it\u00e9, tels que les joints de piston, les joints de tige, etc., doivent garantir que le cylindre puisse maintenir une \u00e9tanch\u00e9it\u00e9 positive et emp\u00eacher les fuites de fluide hydraulique. <\/li>\n<li>Durabilit\u00e9 : Il est n\u00e9cessaire de prendre en compte le mat\u00e9riau du cylindre et sa r\u00e9sistance \u00e0 l'usure et \u00e0 la corrosion afin de prolonger sa dur\u00e9e de vie.<\/li>\n<li>S\u00e9curit\u00e9 : Il est n\u00e9cessaire de s'assurer que le cylindre est s\u00fbr \u00e0 utiliser et qu'il peut r\u00e9sister \u00e0 d'\u00e9ventuels accidents tels que la surcharge, les vibrations, etc.<\/li>\n<li>Facilit\u00e9 d'entretien : Il est n\u00e9cessaire de s'assurer que le cylindre est facile \u00e0 entretenir et \u00e0 r\u00e9parer, et que ses pi\u00e8ces sont facilement disponibles.<\/li>\n<\/ul>\n<p><img decoding=\"async\" src=\"https:\/\/www.hydraulic-cylinders.net\/wp-content\/uploads\/2025\/01\/songte-oil-pipes-and-spare-parts.webp\"><\/p>\n<h2>\u00c9tanch\u00e9it\u00e9 et lubrification<\/h2>\n<p>Divers composants d'\u00e9tanch\u00e9it\u00e9, tels que les joints de piston et les joints de tige, sont utilis\u00e9s dans les v\u00e9rins de godet pour garantir une \u00e9tanch\u00e9it\u00e9 parfaite et pr\u00e9venir les fuites d'huile hydraulique. Ces composants sont fabriqu\u00e9s \u00e0 partir de mat\u00e9riaux r\u00e9sistants \u00e0 l'usure, comme le polyur\u00e9thane et le caoutchouc nitrile. Le corps du v\u00e9rin et les surfaces filet\u00e9es sont usin\u00e9s avec pr\u00e9cision pour une meilleure r\u00e9sistance \u00e0 l'usure. Il est essentiel d'ajouter r\u00e9guli\u00e8rement la quantit\u00e9 appropri\u00e9e d'huile hydraulique pour la lubrification.<\/p>\n<h2>Entretien et pr\u00e9cautions<\/h2>\n<p>Des inspections r\u00e9guli\u00e8res et des mesures d'entretien pr\u00e9ventif sont n\u00e9cessaires pour prolonger la dur\u00e9e de vie du v\u00e9rin du godet. Voici quelques op\u00e9rations d'entretien courantes\u00a0:<\/p>\n<ul>\n<li>Inspection r\u00e9guli\u00e8re<\/li>\n<li>Lubrification ad\u00e9quate<\/li>\n<li>Remplacement des joints et v\u00e9rification de l'\u00e9talonnage<\/li>\n<\/ul>\n<p>Lors de l'installation, il est essentiel de respecter scrupuleusement les instructions d'alignement du v\u00e9rin. L'utilisation de supports de fixation adapt\u00e9s est recommand\u00e9e. Nous conseillons \u00e9galement de suivre les proc\u00e9dures d'inspection, de r\u00e9paration et de remplacement recommand\u00e9es afin d'optimiser la dur\u00e9e de vie du v\u00e9rin.<\/p>\n<p><img decoding=\"async\" src=\"https:\/\/www.hydraulic-cylinders.net\/wp-content\/uploads\/2025\/01\/songte-chushion-collar.webp\"><\/p>\n<h2>Consid\u00e9rations relatives \u00e0 la s\u00e9curit\u00e9 et \u00e0 l'environnement<\/h2>\n<p>Lors de l'utilisation de v\u00e9rins de godet, il est essentiel de respecter les consignes de s\u00e9curit\u00e9 afin d'\u00e9viter les risques potentiels tels que la surcharge, les vibrations, etc. Les facteurs environnementaux, comme l'exposition \u00e0 la poussi\u00e8re et aux temp\u00e9ratures \u00e9lev\u00e9es, peuvent \u00e9galement affecter les performances du v\u00e9rin. Il est donc n\u00e9cessaire de maintenir un environnement de travail propre et s\u00fbr.<\/p>\n<h2>Diagnostic et d\u00e9pannage des pannes<\/h2>\n<p>Voici quelques probl\u00e8mes courants qui peuvent survenir lors de l'utilisation d'un v\u00e9rin de godet\u00a0:<\/p>\n<ul>\n<li>Fuite de fluide hydraulique<\/li>\n<li>Difficult\u00e9 \u00e0 d\u00e9placer le piston<\/li>\n<li>Bruit pendant le fonctionnement<\/li>\n<\/ul>\n<p>Pour r\u00e9soudre ces probl\u00e8mes, il est essentiel de v\u00e9rifier les joints du cylindre, le piston et les autres composants. Un nettoyage r\u00e9gulier et une lubrification ad\u00e9quate permettent de pr\u00e9venir ces probl\u00e8mes.<\/p>\n<p><img decoding=\"async\" src=\"https:\/\/www.hydraulic-cylinders.net\/wp-content\/uploads\/2025\/01\/songte-bushings-with-all-kinds-of-excavator-models.webp\"><\/p>\n<h2>\u00c0 propos de notre entreprise<\/h2>\n<p>Nous sommes un fabricant de v\u00e9rins hydrauliques de remplacement offrant une gamme compl\u00e8te de produits et figurant parmi les principaux fabricants et distributeurs de v\u00e9rins hydrauliques sur les march\u00e9s nationaux et internationaux. Attach\u00e9s \u00e0 l'excellence, nous nous appuyons sur une strat\u00e9gie de gestion de la production industrielle au sein d'un atelier de fabrication de pointe. Gr\u00e2ce \u00e0 nos \u00e9quipes techniques qualifi\u00e9es, nos \u00e9quipements de production num\u00e9riques haut de gamme et nos syst\u00e8mes de contr\u00f4le professionnels, nous optimisons constamment notre plateforme de production, perfectionnons nos lignes de production et d\u00e9veloppons une forte capacit\u00e9 d'innovation. Notre objectif est de r\u00e9pondre aux besoins vari\u00e9s de nos clients avec efficacit\u00e9, pr\u00e9cision et rigueur.<\/p>\n<p><img decoding=\"async\" src=\"https:\/\/hzpt.com\/wp-content\/uploads\/2024\/11\/songte-company-1.webp\"><\/p>\n<h2>Professionnalisme<\/h2>\n<p>Nous disposons d'une \u00e9quipe de professionnels capables de fournir une assistance technique et des services personnalis\u00e9s pour r\u00e9pondre aux besoins sp\u00e9cifiques de nos clients.<\/p>\n<h2>Certification internationale<\/h2>\n<p>Nos produits ont obtenu des certifications internationales telles que ISO9001, CE et SGS, etc.<\/p>\n<h2>Services personnalis\u00e9s<\/h2>\n<p>Nous proposons des services personnalis\u00e9s pour r\u00e9pondre \u00e0 divers besoins, notamment en mati\u00e8re de mat\u00e9riaux, de dimensions et autres sp\u00e9cifications.<\/p>\n<h2>\u00c9quipement de production<\/h2>\n<p>Nous utilisons des \u00e9quipements de fabrication de pointe pour garantir la qualit\u00e9 des produits et l'efficacit\u00e9 de la production.<\/p>\n<h2>Service apr\u00e8s-vente<\/h2>\n<p>Nous assurons un service apr\u00e8s-vente complet, incluant la maintenance, la r\u00e9paration et le remplacement des pi\u00e8ces, afin d'aider nos clients \u00e0 maintenir les excellentes performances de leurs v\u00e9rins hydrauliques.<\/p>\n<h4>Auteur : lyl<\/h4>","protected":false},"excerpt":{"rendered":"<p>Bucket Cylinder For Doosan Large Excavator DX500LC Introduction A bucket cylinder for Doosan large excavator DX500LC is a specially designed hydraulic cylinder that mainly controls the movement of the bucket in heavy machinery such as excavators, backhoe excavators, and front loaders. Its primary function is to enable the bucket to lift, lower, and tilt, making [&hellip;]<\/p>","protected":false},"featured_media":14778,"comment_status":"open","ping_status":"closed","template":"","meta":{"_et_pb_use_builder":"","_et_pb_old_content":"","_et_gb_content_width":""},"product_brand":[],"product_cat":[1494],"product_tag":[1495,1496],"class_list":{"0":"post-15289","1":"product","2":"type-product","3":"status-publish","4":"has-post-thumbnail","6":"product_cat-bucket-cylinders","7":"product_tag-bucket-cylinders","8":"product_tag-hydraulic-cylinders","10":"first","11":"instock","12":"shipping-taxable","13":"product-type-simple"},"amp_enabled":true,"_links":{"self":[{"href":"https:\/\/www.hydraulic-cylinders.net\/fr\/wp-json\/wp\/v2\/product\/15289","targetHints":{"allow":["GET"]}}],"collection":[{"href":"https:\/\/www.hydraulic-cylinders.net\/fr\/wp-json\/wp\/v2\/product"}],"about":[{"href":"https:\/\/www.hydraulic-cylinders.net\/fr\/wp-json\/wp\/v2\/types\/product"}],"replies":[{"embeddable":true,"href":"https:\/\/www.hydraulic-cylinders.net\/fr\/wp-json\/wp\/v2\/comments?post=15289"}],"wp:featuredmedia":[{"embeddable":true,"href":"https:\/\/www.hydraulic-cylinders.net\/fr\/wp-json\/wp\/v2\/media\/14778"}],"wp:attachment":[{"href":"https:\/\/www.hydraulic-cylinders.net\/fr\/wp-json\/wp\/v2\/media?parent=15289"}],"wp:term":[{"taxonomy":"product_brand","embeddable":true,"href":"https:\/\/www.hydraulic-cylinders.net\/fr\/wp-json\/wp\/v2\/product_brand?post=15289"},{"taxonomy":"product_cat","embeddable":true,"href":"https:\/\/www.hydraulic-cylinders.net\/fr\/wp-json\/wp\/v2\/product_cat?post=15289"},{"taxonomy":"product_tag","embeddable":true,"href":"https:\/\/www.hydraulic-cylinders.net\/fr\/wp-json\/wp\/v2\/product_tag?post=15289"}],"curies":[{"name":"wp","href":"https:\/\/api.w.org\/{rel}","templated":true}]}}