{"id":15290,"date":"2025-01-19T14:20:40","date_gmt":"2025-01-19T14:20:40","guid":{"rendered":"https:\/\/www.hydraulic-cylinders.net\/product\/bucket-cylinder-for-doosan-large-excavator-dh300-5\/"},"modified":"2025-01-19T14:20:42","modified_gmt":"2025-01-19T14:20:42","slug":"bucket-cylinder-for-doosan-large-excavator-dh300-5","status":"publish","type":"product","link":"https:\/\/www.hydraulic-cylinders.net\/fr\/produit\/bucket-cylinder-for-doosan-large-excavator-dh300-5\/","title":{"rendered":"V\u00e9rin de godet pour pelle hydraulique Doosan DH300-5"},"content":{"rendered":"<h1>V\u00e9rin de godet pour pelle hydraulique Doosan DH300-5<\/h1>\n<h2>Introduction<\/h2>\n<p>Le v\u00e9rin de godet de la pelle hydraulique Doosan DH300-5 est un v\u00e9rin sp\u00e9cialis\u00e9 qui commande les mouvements du godet sur les engins de chantier tels que les pelles hydrauliques, les chargeuses-pelleteuses et les chargeuses frontales. Il permet de lever, d'abaisser et d'incliner le godet, facilitant ainsi la manutention de divers mat\u00e9riaux. Au sein du syst\u00e8me hydraulique, le v\u00e9rin de godet contr\u00f4le pr\u00e9cis\u00e9ment les mouvements du godet en modulant la pression d'huile hydraulique, permettant aux op\u00e9rateurs de manipuler efficacement des charges lourdes et de s'adapter \u00e0 des environnements de travail complexes et \u00e0 des besoins op\u00e9rationnels vari\u00e9s.<\/p>\n<p><img decoding=\"async\" src=\"https:\/\/www.hydraulic-cylinders.net\/wp-content\/uploads\/2025\/01\/songte-company-2.webp\" alt=\"Image du cylindre du godet\"><\/p>\n<h2>Caract\u00e9ristiques<\/h2>\n<ul>\n<li><strong>Haute r\u00e9sistance et durabilit\u00e9 :<\/strong> Fabriqu\u00e9 g\u00e9n\u00e9ralement en acier ou en aluminium \u00e0 haute r\u00e9sistance, il peut supporter une pression \u00e9lev\u00e9e et des charges importantes, s'adapter aux environnements de travail difficiles et a \u00e9t\u00e9 con\u00e7u en tenant compte de la r\u00e9sistance \u00e0 l'usure et \u00e0 la corrosion afin de prolonger sa dur\u00e9e de vie.<\/li>\n<li><strong>Op\u00e9rations hydrauliques efficaces :<\/strong> Utilise la pression de l'huile hydraulique pour obtenir des mouvements t\u00e9lescopiques fluides, peut r\u00e9pondre rapidement aux commandes, fournit des forces de pouss\u00e9e et de traction puissantes et convient \u00e0 la manutention de charges lourdes et \u00e0 des t\u00e2ches op\u00e9rationnelles complexes.<\/li>\n<li><strong>Diff\u00e9rents types :<\/strong> Les v\u00e9rins \u00e0 simple effet (fonctionnant dans un seul sens) ou \u00e0 double effet (fonctionnant dans les deux sens) peuvent \u00eatre s\u00e9lectionn\u00e9s en fonction des besoins op\u00e9rationnels. Certains mod\u00e8les sont t\u00e9lescopiques, ce qui permet une plus grande extension sans augmenter l'encombrement et les rend particuli\u00e8rement adapt\u00e9s aux applications \u00e0 espace restreint.<\/li>\n<li><strong>Remplacement id\u00e9al\u00a0:<\/strong> Notre v\u00e9rin de godet peut parfaitement remplacer le v\u00e9rin hydraulique d'origine du fabricant.<\/li>\n<\/ul>\n<p><img decoding=\"async\" src=\"https:\/\/www.hydraulic-cylinders.net\/wp-content\/uploads\/2025\/01\/songte-cylinder-head-with-all-kinds-excavator-models.webp\" alt=\"Image du cylindre de remplacement\"><\/p>\n<h2>Applications<\/h2>\n<p>Le v\u00e9rin \u00e0 godet trouve de nombreuses applications dans divers secteurs industriels. En voici quelques exemples\u00a0:<\/p>\n<ul>\n<li><strong>\u00c9quipement de construction :<\/strong> Sur les excavatrices, ils sont indispensables pour creuser, charger et d\u00e9placer la terre ou les d\u00e9bris. Sur les chargeuses-pelleteuses, le v\u00e9rin du godet contribue \u00e0 la fois \u00e0 l'excavation et au levage. <\/li>\n<li><strong>Machines agricoles :<\/strong> Utilis\u00e9 dans les chargeurs frontaux pour ramasser, soulever et transporter de la terre, du foin et d'autres mat\u00e9riaux. <\/li>\n<li><strong>Excavateurs:<\/strong> Le v\u00e9rin du godet permet \u00e0 celui-ci de p\u00e9n\u00e9trer dans le sol pour effectuer des travaux d'excavation. <\/li>\n<li><strong>Chargeuses frontales :<\/strong> Sur les chargeuses frontales, elles permettent de lever et d'incliner efficacement la charge. <\/li>\n<\/ul>\n<h2>Consid\u00e9rations de conception et crit\u00e8res de s\u00e9lection<\/h2>\n<p>Le choix et la conception du v\u00e9rin de godet sont essentiels pour garantir son bon fonctionnement et sa long\u00e9vit\u00e9. Voici quelques-uns de ces \u00e9l\u00e9ments\u00a0:<\/p>\n<h3>Capacit\u00e9 de charge<\/h3>\n<p>Le v\u00e9rin du godet doit pouvoir supporter la charge admissible de la machine sur laquelle il est install\u00e9. Il est important de choisir un v\u00e9rin capable de supporter la charge maximale admissible de la machine, en tenant compte des \u00e9ventuelles surcharges.<\/p>\n<h3>Scellage<\/h3>\n<p>Le v\u00e9rin du godet doit \u00eatre parfaitement \u00e9tanche pour \u00e9viter les fuites d'huile hydraulique. Il est important de choisir des joints fabriqu\u00e9s dans des mat\u00e9riaux durables et con\u00e7us pour r\u00e9sister \u00e0 l'usure.<\/p>\n<h3>Durabilit\u00e9<\/h3>\n<p>Le v\u00e9rin du godet doit \u00eatre robuste et con\u00e7u pour r\u00e9sister aux environnements difficiles. Le corps et les embouts du v\u00e9rin doivent \u00eatre fabriqu\u00e9s dans des mat\u00e9riaux haute r\u00e9sistance, r\u00e9sistants \u00e0 la corrosion et \u00e0 l'usure.<\/p>\n<h3>S\u00e9curit\u00e9<\/h3>\n<p>Le v\u00e9rin du godet doit \u00eatre con\u00e7u en tenant compte de la s\u00e9curit\u00e9. Il est important de choisir un v\u00e9rin dot\u00e9 de dispositifs de s\u00e9curit\u00e9 tels que des soupapes de d\u00e9charge de pression et des verrous de s\u00e9curit\u00e9 afin de pr\u00e9venir les accidents.<\/p>\n<h3>Entretien<\/h3>\n<p>Le v\u00e9rin du godet doit \u00eatre facile d'entretien. Il est important de choisir un v\u00e9rin facile \u00e0 d\u00e9monter et \u00e0 remonter pour la maintenance. Un entretien r\u00e9gulier, comprenant la lubrification et le remplacement des joints, est essentiel pour prolonger sa dur\u00e9e de vie.<\/p>\n<p><img decoding=\"async\" src=\"https:\/\/www.hydraulic-cylinders.net\/wp-content\/uploads\/2025\/01\/songte-oil-pipes-and-spare-parts.webp\" alt=\"Image des pi\u00e8ces du v\u00e9rin hydraulique\"><\/p>\n<h2>\u00c9tanch\u00e9it\u00e9 et lubrification<\/h2>\n<p>Le v\u00e9rin du godet utilise divers joints d'\u00e9tanch\u00e9it\u00e9, tels que des joints de piston et des joints de tige, fabriqu\u00e9s en polyur\u00e9thane et en caoutchouc nitrile, afin de pr\u00e9venir les fuites de fluide. Le corps du v\u00e9rin et les embouts sont usin\u00e9s avec pr\u00e9cision pour une meilleure r\u00e9sistance \u00e0 l'usure. Une lubrification r\u00e9guli\u00e8re \u00e0 l'huile hydraulique est indispensable pour un fonctionnement optimal et pour limiter l'usure.<\/p>\n<h2>Inspection et maintenance pr\u00e9ventive<\/h2>\n<p>Une inspection r\u00e9guli\u00e8re et un entretien pr\u00e9ventif sont essentiels pour prolonger la dur\u00e9e de vie du v\u00e9rin du godet. Voici quelques t\u00e2ches d'entretien courantes\u00a0:<\/p>\n<ul>\n<li><strong>Inspection r\u00e9guli\u00e8re :<\/strong> Inspectez le cylindre pour d\u00e9tecter toute usure ou tout dommage, v\u00e9rifiez les joints et examinez tous les raccords pour v\u00e9rifier l'\u00e9tanch\u00e9it\u00e9.<\/li>\n<li><strong>Lubrification:<\/strong> Lubrifiez r\u00e9guli\u00e8rement le cylindre avec de l'huile hydraulique afin de r\u00e9duire la friction et l'usure.<\/li>\n<li><strong>Remplacement du joint :<\/strong> Remplacez les joints endommag\u00e9s afin d'\u00e9viter les fuites de fluide hydraulique.<\/li>\n<li><strong>V\u00e9rification de l'\u00e9talonnage\u00a0:<\/strong> V\u00e9rifiez le calibrage du cylindre pour vous assurer de son bon fonctionnement.<\/li>\n<\/ul>\n<p>Il est important d'installer correctement le v\u00e9rin du godet afin d'\u00e9viter tout dommage et de garantir un fonctionnement en toute s\u00e9curit\u00e9. Suivez toujours les instructions du fabricant et utilisez les outils et \u00e9quipements d'installation appropri\u00e9s. Un alignement correct et l'utilisation de supports de fixation adapt\u00e9s contribuent \u00e0 stabiliser le v\u00e9rin. Si le v\u00e9rin n\u00e9cessite une r\u00e9paration ou une remise en \u00e9tat, il est recommand\u00e9 d'utiliser des pi\u00e8ces d'origine et de suivre les recommandations du fabricant.<\/p>\n<p><img decoding=\"async\" src=\"https:\/\/www.hydraulic-cylinders.net\/wp-content\/uploads\/2025\/01\/songte-chushion-collar.webp\" alt=\"Image du collier coussin\u00e9\"><\/p>\n<h2>Consid\u00e9rations relatives \u00e0 la s\u00e9curit\u00e9 et \u00e0 l'environnement<\/h2>\n<p>Lors de l'utilisation du v\u00e9rin de godet, des pr\u00e9cautions de s\u00e9curit\u00e9 doivent \u00eatre prises afin d'\u00e9viter tout accident. Il est essentiel de respecter les consignes et r\u00e9glementations de s\u00e9curit\u00e9, notamment le port d'\u00e9quipements de protection individuelle adapt\u00e9s et la bonne maintenance et le bon fonctionnement de la machine. Les consid\u00e9rations environnementales doivent \u00e9galement \u00eatre prises en compte, telles que l'\u00e9limination appropri\u00e9e des fluides hydrauliques et de tout autre mat\u00e9riau susceptible de nuire \u00e0 l'environnement.<\/p>\n<h2>Probl\u00e8mes courants et d\u00e9pannage<\/h2>\n<p>Le v\u00e9rin du godet peut pr\u00e9senter divers probl\u00e8mes en cours de fonctionnement. Voici quelques probl\u00e8mes courants\u00a0:<\/p>\n<ul>\n<li><strong>Fuites de fluides :<\/strong> Cela peut \u00eatre d\u00fb \u00e0 des joints ou des connexions endommag\u00e9s.<\/li>\n<li><strong>Fonctionnement lent :<\/strong> Cela peut \u00eatre d\u00fb \u00e0 un niveau d'huile hydraulique insuffisant ou \u00e0 des joints us\u00e9s.<\/li>\n<li><strong>Bruit excessif :<\/strong> Cela peut \u00eatre d\u00fb \u00e0 des roulements us\u00e9s ou \u00e0 d'autres pi\u00e8ces mobiles.<\/li>\n<\/ul>\n<p>Pour diagnostiquer et r\u00e9soudre ces probl\u00e8mes, il est important de suivre les instructions du fabricant et d'utiliser les m\u00e9thodes de d\u00e9pannage appropri\u00e9es. Il est recommand\u00e9 d'effectuer un entretien r\u00e9gulier afin de pr\u00e9venir leur apparition.<\/p>\n<p><img decoding=\"async\" src=\"https:\/\/www.hydraulic-cylinders.net\/wp-content\/uploads\/2025\/01\/songte-bushings-with-all-kinds-of-excavator-models.webp\" alt=\"Image des bagues de v\u00e9rin hydraulique\"><\/p>\n<h2>\u00c0 propos de notre entreprise<\/h2>\n<p>Nous sommes un fabricant et distributeur de premier plan de v\u00e9rins hydrauliques, sp\u00e9cialis\u00e9 dans leur remplacement. Notre entreprise propose une gamme compl\u00e8te de produits, incluant diff\u00e9rents types de v\u00e9rins hydrauliques, qui figurent parmi les produits phares des march\u00e9s nationaux et internationaux. Attach\u00e9e \u00e0 une qualit\u00e9 irr\u00e9prochable, notre entreprise s'appuie sur des strat\u00e9gies de gestion de la production adapt\u00e9es \u00e0 l'industrie, au sein d'ateliers de fabrication de pointe. Nous disposons \u00e9galement d'une \u00e9quipe technique qualifi\u00e9e, d'\u00e9quipements de production num\u00e9riques haut de gamme et de syst\u00e8mes de contr\u00f4le professionnels, ce qui nous permet d'am\u00e9liorer constamment nos processus de fabrication et la qualit\u00e9 de nos produits. Notre forte capacit\u00e9 d'innovation nous permet de r\u00e9pondre aux besoins vari\u00e9s de nos clients en garantissant efficacit\u00e9, pr\u00e9cision et qualit\u00e9.<\/p>\n<p><img decoding=\"async\" src=\"https:\/\/hzpt.com\/wp-content\/uploads\/2024\/11\/songte-company-1.webp\" alt=\"Image de l&#039;entreprise\"><\/p>\n<h3>Professionnalisme<\/h3>\n<p>Notre entreprise dispose d'une \u00e9quipe de professionnels hautement sp\u00e9cialis\u00e9s, forts de nombreuses ann\u00e9es d'exp\u00e9rience dans le secteur. De la conception \u00e0 la production en passant par la vente, nous avons une \u00e9quipe d'experts qui garantit qualit\u00e9 et efficacit\u00e9.<\/p>\n<h3>Certification internationale<\/h3>\n<p>Notre entreprise a obtenu diverses certifications internationales telles que l'ISO9001 et le CE, garantissant que nos produits r\u00e9pondent aux normes internationales de qualit\u00e9 et de s\u00e9curit\u00e9.<\/p>\n<h3>Services personnalis\u00e9s<\/h3>\n<p>Notre entreprise propose des services personnalis\u00e9s pour r\u00e9pondre aux besoins sp\u00e9cifiques de chaque client, notamment des conceptions, des tailles et des mat\u00e9riaux sur mesure.<\/p>\n<h3>\u00c9quipement de production<\/h3>\n<p>Notre entreprise a investi dans des \u00e9quipements de fabrication de pointe, notamment des machines CNC et des \u00e9quipements de test, afin de garantir la pr\u00e9cision et l'efficacit\u00e9 de la production.<\/p>\n<h3>Service apr\u00e8s-vente<\/h3>\n<p>Notre entreprise propose des services apr\u00e8s-vente complets, incluant la maintenance et la r\u00e9paration, afin de garantir la satisfaction du client et de prolonger la dur\u00e9e de vie du produit.<\/p>\n<h4>Auteur : lyl<\/h4>","protected":false},"excerpt":{"rendered":"<p>Bucket Cylinder For Doosan Large Excavator DH300-5 Introduction The bucket cylinder for Doosan large excavator DH300-5 is a specialized hydraulic cylinder used to control the movement of the bucket in heavy machinery such as excavators, backhoe loaders, and front-end loaders. Its main purpose is to allow the bucket to be raised, lowered, and tilted, making [&hellip;]<\/p>","protected":false},"featured_media":14776,"comment_status":"open","ping_status":"closed","template":"","meta":{"_et_pb_use_builder":"","_et_pb_old_content":"","_et_gb_content_width":""},"product_brand":[],"product_cat":[1494],"product_tag":[1495,1496],"class_list":{"0":"post-15290","1":"product","2":"type-product","3":"status-publish","4":"has-post-thumbnail","6":"product_cat-bucket-cylinders","7":"product_tag-bucket-cylinders","8":"product_tag-hydraulic-cylinders","10":"first","11":"instock","12":"shipping-taxable","13":"product-type-simple"},"amp_enabled":true,"_links":{"self":[{"href":"https:\/\/www.hydraulic-cylinders.net\/fr\/wp-json\/wp\/v2\/product\/15290","targetHints":{"allow":["GET"]}}],"collection":[{"href":"https:\/\/www.hydraulic-cylinders.net\/fr\/wp-json\/wp\/v2\/product"}],"about":[{"href":"https:\/\/www.hydraulic-cylinders.net\/fr\/wp-json\/wp\/v2\/types\/product"}],"replies":[{"embeddable":true,"href":"https:\/\/www.hydraulic-cylinders.net\/fr\/wp-json\/wp\/v2\/comments?post=15290"}],"wp:featuredmedia":[{"embeddable":true,"href":"https:\/\/www.hydraulic-cylinders.net\/fr\/wp-json\/wp\/v2\/media\/14776"}],"wp:attachment":[{"href":"https:\/\/www.hydraulic-cylinders.net\/fr\/wp-json\/wp\/v2\/media?parent=15290"}],"wp:term":[{"taxonomy":"product_brand","embeddable":true,"href":"https:\/\/www.hydraulic-cylinders.net\/fr\/wp-json\/wp\/v2\/product_brand?post=15290"},{"taxonomy":"product_cat","embeddable":true,"href":"https:\/\/www.hydraulic-cylinders.net\/fr\/wp-json\/wp\/v2\/product_cat?post=15290"},{"taxonomy":"product_tag","embeddable":true,"href":"https:\/\/www.hydraulic-cylinders.net\/fr\/wp-json\/wp\/v2\/product_tag?post=15290"}],"curies":[{"name":"wp","href":"https:\/\/api.w.org\/{rel}","templated":true}]}}