{"id":15291,"date":"2025-01-19T14:20:44","date_gmt":"2025-01-19T14:20:44","guid":{"rendered":"https:\/\/www.hydraulic-cylinders.net\/product\/bucket-cylinder-for-doosan-large-excavator-dh330-3\/"},"modified":"2025-01-19T14:20:46","modified_gmt":"2025-01-19T14:20:46","slug":"bucket-cylinder-for-doosan-large-excavator-dh330-3","status":"publish","type":"product","link":"https:\/\/www.hydraulic-cylinders.net\/fr\/produit\/bucket-cylinder-for-doosan-large-excavator-dh330-3\/","title":{"rendered":"V\u00e9rin de godet pour pelle hydraulique Doosan DH330-3"},"content":{"rendered":"<p><!DOCTYPE html><br \/>\n<html><br \/>\n<head><br \/>\n<title>V\u00e9rin de godet pour pelle hydraulique Doosan DH330-3<\/title><br \/>\n<\/head><br \/>\n<body><\/p>\n<h1>V\u00e9rin de godet pour pelle hydraulique Doosan DH330-3<\/h1>\n<h2>Introduction<\/h2>\n<p>Un v\u00e9rin de godet est un v\u00e9rin hydraulique sp\u00e9cialement con\u00e7u pour contr\u00f4ler les mouvements du godet sur les engins de chantier tels que les pelles hydrauliques, les chargeuses-pelleteuses et les chargeuses frontales. Sa fonction principale est de permettre la lev\u00e9e, l'abaissement et l'inclinaison du godet, facilitant ainsi la manutention de divers mat\u00e9riaux. Dans un syst\u00e8me hydraulique, le v\u00e9rin de godet assure un contr\u00f4le pr\u00e9cis du godet gr\u00e2ce aux variations de pression d'huile hydraulique, permettant aux op\u00e9rateurs de manipuler efficacement des charges lourdes et de s'adapter \u00e0 des environnements de travail complexes et \u00e0 des exigences op\u00e9rationnelles vari\u00e9es.<\/p>\n<p><img decoding=\"async\" src=\"https:\/\/www.hydraulic-cylinders.net\/wp-content\/uploads\/2025\/01\/songte-company-2.webp\"><\/p>\n<h2>Caract\u00e9ristiques<\/h2>\n<ul>\n<li>Haute r\u00e9sistance et durabilit\u00e9 : G\u00e9n\u00e9ralement fabriqu\u00e9 en acier ou en aluminium \u00e0 haute r\u00e9sistance, il peut supporter des pressions \u00e9lev\u00e9es et des charges importantes, et sa conception prend en compte la r\u00e9sistance \u00e0 l'usure et \u00e0 la corrosion afin d'allonger sa dur\u00e9e de vie.<\/li>\n<li>Fonctionnement hydraulique efficace\u00a0: gr\u00e2ce \u00e0 la pression de l\u2019huile hydraulique, il assure des mouvements d\u2019extension et de r\u00e9traction fluides, r\u00e9pond rapidement aux commandes, fournit des forces de pouss\u00e9e et de traction puissantes et convient \u00e0 la manutention de charges lourdes et \u00e0 des t\u00e2ches op\u00e9rationnelles complexes.<\/li>\n<li>Diff\u00e9rents types\u00a0: des v\u00e9rins \u00e0 simple effet (pression hydraulique utilis\u00e9e dans un seul sens) ou \u00e0 double effet (pression hydraulique utilis\u00e9e dans les deux sens) peuvent \u00eatre s\u00e9lectionn\u00e9s en fonction des besoins, et certains mod\u00e8les sont t\u00e9lescopiques, permettant une plus grande extension sans augmenter les dimensions ext\u00e9rieures, ce qui les rend adapt\u00e9s aux applications \u00e0 espace limit\u00e9.<\/li>\n<li>Remplacement id\u00e9al : Nos produits peuvent parfaitement remplacer ces v\u00e9rins hydrauliques.<\/li>\n<\/ul>\n<p><img decoding=\"async\" src=\"https:\/\/www.hydraulic-cylinders.net\/wp-content\/uploads\/2025\/01\/songte-cylinder-head-with-all-kinds-excavator-models.webp\"><\/p>\n<h2>Applications<\/h2>\n<ul>\n<li>Mat\u00e9riel de construction\u00a0: Pr\u00e9sents dans les excavatrices, ils sont indispensables pour creuser, charger et d\u00e9placer la terre ou les d\u00e9bris. Dans les chargeuses-pelleteuses, le v\u00e9rin du godet participe \u00e0 la fois au creusement et au levage.<\/li>\n<li>Machines agricoles : Utilis\u00e9es dans les chargeuses frontales pour ramasser, soulever et transporter la terre, le foin et autres mat\u00e9riaux.<\/li>\n<li>Excavateurs : Le v\u00e9rin de godet permet les actions de creusement en permettant au godet de p\u00e9n\u00e9trer le sol.<\/li>\n<li>Chargeuses : Sur les chargeuses frontales, elles permettent de lever et de d\u00e9charger efficacement les marchandises.<\/li>\n<\/ul>\n<h2>Consid\u00e9rations de conception et crit\u00e8res de s\u00e9lection<\/h2>\n<ul>\n<li>Capacit\u00e9 de charge : Analyse de la capacit\u00e9 de charge du mot-cl\u00e9.<\/li>\n<li>\u00c9tanch\u00e9it\u00e9\u00a0: L\u2019utilisation de diff\u00e9rents types de joints, tels que les joints de piston et les joints de tige, fabriqu\u00e9s dans des mat\u00e9riaux r\u00e9sistants \u00e0 l\u2019usure comme le polyur\u00e9thane et le caoutchouc nitrile, est essentielle. Le corps du cylindre et la surface d\u2019extr\u00e9mit\u00e9 du filetage sont usin\u00e9s avec pr\u00e9cision pour une meilleure r\u00e9sistance \u00e0 l\u2019usure. Une lubrification r\u00e9guli\u00e8re \u00e0 l\u2019huile hydraulique est n\u00e9cessaire.<\/li>\n<\/ul>\n<p><img decoding=\"async\" src=\"https:\/\/www.hydraulic-cylinders.net\/wp-content\/uploads\/2025\/01\/songte-oil-pipes-and-spare-parts.webp\"><\/p>\n<h2>Entretien et lubrification<\/h2>\n<ul>\n<li>Inspection r\u00e9guli\u00e8re et mesures de maintenance pr\u00e9ventive\u00a0: Il est important de v\u00e9rifier et d\u2019effectuer r\u00e9guli\u00e8rement des mesures de maintenance pr\u00e9ventive afin de minimiser les probl\u00e8mes potentiels.<\/li>\n<li>Installation correcte\u00a0: Fournir des instructions appropri\u00e9es pour l\u2019alignement du cylindre lors de l\u2019installation, et recommander l\u2019utilisation de supports de fixation appropri\u00e9s pour fixer le cylindre.<\/li>\n<li>T\u00e2ches d'entretien courantes\u00a0: Pr\u00e9sentation de trois t\u00e2ches d'entretien courantes \u2013 inspection r\u00e9guli\u00e8re, lubrification ad\u00e9quate et remplacement des joints \u2013 et explication de l'importance d'une installation, d'une lubrification et d'un r\u00e9glage corrects. Recommandations sur les proc\u00e9dures d'inspection, de r\u00e9paration et de remplacement, services de remplacement et de remise en \u00e9tat des pi\u00e8ces propos\u00e9s, et conseils pour prolonger la dur\u00e9e de vie du produit.<\/li>\n<\/ul>\n<p><img decoding=\"async\" src=\"https:\/\/www.hydraulic-cylinders.net\/wp-content\/uploads\/2025\/01\/songte-chushion-collar.webp\"><\/p>\n<h2>Consid\u00e9rations de s\u00e9curit\u00e9 et facteurs environnementaux<\/h2>\n<p>Discuter de l'importance des mesures de s\u00e9curit\u00e9 lors de l'utilisation du mot-cl\u00e9 et prendre en compte les facteurs environnementaux.<\/p>\n<h2>D\u00e9pannage et probl\u00e8mes courants<\/h2>\n<p>Identifier les sc\u00e9narios de d\u00e9pannage courants et discuter des solutions possibles et des mesures pr\u00e9ventives pour minimiser les probl\u00e8mes potentiels.<\/p>\n<p><img decoding=\"async\" src=\"https:\/\/www.hydraulic-cylinders.net\/wp-content\/uploads\/2025\/01\/songte-bushings-with-all-kinds-of-excavator-models.webp\"><\/p>\n<h2>Notre entreprise<\/h2>\n<p>Nous sommes un fabricant de v\u00e9rins hydrauliques de remplacement et l'un des principaux fabricants et distributeurs de v\u00e9rins hydrauliques sur les march\u00e9s nationaux et internationaux. Notre strat\u00e9gie de gestion de la production industrielle repose sur l'excellence, gr\u00e2ce \u00e0 un atelier de fabrication de pointe et \u00e0 l'am\u00e9lioration continue de notre plateforme de production, garantissant ainsi la qualit\u00e9 de nos produits. Forts d'une grande capacit\u00e9 d'innovation, nous nous effor\u00e7ons de r\u00e9pondre aux exigences vari\u00e9es de nos clients avec efficacit\u00e9, pr\u00e9cision et un souci constant de la qualit\u00e9.<\/p>\n<p><img decoding=\"async\" src=\"https:\/\/hzpt.com\/wp-content\/uploads\/2024\/11\/songte-company-1.webp\"><\/p>\n<h2>Pr\u00e9sentation de l'entreprise<\/h2>\n<ul>\n<li>Professionnalisme<\/li>\n<li>Certifications internationales<\/li>\n<li>Services de personnalisation<\/li>\n<li>\u00c9quipement de production<\/li>\n<li>Service apr\u00e8s-vente<\/li>\n<\/ul>\n<p><img decoding=\"async\" src=\"https:\/\/www.hydraulic-cylinders.net\/wp-content\/uploads\/2025\/01\/songte-company-3.webp\"><\/p>\n<p>Auteur : lyl<\/p>\n<p><\/body><br \/>\n<\/html><\/p>","protected":false},"excerpt":{"rendered":"<p>Bucket Cylinder For Doosan Large Excavator DH330-3 Bucket Cylinder For Doosan Large Excavator DH330-3 Introduction A bucket cylinder is a specially designed hydraulic cylinder used to control the movement of the bucket in heavy machinery such as excavators, backhoe loaders, and front loaders. Its main function is to enable the bucket to lift, lower, and [&hellip;]<\/p>","protected":false},"featured_media":14773,"comment_status":"open","ping_status":"closed","template":"","meta":{"_et_pb_use_builder":"","_et_pb_old_content":"","_et_gb_content_width":""},"product_brand":[],"product_cat":[1494],"product_tag":[1495,1496],"class_list":{"0":"post-15291","1":"product","2":"type-product","3":"status-publish","4":"has-post-thumbnail","6":"product_cat-bucket-cylinders","7":"product_tag-bucket-cylinders","8":"product_tag-hydraulic-cylinders","10":"first","11":"instock","12":"shipping-taxable","13":"product-type-simple"},"amp_enabled":true,"_links":{"self":[{"href":"https:\/\/www.hydraulic-cylinders.net\/fr\/wp-json\/wp\/v2\/product\/15291","targetHints":{"allow":["GET"]}}],"collection":[{"href":"https:\/\/www.hydraulic-cylinders.net\/fr\/wp-json\/wp\/v2\/product"}],"about":[{"href":"https:\/\/www.hydraulic-cylinders.net\/fr\/wp-json\/wp\/v2\/types\/product"}],"replies":[{"embeddable":true,"href":"https:\/\/www.hydraulic-cylinders.net\/fr\/wp-json\/wp\/v2\/comments?post=15291"}],"wp:featuredmedia":[{"embeddable":true,"href":"https:\/\/www.hydraulic-cylinders.net\/fr\/wp-json\/wp\/v2\/media\/14773"}],"wp:attachment":[{"href":"https:\/\/www.hydraulic-cylinders.net\/fr\/wp-json\/wp\/v2\/media?parent=15291"}],"wp:term":[{"taxonomy":"product_brand","embeddable":true,"href":"https:\/\/www.hydraulic-cylinders.net\/fr\/wp-json\/wp\/v2\/product_brand?post=15291"},{"taxonomy":"product_cat","embeddable":true,"href":"https:\/\/www.hydraulic-cylinders.net\/fr\/wp-json\/wp\/v2\/product_cat?post=15291"},{"taxonomy":"product_tag","embeddable":true,"href":"https:\/\/www.hydraulic-cylinders.net\/fr\/wp-json\/wp\/v2\/product_tag?post=15291"}],"curies":[{"name":"wp","href":"https:\/\/api.w.org\/{rel}","templated":true}]}}