{"id":15305,"date":"2025-01-19T14:21:46","date_gmt":"2025-01-19T14:21:46","guid":{"rendered":"https:\/\/www.hydraulic-cylinders.net\/product\/bucket-cylinder-for-doosan-wheel-excavator-dx60n\/"},"modified":"2025-01-19T14:21:48","modified_gmt":"2025-01-19T14:21:48","slug":"bucket-cylinder-for-doosan-wheel-excavator-dx60n","status":"publish","type":"product","link":"https:\/\/www.hydraulic-cylinders.net\/fr\/produit\/bucket-cylinder-for-doosan-wheel-excavator-dx60n\/","title":{"rendered":"V\u00e9rin de godet pour pelle sur pneus Doosan DX60N"},"content":{"rendered":"<h1>V\u00e9rin de godet pour pelle sur pneus Doosan DX60N<\/h1>\n<h2>Introduction<\/h2>\n<p>Le v\u00e9rin de godet de la pelle sur pneus Doosan DX60N est un v\u00e9rin hydraulique sp\u00e9cialis\u00e9 con\u00e7u pour contr\u00f4ler les mouvements du godet sur les engins de chantier tels que les pelles, les chargeuses-pelleteuses et les chargeuses frontales. Sa fonction principale est de permettre la lev\u00e9e, l'abaissement et l'inclinaison du godet, le rendant ainsi adapt\u00e9 \u00e0 diverses op\u00e9rations de manutention. Au sein du syst\u00e8me hydraulique, le v\u00e9rin de godet assure un contr\u00f4le pr\u00e9cis des mouvements du godet gr\u00e2ce \u00e0 la variation de la pression d'huile hydraulique, permettant aux op\u00e9rateurs de manipuler efficacement des charges lourdes et de s'adapter \u00e0 des environnements de travail complexes et \u00e0 des exigences op\u00e9rationnelles vari\u00e9es.<\/p>\n<p><img decoding=\"async\" src=\"https:\/\/www.hydraulic-cylinders.net\/wp-content\/uploads\/2025\/01\/songte-company-2.webp\" alt=\"V\u00e9rin de godet pour pelle sur pneus Doosan DX60N\"><\/p>\n<h2>Caract\u00e9ristiques du produit<\/h2>\n<ul>\n<li>Haute r\u00e9sistance et durabilit\u00e9 : G\u00e9n\u00e9ralement fabriqu\u00e9 en acier ou en aluminium \u00e0 haute r\u00e9sistance, il peut supporter une pression \u00e9lev\u00e9e et des charges importantes, s'adapter aux environnements de travail difficiles et est con\u00e7u pour prendre en compte la r\u00e9sistance \u00e0 l'usure et \u00e0 la corrosion, prolongeant ainsi sa dur\u00e9e de vie.<\/li>\n<li>Fonctionnement hydraulique efficace : Utilisant la pression de l'huile hydraulique pour obtenir des mouvements d'extension et de r\u00e9traction fluides, il peut r\u00e9pondre rapidement aux commandes, fournir des forces de pouss\u00e9e et de traction puissantes et convient \u00e0 la manutention de charges lourdes et \u00e0 des t\u00e2ches de travail complexes.<\/li>\n<li>Diff\u00e9rents types de v\u00e9rins sont disponibles\u00a0: \u00e0 simple effet (fonctionnant dans un seul sens) ou \u00e0 double effet (fonctionnant dans les deux sens), selon les besoins. Certains mod\u00e8les sont t\u00e9lescopiques, ce qui permet une plus grande extension sans augmenter l\u2019encombrement et les rend particuli\u00e8rement adapt\u00e9s aux espaces restreints.<\/li>\n<li>Remplacement direct : Notre produit peut remplacer diff\u00e9rents v\u00e9rins hydrauliques.<\/li>\n<\/ul>\n<p><img decoding=\"async\" src=\"https:\/\/www.hydraulic-cylinders.net\/wp-content\/uploads\/2025\/01\/songte-cylinder-head-with-all-kinds-excavator-models.webp\" alt=\"V\u00e9rin de godet pour pelle sur pneus Doosan DX60N\"><\/p>\n<h2>Applications<\/h2>\n<p>Le v\u00e9rin de godet pour pelle sur pneus Doosan DX60N est largement utilis\u00e9 dans diverses machines lourdes, notamment\u00a0:<\/p>\n<ul>\n<li>Mat\u00e9riel de construction\u00a0: Sur les pelles hydrauliques, les v\u00e9rins sont indispensables pour l\u2019excavation, le chargement et le d\u00e9placement de terre ou de d\u00e9bris. Sur les chargeuses-pelleteuses, le v\u00e9rin du godet contribue \u00e0 la fois \u00e0 l\u2019excavation et au levage. <\/li>\n<li>Machines agricoles : Utilis\u00e9es dans les chargeuses frontales, pour ramasser, soulever et transporter la terre, le foin et autres mat\u00e9riaux. <\/li>\n<li>Excavatrices : Le v\u00e9rin du godet permet de creuser en permettant au godet de p\u00e9n\u00e9trer dans le sol. <\/li>\n<li>Chargeuses frontales : Les chargeuses frontales permettent de soulever et de d\u00e9charger efficacement les marchandises.<\/li>\n<\/ul>\n<h2>Consid\u00e9rations de conception et crit\u00e8res de s\u00e9lection<\/h2>\n<p>Le v\u00e9rin de godet de la pelle sur pneus Doosan DX60N est con\u00e7u pour prendre en compte divers facteurs, notamment\u00a0:<\/p>\n<ul>\n<li>Capacit\u00e9 de charge : Le cylindre doit pouvoir supporter les charges auxquelles il est soumis sans se rompre ni se d\u00e9former. <\/li>\n<li>\u00c9tanch\u00e9it\u00e9 : Une \u00e9tanch\u00e9it\u00e9 correcte est n\u00e9cessaire pour \u00e9viter les fuites de fluide hydraulique, qui peuvent endommager l'\u00e9quipement et augmenter le risque d'accidents. <\/li>\n<li>Durabilit\u00e9 : Le cylindre doit pouvoir durer longtemps sans n\u00e9cessiter de r\u00e9parations ou de remplacements fr\u00e9quents. <\/li>\n<li>S\u00e9curit\u00e9 : Le cylindre doit \u00eatre con\u00e7u pour \u00eatre s\u00fbr \u00e0 utiliser et \u00e0 entretenir, avec des mesures de s\u00e9curit\u00e9 appropri\u00e9es mises en place pour pr\u00e9venir les accidents. <\/li>\n<li>Facilit\u00e9 d'entretien : Le cylindre doit \u00eatre facile \u00e0 entretenir et \u00e0 r\u00e9parer, les pi\u00e8ces de rechange devant \u00eatre facilement disponibles. <\/li>\n<\/ul>\n<p><img decoding=\"async\" src=\"https:\/\/www.hydraulic-cylinders.net\/wp-content\/uploads\/2025\/01\/songte-oil-pipes-and-spare-parts.webp\" alt=\"V\u00e9rin de godet pour pelle sur pneus Doosan DX60N\"><\/p>\n<h2>\u00c9tanch\u00e9it\u00e9 et lubrification<\/h2>\n<p>Le v\u00e9rin de godet de la pelle sur pneus Doosan DX60N utilise divers joints d'\u00e9tanch\u00e9it\u00e9, notamment des joints de piston et des joints de tige. Ces joints sont fabriqu\u00e9s en mat\u00e9riaux r\u00e9sistants \u00e0 l'usure, tels que le polyur\u00e9thane et le caoutchouc nitrile. Le corps du v\u00e9rin et la surface filet\u00e9e sont usin\u00e9s avec pr\u00e9cision pour une meilleure r\u00e9sistance \u00e0 l'usure. Une lubrification r\u00e9guli\u00e8re avec une huile hydraulique adapt\u00e9e est indispensable au bon fonctionnement du v\u00e9rin.<\/p>\n<h2>Entretien et r\u00e9paration<\/h2>\n<p>Un contr\u00f4le r\u00e9gulier et une maintenance pr\u00e9ventive sont essentiels pour assurer le bon fonctionnement du v\u00e9rin de godet de la pelle sur pneus Doosan DX60N. Les t\u00e2ches de maintenance courantes comprennent\u00a0:<\/p>\n<ul>\n<li>Inspection r\u00e9guli\u00e8re<\/li>\n<li>Lubrification ad\u00e9quate<\/li>\n<li>remplacement du joint<\/li>\n<li>V\u00e9rification de l'\u00e9talonnage<\/li>\n<\/ul>\n<p>Une installation, une lubrification et un r\u00e9glage corrects sont essentiels pour garantir la long\u00e9vit\u00e9 du v\u00e9rin. Un alignement pr\u00e9cis et l'utilisation d'un support de fixation adapt\u00e9 sont recommand\u00e9s. Nous proposons \u00e9galement des proc\u00e9dures de contr\u00f4le, de r\u00e9paration et de remplacement recommand\u00e9es, ainsi que des pi\u00e8ces de rechange et des services de remise \u00e0 neuf pour optimiser la dur\u00e9e de vie du v\u00e9rin de godet de la pelle sur pneus Doosan DX60N.<\/p>\n<p><img decoding=\"async\" src=\"https:\/\/www.hydraulic-cylinders.net\/wp-content\/uploads\/2025\/01\/songte-chushion-collar.webp\" alt=\"V\u00e9rin de godet pour pelle sur pneus Doosan DX60N\"><\/p>\n<h2>Consid\u00e9rations relatives \u00e0 la s\u00e9curit\u00e9 et \u00e0 l'environnement<\/h2>\n<p>Le respect des consignes de s\u00e9curit\u00e9, notamment le port d'\u00e9quipements de protection individuelle et l'application des mesures appropri\u00e9es lors de l'installation et de la maintenance, est essentiel pour pr\u00e9venir les accidents. Il convient \u00e9galement de prendre en compte les aspects environnementaux, tels que l'\u00e9limination ad\u00e9quate des fluides hydrauliques usag\u00e9s et autres d\u00e9chets g\u00e9n\u00e9r\u00e9s lors des op\u00e9rations de maintenance et de r\u00e9paration.<\/p>\n<h2>Diagnostic et d\u00e9pannage<\/h2>\n<p>Le v\u00e9rin du godet de la pelle sur pneus Doosan DX60N peut pr\u00e9senter des probl\u00e8mes tels que des fuites, une puissance insuffisante ou un mouvement lent. Un diagnostic et un d\u00e9pannage appropri\u00e9s sont essentiels pour identifier et r\u00e9soudre ces probl\u00e8mes. Des mesures pr\u00e9ventives ad\u00e9quates permettent d'\u00e9viter leur apparition.<\/p>\n<p><img decoding=\"async\" src=\"https:\/\/www.hydraulic-cylinders.net\/wp-content\/uploads\/2025\/01\/songte-bushings-with-all-kinds-of-excavator-models.webp\" alt=\"V\u00e9rin de godet pour pelle sur pneus Doosan DX60N\"><\/p>\n<h2>\u00c0 propos de notre entreprise<\/h2>\n<p>Nous sommes un fabricant et distributeur de premier plan de v\u00e9rins hydrauliques, notamment le v\u00e9rin de godet pour pelle sur pneus Doosan DX60N. Notre entreprise propose une gamme compl\u00e8te de produits et des solutions sur mesure pour r\u00e9pondre aux besoins vari\u00e9s de nos clients. Soucieux de l'excellence, nous nous appuyons sur des strat\u00e9gies de gestion de la production industrielle et optimisons constamment nos processus de fabrication gr\u00e2ce \u00e0 une \u00e9quipe technique comp\u00e9tente, des \u00e9quipements de production num\u00e9riques de pointe et un syst\u00e8me de contr\u00f4le qualit\u00e9 performant. Nous appliquons les principes de haute efficacit\u00e9, de haute pr\u00e9cision et de haute qualit\u00e9 pour satisfaire les exigences de nos clients. Nous sommes un partenaire fiable pour vos besoins en v\u00e9rins hydrauliques.<\/p>\n<p><img decoding=\"async\" src=\"https:\/\/hzpt.com\/wp-content\/uploads\/2024\/11\/songte-company-1.webp\" alt=\"V\u00e9rin de godet pour pelle sur pneus Doosan DX60N\"><\/p>\n<p>Auteur : lyl<\/p>","protected":false},"excerpt":{"rendered":"<p>Bucket Cylinder For Doosan Wheel Excavator DX60N Introduction The bucket cylinder for Doosan wheel excavator DX60N is a specialized hydraulic cylinder designed to control the movements of the bucket in heavy machinery such as excavators, backhoe loaders, and front-end loaders. Its main function is to enable the bucket to lift, lower, and tilt, making it [&hellip;]<\/p>","protected":false},"featured_media":14776,"comment_status":"open","ping_status":"closed","template":"","meta":{"_et_pb_use_builder":"","_et_pb_old_content":"","_et_gb_content_width":""},"product_brand":[],"product_cat":[1494],"product_tag":[1495,1496],"class_list":{"0":"post-15305","1":"product","2":"type-product","3":"status-publish","4":"has-post-thumbnail","6":"product_cat-bucket-cylinders","7":"product_tag-bucket-cylinders","8":"product_tag-hydraulic-cylinders","10":"first","11":"instock","12":"shipping-taxable","13":"product-type-simple"},"amp_enabled":true,"_links":{"self":[{"href":"https:\/\/www.hydraulic-cylinders.net\/fr\/wp-json\/wp\/v2\/product\/15305","targetHints":{"allow":["GET"]}}],"collection":[{"href":"https:\/\/www.hydraulic-cylinders.net\/fr\/wp-json\/wp\/v2\/product"}],"about":[{"href":"https:\/\/www.hydraulic-cylinders.net\/fr\/wp-json\/wp\/v2\/types\/product"}],"replies":[{"embeddable":true,"href":"https:\/\/www.hydraulic-cylinders.net\/fr\/wp-json\/wp\/v2\/comments?post=15305"}],"wp:featuredmedia":[{"embeddable":true,"href":"https:\/\/www.hydraulic-cylinders.net\/fr\/wp-json\/wp\/v2\/media\/14776"}],"wp:attachment":[{"href":"https:\/\/www.hydraulic-cylinders.net\/fr\/wp-json\/wp\/v2\/media?parent=15305"}],"wp:term":[{"taxonomy":"product_brand","embeddable":true,"href":"https:\/\/www.hydraulic-cylinders.net\/fr\/wp-json\/wp\/v2\/product_brand?post=15305"},{"taxonomy":"product_cat","embeddable":true,"href":"https:\/\/www.hydraulic-cylinders.net\/fr\/wp-json\/wp\/v2\/product_cat?post=15305"},{"taxonomy":"product_tag","embeddable":true,"href":"https:\/\/www.hydraulic-cylinders.net\/fr\/wp-json\/wp\/v2\/product_tag?post=15305"}],"curies":[{"name":"wp","href":"https:\/\/api.w.org\/{rel}","templated":true}]}}