{"id":15306,"date":"2025-01-19T14:21:50","date_gmt":"2025-01-19T14:21:50","guid":{"rendered":"https:\/\/www.hydraulic-cylinders.net\/product\/bucket-cylinder-for-hyundai-small-excavator-r55-7\/"},"modified":"2025-01-19T14:21:51","modified_gmt":"2025-01-19T14:21:51","slug":"bucket-cylinder-for-hyundai-small-excavator-r55-7","status":"publish","type":"product","link":"https:\/\/www.hydraulic-cylinders.net\/fr\/produit\/bucket-cylinder-for-hyundai-small-excavator-r55-7\/","title":{"rendered":"Cylindre de godet pour petite pelle Hyundai R55-7"},"content":{"rendered":"<p><!DOCTYPE html><br \/>\n<html><br \/>\n<head><br \/>\n<title>Cylindre de godet pour petite pelle Hyundai R55-7<\/title><br \/>\n<\/head><br \/>\n<body><\/p>\n<h1>Cylindre de godet pour petite pelle Hyundai R55-7<\/h1>\n<p><img decoding=\"async\" src=\"https:\/\/www.hydraulic-cylinders.net\/wp-content\/uploads\/2025\/01\/songte-company-2.webp\"><\/p>\n<h2>Introduction<\/h2>\n<p>Le v\u00e9rin de godet pour mini-pelle Hyundai R55-7 est un v\u00e9rin hydraulique sp\u00e9cialis\u00e9 con\u00e7u pour contr\u00f4ler les mouvements du godet sur les engins de chantier tels que les pelles hydrauliques, les chargeuses-pelleteuses et les chargeuses frontales. Il permet au godet d'effectuer des op\u00e9rations de levage, d'abaissement et d'inclinaison, ce qui le rend efficace pour diverses t\u00e2ches de manutention. Le v\u00e9rin de godet exploite les variations de pression d'huile hydraulique au sein du circuit hydraulique pour un contr\u00f4le pr\u00e9cis du godet, permettant ainsi aux op\u00e9rateurs de manipuler efficacement des charges lourdes et de s'adapter \u00e0 des environnements de travail complexes et \u00e0 des exigences op\u00e9rationnelles vari\u00e9es.<\/p>\n<h2>Caract\u00e9ristiques du produit<\/h2>\n<ul>\n<li>Haute r\u00e9sistance et durabilit\u00e9\u00a0: g\u00e9n\u00e9ralement fabriqu\u00e9 en acier ou en aluminium haute r\u00e9sistance, le v\u00e9rin du godet supporte les hautes pressions et les charges importantes, s\u2019adaptant ainsi aux conditions de travail difficiles. Sa conception lui conf\u00e8re une r\u00e9sistance \u00e0 l\u2019usure et \u00e0 la corrosion, prolongeant sa dur\u00e9e de vie.<\/li>\n<li>Fonctionnement hydraulique efficace\u00a0: gr\u00e2ce \u00e0 la pression de l\u2019huile hydraulique, le v\u00e9rin du godet permet des mouvements d\u2019extension et de r\u00e9traction fluides, une r\u00e9ponse rapide aux commandes et fournit des forces de pouss\u00e9e et de traction puissantes, ce qui le rend adapt\u00e9 \u00e0 la manutention de charges lourdes et \u00e0 des t\u00e2ches complexes.<\/li>\n<li>Diversit\u00e9 des types\u00a0: Le v\u00e9rin du godet peut \u00eatre choisi en version simple effet (pression hydraulique unidirectionnelle) ou double effet (pression hydraulique bidirectionnelle), selon les besoins op\u00e9rationnels. Certains mod\u00e8les sont t\u00e9lescopiques, ce qui permet une plus grande extension sans augmenter les dimensions ext\u00e9rieures et les rend adapt\u00e9s aux applications \u00e0 espace restreint.<\/li>\n<li>Remplacement id\u00e9al : Nos produits peuvent parfaitement remplacer ces v\u00e9rins hydrauliques. <\/li>\n<\/ul>\n<p><img decoding=\"async\" src=\"https:\/\/www.hydraulic-cylinders.net\/wp-content\/uploads\/2025\/01\/songte-cylinder-head-with-all-kinds-excavator-models.webp\"><\/p>\n<h2>Applications<\/h2>\n<p>Le v\u00e9rin \u00e0 godet trouve des applications dans diverses industries\u00a0:<\/p>\n<ul>\n<li>Mat\u00e9riel de construction\u00a0: Indispensable aux excavatrices pour creuser, charger et d\u00e9placer la terre ou les d\u00e9bris. Sur les chargeuses-pelleteuses, le v\u00e9rin du godet participe \u00e0 la fois au creusement et au levage.<\/li>\n<li>Machines agricoles : utilis\u00e9es dans les chargeurs frontaux pour ramasser, soulever et transporter de la terre, du foin et d'autres mat\u00e9riaux.<\/li>\n<li>Excavateurs : Le v\u00e9rin de godet permet les actions de creusement en permettant au godet de p\u00e9n\u00e9trer le sol.<\/li>\n<li>Chargeuses : Sur les chargeuses frontales, elles facilitent le levage et le d\u00e9chargement efficaces des marchandises.<\/li>\n<\/ul>\n<h2>Consid\u00e9rations de conception et crit\u00e8res de s\u00e9lection<\/h2>\n<p>En mati\u00e8re de conception, plusieurs facteurs sont cruciaux\u00a0:<\/p>\n<ul>\n<li>Capacit\u00e9 de charge : Le v\u00e9rin du godet doit \u00eatre con\u00e7u pour supporter les exigences de charge sp\u00e9cifiques de l'\u00e9quipement.<\/li>\n<li>\u00c9tanch\u00e9it\u00e9 : Diff\u00e9rents composants d'\u00e9tanch\u00e9it\u00e9, tels que des joints de piston et des joints de tige, sont utilis\u00e9s, g\u00e9n\u00e9ralement fabriqu\u00e9s \u00e0 partir de mat\u00e9riaux r\u00e9sistants \u00e0 l'usure comme le polyur\u00e9thane ou le caoutchouc nitrile.<\/li>\n<li>Durabilit\u00e9 : Le corps du cylindre et les extr\u00e9mit\u00e9s filet\u00e9es sont usin\u00e9s avec pr\u00e9cision afin d'am\u00e9liorer leur r\u00e9sistance \u00e0 l'usure.<\/li>\n<li>S\u00e9curit\u00e9 : Des mesures de s\u00e9curit\u00e9 sont int\u00e9gr\u00e9es afin de garantir un fonctionnement s\u00fbr et de minimiser les risques potentiels.<\/li>\n<li>Facilit\u00e9 d'entretien\u00a0: L'entretien est ais\u00e9 gr\u00e2ce \u00e0 des composants accessibles et des proc\u00e9dures d'entretien recommand\u00e9es.<\/li>\n<\/ul>\n<p><img decoding=\"async\" src=\"https:\/\/www.hydraulic-cylinders.net\/wp-content\/uploads\/2025\/01\/songte-oil-pipes-and-spare-parts.webp\"><\/p>\n<h2>\u00c9tanch\u00e9it\u00e9 et lubrification<\/h2>\n<p>Le v\u00e9rin du godet utilise divers joints d'\u00e9tanch\u00e9it\u00e9, tels que des joints de piston et des joints de tige, fabriqu\u00e9s en mat\u00e9riaux r\u00e9sistants \u00e0 l'usure comme le polyur\u00e9thane et le caoutchouc nitrile. Le corps du v\u00e9rin et ses extr\u00e9mit\u00e9s filet\u00e9es b\u00e9n\u00e9ficient d'un traitement de pr\u00e9cision pour une meilleure r\u00e9sistance \u00e0 l'usure. Une lubrification r\u00e9guli\u00e8re avec une huile hydraulique adapt\u00e9e est indispensable \u00e0 un fonctionnement optimal.<\/p>\n<h2>Inspection et maintenance pr\u00e9ventive<\/h2>\n<p>Des inspections r\u00e9guli\u00e8res et des mesures de maintenance pr\u00e9ventive sont essentielles pour garantir les performances optimales du v\u00e9rin du godet\u00a0:<\/p>\n<ul>\n<li>V\u00e9rifiez l'absence de signes de fuite, de dommages ou d'usure.<\/li>\n<li>Assurez une lubrification ad\u00e9quate.<\/li>\n<li>Remplacez r\u00e9guli\u00e8rement les joints et effectuez des contr\u00f4les d'\u00e9talonnage.<\/li>\n<\/ul>\n<h2>Guide d'installation correct<\/h2>\n<p>Une installation correcte est cruciale pour le bon fonctionnement du v\u00e9rin du godet\u00a0:<\/p>\n<ul>\n<li>Veillez \u00e0 aligner correctement le cylindre lors de l'installation.<\/li>\n<li>Utilisez les supports de fixation appropri\u00e9s pour fixer le cylindre.<\/li>\n<\/ul>\n<p><img decoding=\"async\" src=\"https:\/\/www.hydraulic-cylinders.net\/wp-content\/uploads\/2025\/01\/songte-chushion-collar.webp\"><\/p>\n<h2>T\u00e2ches de maintenance<\/h2>\n<p>Les t\u00e2ches d'entretien courantes du v\u00e9rin de godet comprennent\u00a0:<\/p>\n<ul>\n<li>Inspection et lubrification r\u00e9guli\u00e8res.<\/li>\n<li>Remplacement du joint.<\/li>\n<li>Contr\u00f4les d'\u00e9talonnage.<\/li>\n<\/ul>\n<p>Une installation, une lubrification et un r\u00e9glage corrects sont essentiels \u00e0 la long\u00e9vit\u00e9 du v\u00e9rin de godet. Fournir des instructions sur l'alignement correct du v\u00e9rin lors de l'installation, recommander l'utilisation de supports de fixation adapt\u00e9s pour une fixation s\u00e9curis\u00e9e et sugg\u00e9rer des proc\u00e9dures d'inspection, de r\u00e9paration et de remplacement contribuera \u00e0 prolonger la dur\u00e9e de vie du v\u00e9rin de godet.<\/p>\n<h2>Consid\u00e9rations de s\u00e9curit\u00e9 et facteurs environnementaux<\/h2>\n<p>Lors de l'utilisation du v\u00e9rin de godet, il est essentiel de privil\u00e9gier les mesures de s\u00e9curit\u00e9 afin de pr\u00e9venir les accidents et d'assurer la protection des travailleurs. Les facteurs environnementaux doivent \u00e9galement \u00eatre pris en compte afin de minimiser tout impact n\u00e9gatif.<\/p>\n<h2>Diagnostic et d\u00e9pannage des pannes<\/h2>\n<p>Diagnostic des pannes et probl\u00e8mes courants li\u00e9s au v\u00e9rin du godet\u00a0:<\/p>\n<ul>\n<li>Fuites : V\u00e9rifiez l'\u00e9tat des joints et des connexions, et r\u00e9parez ou remplacez les \u00e9l\u00e9ments n\u00e9cessaires.<\/li>\n<li>Performances m\u00e9diocres\u00a0: v\u00e9rifiez l\u2019absence de blocages, de probl\u00e8mes de fluide hydraulique ou de probl\u00e8mes m\u00e9caniques et traitez-les en cons\u00e9quence.<\/li>\n<li>Bruit ou vibrations\u00a0: v\u00e9rifiez si des composants sont desserr\u00e9s ou us\u00e9s et effectuez les r\u00e9glages ou les remplacements n\u00e9cessaires.<\/li>\n<\/ul>\n<p>Fournir des conseils de d\u00e9pannage et des m\u00e9thodes de r\u00e9solution pour diagnostiquer et r\u00e9soudre efficacement les probl\u00e8mes, ainsi que des mesures pr\u00e9ventives pour minimiser les probl\u00e8mes potentiels.<\/p>\n<p><img decoding=\"async\" src=\"https:\/\/www.hydraulic-cylinders.net\/wp-content\/uploads\/2025\/01\/songte-bushings-with-all-kinds-of-excavator-models.webp\"><\/p>\n<p>N'oubliez pas d'organiser l'article de mani\u00e8re logique, d'utiliser des sous-titres pour faciliter la navigation, d'int\u00e9grer des images ou des graphiques pertinents pour une meilleure compr\u00e9hension et de veiller \u00e0 un contenu clair et concis, adapt\u00e9 aux lecteurs ayant diff\u00e9rents niveaux de connaissances techniques.<\/p>\n<h2>\u00c0 propos de notre entreprise<\/h2>\n<p>Notre entreprise est un fabricant et distributeur de premier plan de v\u00e9rins hydrauliques sur les march\u00e9s nationaux et internationaux. Nous proposons une gamme compl\u00e8te de produits et visons l'excellence en mati\u00e8re de qualit\u00e9. Gr\u00e2ce \u00e0 des installations de production ultramodernes, une main-d'\u0153uvre qualifi\u00e9e, des \u00e9quipements de fabrication de pointe et des syst\u00e8mes de contr\u00f4le professionnels, nous am\u00e9liorons constamment nos capacit\u00e9s de production afin de r\u00e9pondre efficacement aux exigences vari\u00e9es de nos clients. Notre engagement envers l'efficacit\u00e9, la pr\u00e9cision et la haute qualit\u00e9 garantit leur satisfaction. <\/p>\n<p><img decoding=\"async\" src=\"https:\/\/www.hydraulic-cylinders.net\/wp-content\/uploads\/2025\/01\/songte-company-3.webp\"><\/p>\n<h3>Pourquoi nous choisir ?<\/h3>\n<ul>\n<li>Professionnalisme : Nous disposons d'une \u00e9quipe d'experts d\u00e9vou\u00e9s \u00e0 fournir des services exceptionnels.<\/li>\n<li>Certifications internationales : Nos produits r\u00e9pondent aux normes et certifications de qualit\u00e9 internationales.<\/li>\n<li>Personnalisation : Nous proposons des solutions sur mesure pour r\u00e9pondre aux besoins sp\u00e9cifiques de nos clients.<\/li>\n<li>\u00c9quipements de production : Nous utilisons des \u00e9quipements de fabrication de pointe pour des produits de qualit\u00e9 sup\u00e9rieure.<\/li>\n<li>Service apr\u00e8s-vente : Nous fournissons un excellent service apr\u00e8s-vente afin de garantir la satisfaction de nos clients.<\/li>\n<\/ul>\n<footer>\n<p>Auteur : lyl<\/p>\n<\/footer>\n<p><\/body><br \/>\n<\/html><\/p>","protected":false},"excerpt":{"rendered":"<p>Bucket Cylinder For Hyundai Small Excavator R55-7 Bucket Cylinder For Hyundai Small Excavator R55-7 Introduction The Bucket Cylinder for Hyundai Small Excavator R55-7 is a specialized hydraulic cylinder designed for controlling the movement of the bucket in heavy machinery such as excavators, backhoe loaders, and front-end loaders. It enables the bucket to perform lifting, lowering, [&hellip;]<\/p>","protected":false},"featured_media":14773,"comment_status":"open","ping_status":"closed","template":"","meta":{"_et_pb_use_builder":"","_et_pb_old_content":"","_et_gb_content_width":""},"product_brand":[],"product_cat":[1494],"product_tag":[1495,1496],"class_list":{"0":"post-15306","1":"product","2":"type-product","3":"status-publish","4":"has-post-thumbnail","6":"product_cat-bucket-cylinders","7":"product_tag-bucket-cylinders","8":"product_tag-hydraulic-cylinders","10":"first","11":"instock","12":"shipping-taxable","13":"product-type-simple"},"amp_enabled":true,"_links":{"self":[{"href":"https:\/\/www.hydraulic-cylinders.net\/fr\/wp-json\/wp\/v2\/product\/15306","targetHints":{"allow":["GET"]}}],"collection":[{"href":"https:\/\/www.hydraulic-cylinders.net\/fr\/wp-json\/wp\/v2\/product"}],"about":[{"href":"https:\/\/www.hydraulic-cylinders.net\/fr\/wp-json\/wp\/v2\/types\/product"}],"replies":[{"embeddable":true,"href":"https:\/\/www.hydraulic-cylinders.net\/fr\/wp-json\/wp\/v2\/comments?post=15306"}],"wp:featuredmedia":[{"embeddable":true,"href":"https:\/\/www.hydraulic-cylinders.net\/fr\/wp-json\/wp\/v2\/media\/14773"}],"wp:attachment":[{"href":"https:\/\/www.hydraulic-cylinders.net\/fr\/wp-json\/wp\/v2\/media?parent=15306"}],"wp:term":[{"taxonomy":"product_brand","embeddable":true,"href":"https:\/\/www.hydraulic-cylinders.net\/fr\/wp-json\/wp\/v2\/product_brand?post=15306"},{"taxonomy":"product_cat","embeddable":true,"href":"https:\/\/www.hydraulic-cylinders.net\/fr\/wp-json\/wp\/v2\/product_cat?post=15306"},{"taxonomy":"product_tag","embeddable":true,"href":"https:\/\/www.hydraulic-cylinders.net\/fr\/wp-json\/wp\/v2\/product_tag?post=15306"}],"curies":[{"name":"wp","href":"https:\/\/api.w.org\/{rel}","templated":true}]}}