{"id":15309,"date":"2025-01-19T14:22:01","date_gmt":"2025-01-19T14:22:01","guid":{"rendered":"https:\/\/www.hydraulic-cylinders.net\/product\/bucket-cylinder-for-hyundai-small-excavator-r60-7-9\/"},"modified":"2025-01-19T14:22:09","modified_gmt":"2025-01-19T14:22:09","slug":"bucket-cylinder-for-hyundai-small-excavator-r60-7-9","status":"publish","type":"product","link":"https:\/\/www.hydraulic-cylinders.net\/fr\/produit\/bucket-cylinder-for-hyundai-small-excavator-r60-7-9\/","title":{"rendered":"V\u00e9rin de godet pour petite pelle Hyundai R60-7-9"},"content":{"rendered":"<h1>V\u00e9rin de godet pour petite pelle Hyundai R60-7-9<\/h1>\n<h2>Introduction<\/h2>\n<h3>D\u00e9finition du v\u00e9rin \u00e0 godet<\/h3>\n<p>Un v\u00e9rin de godet est un v\u00e9rin hydraulique sp\u00e9cialis\u00e9, con\u00e7u principalement pour contr\u00f4ler les mouvements du godet sur les engins de chantier tels que les pelles hydrauliques, les tractopelles et les chargeuses frontales. Sa fonction principale est de permettre au godet d'effectuer des op\u00e9rations de levage, d'abaissement et d'inclinaison, facilitant ainsi la manutention de mat\u00e9riaux. Au sein du syst\u00e8me hydraulique, le v\u00e9rin de godet assure un contr\u00f4le pr\u00e9cis des mouvements du godet gr\u00e2ce \u00e0 la variation de la pression d'huile hydraulique, permettant aux op\u00e9rateurs de manipuler efficacement des charges lourdes, de s'adapter \u00e0 des environnements de travail complexes et de r\u00e9pondre \u00e0 des besoins op\u00e9rationnels vari\u00e9s.<\/p>\n<p><img decoding=\"async\" src=\"https:\/\/www.hydraulic-cylinders.net\/wp-content\/uploads\/2025\/01\/songte-company-2.webp\" alt=\"Image du cylindre du godet\"><\/p>\n<h3>Caract\u00e9ristiques du v\u00e9rin \u00e0 godet<\/h3>\n<ul>\n<li><strong>Haute r\u00e9sistance et durabilit\u00e9 :<\/strong> Fabriqu\u00e9 g\u00e9n\u00e9ralement en acier haute r\u00e9sistance ou en aluminium, il supporte les hautes pressions et les charges importantes, s'adaptant ainsi aux conditions de travail difficiles. Sa conception assure une r\u00e9sistance \u00e0 l'usure et \u00e0 la corrosion, prolongeant sa dur\u00e9e de vie.<\/li>\n<li><strong>Fonctionnement hydraulique efficace :<\/strong> Utilisant la pression de l'huile hydraulique pour assurer une extension et une r\u00e9traction fluides, il peut r\u00e9pondre rapidement aux commandes, fournissant une force de pouss\u00e9e et de traction puissante, adapt\u00e9e \u00e0 la manutention de charges lourdes et \u00e0 des t\u00e2ches op\u00e9rationnelles complexes.<\/li>\n<li><strong>Diff\u00e9rents types :<\/strong> Les v\u00e9rins \u00e0 simple effet (fonctionnant dans un seul sens) ou \u00e0 double effet (fonctionnant dans les deux sens) peuvent \u00eatre s\u00e9lectionn\u00e9s en fonction des besoins pour r\u00e9pondre aux diff\u00e9rentes exigences op\u00e9rationnelles. Certains mod\u00e8les sont t\u00e9lescopiques, permettant une plus grande extension sans augmenter les dimensions ext\u00e9rieures, ce qui les rend adapt\u00e9s aux applications dans des espaces restreints.<\/li>\n<li><strong>Remplacement facile\u00a0:<\/strong> Notre produit peut parfaitement remplacer ces v\u00e9rins hydrauliques.<\/li>\n<\/ul>\n<p><img decoding=\"async\" src=\"https:\/\/www.hydraulic-cylinders.net\/wp-content\/uploads\/2025\/01\/songte-cylinder-head-with-all-kinds-excavator-models.webp\" alt=\"Image de remplacement du v\u00e9rin de godet\"><\/p>\n<h3>Applications du v\u00e9rin \u00e0 godet<\/h3>\n<p>Le v\u00e9rin \u00e0 godet trouve de nombreuses applications dans diverses machines, notamment\u00a0:<\/p>\n<ul>\n<li><strong>\u00c9quipement de construction :<\/strong> Sur les excavatrices, ils sont indispensables pour creuser, charger et d\u00e9placer la terre ou les d\u00e9bris. Sur les pelles r\u00e9trocaveuses, le v\u00e9rin du godet sert \u00e0 la fois au creusement et au levage. <\/li>\n<li><strong>Machines agricoles :<\/strong> Utilis\u00e9 sur les chargeuses frontales pour creuser, soulever et transporter de la terre, du foin et d'autres mat\u00e9riaux. <\/li>\n<li><strong>Excavateurs:<\/strong> Le v\u00e9rin du godet permet le creusement en laissant le godet p\u00e9n\u00e9trer dans le sol. <\/li>\n<li><strong>Chargeurs:<\/strong> Sur les chargeuses frontales, elles permettent de lever et de d\u00e9charger efficacement les marchandises. <\/li>\n<\/ul>\n<p>Examinons en d\u00e9tail quelques applications majeures\u00a0:<\/p>\n<h4>\u00c9quipement de construction<\/h4>\n<p>Sur les excavatrices, le v\u00e9rin de godet est indispensable pour creuser, charger et d\u00e9placer la terre ou les d\u00e9bris. Il sert non seulement au creusement, mais aussi au levage. Sur les pelles r\u00e9tro, le v\u00e9rin de godet permet de man\u0153uvrer le godet de creusement et de le lever.<\/p>\n<h4>machines agricoles<\/h4>\n<p>Le v\u00e9rin du godet joue un r\u00f4le important dans diff\u00e9rentes machines agricoles. Sur les chargeuses frontales, il permet de creuser, de soulever et de transporter la terre, le foin et d'autres mat\u00e9riaux. Les chargeuses agricoles servent au transport de mati\u00e8res premi\u00e8res dans les exploitations, comme le fumier, l'alimentation animale et la terre. <\/p>\n<h4>Excavateurs<\/h4>\n<p>Sur les excavatrices, le v\u00e9rin du godet permet \u00e0 celui-ci de p\u00e9n\u00e9trer dans le sol, puis il est utilis\u00e9 pour soulever la terre et les mat\u00e9riaux rocheux. <\/p>\n<h4>Chargeurs<\/h4>\n<p>Sur les chargeuses, le v\u00e9rin du godet sert \u00e0 lever et \u00e0 d\u00e9charger efficacement les marchandises. <\/p>\n<h3>Consid\u00e9rations de conception et crit\u00e8res de s\u00e9lection<\/h3>\n<p>Les v\u00e9rins de godet sont des \u00e9l\u00e9ments essentiels des engins lourds et leur s\u00e9lection requiert une attention particuli\u00e8re. Lors du choix d'un v\u00e9rin de godet, il est imp\u00e9ratif de prendre en compte des facteurs tels que la capacit\u00e9 de charge, l'\u00e9tanch\u00e9it\u00e9, la durabilit\u00e9, la s\u00e9curit\u00e9 et la facilit\u00e9 d'entretien. Voici quelques crit\u00e8res de conception et de s\u00e9lection\u00a0:<\/p>\n<ul>\n<li><strong>Capacit\u00e9 de charge :<\/strong> Le v\u00e9rin du godet doit avoir la capacit\u00e9 appropri\u00e9e pour soulever et d\u00e9placer les charges requises. Il doit \u00eatre con\u00e7u pour r\u00e9sister aux chocs et aux contraintes des charges lourdes et pour maintenir sa stabilit\u00e9 en fonctionnement.<\/li>\n<li><strong>Scellage:<\/strong> Le cylindre doit \u00eatre \u00e9tanche pour \u00e9viter les fuites et garantir un fonctionnement optimal. Diff\u00e9rents composants d'\u00e9tanch\u00e9it\u00e9, tels que les joints de piston et les joints de tige, fabriqu\u00e9s dans des mat\u00e9riaux r\u00e9sistants \u00e0 l'usure comme le polyur\u00e9thane et le caoutchouc nitrile, doivent \u00eatre utilis\u00e9s pour assurer sa durabilit\u00e9. <\/li>\n<li><strong>Durabilit\u00e9:<\/strong> Le v\u00e9rin du godet doit \u00eatre con\u00e7u pour r\u00e9sister aux conditions d'utilisation difficiles des engins lourds. Sa surface doit \u00eatre trait\u00e9e afin d'accro\u00eetre sa r\u00e9sistance \u00e0 l'usure et \u00e0 la corrosion, et ainsi prolonger sa dur\u00e9e de vie. <\/li>\n<li><strong>S\u00e9curit\u00e9:<\/strong> La s\u00e9curit\u00e9 est un crit\u00e8re essentiel lors du choix d'un v\u00e9rin de godet. Ce dernier doit \u00eatre con\u00e7u pour pr\u00e9venir les accidents, tels que les d\u00e9faillances soudaines et les fuites, qui peuvent blesser les op\u00e9rateurs et endommager la machine. <\/li>\n<li><strong>Maintenabilit\u00e9 :<\/strong> Le v\u00e9rin du godet doit \u00eatre con\u00e7u pour faciliter la maintenance. Ses composants doivent \u00eatre facilement accessibles et rempla\u00e7ables, et les proc\u00e9dures de maintenance doivent \u00eatre clairement d\u00e9finies. <\/li>\n<\/ul>\n<p><img decoding=\"async\" src=\"https:\/\/www.hydraulic-cylinders.net\/wp-content\/uploads\/2025\/01\/songte-oil-pipes-and-spare-parts.webp\" alt=\"Image de conception du cylindre de godet\"><\/p>\n<h3>\u00c9tanch\u00e9it\u00e9 et lubrification du v\u00e9rin du godet<\/h3>\n<p>L'\u00e9tanch\u00e9it\u00e9 et la lubrification sont essentielles au bon fonctionnement du v\u00e9rin de godet. Divers composants d'\u00e9tanch\u00e9it\u00e9, tels que les joints de piston et les joints de tige, fabriqu\u00e9s dans des mat\u00e9riaux r\u00e9sistants \u00e0 l'usure comme le polyur\u00e9thane et le caoutchouc nitrile, doivent \u00eatre utilis\u00e9s pour garantir la durabilit\u00e9 du v\u00e9rin. La surface du v\u00e9rin doit \u00eatre trait\u00e9e afin d'accro\u00eetre sa r\u00e9sistance \u00e0 l'usure et \u00e0 la corrosion, et ainsi prolonger sa dur\u00e9e de vie. Une lubrification r\u00e9guli\u00e8re du v\u00e9rin avec l'huile hydraulique appropri\u00e9e est indispensable pour assurer un fonctionnement optimal et pr\u00e9venir tout dommage.<\/p>\n<h3>Mesures d'inspection r\u00e9guli\u00e8re et de maintenance pr\u00e9ventive<\/h3>\n<p>Le v\u00e9rin du godet n\u00e9cessite une inspection et un entretien r\u00e9guliers pour garantir un fonctionnement s\u00fbr et efficace. Voici quelques mesures d'entretien pr\u00e9ventif\u00a0:<\/p>\n<ul>\n<li><strong>Inspection r\u00e9guli\u00e8re :<\/strong> Le v\u00e9rin du godet doit \u00eatre inspect\u00e9 r\u00e9guli\u00e8rement afin de d\u00e9tecter toute usure ou tout dommage. Les composants du v\u00e9rin, tels que les joints de piston, les joints de tige et le corps du v\u00e9rin, doivent \u00eatre v\u00e9rifi\u00e9s au moins une fois par an afin de d\u00e9celer toute fuite ou usure. <\/li>\n<li><strong>Lubrification ad\u00e9quate :<\/strong> Le v\u00e9rin du godet doit \u00eatre lubrifi\u00e9 r\u00e9guli\u00e8rement avec l'huile hydraulique appropri\u00e9e afin d'assurer un fonctionnement fluide et d'\u00e9viter tout dommage. <\/li>\n<li><strong>Remplacement du joint :<\/strong> Les joints doivent \u00eatre remplac\u00e9s \u00e0 intervalles r\u00e9guliers afin d'\u00e9viter les fuites et d'assurer un bon fonctionnement. <\/li>\n<li><strong>V\u00e9rification de l'\u00e9talonnage\u00a0:<\/strong> Le v\u00e9rin du godet doit \u00eatre calibr\u00e9 r\u00e9guli\u00e8rement pour garantir un fonctionnement pr\u00e9cis. <\/li>\n<\/ul>\n<p>Une installation correcte est essentielle au bon fonctionnement et \u00e0 la s\u00e9curit\u00e9 du v\u00e9rin de godet. Le v\u00e9rin doit \u00eatre correctement align\u00e9 et des supports de fixation appropri\u00e9s doivent \u00eatre utilis\u00e9s pour le maintenir en place. Il convient de suivre les proc\u00e9dures recommand\u00e9es d'inspection, de r\u00e9paration et de remplacement afin d'optimiser la dur\u00e9e de vie du v\u00e9rin. <\/p>\n<p><img decoding=\"async\" src=\"https:\/\/www.hydraulic-cylinders.net\/wp-content\/uploads\/2025\/01\/songte-chushion-collar.webp\" alt=\"Image d&#039;entretien du v\u00e9rin de godet\"><\/p>\n<h3>Consid\u00e9rations relatives \u00e0 la s\u00e9curit\u00e9 et \u00e0 l'environnement<\/h3>\n<p>La s\u00e9curit\u00e9 est primordiale lors de l'utilisation de v\u00e9rins de godet. Les op\u00e9rateurs doivent respecter les consignes et les instructions lorsqu'ils manipulent des engins lourds \u00e9quip\u00e9s de v\u00e9rins de godet. Il convient \u00e9galement de tenir compte des aspects environnementaux, tels que la pr\u00e9vention des rejets d'huile et l'\u00e9limination appropri\u00e9e de l'huile hydraulique usag\u00e9e. <\/p>\n<h3>Diagnostic des pannes et probl\u00e8mes courants<\/h3>\n<p>Parmi les probl\u00e8mes courants rencontr\u00e9s avec les v\u00e9rins de godet, on peut citer les fuites d'\u00e9tanch\u00e9it\u00e9, les dommages \u00e0 la tige et l'usure g\u00e9n\u00e9rale. Pour diagnostiquer ces probl\u00e8mes, les op\u00e9rateurs doivent proc\u00e9der \u00e0 une inspection visuelle du v\u00e9rin et effectuer un test de pression. Si le v\u00e9rin est endommag\u00e9, il doit \u00eatre r\u00e9par\u00e9 ou remplac\u00e9 imm\u00e9diatement afin d'\u00e9viter d'autres dommages et de garantir une utilisation en toute s\u00e9curit\u00e9.<\/p>\n<h3>Conclusion<\/h3>\n<p>Les v\u00e9rins de godet sont des composants essentiels des engins lourds, permettant une manutention et un d\u00e9placement efficaces des mat\u00e9riaux. Notre entreprise propose une vaste gamme de v\u00e9rins hydrauliques de remplacement d'excellente qualit\u00e9, robustes et assortis de services personnalis\u00e9s. Nous nous engageons \u00e0 fournir des produits et services de haute qualit\u00e9, gr\u00e2ce \u00e0 un atelier de fabrication sophistiqu\u00e9, des \u00e9quipements de production modernes et des syst\u00e8mes de contr\u00f4le professionnels. Nous appliquons les principes de haute efficacit\u00e9, de haute pr\u00e9cision et de haute qualit\u00e9 afin de r\u00e9pondre aux besoins vari\u00e9s de nos clients. <\/p>\n<p><img decoding=\"async\" src=\"https:\/\/hzpt.com\/wp-content\/uploads\/2024\/11\/songte-company-1.webp\" alt=\"Image de l&#039;entreprise\"><\/p>\n<h3>\u00c0 propos de l'auteur<\/h3>\n<p>Auteur : lyl<\/p>","protected":false},"excerpt":{"rendered":"<p>Bucket Cylinder For Hyundai Small Excavator R60-7-9 Introduction Defining Bucket Cylinder A bucket cylinder is a specialized hydraulic cylinder designed primarily to control the movement of a bucket in heavy machinery such as excavators, backhoes, and front loaders. Its main function is to enable the bucket to perform lifting, lowering, and tilting, making it easier [&hellip;]<\/p>","protected":false},"featured_media":14765,"comment_status":"open","ping_status":"closed","template":"","meta":{"_et_pb_use_builder":"","_et_pb_old_content":"","_et_gb_content_width":""},"product_brand":[],"product_cat":[1494],"product_tag":[1495,1496],"class_list":{"0":"post-15309","1":"product","2":"type-product","3":"status-publish","4":"has-post-thumbnail","6":"product_cat-bucket-cylinders","7":"product_tag-bucket-cylinders","8":"product_tag-hydraulic-cylinders","10":"first","11":"instock","12":"shipping-taxable","13":"product-type-simple"},"amp_enabled":true,"_links":{"self":[{"href":"https:\/\/www.hydraulic-cylinders.net\/fr\/wp-json\/wp\/v2\/product\/15309","targetHints":{"allow":["GET"]}}],"collection":[{"href":"https:\/\/www.hydraulic-cylinders.net\/fr\/wp-json\/wp\/v2\/product"}],"about":[{"href":"https:\/\/www.hydraulic-cylinders.net\/fr\/wp-json\/wp\/v2\/types\/product"}],"replies":[{"embeddable":true,"href":"https:\/\/www.hydraulic-cylinders.net\/fr\/wp-json\/wp\/v2\/comments?post=15309"}],"wp:featuredmedia":[{"embeddable":true,"href":"https:\/\/www.hydraulic-cylinders.net\/fr\/wp-json\/wp\/v2\/media\/14765"}],"wp:attachment":[{"href":"https:\/\/www.hydraulic-cylinders.net\/fr\/wp-json\/wp\/v2\/media?parent=15309"}],"wp:term":[{"taxonomy":"product_brand","embeddable":true,"href":"https:\/\/www.hydraulic-cylinders.net\/fr\/wp-json\/wp\/v2\/product_brand?post=15309"},{"taxonomy":"product_cat","embeddable":true,"href":"https:\/\/www.hydraulic-cylinders.net\/fr\/wp-json\/wp\/v2\/product_cat?post=15309"},{"taxonomy":"product_tag","embeddable":true,"href":"https:\/\/www.hydraulic-cylinders.net\/fr\/wp-json\/wp\/v2\/product_tag?post=15309"}],"curies":[{"name":"wp","href":"https:\/\/api.w.org\/{rel}","templated":true}]}}