{"id":15313,"date":"2025-01-19T14:22:24","date_gmt":"2025-01-19T14:22:24","guid":{"rendered":"https:\/\/www.hydraulic-cylinders.net\/product\/bucket-cylinder-for-hyundai-middle-excavator-r200-5-5d\/"},"modified":"2025-01-19T14:22:26","modified_gmt":"2025-01-19T14:22:26","slug":"bucket-cylinder-for-hyundai-middle-excavator-r200-5-5d","status":"publish","type":"product","link":"https:\/\/www.hydraulic-cylinders.net\/fr\/produit\/bucket-cylinder-for-hyundai-middle-excavator-r200-5-5d\/","title":{"rendered":"V\u00e9rin de godet pour pelle hydraulique moyenne Hyundai R200-5-5D"},"content":{"rendered":"<h1>V\u00e9rin de godet pour pelle hydraulique moyenne Hyundai R200-5-5D<\/h1>\n<h2>Introduction<\/h2>\n<p>Un v\u00e9rin de godet est un v\u00e9rin hydraulique sp\u00e9cialement con\u00e7u pour contr\u00f4ler les mouvements du godet sur les engins de chantier tels que les pelles hydrauliques, les chargeuses-pelleteuses et les chargeuses frontales. Sa fonction principale est de permettre la lev\u00e9e, l'abaissement et l'inclinaison du godet, facilitant ainsi le transport de divers mat\u00e9riaux. Au sein du syst\u00e8me hydraulique, le v\u00e9rin de godet assure un contr\u00f4le pr\u00e9cis des mouvements du godet gr\u00e2ce aux variations de pression de l'huile hydraulique, permettant aux op\u00e9rateurs de manipuler efficacement des mat\u00e9riaux lourds, de s'adapter \u00e0 des environnements de travail complexes et \u00e0 des exigences op\u00e9rationnelles vari\u00e9es.<\/p>\n<p><img decoding=\"async\" src=\"https:\/\/www.hydraulic-cylinders.net\/wp-content\/uploads\/2025\/01\/songte-company-2.webp\"><\/p>\n<h2>Caract\u00e9ristiques<\/h2>\n<ul>\n<li>Haute r\u00e9sistance et durabilit\u00e9 : g\u00e9n\u00e9ralement fabriqu\u00e9 en acier ou en aluminium \u00e0 haute r\u00e9sistance, il peut supporter une pression \u00e9lev\u00e9e et des charges importantes, s'adapter aux environnements de travail difficiles et est con\u00e7u pour r\u00e9sister \u00e0 l'usure et \u00e0 la corrosion afin d'allonger sa dur\u00e9e de vie.<\/li>\n<li>Fonctionnement hydraulique efficace : utilise la pression de l'huile hydraulique pour obtenir des mouvements d'extension et de contraction fluides, peut r\u00e9pondre rapidement aux commandes, fournit des forces de pouss\u00e9e et de traction puissantes et convient \u00e0 la manutention de mat\u00e9riaux lourds et aux t\u00e2ches op\u00e9rationnelles complexes.<\/li>\n<li>Diff\u00e9rents types sont disponibles\u00a0: vous pouvez choisir des v\u00e9rins simple effet (actionnement hydraulique dans un seul sens) ou double effet (actionnement hydraulique dans les deux sens) selon vos besoins op\u00e9rationnels. Certains mod\u00e8les sont t\u00e9lescopiques, ce qui permet une plus grande extension sans augmenter l\u2019encombrement et convient aux applications o\u00f9 l\u2019espace est limit\u00e9.<\/li>\n<li>Facile \u00e0 installer : notre produit remplace parfaitement ces v\u00e9rins hydrauliques.<\/li>\n<\/ul>\n<p><img decoding=\"async\" src=\"https:\/\/www.hydraulic-cylinders.net\/wp-content\/uploads\/2025\/01\/songte-cylinder-head-with-all-kinds-excavator-models.webp\"><\/p>\n<h2>Applications<\/h2>\n<p>Le v\u00e9rin \u00e0 godet est largement utilis\u00e9 dans diverses machines lourdes telles que\u00a0:<\/p>\n<ul>\n<li>Mat\u00e9riel de construction\u00a0: Dans les excavatrices, ils sont indispensables pour creuser, charger et d\u00e9placer la terre ou les d\u00e9bris. Dans les pelles r\u00e9trocaveuses, ils facilitent le creusement et le levage. <\/li>\n<li>Machines agricoles : Utilis\u00e9es dans les chargeuses frontales pour ramasser, soulever et transporter la terre, le foin et autres mat\u00e9riaux. <\/li>\n<li>Excavatrices : Le v\u00e9rin du godet permet l'excavation en permettant au godet de p\u00e9n\u00e9trer dans le sol. <\/li>\n<li>Chargeuses : Sur les chargeuses frontales, elles permettent de lever et de d\u00e9charger efficacement les marchandises.<\/li>\n<\/ul>\n<h2>Consid\u00e9rations de conception et normes de s\u00e9lection<\/h2>\n<ul>\n<li>Capacit\u00e9 de charge : Le cylindre doit \u00eatre con\u00e7u pour r\u00e9sister \u00e0 la charge et \u00e0 la pression maximales.<\/li>\n<li>\u00c9tanch\u00e9it\u00e9 : Les diff\u00e9rents composants d'\u00e9tanch\u00e9it\u00e9, tels que les joints de piston, les joints de tige, etc., doivent \u00eatre fabriqu\u00e9s \u00e0 partir de mat\u00e9riaux r\u00e9sistants \u00e0 l'usure afin de garantir une \u00e9tanch\u00e9it\u00e9 durable dans des environnements difficiles.<\/li>\n<li>Durabilit\u00e9 : Le cylindre doit \u00eatre con\u00e7u pour r\u00e9sister aux contraintes de fatigue et \u00e0 l'usure dues \u00e0 une utilisation prolong\u00e9e.<\/li>\n<li>S\u00e9curit\u00e9 : Le syst\u00e8me hydraulique doit \u00eatre con\u00e7u pour pr\u00e9venir les accidents et garantir la s\u00e9curit\u00e9 de l'op\u00e9rateur.<\/li>\n<li>Maintenance : Le cylindre doit \u00eatre con\u00e7u de mani\u00e8re \u00e0 faciliter la maintenance, notamment le d\u00e9montage, le remontage et le remplacement des composants endommag\u00e9s.<\/li>\n<\/ul>\n<p><img decoding=\"async\" src=\"https:\/\/www.hydraulic-cylinders.net\/wp-content\/uploads\/2025\/01\/songte-oil-pipes-and-spare-parts.webp\"><\/p>\n<h2>\u00c9tanch\u00e9it\u00e9 et lubrification<\/h2>\n<p>Divers composants d'\u00e9tanch\u00e9it\u00e9, tels que les joints de piston et de tige, doivent \u00eatre fabriqu\u00e9s en mat\u00e9riaux r\u00e9sistants \u00e0 l'usure afin de garantir une \u00e9tanch\u00e9it\u00e9 durable m\u00eame en environnements difficiles. Le corps du cylindre et la surface d'extr\u00e9mit\u00e9 filet\u00e9e sont usin\u00e9s avec pr\u00e9cision pour une meilleure r\u00e9sistance \u00e0 l'usure. Un apport r\u00e9gulier d'huile hydraulique est n\u00e9cessaire pour la lubrification.<\/p>\n<h2>Entretien et pr\u00e9cautions<\/h2>\n<ul>\n<li>Inspection r\u00e9guli\u00e8re : Une inspection r\u00e9guli\u00e8re du cylindre permet de pr\u00e9venir d'\u00e9ventuels probl\u00e8mes.<\/li>\n<li>Lubrification ad\u00e9quate\u00a0: Une lubrification appropri\u00e9e permet de maintenir les performances du cylindre.<\/li>\n<li>Remplacement des joints : Le remplacement r\u00e9gulier des joints peut am\u00e9liorer l'\u00e9tanch\u00e9it\u00e9 du cylindre. <\/li>\n<li>Contr\u00f4le d'\u00e9talonnage\u00a0: Le cylindre doit \u00eatre \u00e9talonn\u00e9 r\u00e9guli\u00e8rement afin de garantir sa pr\u00e9cision.<\/li>\n<\/ul>\n<p><img decoding=\"async\" src=\"https:\/\/www.hydraulic-cylinders.net\/wp-content\/uploads\/2025\/01\/songte-chushion-collar.webp\"><\/p>\n<h2>Consid\u00e9rations de s\u00e9curit\u00e9 et facteurs environnementaux<\/h2>\n<p>Le respect des consignes de s\u00e9curit\u00e9 est essentiel lors de l'utilisation de v\u00e9rins hydrauliques afin de pr\u00e9venir les accidents. L'\u00e9limination appropri\u00e9e des fluides hydrauliques et autres d\u00e9chets est \u00e9galement n\u00e9cessaire pour prot\u00e9ger l'environnement.<\/p>\n<h2>Diagnostic et d\u00e9pannage<\/h2>\n<p>Un dysfonctionnement du cylindre peut entra\u00eener une baisse de performance, voire des accidents. Un diagnostic et un d\u00e9pannage appropri\u00e9s permettent de r\u00e9soudre ces probl\u00e8mes.<\/p>\n<h2>\u00c0 propos de notre entreprise<\/h2>\n<p>Nous sommes un fabricant de v\u00e9rins hydrauliques de remplacement. Notre entreprise propose une large gamme de produits et s'est impos\u00e9e comme l'un des principaux fabricants et grossistes de v\u00e9rins hydrauliques sur les march\u00e9s nationaux et internationaux. Nous privil\u00e9gions l'excellence et nous appuyons sur une strat\u00e9gie de gestion de production industrialis\u00e9e au sein d'ateliers de fabrication de pointe. Notre entreprise am\u00e9liore constamment ses installations de production, optimise le processus de contr\u00f4le qualit\u00e9 de ses produits et dispose d'une forte capacit\u00e9 d'innovation pour r\u00e9pondre aux besoins vari\u00e9s de ses clients avec efficacit\u00e9, pr\u00e9cision et qualit\u00e9. <\/p>\n<ul>\n<li>Professionnalisme : Nous employons une \u00e9quipe de professionnels exp\u00e9riment\u00e9s qui se consacrent \u00e0 la production de v\u00e9rins hydrauliques de haute qualit\u00e9.<\/li>\n<li>Certification internationale\u00a0: Nos produits ont obtenu des certifications de qualit\u00e9 internationales et ont \u00e9t\u00e9 export\u00e9s vers de nombreux pays et r\u00e9gions du monde entier.<\/li>\n<li>Services de personnalisation\u00a0: Nous proposons des services personnalis\u00e9s pour r\u00e9pondre aux besoins individuels de chaque client.<\/li>\n<li>\u00c9quipements de production : Nous utilisons des \u00e9quipements de fabrication num\u00e9rique de pointe pour garantir la qualit\u00e9 et l'efficacit\u00e9 de notre processus de production.<\/li>\n<li>Service apr\u00e8s-vente : Nous offrons un service apr\u00e8s-vente complet afin de garantir la satisfaction de nos clients.<\/li>\n<\/ul>\n<p><img decoding=\"async\" src=\"https:\/\/www.hydraulic-cylinders.net\/wp-content\/uploads\/2025\/01\/songte-company-3.webp\"><\/p>\n<p>Auteur : lyl.<\/p>","protected":false},"excerpt":{"rendered":"<p>Bucket Cylinder for Hyundai Middle Excavator R200-5-5D Introduction A bucket cylinder is a specially designed hydraulic cylinder used to control the movement of the bucket in heavy machinery like excavators, backhoe excavators, and front-end loaders. Its main function is to enable the bucket to lift, lower, and tilt, making it easier to transport various materials. [&hellip;]<\/p>","protected":false},"featured_media":14788,"comment_status":"open","ping_status":"closed","template":"","meta":{"_et_pb_use_builder":"","_et_pb_old_content":"","_et_gb_content_width":""},"product_brand":[],"product_cat":[1494],"product_tag":[1495,1496],"class_list":{"0":"post-15313","1":"product","2":"type-product","3":"status-publish","4":"has-post-thumbnail","6":"product_cat-bucket-cylinders","7":"product_tag-bucket-cylinders","8":"product_tag-hydraulic-cylinders","10":"first","11":"instock","12":"shipping-taxable","13":"product-type-simple"},"amp_enabled":true,"_links":{"self":[{"href":"https:\/\/www.hydraulic-cylinders.net\/fr\/wp-json\/wp\/v2\/product\/15313","targetHints":{"allow":["GET"]}}],"collection":[{"href":"https:\/\/www.hydraulic-cylinders.net\/fr\/wp-json\/wp\/v2\/product"}],"about":[{"href":"https:\/\/www.hydraulic-cylinders.net\/fr\/wp-json\/wp\/v2\/types\/product"}],"replies":[{"embeddable":true,"href":"https:\/\/www.hydraulic-cylinders.net\/fr\/wp-json\/wp\/v2\/comments?post=15313"}],"wp:featuredmedia":[{"embeddable":true,"href":"https:\/\/www.hydraulic-cylinders.net\/fr\/wp-json\/wp\/v2\/media\/14788"}],"wp:attachment":[{"href":"https:\/\/www.hydraulic-cylinders.net\/fr\/wp-json\/wp\/v2\/media?parent=15313"}],"wp:term":[{"taxonomy":"product_brand","embeddable":true,"href":"https:\/\/www.hydraulic-cylinders.net\/fr\/wp-json\/wp\/v2\/product_brand?post=15313"},{"taxonomy":"product_cat","embeddable":true,"href":"https:\/\/www.hydraulic-cylinders.net\/fr\/wp-json\/wp\/v2\/product_cat?post=15313"},{"taxonomy":"product_tag","embeddable":true,"href":"https:\/\/www.hydraulic-cylinders.net\/fr\/wp-json\/wp\/v2\/product_tag?post=15313"}],"curies":[{"name":"wp","href":"https:\/\/api.w.org\/{rel}","templated":true}]}}