{"id":15314,"date":"2025-01-19T14:22:28","date_gmt":"2025-01-19T14:22:28","guid":{"rendered":"https:\/\/www.hydraulic-cylinders.net\/product\/bucket-cylinder-for-hyundai-middle-excavator-r210-5d\/"},"modified":"2025-01-19T14:22:29","modified_gmt":"2025-01-19T14:22:29","slug":"bucket-cylinder-for-hyundai-middle-excavator-r210-5d","status":"publish","type":"product","link":"https:\/\/www.hydraulic-cylinders.net\/fr\/produit\/bucket-cylinder-for-hyundai-middle-excavator-r210-5d\/","title":{"rendered":"V\u00e9rin de godet pour pelle hydraulique moyenne Hyundai R210-5D"},"content":{"rendered":"<h1>V\u00e9rin de godet pour pelle hydraulique moyenne Hyundai R210-5D<\/h1>\n<h2>Introduction<\/h2>\n<p>Un v\u00e9rin de godet est un v\u00e9rin hydraulique sp\u00e9cialement con\u00e7u pour contr\u00f4ler les mouvements du godet sur les engins de chantier tels que les pelles hydrauliques, les chargeuses-pelleteuses et les chargeuses frontales. Sa fonction principale est de permettre la lev\u00e9e, l'abaissement et l'inclinaison du godet, facilitant ainsi diverses op\u00e9rations de manutention. Au sein du syst\u00e8me hydraulique, le v\u00e9rin de godet assure un contr\u00f4le pr\u00e9cis du godet en modulant la pression de l'huile hydraulique, permettant aux op\u00e9rateurs de manipuler efficacement des charges lourdes et de s'adapter \u00e0 des environnements de travail complexes et \u00e0 des exigences op\u00e9rationnelles vari\u00e9es.<\/p>\n<p><img decoding=\"async\" src=\"https:\/\/www.hydraulic-cylinders.net\/wp-content\/uploads\/2025\/01\/songte-company-2.webp\" \/><\/p>\n<h2>Caract\u00e9ristiques<\/h2>\n<ul>\n<li>\n<h3>Haute r\u00e9sistance et durabilit\u00e9<\/h3>\n<p>Les v\u00e9rins de godet sont g\u00e9n\u00e9ralement fabriqu\u00e9s en acier ou en aluminium \u00e0 haute r\u00e9sistance, capables de supporter une pression \u00e9lev\u00e9e et des charges importantes, et con\u00e7us pour r\u00e9sister \u00e0 l'usure et \u00e0 la corrosion afin de prolonger leur dur\u00e9e de vie.<\/p>\n<\/li>\n<li>\n<h3>Fonctionnement hydraulique efficace<\/h3>\n<p>Les v\u00e9rins de godet utilisent la pression de l'huile hydraulique pour assurer une extension et une contraction fluides, r\u00e9pondre rapidement aux commandes, fournir des forces de pouss\u00e9e et de traction puissantes et sont id\u00e9aux pour la manutention d'objets lourds et les t\u00e2ches op\u00e9rationnelles complexes.<\/p>\n<\/li>\n<li>\n<h3>Divers types<\/h3>\n<p>Les v\u00e9rins de godet peuvent \u00eatre choisis en version simple effet (actionnement hydraulique dans un seul sens) ou double effet (actionnement hydraulique dans les deux sens), selon les besoins op\u00e9rationnels. Certains mod\u00e8les sont t\u00e9lescopiques, ce qui permet une plus grande extension sans augmenter les dimensions ext\u00e9rieures et convient aux applications o\u00f9 l'espace est limit\u00e9.<\/p>\n<\/li>\n<li>\n<h3>Remplacement parfait<\/h3>\n<p>Nos produits peuvent parfaitement remplacer ces v\u00e9rins hydrauliques.<\/p>\n<\/li>\n<\/ul>\n<p><img decoding=\"async\" src=\"https:\/\/www.hydraulic-cylinders.net\/wp-content\/uploads\/2025\/01\/songte-cylinder-head-with-all-kinds-excavator-models.webp\" \/><\/p>\n<h2>Applications<\/h2>\n<p>Les v\u00e9rins \u00e0 godet sont largement utilis\u00e9s dans diverses industries \u00e0 des fins diff\u00e9rentes, notamment\u00a0:<\/p>\n<ul>\n<li>\n<h3>Mat\u00e9riel de construction<\/h3>\n<p>Les v\u00e9rins de godet sont indispensables aux excavatrices pour creuser, charger et d\u00e9placer la terre ou les d\u00e9bris. Sur les chargeuses-pelleteuses, ils servent \u00e0 la fois au creusement et au levage.<\/p>\n<\/li>\n<li>\n<h3>machines agricoles<\/h3>\n<p>Les v\u00e9rins de godet servent, sur les chargeuses frontales, \u00e0 ramasser, soulever et transporter la terre, le foin et autres mat\u00e9riaux. Sur les pelles hydrauliques, le v\u00e9rin de godet permet de creuser en autorisant le godet \u00e0 p\u00e9n\u00e9trer dans le sol.<\/p>\n<\/li>\n<li>\n<h3>Chargeur<\/h3>\n<p>Les v\u00e9rins de godet permettent de lever et de d\u00e9charger efficacement les marchandises dans les chargeuses frontales.<\/p>\n<\/li>\n<\/ul>\n<h2>Consid\u00e9rations de conception et crit\u00e8res de s\u00e9lection<\/h2>\n<ul>\n<li>\n<h3>capacit\u00e9 de charge<\/h3>\n<p>Le cylindre doit \u00eatre con\u00e7u pour r\u00e9sister \u00e0 des charges et \u00e0 une pression \u00e9lev\u00e9es, et les mat\u00e9riaux utilis\u00e9s doivent \u00eatre extr\u00eamement durables et r\u00e9sistants \u00e0 l'usure et \u00e0 la corrosion.<\/p>\n<\/li>\n<li>\n<h3>\u00c9tanch\u00e9it\u00e9 et lubrification<\/h3>\n<p>Le v\u00e9rin doit \u00eatre \u00e9quip\u00e9 de diff\u00e9rents joints, tels que des bagues d'\u00e9tanch\u00e9it\u00e9 de piston et de tige, fabriqu\u00e9s dans des mat\u00e9riaux r\u00e9sistants \u00e0 l'usure comme le polyur\u00e9thane et le caoutchouc nitrile. Le corps du v\u00e9rin et les surfaces d'extr\u00e9mit\u00e9 du filetage doivent subir un traitement de surface afin d'am\u00e9liorer sa r\u00e9sistance \u00e0 l'usure. Une quantit\u00e9 suffisante d'huile hydraulique doit \u00eatre ajout\u00e9e r\u00e9guli\u00e8rement pour assurer la lubrification.<\/p>\n<\/li>\n<li>\n<h3>Durabilit\u00e9 et s\u00e9curit\u00e9<\/h3>\n<p>Le cylindre doit \u00eatre con\u00e7u en tenant compte des normes de s\u00e9curit\u00e9, notamment par l'int\u00e9gration de soupapes de d\u00e9charge de pression. Un entretien r\u00e9gulier et des inspections p\u00e9riodiques sont indispensables pour garantir sa durabilit\u00e9 et sa s\u00e9curit\u00e9.<\/p>\n<\/li>\n<\/ul>\n<p><img decoding=\"async\" src=\"https:\/\/www.hydraulic-cylinders.net\/wp-content\/uploads\/2025\/01\/songte-oil-pipes-and-spare-parts.webp\" \/><\/p>\n<h2>Entretien et r\u00e9paration<\/h2>\n<p>Un entretien r\u00e9gulier et une lubrification appropri\u00e9e sont n\u00e9cessaires pour assurer la long\u00e9vit\u00e9 des v\u00e9rins de godet. Les t\u00e2ches d'entretien courantes comprennent\u00a0:<\/p>\n<ul>\n<li>\n<h3>Inspection p\u00e9riodique<\/h3>\n<p>Inspecter r\u00e9guli\u00e8rement le cylindre pour assurer son bon fonctionnement et d\u00e9tecter tout probl\u00e8me potentiel.<\/p>\n<\/li>\n<li>\n<h3>Lubrification<\/h3>\n<p>Ajouter r\u00e9guli\u00e8rement la quantit\u00e9 appropri\u00e9e d'huile hydraulique pour assurer une lubrification correcte du cylindre.<\/p>\n<\/li>\n<li>\n<h3>remplacement du joint<\/h3>\n<p>Replacing seals, such as piston sealing rings and rod sealing rings, when necessary to maintain the cylinder&#8217;s integrity.<\/p>\n<\/li>\n<li>\n<h3>V\u00e9rification de l'\u00e9talonnage<\/h3>\n<p>V\u00e9rifier p\u00e9riodiquement le calibrage du cylindre pour s'assurer de son bon fonctionnement.<\/p>\n<\/li>\n<\/ul>\n<p><img decoding=\"async\" src=\"https:\/\/www.hydraulic-cylinders.net\/wp-content\/uploads\/2025\/01\/songte-chushion-collar.webp\" \/><\/p>\n<h2>Consid\u00e9rations relatives \u00e0 la s\u00e9curit\u00e9 et \u00e0 l'environnement<\/h2>\n<p>Des pr\u00e9cautions de s\u00e9curit\u00e9 doivent \u00eatre prises lors de l'utilisation de v\u00e9rins de godet afin de minimiser les risques de blessures pour les op\u00e9rateurs et les personnes pr\u00e9sentes. Il est \u00e9galement essentiel de prendre en compte les facteurs environnementaux, tels que l'\u00e9limination appropri\u00e9e des huiles hydrauliques et des joints usag\u00e9s, afin de r\u00e9duire la pollution.<\/p>\n<h2>D\u00e9pannage et probl\u00e8mes courants<\/h2>\n<p>Les probl\u00e8mes courants des v\u00e9rins de godet incluent les fuites, la lenteur de fonctionnement et la faible pression. Voici quelques conseils et solutions de d\u00e9pannage\u00a0:<\/p>\n<ul>\n<li>\n<h3>Fuite<\/h3>\n<p>V\u00e9rifiez les joints et remplacez-les si n\u00e9cessaire.<\/p>\n<\/li>\n<li>\n<h3>Fonctionnement lent<\/h3>\n<p>V\u00e9rifiez si le niveau d'huile hydraulique est suffisant et ajustez la vanne de commande si n\u00e9cessaire.<\/p>\n<\/li>\n<li>\n<h3>Basse pression<\/h3>\n<p>V\u00e9rifiez le bon fonctionnement de la pompe hydraulique et ajustez la soupape de d\u00e9charge si n\u00e9cessaire.<\/p>\n<\/li>\n<li>\n<h3>Mesures pr\u00e9ventives<\/h3>\n<p>Un entretien et une inspection r\u00e9guliers permettent de pr\u00e9venir l'apparition de probl\u00e8mes courants et d'assurer la long\u00e9vit\u00e9 du cylindre.<\/p>\n<\/li>\n<\/ul>\n<p><img decoding=\"async\" src=\"https:\/\/www.hydraulic-cylinders.net\/wp-content\/uploads\/2025\/01\/songte-bushings-with-all-kinds-of-excavator-models.webp\" \/><\/p>\n<h2>\u00c0 propos de nous<\/h2>\n<p>Nous sommes un fabricant de v\u00e9rins hydrauliques de remplacement. Notre vaste gamme de produits nous a permis de devenir l'un des principaux fabricants et grossistes de v\u00e9rins hydrauliques sur les march\u00e9s nationaux et internationaux. Nous privil\u00e9gions l'excellence et nous appuyons sur des strat\u00e9gies de gestion de production industrialis\u00e9es au sein de nos ateliers de fabrication modernes. Gr\u00e2ce \u00e0 notre expertise technique, nos \u00e9quipements de production num\u00e9riques de pointe et nos syst\u00e8mes de contr\u00f4le professionnels, notre plateforme de production ne cesse d'\u00e9voluer, perfectionnant ainsi la qualit\u00e9 de nos produits et nos processus de fabrication afin de r\u00e9pondre aux exigences vari\u00e9es de nos clients avec efficacit\u00e9, pr\u00e9cision et qualit\u00e9.<\/p>\n<h3>Professionnalisme<\/h3>\n<p>Notre entreprise s'engage \u00e0 fournir \u00e0 ses clients des produits et des solutions de v\u00e9rins hydrauliques professionnels et fiables, appuy\u00e9s par une \u00e9quipe d'ing\u00e9nieurs et de techniciens qualifi\u00e9s et exp\u00e9riment\u00e9s dans le domaine des machines hydrauliques.<\/p>\n<h3>Certification internationale<\/h3>\n<p>Notre entreprise a obtenu des certifications internationales, telles que l'ISO9001, garantissant la qualit\u00e9 de nos produits.<\/p>\n<h3>Service personnalis\u00e9<\/h3>\n<p>We offer customized services tailored to meet our customers&#8217; specific requirements.<\/p>\n<h3>\u00c9quipement de production<\/h3>\n<p>Notre entreprise dispose d'\u00e9quipements de production et de test de pointe, garantissant que nos produits r\u00e9pondent \u00e0 des normes \u00e9lev\u00e9es.<\/p>\n<h3>Service apr\u00e8s-vente<\/h3>\n<p>Notre entreprise assure un service apr\u00e8s-vente complet et rapide afin de garantir la satisfaction de ses clients.<\/p>\n<p><img decoding=\"async\" src=\"https:\/\/hzpt.com\/wp-content\/uploads\/2024\/11\/songte-company-1.webp\" \/><\/p>\n<p>Auteur : lyl.<\/p>","protected":false},"excerpt":{"rendered":"<p>Bucket Cylinder For Hyundai Middle Excavator R210-5D Introduction A bucket cylinder is a specially designed hydraulic cylinder used to control the movement of the bucket in heavy machinery, such as excavators, backhoe loaders, and front-end loaders. Its main function is to enable the bucket to lift, lower, and tilt, thus facilitating various material handling tasks. [&hellip;]<\/p>","protected":false},"featured_media":14787,"comment_status":"open","ping_status":"closed","template":"","meta":{"_et_pb_use_builder":"","_et_pb_old_content":"","_et_gb_content_width":""},"product_brand":[],"product_cat":[1494],"product_tag":[1495,1496],"class_list":{"0":"post-15314","1":"product","2":"type-product","3":"status-publish","4":"has-post-thumbnail","6":"product_cat-bucket-cylinders","7":"product_tag-bucket-cylinders","8":"product_tag-hydraulic-cylinders","10":"first","11":"instock","12":"shipping-taxable","13":"product-type-simple"},"amp_enabled":true,"_links":{"self":[{"href":"https:\/\/www.hydraulic-cylinders.net\/fr\/wp-json\/wp\/v2\/product\/15314","targetHints":{"allow":["GET"]}}],"collection":[{"href":"https:\/\/www.hydraulic-cylinders.net\/fr\/wp-json\/wp\/v2\/product"}],"about":[{"href":"https:\/\/www.hydraulic-cylinders.net\/fr\/wp-json\/wp\/v2\/types\/product"}],"replies":[{"embeddable":true,"href":"https:\/\/www.hydraulic-cylinders.net\/fr\/wp-json\/wp\/v2\/comments?post=15314"}],"wp:featuredmedia":[{"embeddable":true,"href":"https:\/\/www.hydraulic-cylinders.net\/fr\/wp-json\/wp\/v2\/media\/14787"}],"wp:attachment":[{"href":"https:\/\/www.hydraulic-cylinders.net\/fr\/wp-json\/wp\/v2\/media?parent=15314"}],"wp:term":[{"taxonomy":"product_brand","embeddable":true,"href":"https:\/\/www.hydraulic-cylinders.net\/fr\/wp-json\/wp\/v2\/product_brand?post=15314"},{"taxonomy":"product_cat","embeddable":true,"href":"https:\/\/www.hydraulic-cylinders.net\/fr\/wp-json\/wp\/v2\/product_cat?post=15314"},{"taxonomy":"product_tag","embeddable":true,"href":"https:\/\/www.hydraulic-cylinders.net\/fr\/wp-json\/wp\/v2\/product_tag?post=15314"}],"curies":[{"name":"wp","href":"https:\/\/api.w.org\/{rel}","templated":true}]}}