{"id":15318,"date":"2025-01-19T14:22:44","date_gmt":"2025-01-19T14:22:44","guid":{"rendered":"https:\/\/www.hydraulic-cylinders.net\/product\/bucket-cylinder-for-hyundai-middle-excavator-r200lc\/"},"modified":"2025-01-19T14:22:46","modified_gmt":"2025-01-19T14:22:46","slug":"bucket-cylinder-for-hyundai-middle-excavator-r200lc","status":"publish","type":"product","link":"https:\/\/www.hydraulic-cylinders.net\/fr\/produit\/bucket-cylinder-for-hyundai-middle-excavator-r200lc\/","title":{"rendered":"V\u00e9rin de godet pour pelle hydraulique moyenne Hyundai R200LC"},"content":{"rendered":"<h1>V\u00e9rin de godet pour pelle hydraulique moyenne Hyundai R200LC<\/h1>\n<h2>Introduction<\/h2>\n<p>Le v\u00e9rin de godet de la pelle hydraulique Hyundai R200LC est un v\u00e9rin sp\u00e9cialis\u00e9 con\u00e7u pour contr\u00f4ler les mouvements du godet sur les engins de chantier tels que les pelles hydrauliques, les pelles r\u00e9tro et les chargeuses frontales. Sa fonction principale est de permettre la lev\u00e9e, l'abaissement et l'inclinaison du godet, facilitant ainsi diverses op\u00e9rations de manutention. Au sein du syst\u00e8me hydraulique, le v\u00e9rin de godet contr\u00f4le les mouvements pr\u00e9cis du godet par variation de la pression d'huile hydraulique, permettant aux op\u00e9rateurs de manipuler efficacement des charges lourdes et de s'adapter \u00e0 des environnements de travail complexes et \u00e0 des exigences op\u00e9rationnelles vari\u00e9es.<\/p>\n<p><img decoding=\"async\" src=\"https:\/\/www.hydraulic-cylinders.net\/wp-content\/uploads\/2025\/01\/songte-company-2.webp\"\/><\/p>\n<h2>Caract\u00e9ristiques<\/h2>\n<ul>\n<li>\n<h3>Haute r\u00e9sistance et durabilit\u00e9<\/h3>\n<p>Le v\u00e9rin du godet est g\u00e9n\u00e9ralement fabriqu\u00e9 en acier ou en aluminium \u00e0 haute r\u00e9sistance, capable de supporter une pression \u00e9lev\u00e9e et des charges importantes, de s'adapter \u00e0 des environnements de travail difficiles et con\u00e7u pour r\u00e9sister \u00e0 l'usure et \u00e0 la corrosion afin de prolonger sa dur\u00e9e de vie.<\/p>\n<\/li>\n<li>\n<h3>Fonctionnement hydraulique efficace<\/h3>\n<p>Le v\u00e9rin du godet utilise la pression de l'huile hydraulique pour assurer des mouvements d'extension et de r\u00e9traction fluides, r\u00e9pondre rapidement aux commandes op\u00e9rationnelles et fournir des forces de pouss\u00e9e et de traction importantes, adapt\u00e9es aux t\u00e2ches op\u00e9rationnelles complexes et exigeantes.<\/p>\n<\/li>\n<li>\n<h3>Divers types<\/h3>\n<p>Le v\u00e9rin du godet peut \u00eatre \u00e0 simple effet (fonctionnant dans un seul sens avec la pression hydraulique) ou \u00e0 double effet (fonctionnant dans les deux sens avec la pression hydraulique), selon les besoins op\u00e9rationnels. Certains mod\u00e8les sont t\u00e9lescopiques, ce qui permet une plus grande extension sans augmenter les dimensions ext\u00e9rieures et convient aux applications o\u00f9 l'espace est limit\u00e9.<\/p>\n<\/li>\n<li>\n<h3>Remplacement parfait<\/h3>\n<p>Notre produit peut parfaitement remplacer ces v\u00e9rins hydrauliques. <\/p>\n<\/li>\n<\/ul>\n<p><img decoding=\"async\" src=\"https:\/\/www.hydraulic-cylinders.net\/wp-content\/uploads\/2025\/01\/songte-cylinder-head-with-all-kinds-excavator-models.webp\"\/><\/p>\n<h2>Applications<\/h2>\n<ul>\n<li>\n<h3>\u00c9quipement de construction<\/h3>\n<p>Sur les excavatrices, les v\u00e9rins sont indispensables pour creuser, charger et d\u00e9placer la terre ou les d\u00e9bris. Sur les pelles r\u00e9tro, le v\u00e9rin du godet permet de creuser et de soulever. Sur les chargeuses frontales, ils permettent de lever et d'incliner efficacement les marchandises.<\/p>\n<\/li>\n<li>\n<h3>machines agricoles<\/h3>\n<p>Utilis\u00e9 sur les chargeuses frontales pour ramasser, soulever et transporter de la terre, du foin et d'autres mat\u00e9riaux. Sur les pelles hydrauliques, le v\u00e9rin du godet permet de creuser en autorisant la p\u00e9n\u00e9tration du godet dans le sol.<\/p>\n<\/li>\n<\/ul>\n<h2>Normes de conception et de s\u00e9lection<\/h2>\n<ul>\n<li>\n<h3>Capacit\u00e9 de charge<\/h3>\n<p>La capacit\u00e9 de charge du v\u00e9rin du godet doit \u00eatre suffisamment \u00e9lev\u00e9e pour r\u00e9sister \u00e0 une pression \u00e9lev\u00e9e et \u00e0 des charges importantes.<\/p>\n<\/li>\n<li>\n<h3>Scellage<\/h3>\n<p>Le cylindre doit \u00eatre \u00e9tanche \u00e0 l'aide de divers composants d'\u00e9tanch\u00e9it\u00e9 tels que des joints de piston, des joints de tige, etc., fabriqu\u00e9s \u00e0 partir de mat\u00e9riaux r\u00e9sistants \u00e0 l'usure tels que le polyur\u00e9thane et le caoutchouc nitrile.<\/p>\n<\/li>\n<li>\n<h3>Durabilit\u00e9<\/h3>\n<p>Le cylindre doit \u00eatre con\u00e7u pour r\u00e9sister \u00e0 l'usure, et le corps du cylindre ainsi que les surfaces d'extr\u00e9mit\u00e9 filet\u00e9es doivent \u00eatre finement usin\u00e9s pour am\u00e9liorer la r\u00e9sistance \u00e0 l'usure.<\/p>\n<\/li>\n<li>\n<h3>S\u00e9curit\u00e9<\/h3>\n<p>Les v\u00e9rins des godets doivent respecter les normes de s\u00e9curit\u00e9 et ne pas constituer une menace pour l'op\u00e9rateur ou les autres membres du personnel.<\/p>\n<\/li>\n<li>\n<h3>Entretien<\/h3>\n<p>Le cylindre doit \u00eatre con\u00e7u pour faciliter l'entretien et la r\u00e9paration, et un entretien r\u00e9gulier doit \u00eatre effectu\u00e9 pour assurer son bon fonctionnement.<\/p>\n<\/li>\n<\/ul>\n<p><img decoding=\"async\" src=\"https:\/\/www.hydraulic-cylinders.net\/wp-content\/uploads\/2025\/01\/songte-oil-pipes-and-spare-parts.webp\"\/><\/p>\n<h2>\u00c9tanch\u00e9it\u00e9 et lubrification<\/h2>\n<p>Le v\u00e9rin du godet utilise divers joints d'\u00e9tanch\u00e9it\u00e9, tels que des joints de piston et de tige, fabriqu\u00e9s en mat\u00e9riaux r\u00e9sistants \u00e0 l'usure comme le polyur\u00e9thane et le caoutchouc nitrile. Le corps du v\u00e9rin et les surfaces filet\u00e9es sont usin\u00e9s avec pr\u00e9cision pour une meilleure r\u00e9sistance \u00e0 l'usure. Un appoint r\u00e9gulier d'huile hydraulique est n\u00e9cessaire pour assurer la lubrification du v\u00e9rin\u00a0; le niveau d'huile doit \u00eatre ajust\u00e9 afin d'\u00e9viter tout dommage.<\/p>\n<h2>Entretien et r\u00e9paration<\/h2>\n<ul>\n<li>\n<h3>Inspection r\u00e9guli\u00e8re<\/h3>\n<p>Des inspections r\u00e9guli\u00e8res sont n\u00e9cessaires pour assurer le bon fonctionnement du v\u00e9rin du godet, et les pi\u00e8ces doivent \u00eatre remplac\u00e9es ou r\u00e9par\u00e9es si n\u00e9cessaire.<\/p>\n<\/li>\n<li>\n<h3>Lubrification<\/h3>\n<p>Le v\u00e9rin du godet n\u00e9cessite une lubrification ad\u00e9quate, et une lubrification r\u00e9guli\u00e8re est n\u00e9cessaire pour assurer son bon fonctionnement.<\/p>\n<\/li>\n<li>\n<h3>Remplacement du joint<\/h3>\n<p>Si des \u00e9l\u00e9ments du syst\u00e8me d'\u00e9tanch\u00e9it\u00e9 sont endommag\u00e9s ou pr\u00e9sentent une fuite, ils doivent \u00eatre imm\u00e9diatement remplac\u00e9s afin de garantir le bon fonctionnement du cylindre.<\/p>\n<\/li>\n<li>\n<h3>Alignement et \u00e9talonnage<\/h3>\n<p>Lors de l'installation, le v\u00e9rin du godet doit \u00eatre correctement align\u00e9 et calibr\u00e9 afin d'assurer un bon fonctionnement et d'\u00e9viter tout dommage.<\/p>\n<\/li>\n<\/ul>\n<p><img decoding=\"async\" src=\"https:\/\/www.hydraulic-cylinders.net\/wp-content\/uploads\/2025\/01\/songte-chushion-collar.webp\"\/><\/p>\n<h2>Consid\u00e9rations de s\u00e9curit\u00e9 et facteurs environnementaux<\/h2>\n<p>Il est essentiel de respecter les consignes de s\u00e9curit\u00e9 lors de l'utilisation de v\u00e9rins pour godets afin d'\u00e9viter les accidents. Les facteurs environnementaux tels que la temp\u00e9rature, l'humidit\u00e9 et la poussi\u00e8re doivent \u00e9galement \u00eatre pris en compte et \u00e9vit\u00e9s pour garantir le bon fonctionnement du v\u00e9rin.<\/p>\n<h2>D\u00e9pannage et probl\u00e8mes courants<\/h2>\n<p>Parmi les probl\u00e8mes courants pouvant survenir lors du fonctionnement d'un v\u00e9rin de godet, on peut citer les fuites, les d\u00e9formations et l'endommagement de divers composants. Un entretien et une inspection r\u00e9guliers sont essentiels pour \u00e9viter ces probl\u00e8mes. En cas de probl\u00e8me, un diagnostic appropri\u00e9 et des mesures de r\u00e9paration doivent \u00eatre mis en \u0153uvre, ainsi que des mesures pr\u00e9ventives pour \u00e9viter qu'ils ne se reproduisent.<\/p>\n<p><img decoding=\"async\" src=\"https:\/\/www.hydraulic-cylinders.net\/wp-content\/uploads\/2025\/01\/songte-bushings-with-all-kinds-of-excavator-models.webp\"\/><\/p>\n<h2>\u00c0 propos de nous<\/h2>\n<p>Notre entreprise est un fabricant et distributeur de premier plan de v\u00e9rins hydrauliques sur les march\u00e9s nationaux et internationaux. Gr\u00e2ce \u00e0 des ateliers de production modernes, des \u00e9quipements de fabrication num\u00e9rique de pointe, des syst\u00e8mes de test professionnels et une \u00e9quipe technique qualifi\u00e9e, nous r\u00e9pondons aux besoins vari\u00e9s de nos clients. Notre approche repose sur l'efficacit\u00e9, la pr\u00e9cision et la qualit\u00e9, nous permettant ainsi de satisfaire pleinement nos clients et de leur offrir un service irr\u00e9prochable.<\/p>\n<p><img decoding=\"async\" src=\"https:\/\/hzpt.com\/wp-content\/uploads\/2024\/11\/songte-company-1.webp\"\/> <\/p>\n<h5>Auteur : lyl<\/h5>","protected":false},"excerpt":{"rendered":"<p>Bucket Cylinder For Hyundai Middle Excavator R200LC Introduction The bucket cylinder for Hyundai middle excavator R200LC is a specialized hydraulic cylinder designed for controlling the movement of the bucket in heavy machinery such as excavators, backhoe excavators, and front-end loaders. Its main function is to enable the bucket to lift, lower, and tilt, thus facilitating [&hellip;]<\/p>","protected":false},"featured_media":14780,"comment_status":"open","ping_status":"closed","template":"","meta":{"_et_pb_use_builder":"","_et_pb_old_content":"","_et_gb_content_width":""},"product_brand":[],"product_cat":[1494],"product_tag":[1495,1496],"class_list":{"0":"post-15318","1":"product","2":"type-product","3":"status-publish","4":"has-post-thumbnail","6":"product_cat-bucket-cylinders","7":"product_tag-bucket-cylinders","8":"product_tag-hydraulic-cylinders","10":"first","11":"instock","12":"shipping-taxable","13":"product-type-simple"},"amp_enabled":true,"_links":{"self":[{"href":"https:\/\/www.hydraulic-cylinders.net\/fr\/wp-json\/wp\/v2\/product\/15318","targetHints":{"allow":["GET"]}}],"collection":[{"href":"https:\/\/www.hydraulic-cylinders.net\/fr\/wp-json\/wp\/v2\/product"}],"about":[{"href":"https:\/\/www.hydraulic-cylinders.net\/fr\/wp-json\/wp\/v2\/types\/product"}],"replies":[{"embeddable":true,"href":"https:\/\/www.hydraulic-cylinders.net\/fr\/wp-json\/wp\/v2\/comments?post=15318"}],"wp:featuredmedia":[{"embeddable":true,"href":"https:\/\/www.hydraulic-cylinders.net\/fr\/wp-json\/wp\/v2\/media\/14780"}],"wp:attachment":[{"href":"https:\/\/www.hydraulic-cylinders.net\/fr\/wp-json\/wp\/v2\/media?parent=15318"}],"wp:term":[{"taxonomy":"product_brand","embeddable":true,"href":"https:\/\/www.hydraulic-cylinders.net\/fr\/wp-json\/wp\/v2\/product_brand?post=15318"},{"taxonomy":"product_cat","embeddable":true,"href":"https:\/\/www.hydraulic-cylinders.net\/fr\/wp-json\/wp\/v2\/product_cat?post=15318"},{"taxonomy":"product_tag","embeddable":true,"href":"https:\/\/www.hydraulic-cylinders.net\/fr\/wp-json\/wp\/v2\/product_tag?post=15318"}],"curies":[{"name":"wp","href":"https:\/\/api.w.org\/{rel}","templated":true}]}}