{"id":15320,"date":"2025-01-19T14:22:52","date_gmt":"2025-01-19T14:22:52","guid":{"rendered":"https:\/\/www.hydraulic-cylinders.net\/product\/bucket-cylinder-for-hyundai-middle-excavator-r220lc-5\/"},"modified":"2025-01-19T14:22:54","modified_gmt":"2025-01-19T14:22:54","slug":"bucket-cylinder-for-hyundai-middle-excavator-r220lc-5","status":"publish","type":"product","link":"https:\/\/www.hydraulic-cylinders.net\/fr\/produit\/bucket-cylinder-for-hyundai-middle-excavator-r220lc-5\/","title":{"rendered":"V\u00e9rin de godet pour pelle hydraulique Hyundai R220LC-5"},"content":{"rendered":"<p><!DOCTYPE html><br \/>\n<html><br \/>\n<head><br \/>\n<title>V\u00e9rin de godet pour pelle hydraulique Hyundai R220LC-5<\/title><br \/>\n<\/head><br \/>\n<body><\/p>\n<h1>V\u00e9rin de godet pour pelle hydraulique Hyundai R220LC-5<\/h1>\n<h2>Introduction<\/h2>\n<p>Le v\u00e9rin de godet de la pelle hydraulique Hyundai R220LC-5 est un v\u00e9rin sp\u00e9cialement con\u00e7u pour contr\u00f4ler les mouvements du godet sur les engins de chantier tels que les pelles hydrauliques, les chargeuses-pelleteuses et les chargeuses frontales. Sa fonction principale est de permettre la lev\u00e9e, l'abaissement et l'inclinaison du godet, facilitant ainsi la manutention de divers mat\u00e9riaux. Au sein du syst\u00e8me hydraulique, le v\u00e9rin de godet assure un contr\u00f4le pr\u00e9cis du godet gr\u00e2ce aux variations de pression de l'huile hydraulique, permettant aux op\u00e9rateurs de manipuler efficacement des charges lourdes et de s'adapter \u00e0 des environnements de travail complexes et \u00e0 des exigences op\u00e9rationnelles vari\u00e9es.<\/p>\n<p><img decoding=\"async\" src=\"https:\/\/www.hydraulic-cylinders.net\/wp-content\/uploads\/2025\/01\/songte-company-2.webp\"><\/p>\n<h2>Caract\u00e9ristiques<\/h2>\n<ul>\n<li>Haute r\u00e9sistance et durabilit\u00e9 : G\u00e9n\u00e9ralement fabriqu\u00e9 en acier ou en aluminium \u00e0 haute r\u00e9sistance, il peut supporter une pression \u00e9lev\u00e9e et des charges importantes, s'adapter aux environnements de travail difficiles et est con\u00e7u en tenant compte de la r\u00e9sistance \u00e0 l'usure et \u00e0 la corrosion afin de prolonger sa dur\u00e9e de vie.<\/li>\n<li>Fonctionnement hydraulique efficace : Utilisant la pression de l'huile hydraulique, il assure des mouvements d'extension et de r\u00e9traction fluides, r\u00e9pond rapidement aux commandes, fournit des forces de pouss\u00e9e et de traction puissantes et convient \u00e0 la manutention de charges lourdes et \u00e0 des t\u00e2ches op\u00e9rationnelles complexes.<\/li>\n<li>Diff\u00e9rents types : des v\u00e9rins \u00e0 simple effet (hydrauliques utilis\u00e9s dans un seul sens) ou \u00e0 double effet (hydrauliques utilis\u00e9s dans les deux sens) peuvent \u00eatre choisis en fonction des besoins, et certains mod\u00e8les sont t\u00e9lescopiques, permettant une plus grande extension sans augmenter les dimensions ext\u00e9rieures, ce qui les rend adapt\u00e9s aux applications avec un espace limit\u00e9.<\/li>\n<\/ul>\n<p><img decoding=\"async\" src=\"https:\/\/www.hydraulic-cylinders.net\/wp-content\/uploads\/2025\/01\/songte-cylinder-head-with-all-kinds-excavator-models.webp\"><\/p>\n<h2>Applications<\/h2>\n<ul>\n<li>Mat\u00e9riel de construction\u00a0: Pr\u00e9sents dans les excavatrices, ils sont indispensables pour creuser, charger et d\u00e9placer la terre ou les d\u00e9bris. Dans les chargeuses-pelleteuses, le v\u00e9rin du godet facilite \u00e0 la fois l\u2019excavation et le levage.<\/li>\n<li>Machines agricoles : Utilis\u00e9es dans les chargeuses frontales pour ramasser, soulever et transporter la terre, le foin et autres mat\u00e9riaux.<\/li>\n<li>Excavateurs : Le v\u00e9rin de godet permet les actions de creusement en permettant au godet de p\u00e9n\u00e9trer le sol.<\/li>\n<li>Chargeuses : Sur les chargeuses frontales, elles permettent de lever et de d\u00e9charger efficacement la cargaison.<\/li>\n<\/ul>\n<h2>Consid\u00e9rations de conception et crit\u00e8res de s\u00e9lection<\/h2>\n<p>Lors de la conception des v\u00e9rins de godet, plusieurs facteurs cl\u00e9s sont pris en compte, notamment la capacit\u00e9 de charge, l'\u00e9tanch\u00e9it\u00e9, la durabilit\u00e9, la s\u00e9curit\u00e9 et la facilit\u00e9 d'entretien.<\/p>\n<p><img decoding=\"async\" src=\"https:\/\/www.hydraulic-cylinders.net\/wp-content\/uploads\/2025\/01\/songte-oil-pipes-and-spare-parts.webp\"><\/p>\n<h2>\u00c9tanch\u00e9it\u00e9 et lubrification<\/h2>\n<p>Divers composants d'\u00e9tanch\u00e9it\u00e9, tels que les joints de piston et les joints de tige, sont utilis\u00e9s. Ils sont fabriqu\u00e9s \u00e0 partir de mat\u00e9riaux r\u00e9sistants \u00e0 l'usure, comme le polyur\u00e9thane et le caoutchouc nitrile. Le corps du cylindre et les surfaces d'extr\u00e9mit\u00e9 filet\u00e9es b\u00e9n\u00e9ficient d'un traitement de surface pr\u00e9cis afin d'am\u00e9liorer leur r\u00e9sistance \u00e0 l'usure. Une lubrification r\u00e9guli\u00e8re avec une huile hydraulique appropri\u00e9e est indispensable au bon fonctionnement du syst\u00e8me.<\/p>\n<h2>Inspection r\u00e9guli\u00e8re et maintenance pr\u00e9ventive<\/h2>\n<ul>\n<li>Inspectez r\u00e9guli\u00e8rement le cylindre pour d\u00e9tecter tout signe d'usure, de fuite ou de dommage.<\/li>\n<li>Lubrifiez correctement le cylindre et assurez-vous que les joints sont en bon \u00e9tat.<\/li>\n<\/ul>\n<h2>Guide d'installation du produit<\/h2>\n<p>Suivez ces \u00e9tapes pour une installation correcte\u00a0:<\/p>\n<ol>\n<li>Alignez correctement le cylindre lors de l'installation.<\/li>\n<li>Utilisez les supports de fixation appropri\u00e9s pour fixer le cylindre.<\/li>\n<\/ol>\n<p><img decoding=\"async\" src=\"https:\/\/www.hydraulic-cylinders.net\/wp-content\/uploads\/2025\/01\/songte-chushion-collar.webp\"><\/p>\n<h2>T\u00e2ches de maintenance<\/h2>\n<ul>\n<li>Inspection r\u00e9guli\u00e8re<\/li>\n<li>Lubrification ad\u00e9quate<\/li>\n<li>remplacement du joint<\/li>\n<li>Contr\u00f4les d'\u00e9talonnage<\/li>\n<\/ul>\n<p>Il est essentiel de souligner l'importance d'une installation, d'une lubrification et d'un r\u00e9glage corrects pour optimiser la dur\u00e9e de vie du v\u00e9rin. Fournir des instructions sur l'alignement du v\u00e9rin lors de l'installation et recommander l'utilisation de supports de fixation appropri\u00e9s contribue grandement \u00e0 sa long\u00e9vit\u00e9. Les proc\u00e9dures recommand\u00e9es d'inspection, de r\u00e9paration et de remplacement, ainsi que des conseils pour prolonger la dur\u00e9e de vie du v\u00e9rin, doivent \u00eatre fournis.<\/p>\n<p><img decoding=\"async\" src=\"https:\/\/www.hydraulic-cylinders.net\/wp-content\/uploads\/2025\/01\/songte-bushings-with-all-kinds-of-excavator-models.webp\"><\/p>\n<h2>Consid\u00e9rations de s\u00e9curit\u00e9 et facteurs environnementaux<\/h2>\n<p>Lors de l'utilisation du v\u00e9rin de godet, il est important de respecter les consignes de s\u00e9curit\u00e9 afin de pr\u00e9venir les accidents et de minimiser l'impact environnemental. Des pr\u00e9cautions de s\u00e9curit\u00e9 doivent \u00eatre prises lors de la manipulation d'engins lourds afin de garantir la s\u00e9curit\u00e9 des op\u00e9rateurs et des personnes se trouvant \u00e0 proximit\u00e9 de l'\u00e9quipement.<\/p>\n<h2>D\u00e9pannage et probl\u00e8mes courants<\/h2>\n<p>Les probl\u00e8mes courants pouvant survenir avec les v\u00e9rins de godet incluent les fuites, la baisse de performance et les mouvements anormaux. Pour r\u00e9soudre ces probl\u00e8mes\u00a0:<\/p>\n<ul>\n<li>Effectuez des inspections r\u00e9guli\u00e8res afin d'identifier tout probl\u00e8me potentiel.<\/li>\n<li>Fournir des conseils et des solutions de d\u00e9pannage pour aider les lecteurs \u00e0 diagnostiquer et \u00e0 r\u00e9soudre efficacement les probl\u00e8mes.<\/li>\n<li>Proposer des mesures pr\u00e9ventives pour minimiser les probl\u00e8mes potentiels.<\/li>\n<\/ul>\n<p><img decoding=\"async\" src=\"https:\/\/www.hydraulic-cylinders.net\/wp-content\/uploads\/2025\/01\/songte-company-3.webp\"><\/p>\n<h2>\u00c0 propos de notre entreprise<\/h2>\n<p>Nous sommes un fabricant sp\u00e9cialis\u00e9 dans les v\u00e9rins hydrauliques de remplacement. Gr\u00e2ce \u00e0 notre vaste gamme de produits, nous sommes devenus l'un des principaux fabricants et distributeurs de v\u00e9rins hydrauliques sur les march\u00e9s nationaux et internationaux. Attach\u00e9s \u00e0 l'excellence, nous nous appuyons sur des strat\u00e9gies de gestion de la production industrialis\u00e9e au sein de nos ateliers de fabrication modernes et am\u00e9liorons constamment nos plateformes de production afin d'optimiser la qualit\u00e9 de nos produits. Forts d'une grande capacit\u00e9 d'innovation, nous nous effor\u00e7ons de r\u00e9pondre aux besoins vari\u00e9s de nos clients avec efficacit\u00e9, pr\u00e9cision et qualit\u00e9.<\/p>\n<p>De plus, nous offrons professionnalisme, certifications internationales, services personnalis\u00e9s, \u00e9quipements de production de pointe et services apr\u00e8s-vente complets.<\/p>\n<p><img decoding=\"async\" src=\"https:\/\/www.hydraulic-cylinders.net\/wp-content\/uploads\/2025\/01\/songte-company-1.webp\"><\/p>\n<p>Auteur : lyl<\/p>\n<p><\/body><br \/>\n<\/html><\/p>","protected":false},"excerpt":{"rendered":"<p>Bucket Cylinder For Hyundai Middle Excavator R220LC-5 Bucket Cylinder For Hyundai Middle Excavator R220LC-5 Introduction The bucket cylinder for Hyundai middle excavator R220LC-5 is a specially designed hydraulic cylinder used to control the movement of the bucket in heavy machinery such as excavators, backhoe loaders, and front-end loaders. Its main function is to enable the [&hellip;]<\/p>","protected":false},"featured_media":14776,"comment_status":"open","ping_status":"closed","template":"","meta":{"_et_pb_use_builder":"","_et_pb_old_content":"","_et_gb_content_width":""},"product_brand":[],"product_cat":[1494],"product_tag":[1495,1496],"class_list":{"0":"post-15320","1":"product","2":"type-product","3":"status-publish","4":"has-post-thumbnail","6":"product_cat-bucket-cylinders","7":"product_tag-bucket-cylinders","8":"product_tag-hydraulic-cylinders","10":"first","11":"instock","12":"shipping-taxable","13":"product-type-simple"},"amp_enabled":true,"_links":{"self":[{"href":"https:\/\/www.hydraulic-cylinders.net\/fr\/wp-json\/wp\/v2\/product\/15320","targetHints":{"allow":["GET"]}}],"collection":[{"href":"https:\/\/www.hydraulic-cylinders.net\/fr\/wp-json\/wp\/v2\/product"}],"about":[{"href":"https:\/\/www.hydraulic-cylinders.net\/fr\/wp-json\/wp\/v2\/types\/product"}],"replies":[{"embeddable":true,"href":"https:\/\/www.hydraulic-cylinders.net\/fr\/wp-json\/wp\/v2\/comments?post=15320"}],"wp:featuredmedia":[{"embeddable":true,"href":"https:\/\/www.hydraulic-cylinders.net\/fr\/wp-json\/wp\/v2\/media\/14776"}],"wp:attachment":[{"href":"https:\/\/www.hydraulic-cylinders.net\/fr\/wp-json\/wp\/v2\/media?parent=15320"}],"wp:term":[{"taxonomy":"product_brand","embeddable":true,"href":"https:\/\/www.hydraulic-cylinders.net\/fr\/wp-json\/wp\/v2\/product_brand?post=15320"},{"taxonomy":"product_cat","embeddable":true,"href":"https:\/\/www.hydraulic-cylinders.net\/fr\/wp-json\/wp\/v2\/product_cat?post=15320"},{"taxonomy":"product_tag","embeddable":true,"href":"https:\/\/www.hydraulic-cylinders.net\/fr\/wp-json\/wp\/v2\/product_tag?post=15320"}],"curies":[{"name":"wp","href":"https:\/\/api.w.org\/{rel}","templated":true}]}}