{"id":15321,"date":"2025-01-19T14:22:56","date_gmt":"2025-01-19T14:22:56","guid":{"rendered":"https:\/\/www.hydraulic-cylinders.net\/product\/bucket-cylinder-for-hyundai-middle-excavator-r260lc-7\/"},"modified":"2025-01-19T14:22:58","modified_gmt":"2025-01-19T14:22:58","slug":"bucket-cylinder-for-hyundai-middle-excavator-r260lc-7","status":"publish","type":"product","link":"https:\/\/www.hydraulic-cylinders.net\/fr\/produit\/bucket-cylinder-for-hyundai-middle-excavator-r260lc-7\/","title":{"rendered":"V\u00e9rin de godet pour pelle hydraulique Hyundai R260LC-7"},"content":{"rendered":"<h1>V\u00e9rin de godet pour pelle hydraulique Hyundai R260LC-7<\/h1>\n<h2>Introduction<\/h2>\n<h3>D\u00e9finition<\/h3>\n<p>Un v\u00e9rin de godet est un v\u00e9rin hydraulique sp\u00e9cialement con\u00e7u pour contr\u00f4ler les mouvements du godet sur les engins de chantier tels que les pelles hydrauliques, les tractopelles et les chargeuses frontales. Sa fonction principale est de permettre la lev\u00e9e, l'abaissement et l'inclinaison du godet, facilitant ainsi la manutention de divers mat\u00e9riaux. Au sein du syst\u00e8me hydraulique, le v\u00e9rin de godet assure un contr\u00f4le pr\u00e9cis du godet gr\u00e2ce \u00e0 la variation de la pression d'huile hydraulique, permettant aux op\u00e9rateurs de manipuler efficacement des charges lourdes, de s'adapter \u00e0 des environnements de travail complexes et de r\u00e9pondre \u00e0 des exigences op\u00e9rationnelles vari\u00e9es.<\/p>\n<p><img decoding=\"async\" src=\"https:\/\/www.hydraulic-cylinders.net\/wp-content\/uploads\/2025\/01\/songte-company-2.webp\" alt=\"Image du cylindre du godet\"><\/p>\n<h3>Caract\u00e9ristiques<\/h3>\n<ul>\n<li>Haute r\u00e9sistance et durabilit\u00e9\u00a0: Fabriqu\u00e9 g\u00e9n\u00e9ralement en acier ou en aluminium haute r\u00e9sistance, ce mat\u00e9riau supporte les hautes pressions et les charges importantes, et s\u2019adapte aux environnements de travail difficiles. Sa conception privil\u00e9gie la r\u00e9sistance \u00e0 l\u2019usure et \u00e0 la corrosion, prolongeant ainsi sa dur\u00e9e de vie.<\/li>\n<li>Fonctionnement hydraulique efficace\u00a0: les mouvements d\u2019extension et de r\u00e9traction en douceur sont obtenus gr\u00e2ce \u00e0 la pression de l\u2019huile hydraulique, permettant une r\u00e9ponse rapide aux commandes et fournissant des forces de pouss\u00e9e et de traction puissantes, adapt\u00e9es \u00e0 la manutention de charges lourdes et \u00e0 des t\u00e2ches op\u00e9rationnelles complexes.<\/li>\n<li>Divers types\u00a0: Le v\u00e9rin peut \u00eatre choisi en version simple effet (actionnement hydraulique unidirectionnel) ou double effet (actionnement hydraulique bidirectionnel) selon les besoins op\u00e9rationnels. Certains mod\u00e8les sont t\u00e9lescopiques, permettant une extension plus importante sans augmentation des dimensions ext\u00e9rieures, ce qui les rend adapt\u00e9s aux espaces restreints.<\/li>\n<li>Rempla\u00e7able : Notre produit peut parfaitement remplacer ces v\u00e9rins hydrauliques.<\/li>\n<\/ul>\n<p><img decoding=\"async\" src=\"https:\/\/www.hydraulic-cylinders.net\/wp-content\/uploads\/2025\/01\/songte-cylinder-head-with-all-kinds-excavator-models.webp\" alt=\"Image du cylindre rempla\u00e7able\"><\/p>\n<h2>Applications<\/h2>\n<p>Les v\u00e9rins \u00e0 godet sont utilis\u00e9s dans diverses industries et applications, notamment\u00a0:<\/p>\n<h3>\u00c9quipement de construction<\/h3>\n<p>Sur les excavatrices, ils sont essentiels pour l'excavation, le chargement et le d\u00e9placement de terre ou de d\u00e9bris. Sur les pelles r\u00e9tro, le v\u00e9rin du godet contribue \u00e0 l'excavation et au levage. Sur les chargeuses frontales, ils facilitent le levage et le basculement efficaces des marchandises.<\/p>\n<h3>machines agricoles<\/h3>\n<p>Utilis\u00e9 sur les chargeuses frontales pour ramasser, soulever et transporter de la terre, du foin et d'autres mat\u00e9riaux.<\/p>\n<h3>Excavateurs<\/h3>\n<p>Le v\u00e9rin du godet permet l'excavation en permettant au godet de p\u00e9n\u00e9trer dans le sol.<\/p>\n<h3>Chargeurs<\/h3>\n<p>Dans les chargeurs frontaux, ils aident \u00e0 soulever et \u00e0 incliner efficacement les marchandises.<\/p>\n<h2>Consid\u00e9rations de conception et crit\u00e8res de s\u00e9lection<\/h2>\n<p>Les principaux \u00e9l\u00e9ments \u00e0 prendre en compte lors de la conception des v\u00e9rins de godet sont les suivants\u00a0:<\/p>\n<ul>\n<li>Capacit\u00e9 de charge : Le cylindre doit pouvoir r\u00e9sister \u00e0 une pression \u00e9lev\u00e9e et \u00e0 des charges importantes.<\/li>\n<li>Propri\u00e9t\u00e9s d'\u00e9tanch\u00e9it\u00e9\u00a0: Le cylindre doit pr\u00e9senter de bonnes propri\u00e9t\u00e9s d'\u00e9tanch\u00e9it\u00e9 afin d'\u00e9viter les fuites d'huile hydraulique.<\/li>\n<li>Durabilit\u00e9 : Le cylindre doit \u00eatre r\u00e9sistant \u00e0 l'usure et \u00e0 la corrosion pour une longue dur\u00e9e de vie.<\/li>\n<li>S\u00e9curit\u00e9 : Le cylindre doit \u00eatre con\u00e7u dans un souci de s\u00e9curit\u00e9 et garantir un fonctionnement fiable et s\u00fbr.<\/li>\n<li>Facilit\u00e9 d'entretien : Le cylindre doit \u00eatre facile \u00e0 entretenir et \u00e0 r\u00e9parer pour une utilisation \u00e0 long terme.<\/li>\n<\/ul>\n<p><img decoding=\"async\" src=\"https:\/\/www.hydraulic-cylinders.net\/wp-content\/uploads\/2025\/01\/songte-oil-pipes-and-spare-parts.webp\" alt=\"Image des pi\u00e8ces du v\u00e9rin hydraulique\"><\/p>\n<h2>\u00c9tanch\u00e9it\u00e9 et lubrification<\/h2>\n<p>Diff\u00e9rents types de joints, tels que les joints de piston et les joints de tige, sont utilis\u00e9s. Ces joints sont fabriqu\u00e9s dans des mat\u00e9riaux r\u00e9sistants \u00e0 l'usure, comme le polyur\u00e9thane et le caoutchouc nitrile. Le corps du cylindre et la surface d'extr\u00e9mit\u00e9 filet\u00e9e sont usin\u00e9s avec pr\u00e9cision pour une meilleure r\u00e9sistance \u00e0 l'usure. Un ajout r\u00e9gulier d'huile hydraulique appropri\u00e9e est n\u00e9cessaire pour la lubrification.<\/p>\n<h2>Entretien et r\u00e9paration<\/h2>\n<p>Un entretien r\u00e9gulier et des mesures pr\u00e9ventives doivent \u00eatre mis en \u0153uvre pour assurer le bon fonctionnement du v\u00e9rin du godet. Les t\u00e2ches d'entretien courantes comprennent\u00a0:<\/p>\n<ul>\n<li>Inspection p\u00e9riodique<\/li>\n<li>Lubrification appropri\u00e9e<\/li>\n<li>remplacement du joint<\/li>\n<li>V\u00e9rification de l'\u00e9talonnage<\/li>\n<\/ul>\n<p>Une installation correcte est essentielle pour garantir la long\u00e9vit\u00e9 du v\u00e9rin. Il est recommand\u00e9 d'utiliser des supports de fixation adapt\u00e9s pour assurer la stabilit\u00e9 et l'alignement du v\u00e9rin, ainsi que de suivre les proc\u00e9dures d'inspection, de r\u00e9paration et de remplacement recommand\u00e9es. Des services de remplacement et de remise \u00e0 neuf des composants sont disponibles pour prolonger la dur\u00e9e de vie du v\u00e9rin de godet.<\/p>\n<p><img decoding=\"async\" src=\"https:\/\/www.hydraulic-cylinders.net\/wp-content\/uploads\/2025\/01\/songte-chushion-collar.webp\" alt=\"Image de r\u00e9paration de v\u00e9rin hydraulique\"><\/p>\n<h2>Consid\u00e9rations de s\u00e9curit\u00e9 et facteurs environnementaux<\/h2>\n<p>La s\u00e9curit\u00e9 est primordiale lors de la manipulation de machines hydrauliques. Une formation ad\u00e9quate et le respect des consignes de s\u00e9curit\u00e9 sont essentiels pour \u00e9viter les accidents et les blessures.<\/p>\n<p><img decoding=\"async\" src=\"https:\/\/hzpt.com\/wp-content\/uploads\/2024\/11\/songte-company-1.webp\" alt=\"Image de s\u00e9curit\u00e9 hydraulique\"><\/p>\n<h2>Diagnostic et d\u00e9pannage des pannes<\/h2>\n<p>Les pannes courantes des v\u00e9rins de godet incluent les fuites, une pression insuffisante et un fonctionnement lent. Des conseils et des solutions de d\u00e9pannage sont disponibles pour vous aider \u00e0 diagnostiquer et \u00e0 r\u00e9soudre les probl\u00e8mes, ainsi que des mesures pr\u00e9ventives pour minimiser les risques.<\/p>\n<p><img decoding=\"async\" src=\"https:\/\/www.hydraulic-cylinders.net\/wp-content\/uploads\/2025\/01\/songte-bushings-with-all-kinds-of-excavator-models.webp\" alt=\"Image de d\u00e9pannage du v\u00e9rin hydraulique\"><\/p>\n<h2>\u00c0 propos de notre entreprise<\/h2>\n<p>Nous sommes un fabricant de v\u00e9rins hydrauliques de remplacement. Notre gamme compl\u00e8te de produits nous positionne parmi les principaux fabricants et distributeurs de v\u00e9rins hydrauliques sur les march\u00e9s nationaux et internationaux. Nous privil\u00e9gions l'excellence et nous appuyons sur une gestion de production rigoureuse, digne d'un atelier de fabrication performant. Nous optimisons constamment nos installations gr\u00e2ce \u00e0 une \u00e9quipe technique qualifi\u00e9e, des \u00e9quipements de pointe num\u00e9riques et des syst\u00e8mes de contr\u00f4le professionnels. Forts d'une grande cr\u00e9ativit\u00e9, nous r\u00e9pondons aux besoins de nos clients avec des produits performants, pr\u00e9cis et de haute qualit\u00e9. <\/p>\n<p><img decoding=\"async\" src=\"https:\/\/www.hydraulic-cylinders.net\/wp-content\/uploads\/2025\/01\/songte-company-3.webp\" alt=\"Notre image d&#039;entreprise\"><\/p>\n<h3>Professionnalisme<\/h3>\n<p>Nous disposons d'un personnel technique professionnel et d'\u00e9quipements de fabrication de pointe pour garantir la haute qualit\u00e9 de nos produits.<\/p>\n<h3>Certifications internationales<\/h3>\n<p>Nos produits ont obtenu diverses certifications internationales telles que ISO, CE et SGS.<\/p>\n<h3>Service de personnalisation<\/h3>\n<p>Nous proposons des services personnalis\u00e9s pour r\u00e9pondre aux diff\u00e9rents besoins de nos clients.<\/p>\n<h3>\u00c9quipement de production<\/h3>\n<p>Nous disposons de machines de d\u00e9coupe CNC de pointe, de tours CNC et d'autres \u00e9quipements haut de gamme, ce qui constitue une base solide pour la qualit\u00e9 de notre production.<\/p>\n<h3>Service apr\u00e8s-vente<\/h3>\n<p>Nous assurons un service apr\u00e8s-vente complet et un support technique afin de garantir la satisfaction de nos clients.<\/p>\n<p>Auteur : lyl<\/p>","protected":false},"excerpt":{"rendered":"<p>Bucket Cylinder For Hyundai Middle Excavator R260LC-7 Introduction Definition A bucket cylinder is a specially designed hydraulic cylinder that is primarily used to control the movement of the bucket in heavy machinery such as excavators, backhoes, and front-end loaders. Its primary function is to allow the bucket to be lifted, lowered, and tilted, making it [&hellip;]<\/p>","protected":false},"featured_media":14773,"comment_status":"open","ping_status":"closed","template":"","meta":{"_et_pb_use_builder":"","_et_pb_old_content":"","_et_gb_content_width":""},"product_brand":[],"product_cat":[1494],"product_tag":[1495,1496],"class_list":{"0":"post-15321","1":"product","2":"type-product","3":"status-publish","4":"has-post-thumbnail","6":"product_cat-bucket-cylinders","7":"product_tag-bucket-cylinders","8":"product_tag-hydraulic-cylinders","10":"first","11":"instock","12":"shipping-taxable","13":"product-type-simple"},"amp_enabled":true,"_links":{"self":[{"href":"https:\/\/www.hydraulic-cylinders.net\/fr\/wp-json\/wp\/v2\/product\/15321","targetHints":{"allow":["GET"]}}],"collection":[{"href":"https:\/\/www.hydraulic-cylinders.net\/fr\/wp-json\/wp\/v2\/product"}],"about":[{"href":"https:\/\/www.hydraulic-cylinders.net\/fr\/wp-json\/wp\/v2\/types\/product"}],"replies":[{"embeddable":true,"href":"https:\/\/www.hydraulic-cylinders.net\/fr\/wp-json\/wp\/v2\/comments?post=15321"}],"wp:featuredmedia":[{"embeddable":true,"href":"https:\/\/www.hydraulic-cylinders.net\/fr\/wp-json\/wp\/v2\/media\/14773"}],"wp:attachment":[{"href":"https:\/\/www.hydraulic-cylinders.net\/fr\/wp-json\/wp\/v2\/media?parent=15321"}],"wp:term":[{"taxonomy":"product_brand","embeddable":true,"href":"https:\/\/www.hydraulic-cylinders.net\/fr\/wp-json\/wp\/v2\/product_brand?post=15321"},{"taxonomy":"product_cat","embeddable":true,"href":"https:\/\/www.hydraulic-cylinders.net\/fr\/wp-json\/wp\/v2\/product_cat?post=15321"},{"taxonomy":"product_tag","embeddable":true,"href":"https:\/\/www.hydraulic-cylinders.net\/fr\/wp-json\/wp\/v2\/product_tag?post=15321"}],"curies":[{"name":"wp","href":"https:\/\/api.w.org\/{rel}","templated":true}]}}