{"id":15334,"date":"2025-01-19T14:23:56","date_gmt":"2025-01-19T14:23:56","guid":{"rendered":"https:\/\/www.hydraulic-cylinders.net\/product\/bucket-cylinder-for-hyundai-wheel-excavator-r160w-5\/"},"modified":"2025-01-19T14:23:58","modified_gmt":"2025-01-19T14:23:58","slug":"bucket-cylinder-for-hyundai-wheel-excavator-r160w-5","status":"publish","type":"product","link":"https:\/\/www.hydraulic-cylinders.net\/fr\/produit\/bucket-cylinder-for-hyundai-wheel-excavator-r160w-5\/","title":{"rendered":"Cylindre de godet pour pelle sur pneus Hyundai R160W-5"},"content":{"rendered":"<h1>Cylindre de godet pour pelle sur pneus Hyundai R160W-5<\/h1>\n<h2>Introduction<\/h2>\n<p>Le v\u00e9rin de godet pour pelle sur pneus Hyundai R160W-5 est un v\u00e9rin hydraulique sp\u00e9cialis\u00e9, con\u00e7u principalement pour contr\u00f4ler les mouvements du godet sur les engins de chantier tels que les pelles hydrauliques, les pelles r\u00e9tro et les chargeuses frontales. Sa fonction principale est de permettre la lev\u00e9e, l'abaissement et l'inclinaison du godet, facilitant ainsi la manutention de divers mat\u00e9riaux. Au sein du syst\u00e8me hydraulique, le v\u00e9rin de godet assure un contr\u00f4le pr\u00e9cis du godet gr\u00e2ce \u00e0 la variation de la pression d'huile hydraulique, permettant aux op\u00e9rateurs de manipuler efficacement des charges lourdes et de s'adapter \u00e0 des environnements de travail complexes et \u00e0 des exigences vari\u00e9es.<\/p>\n<p><img decoding=\"async\" src=\"https:\/\/www.hydraulic-cylinders.net\/wp-content\/uploads\/2025\/01\/songte-company-2.webp\" alt=\"V\u00e9rin de godet\" \/><\/p>\n<h2>Caract\u00e9ristiques<\/h2>\n<ul>\n<li>Haute r\u00e9sistance et durabilit\u00e9\u00a0: g\u00e9n\u00e9ralement fabriqu\u00e9 en acier ou en aluminium haute r\u00e9sistance, il supporte les hautes pressions et les charges importantes, s\u2019adaptant ainsi aux environnements de travail difficiles. Sa conception assure une r\u00e9sistance \u00e0 l\u2019usure et \u00e0 la corrosion, prolongeant sa dur\u00e9e de vie.<\/li>\n<li>Fonctionnement hydraulique efficace : Un mouvement t\u00e9lescopique fluide est obtenu gr\u00e2ce \u00e0 la pression de l'huile hydraulique, permettant une r\u00e9ponse rapide aux commandes, fournissant une force de pouss\u00e9e-traction puissante et convenant \u00e0 la manutention de charges lourdes et \u00e0 des t\u00e2ches de travail complexes.<\/li>\n<li>Diff\u00e9rents types sont disponibles\u00a0: des v\u00e9rins simple effet (fonctionnant dans un seul sens) ou double effet (fonctionnant dans les deux sens) peuvent \u00eatre s\u00e9lectionn\u00e9s en fonction des besoins op\u00e9rationnels. Certains mod\u00e8les sont t\u00e9lescopiques, permettant une plus grande extension sans augmentation des dimensions ext\u00e9rieures, ce qui les rend adapt\u00e9s aux applications o\u00f9 l\u2019espace est limit\u00e9.<\/li>\n<li>Capacit\u00e9 de production : Notre entreprise est capable de produire ce produit, et celui-ci peut parfaitement remplacer ces v\u00e9rins hydrauliques.<\/li>\n<\/ul>\n<p><img decoding=\"async\" src=\"https:\/\/www.hydraulic-cylinders.net\/wp-content\/uploads\/2025\/01\/songte-cylinder-head-with-all-kinds-excavator-models.webp\" alt=\"V\u00e9rin de godet\" \/><\/p>\n<h2>Applications<\/h2>\n<p>Le v\u00e9rin de godet pour pelle sur pneus Hyundai R160W-5 est largement utilis\u00e9 dans les applications suivantes\u00a0:<\/p>\n<ul>\n<li>Mat\u00e9riel de construction\u00a0: Sur les pelles hydrauliques, les v\u00e9rins sont indispensables pour creuser, charger et d\u00e9placer la terre ou les d\u00e9bris. Sur les pelles r\u00e9tro, le v\u00e9rin du godet sert \u00e0 la fois au creusement et au levage. Sur les chargeuses frontales, ils permettent de lever et de d\u00e9charger efficacement les mat\u00e9riaux.<\/li>\n<li>Machines agricoles\u00a0: Utilis\u00e9 dans les chargeuses frontales pour ramasser, soulever et transporter la terre, le foin et autres mat\u00e9riaux. Dans les excavatrices, le v\u00e9rin du godet assure l\u2019excavation en permettant au godet de p\u00e9n\u00e9trer dans le sol. <\/li>\n<\/ul>\n<h2>Consid\u00e9rations de conception et normes de s\u00e9lection<\/h2>\n<p>Lors de la conception du v\u00e9rin de godet pour la pelle sur pneus Hyundai R160W-5, les facteurs cl\u00e9s suivants sont pris en compte\u00a0:<\/p>\n<ul>\n<li>Capacit\u00e9 de charge : Le cylindre doit pouvoir supporter les charges auxquelles il sera soumis en fonctionnement.<\/li>\n<li>\u00c9tanch\u00e9it\u00e9 : Le cylindre doit \u00eatre bien \u00e9tanche pour \u00e9viter les fuites d'huile hydraulique.<\/li>\n<li>Durabilit\u00e9 : Le cylindre doit pouvoir r\u00e9sister aux conditions de travail difficiles et \u00e0 l'usure qui en d\u00e9coule.<\/li>\n<li>S\u00e9curit\u00e9 : Le cylindre doit \u00eatre con\u00e7u en tenant compte de la s\u00e9curit\u00e9 afin de pr\u00e9venir les accidents lors de son utilisation.<\/li>\n<li>Maintenance : Le cylindre doit \u00eatre con\u00e7u de mani\u00e8re \u00e0 pouvoir \u00eatre facilement r\u00e9par\u00e9 ou entretenu, r\u00e9duisant ainsi les co\u00fbts de maintenance et minimisant les temps d'arr\u00eat.<\/li>\n<\/ul>\n<p><img decoding=\"async\" src=\"https:\/\/www.hydraulic-cylinders.net\/wp-content\/uploads\/2025\/01\/songte-oil-pipes-and-spare-parts.webp\" alt=\"V\u00e9rin de godet\" \/><\/p>\n<h2>\u00c9tanch\u00e9it\u00e9 et lubrification<\/h2>\n<p>Le v\u00e9rin de godet pour pelle sur pneus Hyundai R160W-5 est \u00e9quip\u00e9 de divers dispositifs d'\u00e9tanch\u00e9it\u00e9, tels que des joints de piston et de tige, fabriqu\u00e9s en mat\u00e9riaux r\u00e9sistants \u00e0 l'usure comme le polyur\u00e9thane et le caoutchouc nitrile. Le corps du v\u00e9rin et la surface d'extr\u00e9mit\u00e9 du filetage sont usin\u00e9s avec pr\u00e9cision pour une meilleure r\u00e9sistance \u00e0 l'usure. Un appoint r\u00e9gulier d'huile hydraulique est n\u00e9cessaire pour la lubrification.<\/p>\n<h2>Entretien et r\u00e9paration<\/h2>\n<p>Des inspections r\u00e9guli\u00e8res et des mesures d'entretien pr\u00e9ventif sont essentielles pour garantir la long\u00e9vit\u00e9 du v\u00e9rin du godet. Les t\u00e2ches d'entretien courantes comprennent\u00a0:<\/p>\n<ul>\n<li>Inspection r\u00e9guli\u00e8re<\/li>\n<li>Lubrification ad\u00e9quate<\/li>\n<li>remplacement du joint<\/li>\n<li>V\u00e9rification de l'\u00e9talonnage<\/li>\n<\/ul>\n<p><img decoding=\"async\" src=\"https:\/\/www.hydraulic-cylinders.net\/wp-content\/uploads\/2025\/01\/songte-chushion-collar.webp\" alt=\"V\u00e9rin de godet\" \/><\/p>\n<h2>Consid\u00e9rations relatives \u00e0 la s\u00e9curit\u00e9 et \u00e0 l'environnement<\/h2>\n<p>Des mesures de s\u00e9curit\u00e9 appropri\u00e9es doivent \u00eatre prises lors de l'utilisation du v\u00e9rin de godet pour pelle sur pneus Hyundai R160W-5. Il est essentiel de suivre scrupuleusement les proc\u00e9dures d'installation, d'utilisation et d'entretien afin de minimiser les risques d'accidents. Les facteurs environnementaux, tels que les fuites et d\u00e9versements d'huile, doivent \u00e9galement \u00eatre pris en compte et trait\u00e9s rapidement.<\/p>\n<h2>D\u00e9pannage et probl\u00e8mes courants<\/h2>\n<p>Les probl\u00e8mes courants rencontr\u00e9s avec le v\u00e9rin de godet des pelles sur pneus Hyundai utilisant l'huile R160W-5 incluent les fuites d'huile, les joints endommag\u00e9s et les tiges de v\u00e9rin tordues. Des techniques et des solutions de d\u00e9pannage sont facilement accessibles pour aider les op\u00e9rateurs \u00e0 diagnostiquer et \u00e0 r\u00e9soudre ces probl\u00e8mes, et des mesures pr\u00e9ventives sont recommand\u00e9es afin de minimiser les risques.<\/p>\n<p><img decoding=\"async\" src=\"https:\/\/www.hydraulic-cylinders.net\/wp-content\/uploads\/2025\/01\/songte-bushings-with-all-kinds-of-excavator-models.webp\" alt=\"V\u00e9rin de godet\" \/><\/p>\n<h2>\u00c0 propos de notre entreprise<\/h2>\n<p>Nous sommes un fabricant de v\u00e9rins hydrauliques de remplacement offrant une gamme compl\u00e8te de produits, et figurons parmi les principaux fabricants et distributeurs de v\u00e9rins hydrauliques sur les march\u00e9s nationaux et internationaux. Notre priorit\u00e9 est l'excellence, et nous nous appuyons sur une strat\u00e9gie de gestion de la production industrielle rigoureuse au sein d'ateliers de fabrication de pointe. Nous am\u00e9liorons constamment nos installations, optimisons nos processus de production et cultivons une forte capacit\u00e9 d'innovation. Nous r\u00e9pondons aux besoins vari\u00e9s de nos clients avec efficacit\u00e9, pr\u00e9cision et un souci constant de la qualit\u00e9.<\/p>\n<p><img decoding=\"async\" src=\"https:\/\/hzpt.com\/wp-content\/uploads\/2024\/11\/songte-company-1.webp\" alt=\"V\u00e9rin de godet\" \/><\/p>\n<h3>Nos sp\u00e9cialit\u00e9s :<\/h3>\n<ul>\n<li>Professionnalisme<\/li>\n<li>Certification internationale<\/li>\n<li>Services personnalis\u00e9s<\/li>\n<li>\u00c9quipement de production<\/li>\n<li>Service apr\u00e8s-vente<\/li>\n<\/ul>\n<p>Nous esp\u00e9rons que cet article vous aura fourni des informations utiles concernant le v\u00e9rin de godet pour la pelle sur pneus Hyundai R160W-5. Pour plus d'informations sur nos produits et services, veuillez consulter notre site web ou nous contacter directement.<\/p>\n<p>Auteur : lyl<\/p>","protected":false},"excerpt":{"rendered":"<p>Bucket Cylinder For Hyundai Wheel Excavator R160W-5 Introduction The bucket cylinder for Hyundai wheel excavator R160W-5 is a specialized hydraulic cylinder designed mainly for controlling the movement of the bucket in heavy machinery such as excavators, backhoe excavators, and front-end loaders. Its primary function is to allow the bucket to lift, lower, and tilt, making [&hellip;]<\/p>","protected":false},"featured_media":14778,"comment_status":"open","ping_status":"closed","template":"","meta":{"_et_pb_use_builder":"","_et_pb_old_content":"","_et_gb_content_width":""},"product_brand":[],"product_cat":[1494],"product_tag":[1495,1496],"class_list":{"0":"post-15334","1":"product","2":"type-product","3":"status-publish","4":"has-post-thumbnail","6":"product_cat-bucket-cylinders","7":"product_tag-bucket-cylinders","8":"product_tag-hydraulic-cylinders","10":"first","11":"instock","12":"shipping-taxable","13":"product-type-simple"},"amp_enabled":true,"_links":{"self":[{"href":"https:\/\/www.hydraulic-cylinders.net\/fr\/wp-json\/wp\/v2\/product\/15334","targetHints":{"allow":["GET"]}}],"collection":[{"href":"https:\/\/www.hydraulic-cylinders.net\/fr\/wp-json\/wp\/v2\/product"}],"about":[{"href":"https:\/\/www.hydraulic-cylinders.net\/fr\/wp-json\/wp\/v2\/types\/product"}],"replies":[{"embeddable":true,"href":"https:\/\/www.hydraulic-cylinders.net\/fr\/wp-json\/wp\/v2\/comments?post=15334"}],"wp:featuredmedia":[{"embeddable":true,"href":"https:\/\/www.hydraulic-cylinders.net\/fr\/wp-json\/wp\/v2\/media\/14778"}],"wp:attachment":[{"href":"https:\/\/www.hydraulic-cylinders.net\/fr\/wp-json\/wp\/v2\/media?parent=15334"}],"wp:term":[{"taxonomy":"product_brand","embeddable":true,"href":"https:\/\/www.hydraulic-cylinders.net\/fr\/wp-json\/wp\/v2\/product_brand?post=15334"},{"taxonomy":"product_cat","embeddable":true,"href":"https:\/\/www.hydraulic-cylinders.net\/fr\/wp-json\/wp\/v2\/product_cat?post=15334"},{"taxonomy":"product_tag","embeddable":true,"href":"https:\/\/www.hydraulic-cylinders.net\/fr\/wp-json\/wp\/v2\/product_tag?post=15334"}],"curies":[{"name":"wp","href":"https:\/\/api.w.org\/{rel}","templated":true}]}}