{"id":15338,"date":"2025-01-19T14:24:17","date_gmt":"2025-01-19T14:24:17","guid":{"rendered":"https:\/\/www.hydraulic-cylinders.net\/product\/bucket-cylinder-for-kobelco-small-excavator-sk70sr-2\/"},"modified":"2025-01-19T14:24:19","modified_gmt":"2025-01-19T14:24:19","slug":"bucket-cylinder-for-kobelco-small-excavator-sk70sr-2","status":"publish","type":"product","link":"https:\/\/www.hydraulic-cylinders.net\/fr\/produit\/bucket-cylinder-for-kobelco-small-excavator-sk70sr-2\/","title":{"rendered":"Cylindre de godet pour mini-pelle Kobelco SK70SR-2"},"content":{"rendered":"<p><!DOCTYPE html><br \/>\n<html><br \/>\n<head><br \/>\n<title>Cylindre de godet pour mini-pelle Kobelco SK70SR-2<\/title><br \/>\n<\/head><br \/>\n<body><\/p>\n<h1>Cylindre de godet pour mini-pelle Kobelco SK70SR-2<\/h1>\n<h2>Introduction<\/h2>\n<p>Le v\u00e9rin de godet de la mini-pelle Kobelco SK70SR-2 est un v\u00e9rin hydraulique sp\u00e9cialement con\u00e7u pour commander les mouvements du godet sur les engins de chantier tels que les pelles, les chargeuses-pelleteuses et les chargeuses frontales. Sa fonction principale est de permettre la lev\u00e9e, l'abaissement et l'inclinaison du godet, facilitant ainsi diverses op\u00e9rations de manutention. Au sein du syst\u00e8me hydraulique, le v\u00e9rin de godet assure un contr\u00f4le pr\u00e9cis du godet gr\u00e2ce \u00e0 la variation de pression de l'huile hydraulique, permettant aux op\u00e9rateurs de manipuler efficacement des charges lourdes et de s'adapter \u00e0 des environnements de travail complexes et \u00e0 des exigences vari\u00e9es.<\/p>\n<p><img decoding=\"async\" src=\"https:\/\/www.hydraulic-cylinders.net\/wp-content\/uploads\/2025\/01\/songte-company-2.webp\" alt=\"Image du cylindre du godet\"><\/p>\n<h2>Caract\u00e9ristiques<\/h2>\n<ul>\n<li>Haute r\u00e9sistance et durabilit\u00e9 : g\u00e9n\u00e9ralement fabriqu\u00e9 en acier ou en aluminium \u00e0 haute r\u00e9sistance, capable de r\u00e9sister \u00e0 une pression \u00e9lev\u00e9e et \u00e0 des charges importantes, s'adaptant aux environnements de travail difficiles, con\u00e7u en tenant compte de la r\u00e9sistance \u00e0 l'usure et \u00e0 la corrosion, prolongeant ainsi sa dur\u00e9e de vie.<\/li>\n<li>Fonctionnement hydraulique efficace : utilise la pression de l'huile hydraulique pour obtenir des mouvements d'extension et de r\u00e9traction fluides, capable de r\u00e9pondre rapidement aux commandes, fournissant des forces de pouss\u00e9e et de traction puissantes, adapt\u00e9es \u00e0 la manutention de charges lourdes et \u00e0 des t\u00e2ches complexes.<\/li>\n<li>Diff\u00e9rents types\u00a0: Il est possible de choisir entre des v\u00e9rins \u00e0 simple effet (hydrauliques utilis\u00e9s dans un seul sens) ou \u00e0 double effet (hydrauliques utilis\u00e9s dans les deux sens) selon les besoins\u00a0; certains mod\u00e8les sont t\u00e9lescopiques, permettant une plus grande extension sans augmenter les dimensions ext\u00e9rieures, adapt\u00e9s aux applications \u00e0 espace limit\u00e9.<\/li>\n<li>Remplacement parfait : notre produit peut parfaitement remplacer ces v\u00e9rins hydrauliques.<\/li>\n<\/ul>\n<p><img decoding=\"async\" src=\"https:\/\/www.hydraulic-cylinders.net\/wp-content\/uploads\/2025\/01\/songte-cylinder-head-with-all-kinds-excavator-models.webp\" alt=\"Image de remplacement\"><\/p>\n<h2>Applications<\/h2>\n<h3>\u00c9quipement de construction :<\/h3>\n<p>Sur les excavatrices, ils sont indispensables pour creuser, charger et d\u00e9placer la terre ou les d\u00e9bris. Sur les chargeuses-pelleteuses, le v\u00e9rin du godet contribue \u00e0 la fois au creusement et au levage.<\/p>\n<h3>Machines agricoles :<\/h3>\n<p>Utilis\u00e9 dans les chargeurs frontaux pour ramasser, soulever et transporter de la terre, du foin et d'autres mat\u00e9riaux.<\/p>\n<h3>Excavateurs:<\/h3>\n<p>Le v\u00e9rin du godet permet des actions de creusement en permettant au godet de p\u00e9n\u00e9trer le sol.<\/p>\n<h3>Chargeurs:<\/h3>\n<p>Dans les chargeuses frontales, elles permettent de soulever et d'incliner efficacement les marchandises.<\/p>\n<p><img decoding=\"async\" src=\"https:\/\/www.hydraulic-cylinders.net\/wp-content\/uploads\/2025\/01\/songte-oil-pipes-and-spare-parts.webp\" alt=\"Images d&#039;applications\"><\/p>\n<h2>Consid\u00e9rations de conception et crit\u00e8res de s\u00e9lection<\/h2>\n<ul>\n<li>Capacit\u00e9 de charge : Discutez de la capacit\u00e9 du cylindre \u00e0 r\u00e9sister aux charges et aux pressions.<\/li>\n<li>\u00c9tanch\u00e9it\u00e9\u00a0: Abordez les diff\u00e9rents composants d\u2019\u00e9tanch\u00e9it\u00e9 tels que les joints de piston et les joints de tige, ainsi que l\u2019utilisation de mat\u00e9riaux r\u00e9sistants \u00e0 l\u2019usure comme le polyur\u00e9thane et le caoutchouc nitrile.<\/li>\n<li>Durabilit\u00e9 : Mentionnez le traitement de surface de qualit\u00e9 du corps du cylindre et des extr\u00e9mit\u00e9s filet\u00e9es afin d'am\u00e9liorer la r\u00e9sistance \u00e0 l'usure.<\/li>\n<li>S\u00e9curit\u00e9 : Discuter des aspects de s\u00e9curit\u00e9 \u00e0 prendre en compte lors de la conception, afin de garantir le fonctionnement s\u00fbr du cylindre.<\/li>\n<li>Maintenabilit\u00e9 : Soulignez l'importance des inspections r\u00e9guli\u00e8res et de la maintenance pr\u00e9ventive pour prolonger la dur\u00e9e de vie du cylindre.<\/li>\n<\/ul>\n<p><img decoding=\"async\" src=\"https:\/\/www.hydraulic-cylinders.net\/wp-content\/uploads\/2025\/01\/songte-chushion-collar.webp\" alt=\"Consid\u00e9rations de conception Image\"><\/p>\n<h2>\u00c9tanch\u00e9it\u00e9 et lubrification<\/h2>\n<p>Le v\u00e9rin du godet utilise diff\u00e9rents composants d'\u00e9tanch\u00e9it\u00e9, tels que des joints de piston et des joints de tige. Ces joints sont fabriqu\u00e9s \u00e0 partir de mat\u00e9riaux r\u00e9sistants \u00e0 l'usure comme le polyur\u00e9thane et le caoutchouc nitrile. Le corps du v\u00e9rin et ses extr\u00e9mit\u00e9s filet\u00e9es b\u00e9n\u00e9ficient d'un traitement de surface fin pour une meilleure r\u00e9sistance \u00e0 l'usure. Une lubrification r\u00e9guli\u00e8re avec une huile hydraulique appropri\u00e9e est indispensable pour garantir un fonctionnement optimal et pr\u00e9venir l'usure.<\/p>\n<p><img decoding=\"async\" src=\"https:\/\/www.hydraulic-cylinders.net\/wp-content\/uploads\/2025\/01\/songte-bushings-with-all-kinds-of-excavator-models.webp\" alt=\"Image d&#039;\u00e9tanch\u00e9it\u00e9 et de lubrification\"><\/p>\n<h2>Inspection et maintenance pr\u00e9ventive<\/h2>\n<ul>\n<li>Inspection r\u00e9guli\u00e8re\u00a0: Soulignez l\u2019importance d\u2019inspecter r\u00e9guli\u00e8rement le cylindre afin de d\u00e9celer tout signe de dommage ou d\u2019usure.<\/li>\n<li>Lubrification ad\u00e9quate\u00a0: insistez sur la n\u00e9cessit\u00e9 d\u2019une lubrification ad\u00e9quate pour assurer un bon fonctionnement et \u00e9viter les pannes pr\u00e9matur\u00e9es.<\/li>\n<li>Remplacement des joints : Expliquez l'importance d'un remplacement r\u00e9gulier des joints pour maintenir des performances optimales.<\/li>\n<li>Contr\u00f4le d'\u00e9talonnage\u00a0: Soulignez l'importance des contr\u00f4les d'\u00e9talonnage p\u00e9riodiques pour garantir un fonctionnement pr\u00e9cis.<\/li>\n<\/ul>\n<p><img decoding=\"async\" src=\"https:\/\/hzpt.com\/wp-content\/uploads\/2024\/11\/songte-company-1.webp\" alt=\"Image de maintenance\"><\/p>\n<h2>Consid\u00e9rations de s\u00e9curit\u00e9 et facteurs environnementaux<\/h2>\n<p>Lors de l'utilisation du v\u00e9rin de godet, il est essentiel de respecter les consignes de s\u00e9curit\u00e9 afin de pr\u00e9venir les accidents et d'assurer la s\u00e9curit\u00e9 des op\u00e9rateurs et des personnes pr\u00e9sentes. Des pr\u00e9cautions doivent \u00eatre prises pour \u00e9viter tout danger potentiel. De plus, les facteurs environnementaux, tels que la pr\u00e9vention des fuites et l'\u00e9limination appropri\u00e9e des fluides hydrauliques, doivent \u00eatre pris en compte afin de minimiser tout impact n\u00e9gatif sur l'environnement.<\/p>\n<h2>Diagnostic et d\u00e9pannage des pannes<\/h2>\n<p>Les pannes et probl\u00e8mes courants pouvant affecter le v\u00e9rin du godet incluent les fuites, une puissance insuffisante et des mouvements anormaux. Fournissez des conseils et des solutions pour diagnostiquer et r\u00e9soudre ces probl\u00e8mes, ainsi que des mesures pr\u00e9ventives pour minimiser les risques.<\/p>\n<p><img decoding=\"async\" src=\"https:\/\/www.hydraulic-cylinders.net\/wp-content\/uploads\/2025\/01\/songte-company-3.webp\" alt=\"Image de d\u00e9pannage\"><\/p>\n<h2>Pr\u00e9sentation de l'entreprise<\/h2>\n<p>Nous sommes un fabricant de v\u00e9rins hydrauliques de remplacement et l'un des principaux fabricants et distributeurs en gros sur les march\u00e9s nationaux et internationaux. Notre priorit\u00e9 est l'excellence en mati\u00e8re de qualit\u00e9. Nous nous appuyons sur une strat\u00e9gie de gestion de production industrialis\u00e9e au sein d'ateliers de fabrication de pointe. Gr\u00e2ce \u00e0 l'expertise de nos techniciens, \u00e0 l'utilisation d'\u00e9quipements de fabrication num\u00e9riques haut de gamme et \u00e0 des syst\u00e8mes de contr\u00f4le professionnels, notre entreprise am\u00e9liore constamment sa plateforme de production, optimise ses processus de fabrication et d\u00e9veloppe une forte capacit\u00e9 d'innovation. Nous nous effor\u00e7ons de r\u00e9pondre aux besoins vari\u00e9s de nos clients avec efficacit\u00e9, pr\u00e9cision et qualit\u00e9.<\/p>\n<p><img decoding=\"async\" src=\"https:\/\/www.hydraulic-cylinders.net\/wp-content\/uploads\/2025\/01\/songte-company-3.webp\" alt=\"Image de l&#039;entreprise\"><\/p>\n<p>Du professionnalisme aux certifications internationales, en passant par les services personnalis\u00e9s, les \u00e9quipements de production et le service apr\u00e8s-vente, l'entreprise se pr\u00e9sente sous diff\u00e9rents aspects.<\/p>\n<p><em>Auteur : lyl<\/em><\/p>\n<p><\/body><br \/>\n<\/html><\/p>","protected":false},"excerpt":{"rendered":"<p>Bucket Cylinder For Kobelco Small Excavator SK70SR-2 Bucket Cylinder For Kobelco Small Excavator SK70SR-2 Introduction The bucket cylinder for Kobelco small excavator SK70SR-2 is a specially designed hydraulic cylinder used for controlling the movement of the bucket in heavy machinery such as excavators, backhoe loaders, and front-end loaders. Its main function is to enable the [&hellip;]<\/p>","protected":false},"featured_media":14769,"comment_status":"open","ping_status":"closed","template":"","meta":{"_et_pb_use_builder":"","_et_pb_old_content":"","_et_gb_content_width":""},"product_brand":[],"product_cat":[1494],"product_tag":[1495,1496],"class_list":{"0":"post-15338","1":"product","2":"type-product","3":"status-publish","4":"has-post-thumbnail","6":"product_cat-bucket-cylinders","7":"product_tag-bucket-cylinders","8":"product_tag-hydraulic-cylinders","10":"first","11":"instock","12":"shipping-taxable","13":"product-type-simple"},"amp_enabled":true,"_links":{"self":[{"href":"https:\/\/www.hydraulic-cylinders.net\/fr\/wp-json\/wp\/v2\/product\/15338","targetHints":{"allow":["GET"]}}],"collection":[{"href":"https:\/\/www.hydraulic-cylinders.net\/fr\/wp-json\/wp\/v2\/product"}],"about":[{"href":"https:\/\/www.hydraulic-cylinders.net\/fr\/wp-json\/wp\/v2\/types\/product"}],"replies":[{"embeddable":true,"href":"https:\/\/www.hydraulic-cylinders.net\/fr\/wp-json\/wp\/v2\/comments?post=15338"}],"wp:featuredmedia":[{"embeddable":true,"href":"https:\/\/www.hydraulic-cylinders.net\/fr\/wp-json\/wp\/v2\/media\/14769"}],"wp:attachment":[{"href":"https:\/\/www.hydraulic-cylinders.net\/fr\/wp-json\/wp\/v2\/media?parent=15338"}],"wp:term":[{"taxonomy":"product_brand","embeddable":true,"href":"https:\/\/www.hydraulic-cylinders.net\/fr\/wp-json\/wp\/v2\/product_brand?post=15338"},{"taxonomy":"product_cat","embeddable":true,"href":"https:\/\/www.hydraulic-cylinders.net\/fr\/wp-json\/wp\/v2\/product_cat?post=15338"},{"taxonomy":"product_tag","embeddable":true,"href":"https:\/\/www.hydraulic-cylinders.net\/fr\/wp-json\/wp\/v2\/product_tag?post=15338"}],"curies":[{"name":"wp","href":"https:\/\/api.w.org\/{rel}","templated":true}]}}