{"id":15339,"date":"2025-01-19T14:24:21","date_gmt":"2025-01-19T14:24:21","guid":{"rendered":"https:\/\/www.hydraulic-cylinders.net\/product\/bucket-cylinder-for-kobelco-small-excavator-sk115\/"},"modified":"2025-01-19T14:24:23","modified_gmt":"2025-01-19T14:24:23","slug":"bucket-cylinder-for-kobelco-small-excavator-sk115","status":"publish","type":"product","link":"https:\/\/www.hydraulic-cylinders.net\/fr\/produit\/bucket-cylinder-for-kobelco-small-excavator-sk115\/","title":{"rendered":"Cylindre de godet pour mini-pelle Kobelco SK115"},"content":{"rendered":"<h1>Cylindre de godet pour mini-pelle Kobelco SK115<\/h1>\n<h2>Introduction<\/h2>\n<p>Un v\u00e9rin de godet est un v\u00e9rin hydraulique sp\u00e9cialement con\u00e7u pour commander les mouvements du godet sur les engins de chantier tels que les pelles hydrauliques, les chargeuses-pelleteuses et les chargeuses frontales. Sa fonction principale est de permettre au godet d'effectuer des op\u00e9rations de levage, d'abaissement et d'inclinaison, facilitant ainsi diverses t\u00e2ches de manutention. Dans les syst\u00e8mes hydrauliques, les v\u00e9rins de godet assurent un contr\u00f4le pr\u00e9cis du godet gr\u00e2ce aux variations de pression d'huile hydraulique, permettant aux op\u00e9rateurs de manipuler efficacement des charges lourdes et de s'adapter \u00e0 des environnements de travail complexes et \u00e0 des exigences op\u00e9rationnelles vari\u00e9es.<\/p>\n<p><img decoding=\"async\" src=\"https:\/\/www.hydraulic-cylinders.net\/wp-content\/uploads\/2025\/01\/songte-company-2.webp\"><\/p>\n<h2>Caract\u00e9ristiques<\/h2>\n<ul>\n<li>High Strength and Durability: Typically made from high-strength steel or aluminum, bucket cylinders can withstand high pressure and heavy loads, adapting to harsh working conditions. The design takes into account wear resistance and corrosion resistance, thereby extending the product&#8217;s lifespan.<\/li>\n<li>Fonctionnement hydraulique efficace\u00a0: gr\u00e2ce \u00e0 la pression de l\u2019huile hydraulique, les v\u00e9rins du godet permettent des mouvements d\u2019extension et de r\u00e9traction fluides, assurant une r\u00e9ponse rapide aux commandes et fournissant des forces de pouss\u00e9e et de traction puissantes, adapt\u00e9es \u00e0 la manutention de charges lourdes et \u00e0 des t\u00e2ches op\u00e9rationnelles complexes.<\/li>\n<li>Diff\u00e9rents types\u00a0: Les v\u00e9rins de godet peuvent \u00eatre choisis en version simple effet (pression hydraulique dans un seul sens) ou double effet (pression hydraulique dans les deux sens), selon les besoins op\u00e9rationnels sp\u00e9cifiques. Certains mod\u00e8les sont t\u00e9lescopiques, ce qui permet une plus grande extension sans augmenter les dimensions ext\u00e9rieures et les rend adapt\u00e9s aux applications dans des espaces restreints.<\/li>\n<li>Remplacement id\u00e9al : Nos produits peuvent parfaitement remplacer ces v\u00e9rins hydrauliques.<\/li>\n<\/ul>\n<p><img decoding=\"async\" src=\"https:\/\/www.hydraulic-cylinders.net\/wp-content\/uploads\/2025\/01\/songte-cylinder-head-with-all-kinds-excavator-models.webp\"><\/p>\n<h2>Applications<\/h2>\n<p>Les v\u00e9rins \u00e0 godet trouvent des applications dans divers secteurs et \u00e9quipements\u00a0:<\/p>\n<h3>\u00c9quipement de construction<\/h3>\n<p>Sur les excavatrices, ils sont indispensables pour creuser, charger et d\u00e9placer la terre ou les d\u00e9bris. Sur les chargeuses-pelleteuses, les v\u00e9rins du godet participent \u00e0 la fois au creusement et au levage.<\/p>\n<h3>machines agricoles<\/h3>\n<p>Utilis\u00e9 dans les chargeurs frontaux pour ramasser, soulever et transporter de la terre, du foin et d'autres mat\u00e9riaux.<\/p>\n<h3>Excavateurs<\/h3>\n<p>Les v\u00e9rins de godet permettent d'effectuer des op\u00e9rations de creusement en permettant au godet de p\u00e9n\u00e9trer dans le sol.<\/p>\n<h3>Chargeurs<\/h3>\n<p>Dans les chargeuses frontales, elles contribuent \u00e0 lever et \u00e0 d\u00e9charger efficacement les marchandises.<\/p>\n<p><img decoding=\"async\" src=\"https:\/\/www.hydraulic-cylinders.net\/wp-content\/uploads\/2025\/01\/songte-oil-pipes-and-spare-parts.webp\"><\/p>\n<h2>Consid\u00e9rations de conception et crit\u00e8res de s\u00e9lection<\/h2>\n<ul>\n<li>Capacit\u00e9 de charge : Les v\u00e9rins du godet sont con\u00e7us pour supporter les charges sp\u00e9cifi\u00e9es et garantir un fonctionnement s\u00fbr.<\/li>\n<li>\u00c9tanch\u00e9it\u00e9 : Diff\u00e9rents joints, tels que les joints de piston et les joints de tige fabriqu\u00e9s \u00e0 partir de mat\u00e9riaux r\u00e9sistants \u00e0 l'usure comme le polyur\u00e9thane et le caoutchouc nitrile, sont utilis\u00e9s pour assurer une \u00e9tanch\u00e9it\u00e9 efficace et \u00e9viter les fuites.<\/li>\n<li>Durabilit\u00e9 : Le corps du cylindre et les extr\u00e9mit\u00e9s filet\u00e9es subissent un traitement de pr\u00e9cision pour am\u00e9liorer la r\u00e9sistance \u00e0 l'usure.<\/li>\n<li>S\u00e9curit\u00e9 : Des dispositifs de s\u00e9curit\u00e9 sont int\u00e9gr\u00e9s \u00e0 la conception afin de pr\u00e9venir les accidents et d'assurer la protection de l'op\u00e9rateur.<\/li>\n<li>Facilit\u00e9 d'entretien : La facilit\u00e9 d'entretien et de r\u00e9paration est prise en compte, permettant un service efficace et minimisant les temps d'arr\u00eat.<\/li>\n<\/ul>\n<p><img decoding=\"async\" src=\"https:\/\/www.hydraulic-cylinders.net\/wp-content\/uploads\/2025\/01\/songte-bushings-with-all-kinds-of-excavator-models.webp\"><\/p>\n<h2>\u00c9tanch\u00e9it\u00e9 et lubrification<\/h2>\n<p>Les v\u00e9rins de godet utilisent diff\u00e9rents types de joints, tels que des joints de piston et des joints de tige, fabriqu\u00e9s en mat\u00e9riaux r\u00e9sistants \u00e0 l'usure. Le corps du v\u00e9rin et ses extr\u00e9mit\u00e9s filet\u00e9es b\u00e9n\u00e9ficient d'un traitement de pr\u00e9cision pour une meilleure r\u00e9sistance \u00e0 l'usure. Une lubrification r\u00e9guli\u00e8re avec la quantit\u00e9 appropri\u00e9e d'huile hydraulique est indispensable pour un fonctionnement optimal et une dur\u00e9e de vie prolong\u00e9e du v\u00e9rin.<\/p>\n<h2>Inspection et maintenance pr\u00e9ventive<\/h2>\n<p>Des inspections r\u00e9guli\u00e8res et des mesures d'entretien pr\u00e9ventif sont essentielles pour garantir des performances optimales et une longue dur\u00e9e de vie au v\u00e9rin du godet. Ces mesures comprennent\u00a0:<\/p>\n<ul>\n<li>Inspection r\u00e9guli\u00e8re du cylindre afin de d\u00e9tecter tout signe d'usure, de dommage ou de fuite.<\/li>\n<li>Lubrification ad\u00e9quate des composants du cylindre.<\/li>\n<li>Remplacement des joints us\u00e9s et contr\u00f4les d'\u00e9talonnage p\u00e9riodiques.<\/li>\n<\/ul>\n<p><img decoding=\"async\" src=\"https:\/\/www.hydraulic-cylinders.net\/wp-content\/uploads\/2025\/01\/songte-chushion-collar.webp\"><\/p>\n<h2>Consid\u00e9rations de s\u00e9curit\u00e9 et facteurs environnementaux<\/h2>\n<p>Lors de l'utilisation de v\u00e9rins de godet, il est essentiel de respecter les consignes de s\u00e9curit\u00e9 afin de garantir la s\u00e9curit\u00e9 de l'op\u00e9rateur et de pr\u00e9venir les accidents. Une installation, une utilisation et un entretien corrects sont indispensables pour maintenir un environnement de travail s\u00fbr. Les facteurs environnementaux doivent \u00e9galement \u00eatre pris en compte afin de minimiser tout impact n\u00e9gatif pendant l'utilisation.<\/p>\n<h2>Diagnostic des pannes et probl\u00e8mes courants<\/h2>\n<p>En cas de dysfonctionnement, il est important de diagnostiquer et de r\u00e9soudre rapidement les probl\u00e8mes. Voici quelques probl\u00e8mes courants susceptibles de survenir\u00a0:<\/p>\n<ul>\n<li>Fuite de fluide hydraulique.<\/li>\n<li>Mouvements saccad\u00e9s ou irr\u00e9guliers du seau.<\/li>\n<li>Force de levage ou de pouss\u00e9e r\u00e9duite.<\/li>\n<\/ul>\n<p>Pour chaque probl\u00e8me, un d\u00e9pannage rapide et des solutions appropri\u00e9es doivent \u00eatre mis en \u0153uvre, ainsi que des mesures pr\u00e9ventives pour minimiser les probl\u00e8mes potentiels.<\/p>\n<p><img decoding=\"async\" src=\"https:\/\/www.hydraulic-cylinders.net\/wp-content\/uploads\/2025\/01\/songte-company-1.webp\"><\/p>\n<h2>Conclusion<\/h2>\n<p>En tant que fabricant et distributeur en gros de v\u00e9rins hydrauliques de premier plan, notre entreprise propose une gamme compl\u00e8te de produits. L'excellence est notre priorit\u00e9, et nous mettons en \u0153uvre des strat\u00e9gies de gestion de la production industrielle dans nos ateliers de fabrication ultramodernes. Gr\u00e2ce \u00e0 notre expertise technique, nos \u00e9quipements de production de pointe et nos syst\u00e8mes de contr\u00f4le qualit\u00e9 professionnels, nous am\u00e9liorons constamment nos capacit\u00e9s de production, optimisons nos processus de fabrication et sommes en mesure de r\u00e9pondre aux besoins vari\u00e9s de nos clients avec efficacit\u00e9, pr\u00e9cision et qualit\u00e9. Notre entreprise se distingue par son professionnalisme, ses certifications internationales, ses services personnalis\u00e9s, ses \u00e9quipements de production et son service apr\u00e8s-vente.<\/p>\n<p><img decoding=\"async\" src=\"https:\/\/www.hydraulic-cylinders.net\/wp-content\/uploads\/2025\/01\/songte-company-3.webp\"><\/p>\n<p>Auteur : lyl<\/p>","protected":false},"excerpt":{"rendered":"<p>Bucket Cylinder For Kobelco Small Excavator SK115 Introduction A bucket cylinder is a specially designed hydraulic cylinder used to control the movement of buckets in heavy machinery such as excavators, backhoe loaders, and front-end loaders. Its main function is to enable the bucket to perform lifting, lowering, and tilting actions, facilitating various material handling tasks. [&hellip;]<\/p>","protected":false},"featured_media":14765,"comment_status":"open","ping_status":"closed","template":"","meta":{"_et_pb_use_builder":"","_et_pb_old_content":"","_et_gb_content_width":""},"product_brand":[],"product_cat":[1494],"product_tag":[1495,1496],"class_list":{"0":"post-15339","1":"product","2":"type-product","3":"status-publish","4":"has-post-thumbnail","6":"product_cat-bucket-cylinders","7":"product_tag-bucket-cylinders","8":"product_tag-hydraulic-cylinders","10":"first","11":"instock","12":"shipping-taxable","13":"product-type-simple"},"amp_enabled":true,"_links":{"self":[{"href":"https:\/\/www.hydraulic-cylinders.net\/fr\/wp-json\/wp\/v2\/product\/15339","targetHints":{"allow":["GET"]}}],"collection":[{"href":"https:\/\/www.hydraulic-cylinders.net\/fr\/wp-json\/wp\/v2\/product"}],"about":[{"href":"https:\/\/www.hydraulic-cylinders.net\/fr\/wp-json\/wp\/v2\/types\/product"}],"replies":[{"embeddable":true,"href":"https:\/\/www.hydraulic-cylinders.net\/fr\/wp-json\/wp\/v2\/comments?post=15339"}],"wp:featuredmedia":[{"embeddable":true,"href":"https:\/\/www.hydraulic-cylinders.net\/fr\/wp-json\/wp\/v2\/media\/14765"}],"wp:attachment":[{"href":"https:\/\/www.hydraulic-cylinders.net\/fr\/wp-json\/wp\/v2\/media?parent=15339"}],"wp:term":[{"taxonomy":"product_brand","embeddable":true,"href":"https:\/\/www.hydraulic-cylinders.net\/fr\/wp-json\/wp\/v2\/product_brand?post=15339"},{"taxonomy":"product_cat","embeddable":true,"href":"https:\/\/www.hydraulic-cylinders.net\/fr\/wp-json\/wp\/v2\/product_cat?post=15339"},{"taxonomy":"product_tag","embeddable":true,"href":"https:\/\/www.hydraulic-cylinders.net\/fr\/wp-json\/wp\/v2\/product_tag?post=15339"}],"curies":[{"name":"wp","href":"https:\/\/api.w.org\/{rel}","templated":true}]}}