{"id":15343,"date":"2025-01-19T14:24:39","date_gmt":"2025-01-19T14:24:39","guid":{"rendered":"https:\/\/www.hydraulic-cylinders.net\/product\/bucket-cylinder-for-kobelco-small-excavator-sk60-c\/"},"modified":"2025-01-19T14:24:40","modified_gmt":"2025-01-19T14:24:40","slug":"bucket-cylinder-for-kobelco-small-excavator-sk60-c","status":"publish","type":"product","link":"https:\/\/www.hydraulic-cylinders.net\/fr\/produit\/bucket-cylinder-for-kobelco-small-excavator-sk60-c\/","title":{"rendered":"Cylindre de godet pour mini-pelle Kobelco SK60-C"},"content":{"rendered":"<h1>Cylindre de godet pour mini-pelle Kobelco SK60-C<\/h1>\n<h2>Introduction<\/h2>\n<h3>D\u00e9finition<\/h3>\n<p>Un v\u00e9rin de godet est un v\u00e9rin hydraulique sp\u00e9cialement con\u00e7u pour contr\u00f4ler les mouvements du godet sur les engins de chantier tels que les pelles hydrauliques, les chargeuses-pelleteuses et les chargeuses frontales. Sa fonction principale est de permettre la lev\u00e9e, l'abaissement et l'inclinaison du godet, facilitant ainsi la manutention de divers mat\u00e9riaux. Au sein du syst\u00e8me hydraulique, le v\u00e9rin de godet assure un contr\u00f4le pr\u00e9cis des mouvements du godet gr\u00e2ce \u00e0 la variation de la pression d'huile hydraulique, permettant \u00e0 l'op\u00e9rateur de manipuler efficacement des charges lourdes et de s'adapter \u00e0 des conditions de travail complexes et \u00e0 des exigences op\u00e9rationnelles vari\u00e9es.<\/p>\n<p><img decoding=\"async\" src=\"https:\/\/www.hydraulic-cylinders.net\/wp-content\/uploads\/2025\/01\/songte-company-2.webp\" alt=\"Image du cylindre du godet\"><\/p>\n<h2>Caract\u00e9ristiques<\/h2>\n<ul>\n<li><strong>Haute r\u00e9sistance et durabilit\u00e9 :<\/strong> Fabriqu\u00e9 g\u00e9n\u00e9ralement en acier ou en aluminium \u00e0 haute r\u00e9sistance, il peut supporter une pression \u00e9lev\u00e9e et des charges importantes, s'adaptant aux environnements de travail difficiles, avec une conception qui prend en compte la r\u00e9sistance \u00e0 l'usure et \u00e0 la corrosion, prolongeant ainsi sa dur\u00e9e de vie.<\/li>\n<li><strong>Op\u00e9rations hydrauliques efficaces :<\/strong> Utilisant la pression de l'huile hydraulique pour obtenir un mouvement d'extension et de r\u00e9traction fluide, il peut r\u00e9pondre rapidement aux commandes, fournissant une force de pouss\u00e9e et de traction puissante adapt\u00e9e \u00e0 la manutention de charges lourdes et \u00e0 des t\u00e2ches op\u00e9rationnelles complexes.<\/li>\n<li><strong>Diff\u00e9rents types :<\/strong> Les v\u00e9rins \u00e0 simple effet (fonctionnement hydraulique dans un seul sens) ou \u00e0 double effet (fonctionnement hydraulique dans les deux sens) peuvent \u00eatre s\u00e9lectionn\u00e9s en fonction des besoins pour r\u00e9pondre aux diff\u00e9rentes exigences op\u00e9rationnelles. Certains mod\u00e8les sont t\u00e9lescopiques, ce qui permet une plus grande extension sans augmenter les dimensions ext\u00e9rieures et convient aux applications dans des espaces restreints.<\/li>\n<li><strong>Interchangeable:<\/strong> Nos produits peuvent parfaitement remplacer ces v\u00e9rins hydrauliques.<\/li>\n<li><strong>Personnalisation\u00a0:<\/strong> Nous pouvons fabriquer ce produit selon les sp\u00e9cifications du client.<\/li>\n<\/ul>\n<p><img decoding=\"async\" src=\"https:\/\/www.hydraulic-cylinders.net\/wp-content\/uploads\/2025\/01\/songte-cylinder-head-with-all-kinds-excavator-models.webp\" alt=\"Image de remplacement du v\u00e9rin de godet\"><\/p>\n<h2>Applications<\/h2>\n<p>Les v\u00e9rins de godet sont largement utilis\u00e9s dans diverses machines lourdes, notamment\u00a0:<\/p>\n<ul>\n<li>Mat\u00e9riel de construction\u00a0: Sur les excavatrices, les v\u00e9rins sont indispensables pour creuser, charger et d\u00e9placer la terre ou les d\u00e9bris. Sur les chargeuses-pelleteuses, le v\u00e9rin du godet facilite l\u2019excavation et le levage. <\/li>\n<li>Machines agricoles : Utilis\u00e9es dans les chargeuses frontales, pour l'excavation, le levage et le transport de terre, de foin et d'autres mat\u00e9riaux.<\/li>\n<li>Excavatrices : Le v\u00e9rin du godet assure l'excavation en permettant au godet de p\u00e9n\u00e9trer dans le sol.<\/li>\n<li>Chargeurs frontaux\u00a0: Sur les chargeurs frontaux, ils permettent de soulever et de basculer efficacement les marchandises.<\/li>\n<\/ul>\n<h2>Consid\u00e9rations de conception et crit\u00e8res de s\u00e9lection<\/h2>\n<h3>Consid\u00e9rations de conception<\/h3>\n<ul>\n<li><strong>Capacit\u00e9 portante :<\/strong> Le cylindre doit \u00eatre con\u00e7u pour r\u00e9sister \u00e0 la charge maximale qu'il peut rencontrer en fonctionnement.<\/li>\n<li><strong>Scellage:<\/strong> Divers composants d'\u00e9tanch\u00e9it\u00e9, tels que les joints de piston et les joints de tige, doivent \u00eatre utilis\u00e9s pour \u00e9viter les fuites de fluide.<\/li>\n<li><strong>Durabilit\u00e9:<\/strong> Le cylindre doit \u00eatre con\u00e7u avec des mat\u00e9riaux r\u00e9sistants \u00e0 l'usure et des traitements de surface afin de prolonger sa dur\u00e9e de vie.<\/li>\n<li><strong>S\u00e9curit\u00e9:<\/strong> Le cylindre doit \u00eatre con\u00e7u pour pr\u00e9venir les accidents, tels que les chutes soudaines ou les surcharges, et doit respecter les normes de s\u00e9curit\u00e9 en vigueur.<\/li>\n<li><strong>Maintenabilit\u00e9 :<\/strong> Le cylindre doit \u00eatre con\u00e7u pour faciliter l'inspection, l'entretien et la r\u00e9paration.<\/li>\n<\/ul>\n<p><img decoding=\"async\" src=\"https:\/\/www.hydraulic-cylinders.net\/wp-content\/uploads\/2025\/01\/songte-oil-pipes-and-spare-parts.webp\" alt=\"Image des pi\u00e8ces de rechange pour v\u00e9rin de godet\"><\/p>\n<h3>Crit\u00e8res de s\u00e9lection<\/h3>\n<ul>\n<li><strong>Application:<\/strong> Le choix du type de cylindre doit \u00eatre adapt\u00e9 \u00e0 l'application et aux exigences op\u00e9rationnelles sp\u00e9cifiques.<\/li>\n<li><strong>Taille et course :<\/strong> Le diam\u00e8tre d'al\u00e9sage et la longueur de course du cylindre doivent \u00eatre s\u00e9lectionn\u00e9s en fonction de la capacit\u00e9 de charge et des conditions de fonctionnement.<\/li>\n<li><strong>Style de montage :<\/strong> Le choix du mode de montage du cylindre doit se faire en fonction du type de montage de la machine.<\/li>\n<li><strong>Pression de service:<\/strong> La pression de fonctionnement du v\u00e9rin doit se situer dans la plage sp\u00e9cifi\u00e9e du syst\u00e8me hydraulique.<\/li>\n<li><strong>Exigences environnementales :<\/strong> Le choix du cylindre doit se faire en fonction des exigences environnementales de la machine, telles que la temp\u00e9rature, l'humidit\u00e9 et la corrosivit\u00e9.<\/li>\n<\/ul>\n<h2>\u00c9tanch\u00e9it\u00e9 et lubrification<\/h2>\n<p>Divers composants d'\u00e9tanch\u00e9it\u00e9, tels que les joints de piston et les joints de tige, doivent \u00eatre utilis\u00e9s pour pr\u00e9venir les fuites de fluide. Ces joints doivent \u00eatre fabriqu\u00e9s dans des mat\u00e9riaux r\u00e9sistants \u00e0 l'usure, comme le polyur\u00e9thane ou le caoutchouc nitrile. Le corps du v\u00e9rin et la surface d'extr\u00e9mit\u00e9 filet\u00e9e doivent b\u00e9n\u00e9ficier d'un traitement de surface pr\u00e9cis afin d'am\u00e9liorer leur r\u00e9sistance \u00e0 l'usure. Un ajout r\u00e9gulier d'une quantit\u00e9 appropri\u00e9e d'huile hydraulique permet de lubrifier efficacement le v\u00e9rin et d'allonger sa dur\u00e9e de vie.<\/p>\n<h2>Entretien et r\u00e9paration<\/h2>\n<p>L'inspection r\u00e9guli\u00e8re, la lubrification appropri\u00e9e, le remplacement des joints et les contr\u00f4les d'\u00e9talonnage constituent les t\u00e2ches d'entretien courantes. Une installation, une lubrification et un r\u00e9glage corrects sont essentiels au bon fonctionnement et \u00e0 la long\u00e9vit\u00e9 du v\u00e9rin. Lors de l'installation, il est primordial d'aligner correctement le v\u00e9rin et d'utiliser les supports de fixation appropri\u00e9s. Nous recommandons des proc\u00e9dures sp\u00e9cifiques d'inspection, de r\u00e9paration et de remplacement, ainsi que des services de remise \u00e0 neuf et des conseils pour prolonger la dur\u00e9e de vie du v\u00e9rin.<\/p>\n<p><img decoding=\"async\" src=\"https:\/\/www.hydraulic-cylinders.net\/wp-content\/uploads\/2025\/01\/songte-chushion-collar.webp\" alt=\"Image d&#039;installation du v\u00e9rin de godet\"><\/p>\n<h2>Consid\u00e9rations de s\u00e9curit\u00e9 et facteurs environnementaux<\/h2>\n<p>Lors de l'utilisation de v\u00e9rins hydrauliques, il est essentiel de respecter les consignes de s\u00e9curit\u00e9, notamment le port d'\u00e9quipements de protection individuelle et le respect des consignes de s\u00e9curit\u00e9. Les facteurs environnementaux, tels que la temp\u00e9rature, l'humidit\u00e9, la corrosivit\u00e9 et la propret\u00e9, doivent \u00eatre pris en compte lors du choix du v\u00e9rin et du syst\u00e8me hydraulique.<\/p>\n<h2>Probl\u00e8mes courants et d\u00e9pannage<\/h2>\n<p>Les probl\u00e8mes courants des v\u00e9rins hydrauliques incluent les fuites de fluide, une force insuffisante et un mouvement erratique. Le d\u00e9pannage consiste \u00e0 identifier le probl\u00e8me pr\u00e9cis et ses causes, telles que des joints us\u00e9s ou un fluide contamin\u00e9, et \u00e0 prendre les mesures correctives appropri\u00e9es, comme le remplacement des joints ou la purge du fluide. Un entretien pr\u00e9ventif r\u00e9gulier permet de minimiser ces probl\u00e8mes.<\/p>\n<p><img decoding=\"async\" src=\"https:\/\/www.hydraulic-cylinders.net\/wp-content\/uploads\/2025\/01\/songte-bushings-with-all-kinds-of-excavator-models.webp\" alt=\"Image de d\u00e9pannage du v\u00e9rin de godet\"><\/p>\n<h2>\u00c0 propos de notre entreprise<\/h2>\n<p>Nous sommes un fabricant de v\u00e9rins hydrauliques de remplacement offrant une gamme compl\u00e8te de produits. Comptant parmi les principaux fabricants et distributeurs de v\u00e9rins hydrauliques sur les march\u00e9s nationaux et internationaux, nous privil\u00e9gions l'excellence et nous appuyons sur des strat\u00e9gies de gestion de la production industrielle performantes, des ateliers de fabrication de pointe, et nous am\u00e9liorons constamment nos plateformes de production afin de perfectionner nos lignes de production. Notre forte capacit\u00e9 de production nous permet de r\u00e9pondre aux besoins vari\u00e9s de nos clients avec efficacit\u00e9, pr\u00e9cision et qualit\u00e9. <\/p>\n<ul>\n<li><strong>Professionnalisme:<\/strong> Notre \u00e9quipe est compos\u00e9e de professionnels exp\u00e9riment\u00e9s capables de fournir des solutions personnalis\u00e9es \u00e0 diff\u00e9rents clients.<\/li>\n<li><strong>Certification internationale :<\/strong> Nos produits ont obtenu des certifications internationales, telles que ISO9001, CE et SGS.<\/li>\n<li><strong>Service de personnalisation\u00a0:<\/strong> Nous pouvons fournir des cylindres sur mesure selon les sp\u00e9cifications et les exigences du client.<\/li>\n<li><strong>\u00c9quipement de production avanc\u00e9 :<\/strong> Nous disposons d'\u00e9quipements de fabrication num\u00e9rique de pointe, tels que des machines CNC et des syst\u00e8mes de test, afin de garantir la qualit\u00e9 et la constance de nos produits.<\/li>\n<li><strong>Service apr\u00e8s-vente :<\/strong> Nous assurons un service apr\u00e8s-vente rapide, comprenant le remplacement de pi\u00e8ces et la remise en \u00e9tat, afin de garantir la satisfaction de nos clients.<\/li>\n<\/ul>\n<p><img decoding=\"async\" src=\"https:\/\/hzpt.com\/wp-content\/uploads\/2024\/11\/songte-company-1.webp\" alt=\"Image de l&#039;entreprise\"><\/p>\n<p>Auteur : lyl.<\/p>","protected":false},"excerpt":{"rendered":"<p>Bucket Cylinder for Kobelco Small Excavator SK60-C Introduction Definition A bucket cylinder is a specially designed hydraulic cylinder used to control the movement of a bucket in heavy machinery such as excavators, backhoe loaders, and front loaders. Its primary function is to enable the bucket to lift, lower, and tilt, making it easier to handle [&hellip;]<\/p>","protected":false},"featured_media":14788,"comment_status":"open","ping_status":"closed","template":"","meta":{"_et_pb_use_builder":"","_et_pb_old_content":"","_et_gb_content_width":""},"product_brand":[],"product_cat":[1494],"product_tag":[1495,1496],"class_list":{"0":"post-15343","1":"product","2":"type-product","3":"status-publish","4":"has-post-thumbnail","6":"product_cat-bucket-cylinders","7":"product_tag-bucket-cylinders","8":"product_tag-hydraulic-cylinders","10":"first","11":"instock","12":"shipping-taxable","13":"product-type-simple"},"amp_enabled":true,"_links":{"self":[{"href":"https:\/\/www.hydraulic-cylinders.net\/fr\/wp-json\/wp\/v2\/product\/15343","targetHints":{"allow":["GET"]}}],"collection":[{"href":"https:\/\/www.hydraulic-cylinders.net\/fr\/wp-json\/wp\/v2\/product"}],"about":[{"href":"https:\/\/www.hydraulic-cylinders.net\/fr\/wp-json\/wp\/v2\/types\/product"}],"replies":[{"embeddable":true,"href":"https:\/\/www.hydraulic-cylinders.net\/fr\/wp-json\/wp\/v2\/comments?post=15343"}],"wp:featuredmedia":[{"embeddable":true,"href":"https:\/\/www.hydraulic-cylinders.net\/fr\/wp-json\/wp\/v2\/media\/14788"}],"wp:attachment":[{"href":"https:\/\/www.hydraulic-cylinders.net\/fr\/wp-json\/wp\/v2\/media?parent=15343"}],"wp:term":[{"taxonomy":"product_brand","embeddable":true,"href":"https:\/\/www.hydraulic-cylinders.net\/fr\/wp-json\/wp\/v2\/product_brand?post=15343"},{"taxonomy":"product_cat","embeddable":true,"href":"https:\/\/www.hydraulic-cylinders.net\/fr\/wp-json\/wp\/v2\/product_cat?post=15343"},{"taxonomy":"product_tag","embeddable":true,"href":"https:\/\/www.hydraulic-cylinders.net\/fr\/wp-json\/wp\/v2\/product_tag?post=15343"}],"curies":[{"name":"wp","href":"https:\/\/api.w.org\/{rel}","templated":true}]}}