{"id":15346,"date":"2025-01-19T14:24:50","date_gmt":"2025-01-19T14:24:50","guid":{"rendered":"https:\/\/www.hydraulic-cylinders.net\/product\/bucket-cylinder-for-kobelco-small-excavator-sk135-6\/"},"modified":"2025-01-19T14:24:52","modified_gmt":"2025-01-19T14:24:52","slug":"bucket-cylinder-for-kobelco-small-excavator-sk135-6","status":"publish","type":"product","link":"https:\/\/www.hydraulic-cylinders.net\/fr\/produit\/bucket-cylinder-for-kobelco-small-excavator-sk135-6\/","title":{"rendered":"Cylindre de godet pour mini-pelle Kobelco SK135-6"},"content":{"rendered":"<p><!DOCTYPE html><br \/>\n<html><br \/>\n<head><br \/>\n<title>Cylindre de godet pour mini-pelle Kobelco SK135-6<\/title><br \/>\n<\/head><br \/>\n<body><\/p>\n<h1>Cylindre de godet pour mini-pelle Kobelco SK135-6<\/h1>\n<h2>Introduction<\/h2>\n<p>Le v\u00e9rin de godet de la mini-pelle Kobelco SK135-6 est un v\u00e9rin hydraulique sp\u00e9cialement con\u00e7u pour commander les mouvements du godet sur les engins de chantier tels que les pelles, les chargeuses-pelleteuses et les chargeuses sur pneus. Sa fonction principale est de permettre la lev\u00e9e, l'abaissement et l'inclinaison du godet, facilitant ainsi diverses op\u00e9rations de manutention. Au sein du syst\u00e8me hydraulique, le v\u00e9rin de godet assure un contr\u00f4le pr\u00e9cis du godet gr\u00e2ce aux variations de pression de l'huile hydraulique, permettant aux op\u00e9rateurs de manipuler efficacement des charges lourdes et de s'adapter \u00e0 des environnements de travail complexes et \u00e0 des exigences op\u00e9rationnelles vari\u00e9es.<\/p>\n<p><img decoding=\"async\" src=\"https:\/\/www.hydraulic-cylinders.net\/wp-content\/uploads\/2025\/01\/songte-company-2.webp\" alt=\"Image du cylindre du godet\"><\/p>\n<h2>Caract\u00e9ristiques<\/h2>\n<ul>\n<li>Haute r\u00e9sistance et durabilit\u00e9\u00a0: Fabriqu\u00e9 g\u00e9n\u00e9ralement en acier ou en aluminium haute r\u00e9sistance, il supporte les hautes pressions et les charges importantes, et s\u2019adapte aux environnements de travail difficiles. Sa conception prend en compte la r\u00e9sistance \u00e0 l\u2019usure et \u00e0 la corrosion afin d\u2019en prolonger la dur\u00e9e de vie.<\/li>\n<li>Fonctionnement hydraulique efficace : gr\u00e2ce \u00e0 la pression de l'huile hydraulique, il assure des mouvements d'extension et de r\u00e9traction fluides, r\u00e9pond rapidement aux commandes, fournit des forces de pouss\u00e9e et de traction puissantes, adapt\u00e9es \u00e0 la manutention de charges lourdes et aux t\u00e2ches op\u00e9rationnelles complexes.<\/li>\n<li>Diff\u00e9rents types\u00a0: Il existe des v\u00e9rins \u00e0 simple effet (actionnement hydraulique unidirectionnel) ou \u00e0 double effet (actionnement hydraulique bidirectionnel) pour r\u00e9pondre \u00e0 diff\u00e9rents besoins op\u00e9rationnels. Certains mod\u00e8les sont t\u00e9lescopiques, ce qui permet une plus grande extension sans augmenter l\u2019encombrement et les rend adapt\u00e9s aux applications \u00e0 espace restreint.<\/li>\n<li>Remplacement parfait : notre produit peut parfaitement remplacer ces v\u00e9rins hydrauliques.<\/li>\n<\/ul>\n<p><img decoding=\"async\" src=\"https:\/\/www.hydraulic-cylinders.net\/wp-content\/uploads\/2025\/01\/songte-cylinder-head-with-all-kinds-excavator-models.webp\" alt=\"Image de v\u00e9rin hydraulique\"><\/p>\n<h2>Applications<\/h2>\n<p>Le v\u00e9rin de godet pour la petite pelle Kobelco SK135-6 est largement utilis\u00e9 dans diverses applications, notamment\u00a0:<\/p>\n<ul>\n<li>Mat\u00e9riel de construction\u00a0: Sur les excavatrices, les v\u00e9rins sont indispensables pour creuser, charger et d\u00e9placer la terre ou les d\u00e9bris. Sur les chargeuses-pelleteuses, le v\u00e9rin du godet contribue \u00e0 la fois \u00e0 l\u2019excavation et au levage.<\/li>\n<li>Machines agricoles : utilis\u00e9es dans les chargeurs frontaux pour ramasser, soulever et transporter de la terre, du foin et d'autres mat\u00e9riaux.<\/li>\n<li>Excavatrices : Le v\u00e9rin du godet permet l'excavation en permettant au godet de p\u00e9n\u00e9trer dans le sol.<\/li>\n<li>Chargeuses sur pneus : Sur les chargeuses sur pneus, elles permettent de lever et de d\u00e9charger efficacement les marchandises.<\/li>\n<\/ul>\n<h2>Consid\u00e9rations de conception et crit\u00e8res de s\u00e9lection<\/h2>\n<p>En mati\u00e8re de conception, le v\u00e9rin du godet doit r\u00e9pondre \u00e0 des exigences cl\u00e9s telles que la capacit\u00e9 de charge, l'\u00e9tanch\u00e9it\u00e9, la durabilit\u00e9, la s\u00e9curit\u00e9 et la facilit\u00e9 d'entretien.<\/p>\n<p><img decoding=\"async\" src=\"https:\/\/www.hydraulic-cylinders.net\/wp-content\/uploads\/2025\/01\/songte-oil-pipes-and-spare-parts.webp\" alt=\"Conduites d&#039;huile et pi\u00e8ces de rechange\"><\/p>\n<h2>\u00c9tanch\u00e9it\u00e9 et lubrification<\/h2>\n<p>Le v\u00e9rin du godet utilise diff\u00e9rents joints, tels que des joints de piston et de tige, fabriqu\u00e9s en mat\u00e9riaux r\u00e9sistants \u00e0 l'usure comme le polyur\u00e9thane et le caoutchouc nitrile. Le corps du v\u00e9rin et ses extr\u00e9mit\u00e9s filet\u00e9es b\u00e9n\u00e9ficient d'un traitement de pr\u00e9cision pour une meilleure r\u00e9sistance \u00e0 l'usure. Une lubrification r\u00e9guli\u00e8re avec une quantit\u00e9 appropri\u00e9e d'huile hydraulique est n\u00e9cessaire pour un fonctionnement optimal.<\/p>\n<h2>Inspection et maintenance pr\u00e9ventive<\/h2>\n<p>Des inspections r\u00e9guli\u00e8res et des mesures de maintenance pr\u00e9ventive sont essentielles pour garantir les performances optimales et la long\u00e9vit\u00e9 du v\u00e9rin du godet. Les points suivants sont \u00e0 prendre en compte\u00a0:<\/p>\n<h2>Guide d'installation<\/h2>\n<p>Une installation correcte du v\u00e9rin de godet est essentielle \u00e0 son bon fonctionnement et \u00e0 la s\u00e9curit\u00e9. Veuillez suivre les \u00e9tapes suivantes\u00a0:<\/p>\n<h2>T\u00e2ches de maintenance<\/h2>\n<p>L'entretien courant du v\u00e9rin de godet comprend des inspections r\u00e9guli\u00e8res, une lubrification appropri\u00e9e, le remplacement des joints et des v\u00e9rifications d'\u00e9talonnage. Il est essentiel de souligner l'importance d'une installation, d'une lubrification et d'un r\u00e9glage corrects. Un alignement pr\u00e9cis du v\u00e9rin lors de l'installation est conseill\u00e9, et l'utilisation de supports de fixation adapt\u00e9s est recommand\u00e9e. Les proc\u00e9dures recommand\u00e9es pour l'inspection, la r\u00e9paration et le remplacement doivent \u00eatre fournies, ainsi que des conseils pour prolonger la dur\u00e9e de vie du v\u00e9rin.<\/p>\n<p><img decoding=\"async\" src=\"https:\/\/www.hydraulic-cylinders.net\/wp-content\/uploads\/2025\/01\/songte-chushion-collar.webp\" alt=\"Image du col Chushion\"><\/p>\n<h2>Consid\u00e9rations de s\u00e9curit\u00e9 et facteurs environnementaux<\/h2>\n<p>Il est primordial d'int\u00e9grer des mesures de s\u00e9curit\u00e9 lors de l'utilisation du v\u00e9rin \u00e0 godet. Les facteurs environnementaux doivent \u00e9galement \u00eatre pris en compte afin de minimiser l'impact sur l'environnement.<\/p>\n<h2>D\u00e9pannage et probl\u00e8mes courants<\/h2>\n<p>En cas de probl\u00e8me avec le v\u00e9rin du godet, suivez les conseils et solutions suivants pour un diagnostic et une r\u00e9solution efficaces. Des mesures de pr\u00e9caution doivent \u00eatre prises pour minimiser les risques.<\/p>\n<p><img decoding=\"async\" src=\"https:\/\/www.hydraulic-cylinders.net\/wp-content\/uploads\/2025\/01\/songte-bushings-with-all-kinds-of-excavator-models.webp\" alt=\"Bagues avec mod\u00e8les d&#039;excavatrice\"><\/p>\n<h2>\u00c0 propos de notre entreprise<\/h2>\n<p>Nous sommes un fabricant de v\u00e9rins hydrauliques de remplacement. Notre entreprise propose une vaste gamme de produits et s'est impos\u00e9e comme l'un des principaux fabricants et distributeurs de v\u00e9rins hydrauliques sur les march\u00e9s nationaux et internationaux. Attach\u00e9s \u00e0 l'excellence, nous nous appuyons sur des strat\u00e9gies de gestion de production industrialis\u00e9es au sein de nos ateliers de fabrication modernes. Gr\u00e2ce \u00e0 notre expertise technique, nos \u00e9quipements de production num\u00e9rique de pointe et nos syst\u00e8mes de contr\u00f4le professionnels, nous am\u00e9liorons constamment notre plateforme de production et la qualit\u00e9 de nos produits. Forts d'une grande capacit\u00e9 d'innovation, nous nous effor\u00e7ons de r\u00e9pondre aux exigences vari\u00e9es de nos clients avec efficacit\u00e9, pr\u00e9cision et qualit\u00e9.<\/p>\n<p><img decoding=\"async\" src=\"https:\/\/www.hydraulic-cylinders.net\/wp-content\/uploads\/2025\/01\/songte-company-3.webp\" alt=\"Image de l&#039;entreprise\"><\/p>\n<p>Notre entreprise est reconnue pour son professionnalisme, ses certifications internationales, ses services personnalis\u00e9s, ses \u00e9quipements de production et son service apr\u00e8s-vente.<\/p>\n<p>Auteur : lyl<\/p>\n<p><\/body><br \/>\n<\/html><\/p>","protected":false},"excerpt":{"rendered":"<p>Bucket Cylinder For Kobelco Small Excavator SK135-6 Bucket Cylinder For Kobelco Small Excavator SK135-6 Introduction The bucket cylinder for Kobelco small excavator SK135-6 is a specially designed hydraulic cylinder used to control the movement of the bucket in heavy machinery such as excavators, backhoe loaders, and wheel loaders. Its main function is to allow the [&hellip;]<\/p>","protected":false},"featured_media":14784,"comment_status":"open","ping_status":"closed","template":"","meta":{"_et_pb_use_builder":"","_et_pb_old_content":"","_et_gb_content_width":""},"product_brand":[],"product_cat":[1494],"product_tag":[1495,1496],"class_list":{"0":"post-15346","1":"product","2":"type-product","3":"status-publish","4":"has-post-thumbnail","6":"product_cat-bucket-cylinders","7":"product_tag-bucket-cylinders","8":"product_tag-hydraulic-cylinders","10":"first","11":"instock","12":"shipping-taxable","13":"product-type-simple"},"amp_enabled":true,"_links":{"self":[{"href":"https:\/\/www.hydraulic-cylinders.net\/fr\/wp-json\/wp\/v2\/product\/15346","targetHints":{"allow":["GET"]}}],"collection":[{"href":"https:\/\/www.hydraulic-cylinders.net\/fr\/wp-json\/wp\/v2\/product"}],"about":[{"href":"https:\/\/www.hydraulic-cylinders.net\/fr\/wp-json\/wp\/v2\/types\/product"}],"replies":[{"embeddable":true,"href":"https:\/\/www.hydraulic-cylinders.net\/fr\/wp-json\/wp\/v2\/comments?post=15346"}],"wp:featuredmedia":[{"embeddable":true,"href":"https:\/\/www.hydraulic-cylinders.net\/fr\/wp-json\/wp\/v2\/media\/14784"}],"wp:attachment":[{"href":"https:\/\/www.hydraulic-cylinders.net\/fr\/wp-json\/wp\/v2\/media?parent=15346"}],"wp:term":[{"taxonomy":"product_brand","embeddable":true,"href":"https:\/\/www.hydraulic-cylinders.net\/fr\/wp-json\/wp\/v2\/product_brand?post=15346"},{"taxonomy":"product_cat","embeddable":true,"href":"https:\/\/www.hydraulic-cylinders.net\/fr\/wp-json\/wp\/v2\/product_cat?post=15346"},{"taxonomy":"product_tag","embeddable":true,"href":"https:\/\/www.hydraulic-cylinders.net\/fr\/wp-json\/wp\/v2\/product_tag?post=15346"}],"curies":[{"name":"wp","href":"https:\/\/api.w.org\/{rel}","templated":true}]}}