{"id":15351,"date":"2025-01-19T14:25:11","date_gmt":"2025-01-19T14:25:11","guid":{"rendered":"https:\/\/www.hydraulic-cylinders.net\/product\/bucket-cylinder-for-kobelco-small-excavator-sk130-130-8\/"},"modified":"2025-01-19T14:25:19","modified_gmt":"2025-01-19T14:25:19","slug":"bucket-cylinder-for-kobelco-small-excavator-sk130-130-8","status":"publish","type":"product","link":"https:\/\/www.hydraulic-cylinders.net\/fr\/produit\/bucket-cylinder-for-kobelco-small-excavator-sk130-130-8\/","title":{"rendered":"Cylindre de godet pour mini-pelle Kobelco SK130\/130-8"},"content":{"rendered":"<p><!DOCTYPE html><br \/>\n<html><br \/>\n<head><br \/>\n<\/head><br \/>\n<body><\/p>\n<h1>Cylindre de godet pour mini-pelle Kobelco SK130\/130-8<\/h1>\n<h2>Introduction<\/h2>\n<p>Le v\u00e9rin de godet est un v\u00e9rin hydraulique sp\u00e9cialement con\u00e7u pour contr\u00f4ler les mouvements du godet sur les engins de chantier tels que les pelles hydrauliques, les chargeuses-pelleteuses et les chargeuses frontales. Sa fonction principale est de permettre la lev\u00e9e, l'abaissement et l'inclinaison du godet, facilitant ainsi diverses op\u00e9rations de manutention. Dans un syst\u00e8me hydraulique, le v\u00e9rin de godet assure un contr\u00f4le pr\u00e9cis du godet gr\u00e2ce aux variations de pression de l'huile hydraulique, permettant aux op\u00e9rateurs de manipuler efficacement des charges lourdes et de s'adapter \u00e0 des environnements de travail complexes et \u00e0 des exigences vari\u00e9es.<\/p>\n<p><img decoding=\"async\" src=\"https:\/\/www.hydraulic-cylinders.net\/wp-content\/uploads\/2025\/01\/songte-company-2.webp\" alt=\"Image du cylindre du godet\"><\/p>\n<h2>Caract\u00e9ristiques<\/h2>\n<ul>\n<li>Haute r\u00e9sistance et durabilit\u00e9\u00a0: g\u00e9n\u00e9ralement fabriqu\u00e9 en acier ou en aluminium haute r\u00e9sistance, le v\u00e9rin du godet supporte les hautes pressions et les charges importantes, s\u2019adaptant ainsi aux environnements de travail difficiles. Sa conception prend en compte la r\u00e9sistance \u00e0 l\u2019usure et \u00e0 la corrosion afin d\u2019en prolonger la dur\u00e9e de vie.<\/li>\n<li>Fonctionnement hydraulique efficace\u00a0: gr\u00e2ce \u00e0 la pression de l\u2019huile hydraulique, le v\u00e9rin du godet assure des mouvements d\u2019extension et de r\u00e9traction fluides, permettant une r\u00e9ponse rapide aux commandes et fournissant des forces de pouss\u00e9e et de traction puissantes pour la manutention de charges lourdes et l\u2019ex\u00e9cution de t\u00e2ches complexes.<\/li>\n<li>Diff\u00e9rents types\u00a0: Le v\u00e9rin du godet peut \u00eatre choisi en version simple effet (fluide hydraulique circulant dans un seul sens) ou double effet (fluide hydraulique circulant dans les deux sens), selon les besoins sp\u00e9cifiques. Certains mod\u00e8les sont t\u00e9lescopiques, ce qui permet une plus grande extension sans augmenter les dimensions ext\u00e9rieures et les rend adapt\u00e9s aux applications \u00e0 espace restreint.<\/li>\n<\/ul>\n<p><img decoding=\"async\" src=\"https:\/\/www.hydraulic-cylinders.net\/wp-content\/uploads\/2025\/01\/songte-cylinder-head-with-all-kinds-excavator-models.webp\" alt=\"Image du produit\"><\/p>\n<h2>Applications<\/h2>\n<p>Le v\u00e9rin \u00e0 godet trouve son application dans divers \u00e9quipements\u00a0:<\/p>\n<ul>\n<li>Mat\u00e9riel de construction\u00a0: Indispensable aux excavatrices pour creuser, charger et d\u00e9placer la terre ou les d\u00e9bris. Sur les chargeuses-pelleteuses, le v\u00e9rin du godet contribue aux op\u00e9rations de creusement et de levage.<\/li>\n<li>Machines agricoles : Utilis\u00e9es dans les chargeuses frontales pour ramasser, soulever et transporter la terre, le foin et autres mat\u00e9riaux.<\/li>\n<li>Excavateurs : Le v\u00e9rin de godet permet les actions de creusement en permettant au godet de p\u00e9n\u00e9trer le sol.<\/li>\n<li>Chargeuses : Sur les chargeuses frontales, elles permettent de lever et de d\u00e9charger efficacement les marchandises.<\/li>\n<\/ul>\n<h2>Consid\u00e9rations de conception et crit\u00e8res de s\u00e9lection<\/h2>\n<p>Lors de la conception du v\u00e9rin de godet, plusieurs facteurs et crit\u00e8res de s\u00e9lection sont pris en compte\u00a0:<\/p>\n<ul>\n<li>Capacit\u00e9 de charge : Le cylindre doit pouvoir supporter la charge pr\u00e9vue.<\/li>\n<li>\u00c9tanch\u00e9it\u00e9\u00a0: Diff\u00e9rents composants d\u2019\u00e9tanch\u00e9it\u00e9, tels que les joints de piston et les joints de tige, sont utilis\u00e9s, fabriqu\u00e9s \u00e0 partir de mat\u00e9riaux r\u00e9sistants \u00e0 l\u2019usure comme le polyur\u00e9thane et le caoutchouc nitrile. Le corps du cylindre et les extr\u00e9mit\u00e9s filet\u00e9es b\u00e9n\u00e9ficient d\u2019un traitement de surface pr\u00e9cis afin d\u2019am\u00e9liorer leur r\u00e9sistance \u00e0 l\u2019usure.<\/li>\n<li>Durabilit\u00e9 : Le v\u00e9rin du godet est con\u00e7u pour \u00eatre durable, assurant une longue dur\u00e9e de vie m\u00eame dans des conditions exigeantes.<\/li>\n<li>S\u00e9curit\u00e9 : Des dispositifs de s\u00e9curit\u00e9 sont int\u00e9gr\u00e9s \u00e0 la conception afin de pr\u00e9venir les accidents et d'assurer la protection de l'op\u00e9rateur.<\/li>\n<li>Facilit\u00e9 d'entretien : Des dispositions ont \u00e9t\u00e9 prises pour faciliter l'entretien et les r\u00e9parations, permettant un d\u00e9montage et un remontage ais\u00e9s des composants.<\/li>\n<\/ul>\n<p><img decoding=\"async\" src=\"https:\/\/www.hydraulic-cylinders.net\/wp-content\/uploads\/2025\/01\/songte-oil-pipes-and-spare-parts.webp\" alt=\"Pi\u00e8ces de v\u00e9rin hydraulique\"><\/p>\n<h2>\u00c9tanch\u00e9it\u00e9 et lubrification<\/h2>\n<p>Le v\u00e9rin du godet int\u00e8gre divers joints d'\u00e9tanch\u00e9it\u00e9, tels que des joints de piston et des joints de tige, fabriqu\u00e9s en mat\u00e9riaux r\u00e9sistants \u00e0 l'usure. Le corps du v\u00e9rin et les extr\u00e9mit\u00e9s filet\u00e9es b\u00e9n\u00e9ficient d'un traitement de surface optimis\u00e9 pour une meilleure r\u00e9sistance \u00e0 l'usure. Une lubrification r\u00e9guli\u00e8re avec la quantit\u00e9 appropri\u00e9e d'huile hydraulique est indispensable \u00e0 un fonctionnement optimal.<\/p>\n<h2>Inspection r\u00e9guli\u00e8re et maintenance pr\u00e9ventive<\/h2>\n<p>Pour garantir des performances optimales, des inspections r\u00e9guli\u00e8res et une maintenance pr\u00e9ventive doivent \u00eatre effectu\u00e9es. Les mesures suivantes sont recommand\u00e9es\u00a0:<\/p>\n<ul>\n<li>Inspectez le cylindre pour d\u00e9tecter tout signe de fuite, de dommage ou d'usure.<\/li>\n<li>Lubrifiez correctement le cylindre et toutes les pi\u00e8ces mobiles.<\/li>\n<li>Remplacez les joints et autres composants us\u00e9s lorsque cela est n\u00e9cessaire.<\/li>\n<li>Effectuez des contr\u00f4les d\u2019\u00e9talonnage pour garantir un fonctionnement pr\u00e9cis.<\/li>\n<\/ul>\n<p><img decoding=\"async\" src=\"https:\/\/www.hydraulic-cylinders.net\/wp-content\/uploads\/2025\/01\/songte-chushion-collar.webp\" alt=\"Image du collier coussin\u00e9\"><\/p>\n<h2>Consid\u00e9rations de s\u00e9curit\u00e9 et facteurs environnementaux<\/h2>\n<p>Lors de l'utilisation du v\u00e9rin de godet, il est essentiel de privil\u00e9gier les mesures de s\u00e9curit\u00e9 afin de pr\u00e9venir les accidents et de garantir un environnement de travail s\u00fbr. Une formation ad\u00e9quate et une bonne connaissance des protocoles de s\u00e9curit\u00e9 sont indispensables.<\/p>\n<h2>D\u00e9pannage et probl\u00e8mes courants<\/h2>\n<p>En cas de probl\u00e8me avec le v\u00e9rin du godet, les conseils et solutions de d\u00e9pannage suivants peuvent vous aider \u00e0 diagnostiquer et \u00e0 r\u00e9soudre efficacement les probl\u00e8mes. Il est \u00e9galement important de mettre en \u0153uvre des mesures pr\u00e9ventives afin de minimiser les risques de probl\u00e8mes.<\/p>\n<p><img decoding=\"async\" src=\"https:\/\/www.hydraulic-cylinders.net\/wp-content\/uploads\/2025\/01\/songte-bushings-with-all-kinds-of-excavator-models.webp\" alt=\"Douilles de v\u00e9rin hydraulique\"><\/p>\n<h2>Conclusion<\/h2>\n<p>Notre entreprise est un fabricant et distributeur de premier plan de v\u00e9rins hydrauliques sur les march\u00e9s nationaux et internationaux. Nous proposons une vaste gamme de produits et nous engageons \u00e0 fournir une qualit\u00e9 irr\u00e9prochable. Gr\u00e2ce \u00e0 notre \u00e9quipe qualifi\u00e9e, nos \u00e9quipements de production de pointe et nos syst\u00e8mes de contr\u00f4le qualit\u00e9 professionnels, nous nous effor\u00e7ons de r\u00e9pondre aux exigences vari\u00e9es de nos clients avec efficacit\u00e9, pr\u00e9cision et des produits de haute qualit\u00e9.<\/p>\n<p><img decoding=\"async\" src=\"https:\/\/www.hydraulic-cylinders.net\/wp-content\/uploads\/2025\/01\/songte-company-3.webp\" alt=\"Image de l&#039;entreprise\"><\/p>\n<p>Auteur : lyl<\/p>\n<p><\/body><br \/>\n<\/html><\/p>","protected":false},"excerpt":{"rendered":"<p>Bucket Cylinder For Kobelco Small Excavator SK130\/130-8 Introduction The bucket cylinder is a specially designed hydraulic cylinder used to control the movement of the bucket in heavy machinery such as excavators, backhoe loaders, and front loaders. Its main function is to enable the bucket to lift, lower, and tilt, making it convenient for various material [&hellip;]<\/p>","protected":false},"featured_media":14773,"comment_status":"open","ping_status":"closed","template":"","meta":{"_et_pb_use_builder":"","_et_pb_old_content":"","_et_gb_content_width":""},"product_brand":[],"product_cat":[1494],"product_tag":[1495,1496],"class_list":{"0":"post-15351","1":"product","2":"type-product","3":"status-publish","4":"has-post-thumbnail","6":"product_cat-bucket-cylinders","7":"product_tag-bucket-cylinders","8":"product_tag-hydraulic-cylinders","10":"first","11":"instock","12":"shipping-taxable","13":"product-type-simple"},"amp_enabled":true,"_links":{"self":[{"href":"https:\/\/www.hydraulic-cylinders.net\/fr\/wp-json\/wp\/v2\/product\/15351","targetHints":{"allow":["GET"]}}],"collection":[{"href":"https:\/\/www.hydraulic-cylinders.net\/fr\/wp-json\/wp\/v2\/product"}],"about":[{"href":"https:\/\/www.hydraulic-cylinders.net\/fr\/wp-json\/wp\/v2\/types\/product"}],"replies":[{"embeddable":true,"href":"https:\/\/www.hydraulic-cylinders.net\/fr\/wp-json\/wp\/v2\/comments?post=15351"}],"wp:featuredmedia":[{"embeddable":true,"href":"https:\/\/www.hydraulic-cylinders.net\/fr\/wp-json\/wp\/v2\/media\/14773"}],"wp:attachment":[{"href":"https:\/\/www.hydraulic-cylinders.net\/fr\/wp-json\/wp\/v2\/media?parent=15351"}],"wp:term":[{"taxonomy":"product_brand","embeddable":true,"href":"https:\/\/www.hydraulic-cylinders.net\/fr\/wp-json\/wp\/v2\/product_brand?post=15351"},{"taxonomy":"product_cat","embeddable":true,"href":"https:\/\/www.hydraulic-cylinders.net\/fr\/wp-json\/wp\/v2\/product_cat?post=15351"},{"taxonomy":"product_tag","embeddable":true,"href":"https:\/\/www.hydraulic-cylinders.net\/fr\/wp-json\/wp\/v2\/product_tag?post=15351"}],"curies":[{"name":"wp","href":"https:\/\/api.w.org\/{rel}","templated":true}]}}