{"id":15356,"date":"2025-01-19T14:25:38","date_gmt":"2025-01-19T14:25:38","guid":{"rendered":"https:\/\/www.hydraulic-cylinders.net\/product\/bucket-cylinder-for-kobelco-middle-excavator-sk270d-8\/"},"modified":"2025-01-19T14:25:40","modified_gmt":"2025-01-19T14:25:40","slug":"bucket-cylinder-for-kobelco-middle-excavator-sk270d-8","status":"publish","type":"product","link":"https:\/\/www.hydraulic-cylinders.net\/fr\/produit\/bucket-cylinder-for-kobelco-middle-excavator-sk270d-8\/","title":{"rendered":"Cylindre de godet pour pelle hydraulique Kobelco SK270D-8"},"content":{"rendered":"<h1>Cylindre de godet pour pelle hydraulique Kobelco SK270D-8<\/h1>\n<h2>Introduction<\/h2>\n<p>Le v\u00e9rin de godet de la pelle moyenne Kobelco SK270D-8 est un v\u00e9rin hydraulique sp\u00e9cialement con\u00e7u pour contr\u00f4ler les mouvements du godet sur les engins de chantier tels que les pelles hydrauliques, les pelles r\u00e9tro et les chargeuses frontales. Sa fonction principale est de permettre la lev\u00e9e, l'abaissement et l'inclinaison du godet, facilitant ainsi la manutention de divers mat\u00e9riaux. Au sein du syst\u00e8me hydraulique, le v\u00e9rin de godet assure un contr\u00f4le pr\u00e9cis du godet gr\u00e2ce \u00e0 la variation de pression de l'huile hydraulique, permettant aux op\u00e9rateurs de manipuler efficacement des charges lourdes et de s'adapter \u00e0 des environnements de travail complexes et \u00e0 des exigences vari\u00e9es.<\/p>\n<p><img decoding=\"async\" src=\"https:\/\/www.hydraulic-cylinders.net\/wp-content\/uploads\/2025\/01\/songte-company-2.webp\" alt=\"Image du cylindre du godet\"><\/p>\n<h2>Caract\u00e9ristiques<\/h2>\n<ul>\n<li>Haute r\u00e9sistance et durabilit\u00e9 : G\u00e9n\u00e9ralement fabriqu\u00e9s en acier ou en aluminium \u00e0 haute r\u00e9sistance, capables de supporter une pression \u00e9lev\u00e9e et des charges importantes, adaptables aux environnements de travail difficiles et con\u00e7us pour r\u00e9sister \u00e0 l'usure et \u00e0 la corrosion afin de prolonger leur dur\u00e9e de vie.<\/li>\n<li>Fonctionnement hydraulique efficace\u00a0: L\u2019extension et la r\u00e9traction fluides sont assur\u00e9es par la pression de l\u2019huile hydraulique. Le syst\u00e8me r\u00e9pond rapidement aux commandes et fournit une force de pouss\u00e9e et de traction importante, ce qui le rend id\u00e9al pour la manutention d\u2019objets lourds et les t\u00e2ches complexes.<\/li>\n<li>Diff\u00e9rents types sont disponibles\u00a0: des v\u00e9rins simple effet (fonctionnant dans un seul sens) ou double effet (fonctionnant dans les deux sens) peuvent \u00eatre s\u00e9lectionn\u00e9s en fonction des besoins pour r\u00e9pondre \u00e0 diff\u00e9rentes exigences de fonctionnement. Certains mod\u00e8les sont r\u00e9tractables, ce qui permet une plus grande port\u00e9e sans augmenter les dimensions externes et les rend adapt\u00e9s aux applications o\u00f9 l\u2019espace est limit\u00e9.<\/li>\n<li>Rempla\u00e7able : Notre produit est un substitut parfait pour ces v\u00e9rins hydrauliques. <\/li>\n<\/ul>\n<p><img decoding=\"async\" src=\"https:\/\/www.hydraulic-cylinders.net\/wp-content\/uploads\/2025\/01\/songte-cylinder-head-with-all-kinds-excavator-models.webp\" alt=\"Image du cylindre du godet\"><\/p>\n<h2>Applications<\/h2>\n<h3>\u00c9quipement de construction<\/h3>\n<p>Sur les excavatrices, les v\u00e9rins sont indispensables pour creuser, charger et d\u00e9placer la terre ou les d\u00e9bris. Sur les pelles r\u00e9tro, le v\u00e9rin du godet sert \u00e0 la fois au creusement et au levage. Sur les chargeuses frontales, ils permettent de lever et d'incliner efficacement les marchandises.<\/p>\n<h3>machines agricoles<\/h3>\n<p>Utilis\u00e9s sur les chargeuses frontales, ils servent \u00e0 pelleter, soulever et transporter la terre, le foin et autres mat\u00e9riaux. Sur les pelles hydrauliques, les v\u00e9rins de godet permettent l'excavation en autorisant la p\u00e9n\u00e9tration du godet dans le sol. <\/p>\n<h2>Consid\u00e9rations de conception et crit\u00e8res de s\u00e9lection<\/h2>\n<h3>capacit\u00e9 de charge<\/h3>\n<p>Les v\u00e9rins de godet sont g\u00e9n\u00e9ralement con\u00e7us pour r\u00e9sister \u00e0 des pressions et des charges \u00e9lev\u00e9es. Le choix des mat\u00e9riaux et des proc\u00e9d\u00e9s de fabrication doit tenir compte de ces facteurs afin de garantir la durabilit\u00e9 et la fiabilit\u00e9 du v\u00e9rin.<\/p>\n<h3>Scellage<\/h3>\n<p>Divers composants d'\u00e9tanch\u00e9it\u00e9, tels que des joints de piston et de tige, doivent \u00eatre utilis\u00e9s. Le polyur\u00e9thane, le caoutchouc nitrile et d'autres mat\u00e9riaux r\u00e9sistants \u00e0 l'usure sont privil\u00e9gi\u00e9s pour ces composants. Le corps du cylindre et la surface d'extr\u00e9mit\u00e9 filet\u00e9e doivent \u00eatre usin\u00e9s avec pr\u00e9cision afin d'am\u00e9liorer la r\u00e9sistance \u00e0 l'usure. Un remplissage r\u00e9gulier d'huile hydraulique est indispensable \u00e0 la lubrification.<\/p>\n<p><img decoding=\"async\" src=\"https:\/\/www.hydraulic-cylinders.net\/wp-content\/uploads\/2025\/01\/songte-oil-pipes-and-spare-parts.webp\" alt=\"Image du cylindre du godet\"><\/p>\n<h2>Maintenance et d\u00e9pannage<\/h2>\n<p>Un entretien r\u00e9gulier, comprenant la lubrification, le remplacement des joints et les contr\u00f4les d'\u00e9talonnage, est essentiel pour prolonger la dur\u00e9e de vie des v\u00e9rins de godet. Il convient de respecter les proc\u00e9dures d'installation, de lubrification et de r\u00e9glage afin d'assurer un fonctionnement optimal. Il est recommand\u00e9 d'aligner correctement le v\u00e9rin, d'utiliser les supports de fixation appropri\u00e9s et de suivre les proc\u00e9dures d'inspection, de r\u00e9paration et de remplacement recommand\u00e9es. <\/p>\n<ul>\n<li>Inspection r\u00e9guli\u00e8re<\/li>\n<li>Lubrification appropri\u00e9e<\/li>\n<li>Remplacement des joints et v\u00e9rifications d'\u00e9talonnage<\/li>\n<\/ul>\n<p><img decoding=\"async\" src=\"https:\/\/www.hydraulic-cylinders.net\/wp-content\/uploads\/2025\/01\/songte-chushion-collar.webp\" alt=\"Image du cylindre du godet\"><\/p>\n<h2>Consid\u00e9rations relatives \u00e0 la s\u00e9curit\u00e9 et \u00e0 l'environnement<\/h2>\n<p>Les v\u00e9rins de godet doivent \u00eatre manipul\u00e9s en respectant les consignes de s\u00e9curit\u00e9 et en suivant les instructions du fabricant afin d'\u00e9viter les accidents et les blessures. Il est important de recycler ou d'\u00e9liminer correctement l'huile hydraulique afin de prot\u00e9ger l'environnement.<\/p>\n<p><img decoding=\"async\" src=\"https:\/\/www.hydraulic-cylinders.net\/wp-content\/uploads\/2025\/01\/songte-bushings-with-all-kinds-of-excavator-models.webp\" alt=\"Image du cylindre du godet\"><\/p>\n<h2>\u00c0 propos de notre entreprise<\/h2>\n<p>Nous sommes un fabricant et grossiste de premier plan de v\u00e9rins hydrauliques sur les march\u00e9s nationaux et internationaux, proposant une gamme compl\u00e8te de produits. Notre strat\u00e9gie de gestion de la production industrialis\u00e9e repose sur l'excellence et nous nous appuyons sur le talent de nos techniciens, des \u00e9quipements de fabrication num\u00e9riques de pointe et des syst\u00e8mes de contr\u00f4le professionnels pour optimiser en permanence nos processus de production et garantir la qualit\u00e9 de nos produits. Forts d'une grande capacit\u00e9 d'innovation, nous nous engageons \u00e0 fournir un service de haute efficacit\u00e9, de haute pr\u00e9cision et de haute qualit\u00e9 afin de r\u00e9pondre aux besoins vari\u00e9s de nos clients.<\/p>\n<p><img decoding=\"async\" src=\"https:\/\/hzpt.com\/wp-content\/uploads\/2024\/11\/songte-company-1.webp\" alt=\"Image du cylindre du godet\"><\/p>\n<h3>Professionnalisme<\/h3>\n<p>Nous disposons d'une \u00e9quipe professionnelle forte de nombreuses ann\u00e9es d'exp\u00e9rience dans la production de v\u00e9rins hydrauliques, ce qui garantit la qualit\u00e9 et la fiabilit\u00e9 de nos produits.<\/p>\n<h3>Certification internationale<\/h3>\n<p>Nos produits ont pass\u00e9 avec succ\u00e8s diverses normes de certification internationales, telles que l'ISO9001, le CE et autres, garantissant ainsi leur qualit\u00e9 et leur fiabilit\u00e9.<\/p>\n<h3>Personnalisation<\/h3>\n<p>Nous proposons des services de personnalisation pour r\u00e9pondre aux besoins vari\u00e9s de nos clients.<\/p>\n<h3>\u00c9quipement de production<\/h3>\n<p>Nous disposons d'\u00e9quipements et de technologies de production de pointe pour garantir la qualit\u00e9 de nos produits.<\/p>\n<h3>Service apr\u00e8s-vente<\/h3>\n<p>Nous proposons des services apr\u00e8s-vente complets, incluant le remplacement de pi\u00e8ces et la remise en \u00e9tat, afin de prolonger la dur\u00e9e de vie de nos produits.<\/p>\n<p>Auteur : lyl<\/p>","protected":false},"excerpt":{"rendered":"<p>Bucket Cylinder For Kobelco Middle Excavator SK270D-8 Introduction The bucket cylinder for Kobelco middle excavator SK270D-8 is a specially designed hydraulic cylinder used to control the movement of the bucket in heavy machinery, such as excavators, backhoe excavators, and front-end loaders. Its main function is to enable the bucket to lift, lower, and tilt, making [&hellip;]<\/p>","protected":false},"featured_media":14761,"comment_status":"open","ping_status":"closed","template":"","meta":{"_et_pb_use_builder":"","_et_pb_old_content":"","_et_gb_content_width":""},"product_brand":[],"product_cat":[1494],"product_tag":[1495,1496],"class_list":{"0":"post-15356","1":"product","2":"type-product","3":"status-publish","4":"has-post-thumbnail","6":"product_cat-bucket-cylinders","7":"product_tag-bucket-cylinders","8":"product_tag-hydraulic-cylinders","10":"first","11":"instock","12":"shipping-taxable","13":"product-type-simple"},"amp_enabled":true,"_links":{"self":[{"href":"https:\/\/www.hydraulic-cylinders.net\/fr\/wp-json\/wp\/v2\/product\/15356","targetHints":{"allow":["GET"]}}],"collection":[{"href":"https:\/\/www.hydraulic-cylinders.net\/fr\/wp-json\/wp\/v2\/product"}],"about":[{"href":"https:\/\/www.hydraulic-cylinders.net\/fr\/wp-json\/wp\/v2\/types\/product"}],"replies":[{"embeddable":true,"href":"https:\/\/www.hydraulic-cylinders.net\/fr\/wp-json\/wp\/v2\/comments?post=15356"}],"wp:featuredmedia":[{"embeddable":true,"href":"https:\/\/www.hydraulic-cylinders.net\/fr\/wp-json\/wp\/v2\/media\/14761"}],"wp:attachment":[{"href":"https:\/\/www.hydraulic-cylinders.net\/fr\/wp-json\/wp\/v2\/media?parent=15356"}],"wp:term":[{"taxonomy":"product_brand","embeddable":true,"href":"https:\/\/www.hydraulic-cylinders.net\/fr\/wp-json\/wp\/v2\/product_brand?post=15356"},{"taxonomy":"product_cat","embeddable":true,"href":"https:\/\/www.hydraulic-cylinders.net\/fr\/wp-json\/wp\/v2\/product_cat?post=15356"},{"taxonomy":"product_tag","embeddable":true,"href":"https:\/\/www.hydraulic-cylinders.net\/fr\/wp-json\/wp\/v2\/product_tag?post=15356"}],"curies":[{"name":"wp","href":"https:\/\/api.w.org\/{rel}","templated":true}]}}