{"id":15367,"date":"2025-01-19T14:26:28","date_gmt":"2025-01-19T14:26:28","guid":{"rendered":"https:\/\/www.hydraulic-cylinders.net\/product\/bucket-cylinder-for-kobelco-large-excavator-sk495d\/"},"modified":"2025-01-19T14:26:30","modified_gmt":"2025-01-19T14:26:30","slug":"bucket-cylinder-for-kobelco-large-excavator-sk495d","status":"publish","type":"product","link":"https:\/\/www.hydraulic-cylinders.net\/fr\/produit\/bucket-cylinder-for-kobelco-large-excavator-sk495d\/","title":{"rendered":"V\u00e9rin de godet pour pelle hydraulique Kobelco SK495D"},"content":{"rendered":"<h1>V\u00e9rin de godet pour pelle hydraulique Kobelco SK495D<\/h1>\n<h2>Introduction<\/h2>\n<h3>D\u00e9finition<\/h3>\n<p>Un v\u00e9rin de godet est un v\u00e9rin hydraulique sp\u00e9cialis\u00e9 qui commande les mouvements du godet sur les engins de chantier tels que les pelles hydrauliques, les tractopelles et les chargeuses frontales. Sa fonction principale est de permettre la lev\u00e9e, l'abaissement et l'inclinaison du godet, facilitant ainsi la manutention de divers mat\u00e9riaux. Dans le syst\u00e8me hydraulique, le v\u00e9rin de godet exploite les variations de pression hydraulique pour un contr\u00f4le pr\u00e9cis du godet, permettant aux op\u00e9rateurs de manipuler efficacement des charges lourdes et de s'adapter \u00e0 des environnements de travail complexes et \u00e0 des besoins op\u00e9rationnels vari\u00e9s.<\/p>\n<p><img decoding=\"async\" src=\"https:\/\/www.hydraulic-cylinders.net\/wp-content\/uploads\/2025\/01\/songte-company-2.webp\"><\/p>\n<h2>Caract\u00e9ristiques<\/h2>\n<ul>\n<li><strong>Haute r\u00e9sistance et durabilit\u00e9 :<\/strong> G\u00e9n\u00e9ralement fabriqu\u00e9 en acier \u00e0 haute r\u00e9sistance ou en aluminium, il peut r\u00e9sister \u00e0 une pression \u00e9lev\u00e9e et \u00e0 des charges importantes, s'adaptant aux environnements de travail difficiles, et con\u00e7u en tenant compte de la r\u00e9sistance \u00e0 l'usure et \u00e0 la corrosion afin d'allonger sa dur\u00e9e de vie.<\/li>\n<li><strong>Fonctionnement hydraulique efficace :<\/strong> Utilisant la pression de l'huile hydraulique pour assurer une extension et une contraction fluides, il peut r\u00e9pondre rapidement aux commandes de fonctionnement, fournissant des forces de pouss\u00e9e-traction puissantes adapt\u00e9es \u00e0 la manutention de charges lourdes et \u00e0 des t\u00e2ches op\u00e9rationnelles complexes.<\/li>\n<li><strong>Types divers :<\/strong> Les v\u00e9rins \u00e0 simple effet (fonctionnant dans un seul sens) ou \u00e0 double effet (fonctionnant dans les deux sens) peuvent \u00eatre s\u00e9lectionn\u00e9s en fonction des besoins op\u00e9rationnels. Certains mod\u00e8les sont t\u00e9lescopiques, ce qui permet une plus grande extension sans augmenter les dimensions ext\u00e9rieures et convient aux applications o\u00f9 l'espace est limit\u00e9.<\/li>\n<li><strong>Hautement personnalisable :<\/strong> Nous pouvons produire des cylindres qui remplacent parfaitement ces cylindres hydrauliques.<\/li>\n<\/ul>\n<p><img decoding=\"async\" src=\"https:\/\/www.hydraulic-cylinders.net\/wp-content\/uploads\/2025\/01\/songte-cylinder-head-with-all-kinds-excavator-models.webp\"><\/p>\n<h2>Applications<\/h2>\n<h3>\u00c9quipement de construction<\/h3>\n<p>Sur les excavatrices, les v\u00e9rins sont indispensables pour creuser, charger et d\u00e9placer la terre ou les d\u00e9bris. Sur les pelles r\u00e9tro, les v\u00e9rins du godet facilitent le creusement et le levage. Sur les chargeuses frontales, ils permettent de lever et de d\u00e9charger efficacement les mat\u00e9riaux.<\/p>\n<h3>machines agricoles<\/h3>\n<p>Utilis\u00e9s sur les chargeuses frontales pour ramasser, soulever et transporter la terre, le foin et autres mat\u00e9riaux, les v\u00e9rins de godet permettent, sur les excavatrices, de creuser en laissant le godet p\u00e9n\u00e9trer dans le sol.<\/p>\n<h3>Autres applications<\/h3>\n<p>Les v\u00e9rins de godet sont \u00e9galement utilis\u00e9s dans d'autres \u00e9quipements lourds, notamment les grues, les chariots \u00e9l\u00e9vateurs et les presses hydrauliques.<\/p>\n<h2>Consid\u00e9rations de conception et crit\u00e8res de s\u00e9lection<\/h2>\n<ul>\n<li><strong>Capacit\u00e9 de charge :<\/strong> Le cylindre doit pouvoir supporter le poids de la charge.<\/li>\n<li><strong>Scellage:<\/strong> Le cylindre doit \u00eatre correctement \u00e9tanche pour \u00e9viter les fuites et assurer un bon fonctionnement.<\/li>\n<li><strong>Durabilit\u00e9:<\/strong> Le cylindre doit pouvoir r\u00e9sister aux rigueurs d'une utilisation intensive et \u00e0 des conditions environnementales difficiles.<\/li>\n<li><strong>S\u00e9curit\u00e9:<\/strong> Le cylindre doit \u00eatre con\u00e7u et install\u00e9 de mani\u00e8re \u00e0 pr\u00e9venir les accidents et les blessures.<\/li>\n<li><strong>Maintenabilit\u00e9 :<\/strong> Le cylindre doit \u00eatre con\u00e7u pour faciliter l'entretien et la r\u00e9paration.<\/li>\n<\/ul>\n<p><img decoding=\"async\" src=\"https:\/\/www.hydraulic-cylinders.net\/wp-content\/uploads\/2025\/01\/songte-oil-pipes-and-spare-parts.webp\"><\/p>\n<h2>\u00c9tanch\u00e9it\u00e9 et lubrification<\/h2>\n<p>Divers composants d'\u00e9tanch\u00e9it\u00e9, tels que des joints de piston et de tige, sont utilis\u00e9s. Ces joints sont fabriqu\u00e9s \u00e0 partir de mat\u00e9riaux r\u00e9sistants \u00e0 l'usure, comme le polyur\u00e9thane et le caoutchouc nitrile. Le corps du cylindre et la surface d'extr\u00e9mit\u00e9 filet\u00e9e sont usin\u00e9s avec pr\u00e9cision afin d'am\u00e9liorer la r\u00e9sistance \u00e0 l'usure. Un remplissage r\u00e9gulier d'huile hydraulique est n\u00e9cessaire pour assurer la lubrification.<\/p>\n<h2>Entretien et r\u00e9paration<\/h2>\n<p>Voici les t\u00e2ches d'entretien courantes pour les v\u00e9rins de godet\u00a0:<\/p>\n<ul>\n<li>Inspection r\u00e9guli\u00e8re<\/li>\n<li>Lubrification ad\u00e9quate<\/li>\n<li>remplacement du joint<\/li>\n<li>\u00c9talonnage<\/li>\n<\/ul>\n<p>Une installation, une lubrification et un r\u00e9glage corrects sont essentiels, et un alignement pr\u00e9cis du v\u00e9rin doit \u00eatre assur\u00e9 lors de l'installation. Il est recommand\u00e9 d'utiliser des supports de montage appropri\u00e9s pour fixer le v\u00e9rin, et de suivre les proc\u00e9dures recommand\u00e9es de v\u00e9rification, de r\u00e9paration et de remplacement afin d'en prolonger la dur\u00e9e de vie.<\/p>\n<p><img decoding=\"async\" src=\"https:\/\/www.hydraulic-cylinders.net\/wp-content\/uploads\/2025\/01\/songte-chushion-collar.webp\"><\/p>\n<h2>Consid\u00e9rations relatives \u00e0 la s\u00e9curit\u00e9 et \u00e0 l'environnement<\/h2>\n<p>Il est important de respecter les consignes de s\u00e9curit\u00e9 lors de l'utilisation des v\u00e9rins de godet, notamment le port des \u00e9quipements de protection individuelle et le respect des proc\u00e9dures d'utilisation recommand\u00e9es. L'\u00e9limination appropri\u00e9e des fluides hydrauliques et autres mat\u00e9riaux est \u00e9galement essentielle pour la protection de l'environnement.<\/p>\n<h2>Probl\u00e8mes courants et d\u00e9pannage<\/h2>\n<ul>\n<li>Le cylindre fuit.<\/li>\n<li>Le cylindre ne se dilate ni ne se contracte correctement.<\/li>\n<li>Le cylindre fait un bruit \u00e9trange<\/li>\n<\/ul>\n<p>Pour r\u00e9soudre ces probl\u00e8mes, inspectez le v\u00e9rin afin de d\u00e9celer tout signe de dommage ou d'usure, v\u00e9rifiez le niveau d'huile hydraulique et assurez-vous que le v\u00e9rin est correctement install\u00e9 et align\u00e9. Un entretien et des r\u00e9parations appropri\u00e9s permettent de pr\u00e9venir ces probl\u00e8mes.<\/p>\n<p><img decoding=\"async\" src=\"https:\/\/www.hydraulic-cylinders.net\/wp-content\/uploads\/2025\/01\/songte-bushings-with-all-kinds-of-excavator-models.webp\"><\/p>\n<h2>\u00c0 propos de notre entreprise<\/h2>\n<p>Nous sommes un fabricant de v\u00e9rins hydrauliques de remplacement et proposons une gamme compl\u00e8te de produits. Nous figurons parmi les principaux fabricants et distributeurs de v\u00e9rins hydrauliques sur les march\u00e9s nationaux et internationaux. Attach\u00e9s \u00e0 l'excellence, nous nous appuyons sur une strat\u00e9gie de production industrialis\u00e9e au sein d'ateliers de fabrication de pointe. Gr\u00e2ce \u00e0 l'expertise de nos techniciens, \u00e0 l'utilisation d'\u00e9quipements de fabrication num\u00e9riques haut de gamme et \u00e0 des syst\u00e8mes de contr\u00f4le qualit\u00e9 performants, nous optimisons constamment nos processus de production et garantissons une qualit\u00e9 irr\u00e9prochable. Notre capacit\u00e9 de production nous permet de r\u00e9pondre efficacement, avec pr\u00e9cision et \u00e0 la demande, aux besoins vari\u00e9s de nos clients.<\/p>\n<p>Nous fournissons des services professionnels, certifi\u00e9s \u00e0 l'\u00e9chelle internationale et personnalis\u00e9s, des \u00e9quipements de fabrication et un service apr\u00e8s-vente afin d'accro\u00eetre la notori\u00e9t\u00e9 de notre entreprise.<\/p>\n<p><img decoding=\"async\" src=\"https:\/\/hzpt.com\/wp-content\/uploads\/2024\/11\/songte-company-1.webp\"><\/p>\n<p>Auteur : lyl.<\/p>","protected":false},"excerpt":{"rendered":"<p>Bucket Cylinder For Kobelco Large Excavator SK495D Introduction Definition A bucket cylinder is a specialized hydraulic cylinder used to control the movement of the bucket in heavy-duty machinery such as excavators, backhoes, and front-end loaders. Its main function is to enable the bucket to lift, lower, and tilt, making it easier to handle various material-handling [&hellip;]<\/p>","protected":false},"featured_media":14771,"comment_status":"open","ping_status":"closed","template":"","meta":{"_et_pb_use_builder":"","_et_pb_old_content":"","_et_gb_content_width":""},"product_brand":[],"product_cat":[1494],"product_tag":[1495,1496],"class_list":{"0":"post-15367","1":"product","2":"type-product","3":"status-publish","4":"has-post-thumbnail","6":"product_cat-bucket-cylinders","7":"product_tag-bucket-cylinders","8":"product_tag-hydraulic-cylinders","10":"first","11":"instock","12":"shipping-taxable","13":"product-type-simple"},"amp_enabled":true,"_links":{"self":[{"href":"https:\/\/www.hydraulic-cylinders.net\/fr\/wp-json\/wp\/v2\/product\/15367","targetHints":{"allow":["GET"]}}],"collection":[{"href":"https:\/\/www.hydraulic-cylinders.net\/fr\/wp-json\/wp\/v2\/product"}],"about":[{"href":"https:\/\/www.hydraulic-cylinders.net\/fr\/wp-json\/wp\/v2\/types\/product"}],"replies":[{"embeddable":true,"href":"https:\/\/www.hydraulic-cylinders.net\/fr\/wp-json\/wp\/v2\/comments?post=15367"}],"wp:featuredmedia":[{"embeddable":true,"href":"https:\/\/www.hydraulic-cylinders.net\/fr\/wp-json\/wp\/v2\/media\/14771"}],"wp:attachment":[{"href":"https:\/\/www.hydraulic-cylinders.net\/fr\/wp-json\/wp\/v2\/media?parent=15367"}],"wp:term":[{"taxonomy":"product_brand","embeddable":true,"href":"https:\/\/www.hydraulic-cylinders.net\/fr\/wp-json\/wp\/v2\/product_brand?post=15367"},{"taxonomy":"product_cat","embeddable":true,"href":"https:\/\/www.hydraulic-cylinders.net\/fr\/wp-json\/wp\/v2\/product_cat?post=15367"},{"taxonomy":"product_tag","embeddable":true,"href":"https:\/\/www.hydraulic-cylinders.net\/fr\/wp-json\/wp\/v2\/product_tag?post=15367"}],"curies":[{"name":"wp","href":"https:\/\/api.w.org\/{rel}","templated":true}]}}