{"id":15368,"date":"2025-01-19T14:26:32","date_gmt":"2025-01-19T14:26:32","guid":{"rendered":"https:\/\/www.hydraulic-cylinders.net\/product\/bucket-cylinder-for-kobelco-large-excavator-sk310\/"},"modified":"2025-01-19T14:26:34","modified_gmt":"2025-01-19T14:26:34","slug":"bucket-cylinder-for-kobelco-large-excavator-sk310","status":"publish","type":"product","link":"https:\/\/www.hydraulic-cylinders.net\/fr\/produit\/bucket-cylinder-for-kobelco-large-excavator-sk310\/","title":{"rendered":"Cylindre de godet pour pelle hydraulique Kobelco SK310"},"content":{"rendered":"<h1>Cylindre de godet pour pelle hydraulique Kobelco SK310<\/h1>\n<h2>Introduction<\/h2>\n<p>Le v\u00e9rin de godet pour pelle hydraulique Kobelco SK310 est un v\u00e9rin hydraulique con\u00e7u sp\u00e9cifiquement pour contr\u00f4ler les mouvements du godet sur les engins de chantier tels que les pelles hydrauliques, les tractopelles et les chargeuses frontales. Sa fonction principale est de permettre la lev\u00e9e, l'abaissement et l'inclinaison du godet, facilitant ainsi diverses op\u00e9rations de manutention. Au sein du syst\u00e8me hydraulique, le v\u00e9rin de godet assure un contr\u00f4le pr\u00e9cis du godet gr\u00e2ce \u00e0 la variation de la pression d'huile hydraulique, permettant aux op\u00e9rateurs de manipuler efficacement des charges lourdes et de s'adapter \u00e0 des environnements de travail complexes et \u00e0 des exigences op\u00e9rationnelles vari\u00e9es.<\/p>\n<p><img decoding=\"async\" src=\"https:\/\/www.hydraulic-cylinders.net\/wp-content\/uploads\/2025\/01\/songte-company-2.webp\"><\/p>\n<h2>Caract\u00e9ristiques<\/h2>\n<ul>\n<li>Haute r\u00e9sistance et durabilit\u00e9 : G\u00e9n\u00e9ralement fabriqu\u00e9 en acier ou en aluminium \u00e0 haute r\u00e9sistance, il peut supporter une pression \u00e9lev\u00e9e et des charges importantes, s'adapter aux environnements de travail difficiles et est con\u00e7u en tenant compte de la r\u00e9sistance \u00e0 l'usure et \u00e0 la corrosion afin de prolonger sa dur\u00e9e de vie.<\/li>\n<li>Fonctionnement hydraulique efficace\u00a0: un mouvement d\u2019extension et de contraction fluide est obtenu gr\u00e2ce \u00e0 la pression de l\u2019huile hydraulique, permettant une r\u00e9ponse rapide aux commandes de fonctionnement, fournissant des forces de pouss\u00e9e et de traction puissantes et convenant \u00e0 la manutention de charges lourdes et \u00e0 des t\u00e2ches op\u00e9rationnelles complexes.<\/li>\n<li>Diff\u00e9rents types sont disponibles\u00a0: des v\u00e9rins simple effet (actionnement hydraulique dans un seul sens) ou double effet (actionnement hydraulique dans les deux sens) peuvent \u00eatre s\u00e9lectionn\u00e9s en fonction des besoins op\u00e9rationnels. Certains mod\u00e8les sont t\u00e9lescopiques, ce qui permet une plus grande extension sans augmenter les dimensions ext\u00e9rieures et convient aux applications o\u00f9 l\u2019espace est limit\u00e9.<\/li>\n<li>Rempla\u00e7able : Notre produit peut parfaitement remplacer ces v\u00e9rins hydrauliques.<\/li>\n<\/ul>\n<p><img decoding=\"async\" src=\"https:\/\/www.hydraulic-cylinders.net\/wp-content\/uploads\/2025\/01\/songte-cylinder-head-with-all-kinds-excavator-models.webp\"><\/p>\n<h2>Applications<\/h2>\n<ul>\n<li>Mat\u00e9riel de construction\u00a0: Sur les excavatrices, les v\u00e9rins sont essentiels pour l\u2019excavation, le chargement et le d\u00e9placement de terre ou de d\u00e9bris. Sur les chargeuses-pelleteuses, les v\u00e9rins du godet contribuent \u00e0 la fois \u00e0 l\u2019excavation et au levage. <\/li>\n<li>Machines agricoles : utilis\u00e9es dans les chargeurs frontaux pour ramasser, soulever et transporter de la terre, du foin et d'autres mat\u00e9riaux. <\/li>\n<li>Excavatrices : Les v\u00e9rins du godet permettent le creusement en permettant au godet de p\u00e9n\u00e9trer dans le sol. <\/li>\n<li>Chargeuses : Sur les chargeuses frontales, elles permettent de soulever et d'incliner efficacement les charges. <\/li>\n<\/ul>\n<h2>Consid\u00e9rations de conception et crit\u00e8res de s\u00e9lection<\/h2>\n<ul>\n<li>Capacit\u00e9 de charge : Le cylindre doit \u00eatre con\u00e7u pour supporter la charge maximale qu'il peut rencontrer en fonctionnement. <\/li>\n<li>\u00c9tanch\u00e9it\u00e9 : Diff\u00e9rents \u00e9l\u00e9ments d'\u00e9tanch\u00e9it\u00e9, tels que les joints de piston, les joints de tige et les joints racleurs, doivent \u00eatre s\u00e9lectionn\u00e9s pour garantir l'\u00e9tanch\u00e9it\u00e9 et la durabilit\u00e9 du cylindre. <\/li>\n<li>Durabilit\u00e9 : Pour garantir sa long\u00e9vit\u00e9, le cylindre doit \u00eatre con\u00e7u avec des mat\u00e9riaux r\u00e9sistants \u00e0 l'usure et \u00e0 la corrosion. <\/li>\n<li>S\u00e9curit\u00e9 : Des dispositifs de s\u00e9curit\u00e9 doivent \u00eatre int\u00e9gr\u00e9s afin de pr\u00e9venir les accidents et les blessures. <\/li>\n<li>Maintenance : Le cylindre doit \u00eatre con\u00e7u pour une maintenance facile, avec des composants accessibles et des instructions de maintenance claires.<\/li>\n<\/ul>\n<p><img decoding=\"async\" src=\"https:\/\/www.hydraulic-cylinders.net\/wp-content\/uploads\/2025\/01\/songte-oil-pipes-and-spare-parts.webp\"><\/p>\n<h2>\u00c9tanch\u00e9it\u00e9 et lubrification<\/h2>\n<p>Le v\u00e9rin utilise diff\u00e9rents \u00e9l\u00e9ments d'\u00e9tanch\u00e9it\u00e9, tels que des joints de piston, des joints de tige et des joints racleurs. Ces joints sont fabriqu\u00e9s \u00e0 partir de mat\u00e9riaux r\u00e9sistants \u00e0 l'usure, comme le polyur\u00e9thane et le caoutchouc nitrile, afin de garantir sa durabilit\u00e9. Le corps du v\u00e9rin et les surfaces d'extr\u00e9mit\u00e9 filet\u00e9es sont usin\u00e9s avec pr\u00e9cision pour optimiser sa r\u00e9sistance \u00e0 l'usure. Une lubrification r\u00e9guli\u00e8re avec l'huile hydraulique appropri\u00e9e est indispensable pour assurer un fonctionnement optimal, r\u00e9duire l'usure et prolonger la dur\u00e9e de vie du v\u00e9rin.<\/p>\n<h2>Mesures d'inspection et de maintenance pr\u00e9ventive<\/h2>\n<ul>\n<li>Inspection r\u00e9guli\u00e8re\u00a0: Le cylindre doit \u00eatre inspect\u00e9 p\u00e9riodiquement afin de d\u00e9tecter toute usure ou tout dommage. Toute pi\u00e8ce endommag\u00e9e ou us\u00e9e doit \u00eatre remplac\u00e9e imm\u00e9diatement. <\/li>\n<li>Lubrification appropri\u00e9e\u00a0: Le cylindre doit \u00eatre lubrifi\u00e9 conform\u00e9ment aux instructions du fabricant. <\/li>\n<li>Remplacement des joints : Les joints doivent \u00eatre remplac\u00e9s p\u00e9riodiquement lorsqu'ils s'usent afin d'\u00e9viter les fuites et d'assurer le bon fonctionnement du cylindre. <\/li>\n<li>Contr\u00f4le d'\u00e9talonnage\u00a0: Le cylindre doit \u00eatre contr\u00f4l\u00e9 p\u00e9riodiquement afin de s'assurer de son bon fonctionnement et de son \u00e9talonnage correct. <\/li>\n<\/ul>\n<h2>Guide d'installation du produit<\/h2>\n<p>Une installation correcte est essentielle au bon fonctionnement et \u00e0 la s\u00e9curit\u00e9 du cylindre. Veuillez suivre les conseils suivants\u00a0:<\/p>\n<ul>\n<li>Le cylindre doit \u00eatre correctement align\u00e9 lors de l'installation. <\/li>\n<li>L'utilisation de supports de fixation appropri\u00e9s pour fixer le cylindre est recommand\u00e9e. <\/li>\n<li>Il convient de suivre les proc\u00e9dures recommand\u00e9es d'inspection, de r\u00e9paration et de remplacement afin d'assurer la long\u00e9vit\u00e9 du dispositif.<\/li>\n<\/ul>\n<p><img decoding=\"async\" src=\"https:\/\/www.hydraulic-cylinders.net\/wp-content\/uploads\/2025\/01\/songte-chushion-collar.webp\"><\/p>\n<h2>Consid\u00e9rations de s\u00e9curit\u00e9 et facteurs environnementaux<\/h2>\n<p>Lors de l'utilisation de v\u00e9rins pour godets, des mesures de s\u00e9curit\u00e9 doivent \u00eatre prises afin de pr\u00e9venir les accidents et les blessures. Ces mesures comprennent la formation des op\u00e9rateurs, une installation correcte, ainsi qu'une inspection et un entretien r\u00e9guliers. De plus, les facteurs environnementaux tels que la temp\u00e9rature, l'humidit\u00e9 et les substances corrosives doivent \u00eatre pris en compte lors de la conception et de l'installation du v\u00e9rin afin de pr\u00e9venir les dommages et d'assurer sa long\u00e9vit\u00e9.<\/p>\n<h2>Diagnostic des pannes et probl\u00e8mes courants<\/h2>\n<p>Les probl\u00e8mes courants pouvant affecter le fonctionnement du v\u00e9rin de godet incluent les fuites, les bruits anormaux et une force insuffisante. Ces probl\u00e8mes peuvent \u00eatre dus \u00e0 des joints endommag\u00e9s ou us\u00e9s, \u00e0 des fuites dans le circuit hydraulique ou \u00e0 d'autres dysfonctionnements m\u00e9caniques. Un entretien et une inspection r\u00e9guliers permettent d'identifier et de pr\u00e9venir ces probl\u00e8mes.<\/p>\n<h2>Pr\u00e9sentation de l'entreprise<\/h2>\n<p>Nous sommes un fabricant de v\u00e9rins hydrauliques de remplacement offrant une gamme compl\u00e8te de produits. Comptant parmi les principaux fabricants et distributeurs de v\u00e9rins hydrauliques sur les march\u00e9s nationaux et internationaux, nous privil\u00e9gions l'excellence et nous appuyons sur des strat\u00e9gies de gestion de production industrialis\u00e9es au sein de nos ateliers de fabrication modernes. Nous am\u00e9liorons constamment nos plateformes de production en termes de personnel qualifi\u00e9, d'\u00e9quipements de fabrication num\u00e9rique de pointe et de syst\u00e8mes de test professionnels. Notre forte capacit\u00e9 d'innovation nous permet de r\u00e9pondre aux besoins vari\u00e9s de nos clients avec efficacit\u00e9, pr\u00e9cision et une qualit\u00e9 irr\u00e9prochable.<\/p>\n<p><img decoding=\"async\" src=\"https:\/\/hzpt.com\/wp-content\/uploads\/2024\/11\/songte-company-1.webp\"><\/p>\n<h3>Professionnalisme:<\/h3>\n<p>Nous disposons d'une \u00e9quipe de conception et de d\u00e9veloppement professionnelle dot\u00e9e de comp\u00e9tences techniques exceptionnelles et d'une riche exp\u00e9rience pour concevoir et produire des v\u00e9rins hydrauliques parfaitement adapt\u00e9s aux besoins de nos clients.<\/p>\n<h3>Certification internationale :<\/h3>\n<p>Nous avons obtenu les certifications ISO 9001 et CE, garantissant que nos produits r\u00e9pondent aux normes de qualit\u00e9 internationales.<\/p>\n<h3>Services de personnalisation\u00a0:<\/h3>\n<p>Nous proposons des services de personnalisation pour r\u00e9pondre aux besoins sp\u00e9cifiques de nos clients. Nous concevons et fabriquons des v\u00e9rins hydrauliques sur mesure, avec une large gamme de sp\u00e9cifications et de mod\u00e8les.<\/p>\n<h3>\u00c9quipement de production :<\/h3>\n<p>Nous disposons d'\u00e9quipements de production de pointe tels que des tours CNC, des centres d'usinage CNC et des rectifieuses CNC afin de garantir la pr\u00e9cision et la qualit\u00e9 de nos produits.<\/p>\n<h3>Service apr\u00e8s-vente :<\/h3>\n<p>Nous proposons des services apr\u00e8s-vente complets, incluant l'assistance technique, la r\u00e9paration et le remplacement, afin de garantir la satisfaction de nos clients quant \u00e0 nos produits et services.<\/p>\n<p>Auteur : lyl<\/p>\n<p><img decoding=\"async\" src=\"https:\/\/www.hydraulic-cylinders.net\/wp-content\/uploads\/2025\/01\/songte-bushings-with-all-kinds-of-excavator-models.webp\"><\/p>","protected":false},"excerpt":{"rendered":"<p>Bucket Cylinder for Kobelco Large Excavator SK310 Introduction The bucket cylinder for Kobelco large excavator SK310 is a type of hydraulic cylinder specifically designed to control the movement of the bucket in heavy machinery such as excavators, backhoes, and front-end loaders. Its main function is to enable the bucket to lift, lower, and tilt, making [&hellip;]<\/p>","protected":false},"featured_media":14769,"comment_status":"open","ping_status":"closed","template":"","meta":{"_et_pb_use_builder":"","_et_pb_old_content":"","_et_gb_content_width":""},"product_brand":[],"product_cat":[1494],"product_tag":[1495,1496],"class_list":{"0":"post-15368","1":"product","2":"type-product","3":"status-publish","4":"has-post-thumbnail","6":"product_cat-bucket-cylinders","7":"product_tag-bucket-cylinders","8":"product_tag-hydraulic-cylinders","10":"first","11":"instock","12":"shipping-taxable","13":"product-type-simple"},"amp_enabled":true,"_links":{"self":[{"href":"https:\/\/www.hydraulic-cylinders.net\/fr\/wp-json\/wp\/v2\/product\/15368","targetHints":{"allow":["GET"]}}],"collection":[{"href":"https:\/\/www.hydraulic-cylinders.net\/fr\/wp-json\/wp\/v2\/product"}],"about":[{"href":"https:\/\/www.hydraulic-cylinders.net\/fr\/wp-json\/wp\/v2\/types\/product"}],"replies":[{"embeddable":true,"href":"https:\/\/www.hydraulic-cylinders.net\/fr\/wp-json\/wp\/v2\/comments?post=15368"}],"wp:featuredmedia":[{"embeddable":true,"href":"https:\/\/www.hydraulic-cylinders.net\/fr\/wp-json\/wp\/v2\/media\/14769"}],"wp:attachment":[{"href":"https:\/\/www.hydraulic-cylinders.net\/fr\/wp-json\/wp\/v2\/media?parent=15368"}],"wp:term":[{"taxonomy":"product_brand","embeddable":true,"href":"https:\/\/www.hydraulic-cylinders.net\/fr\/wp-json\/wp\/v2\/product_brand?post=15368"},{"taxonomy":"product_cat","embeddable":true,"href":"https:\/\/www.hydraulic-cylinders.net\/fr\/wp-json\/wp\/v2\/product_cat?post=15368"},{"taxonomy":"product_tag","embeddable":true,"href":"https:\/\/www.hydraulic-cylinders.net\/fr\/wp-json\/wp\/v2\/product_tag?post=15368"}],"curies":[{"name":"wp","href":"https:\/\/api.w.org\/{rel}","templated":true}]}}