{"id":15371,"date":"2025-01-19T14:26:52","date_gmt":"2025-01-19T14:26:52","guid":{"rendered":"https:\/\/www.hydraulic-cylinders.net\/product\/bucket-cylinder-for-kobelco-large-excavator-sk350lc\/"},"modified":"2025-01-19T14:26:53","modified_gmt":"2025-01-19T14:26:53","slug":"bucket-cylinder-for-kobelco-large-excavator-sk350lc","status":"publish","type":"product","link":"https:\/\/www.hydraulic-cylinders.net\/fr\/produit\/bucket-cylinder-for-kobelco-large-excavator-sk350lc\/","title":{"rendered":"Cylindre de godet pour pelle hydraulique Kobelco SK350LC"},"content":{"rendered":"<p><!DOCTYPE html><br \/>\n<html><\/p>\n<p><head><br \/>\n  <title>Cylindre de godet pour pelle hydraulique Kobelco SK350LC<\/title><br \/>\n<\/head><\/p>\n<p><body><\/p>\n<h1>Cylindre de godet pour pelle hydraulique Kobelco SK350LC<\/h1>\n<h2>Introduction<\/h2>\n<p>Un v\u00e9rin de godet est un v\u00e9rin hydraulique sp\u00e9cialis\u00e9 con\u00e7u pour contr\u00f4ler les mouvements du godet sur les engins de chantier tels que les pelles hydrauliques, les chargeuses-pelleteuses et les chargeuses frontales. Sa fonction principale est de permettre le levage, l'abaissement et l'inclinaison du godet, facilitant ainsi diverses op\u00e9rations de manutention. Au sein du syst\u00e8me hydraulique, le v\u00e9rin de godet assure un contr\u00f4le pr\u00e9cis du godet gr\u00e2ce aux variations de pression d'huile hydraulique, permettant aux op\u00e9rateurs de manipuler efficacement des charges lourdes et de s'adapter \u00e0 des environnements de travail complexes et \u00e0 des exigences op\u00e9rationnelles vari\u00e9es.<\/p>\n<p>  <img decoding=\"async\" src=\"https:\/\/www.hydraulic-cylinders.net\/wp-content\/uploads\/2025\/01\/songte-company-2.webp\" alt=\"V\u00e9rin de godet\"><\/p>\n<h2>Caract\u00e9ristiques<\/h2>\n<ul>\n<li>Haute r\u00e9sistance et durabilit\u00e9\u00a0: Fabriqu\u00e9 g\u00e9n\u00e9ralement en acier ou en aluminium haute r\u00e9sistance, ce produit supporte les hautes pressions et les charges importantes, et s\u2019adapte aux conditions de travail difficiles. Sa conception prend en compte la r\u00e9sistance \u00e0 l\u2019usure et \u00e0 la corrosion afin d\u2019en prolonger la dur\u00e9e de vie.<\/li>\n<li>Fonctionnement hydraulique efficace : Utilise la pression de l'huile hydraulique pour obtenir des mouvements d'extension et de r\u00e9traction fluides, permettant une r\u00e9ponse rapide aux commandes, et fournissant des forces de pouss\u00e9e et de traction puissantes adapt\u00e9es \u00e0 la manutention de charges lourdes et de t\u00e2ches complexes.<\/li>\n<li>Diff\u00e9rents types\u00a0: Choisissez entre des v\u00e9rins simple effet (pression hydraulique dans un seul sens) et des v\u00e9rins double effet (pression hydraulique dans les deux sens) selon vos besoins. Certains mod\u00e8les sont t\u00e9lescopiques, ce qui permet une plus grande extension sans augmenter l\u2019encombrement, et convient aux applications o\u00f9 l\u2019espace est limit\u00e9.<\/li>\n<li>Remplacement id\u00e9al : Nos produits peuvent parfaitement remplacer ces v\u00e9rins hydrauliques.<\/li>\n<\/ul>\n<p>  <img decoding=\"async\" src=\"https:\/\/www.hydraulic-cylinders.net\/wp-content\/uploads\/2025\/01\/songte-cylinder-head-with-all-kinds-excavator-models.webp\" alt=\"V\u00e9rin de godet\"><\/p>\n<h2>Applications<\/h2>\n<h3>\u00c9quipement de construction<\/h3>\n<p>Sur les excavatrices, ils sont indispensables pour creuser, charger et d\u00e9placer la terre ou les d\u00e9bris. Sur les chargeuses-pelleteuses, le v\u00e9rin du godet contribue \u00e0 la fois \u00e0 l'excavation et au levage.<\/p>\n<h3>machines agricoles<\/h3>\n<p>Utilis\u00e9 dans les chargeurs frontaux pour ramasser, soulever et transporter de la terre, du foin et d'autres mat\u00e9riaux.<\/p>\n<h3>Excavateurs<\/h3>\n<p>Le v\u00e9rin du godet permet des actions de creusement en permettant au godet de p\u00e9n\u00e9trer le sol.<\/p>\n<h3>Chargeurs<\/h3>\n<p>Dans les chargeuses frontales, elles contribuent \u00e0 soulever et \u00e0 incliner efficacement les marchandises.<\/p>\n<p>  <img decoding=\"async\" src=\"https:\/\/www.hydraulic-cylinders.net\/wp-content\/uploads\/2025\/01\/songte-chushion-collar.webp\" alt=\"V\u00e9rin de godet\"><\/p>\n<h2>Consid\u00e9rations de conception et crit\u00e8res de s\u00e9lection<\/h2>\n<p>En mati\u00e8re de conception, la capacit\u00e9 de charge, l'\u00e9tanch\u00e9it\u00e9, la durabilit\u00e9, la s\u00e9curit\u00e9 et la facilit\u00e9 d'entretien du v\u00e9rin du godet sont des facteurs essentiels \u00e0 prendre en compte.<\/p>\n<p>  <img decoding=\"async\" src=\"https:\/\/www.hydraulic-cylinders.net\/wp-content\/uploads\/2025\/01\/songte-oil-pipes-and-spare-parts.webp\" alt=\"V\u00e9rin de godet\"><\/p>\n<h2>\u00c9tanch\u00e9it\u00e9 et lubrification<\/h2>\n<p>Diff\u00e9rents types de joints, tels que les joints de piston et les joints de tige, sont utilis\u00e9s. Ces joints sont fabriqu\u00e9s dans des mat\u00e9riaux r\u00e9sistants \u00e0 l'usure comme le polyur\u00e9thane et le caoutchouc nitrile. Le corps du cylindre et les surfaces d'extr\u00e9mit\u00e9 filet\u00e9es b\u00e9n\u00e9ficient d'un traitement de surface pr\u00e9cis afin d'optimiser la r\u00e9sistance \u00e0 l'usure. Une lubrification r\u00e9guli\u00e8re avec la quantit\u00e9 appropri\u00e9e d'huile hydraulique est indispensable.<\/p>\n<h2>Inspection r\u00e9guli\u00e8re et maintenance pr\u00e9ventive<\/h2>\n<p>Des inspections r\u00e9guli\u00e8res et une maintenance pr\u00e9ventive sont essentielles pour un fonctionnement optimal et une longue dur\u00e9e de vie. Cela comprend la v\u00e9rification des fuites, l'inspection des joints, le contr\u00f4le de la pression et le maintien d'un niveau de lubrification ad\u00e9quat.<\/p>\n<h2>Guide d'installation appropri\u00e9<\/h2>\n<p>Une installation correcte est essentielle au bon fonctionnement du v\u00e9rin de godet. Il est recommand\u00e9 d'aligner correctement le v\u00e9rin et d'utiliser des supports de fixation appropri\u00e9s. Suivez les proc\u00e9dures d'inspection, de r\u00e9paration et de remplacement recommand\u00e9es. Des services de remplacement et de remise \u00e0 neuf des pi\u00e8ces sont disponibles pour prolonger la dur\u00e9e de vie du v\u00e9rin de godet.<\/p>\n<p>  <img decoding=\"async\" src=\"https:\/\/www.hydraulic-cylinders.net\/wp-content\/uploads\/2025\/01\/songte-bushings-with-all-kinds-of-excavator-models.webp\" alt=\"V\u00e9rin de godet\"><\/p>\n<h2>Consid\u00e9rations de s\u00e9curit\u00e9 et facteurs environnementaux<\/h2>\n<p>Le respect des consignes de s\u00e9curit\u00e9 lors de l'utilisation du v\u00e9rin de godet est primordial. Il convient de suivre scrupuleusement les pr\u00e9cautions de s\u00e9curit\u00e9 afin de pr\u00e9venir les accidents et les risques environnementaux.<\/p>\n<h2>D\u00e9pannage et probl\u00e8mes courants<\/h2>\n<p>L'identification et la r\u00e9solution des probl\u00e8mes courants li\u00e9s au v\u00e9rin du godet sont essentielles au bon fonctionnement de l'appareil. Ce document fournit des conseils et des solutions de d\u00e9pannage pour aider les utilisateurs \u00e0 diagnostiquer et \u00e0 r\u00e9soudre les probl\u00e8mes. Il propose \u00e9galement des mesures pr\u00e9ventives pour minimiser les risques de dysfonctionnement.<\/p>\n<p>  <img decoding=\"async\" src=\"https:\/\/hzpt.com\/wp-content\/uploads\/2024\/11\/songte-company-1.webp\" alt=\"V\u00e9rin de godet\"><\/p>\n<h2>\u00c0 propos de notre entreprise<\/h2>\n<p>Nous sommes un fabricant sp\u00e9cialis\u00e9 dans la production de v\u00e9rins hydrauliques de remplacement. Gr\u00e2ce \u00e0 notre large gamme de produits, nous sommes devenus l'un des principaux fabricants et distributeurs de v\u00e9rins hydrauliques sur les march\u00e9s nationaux et internationaux. Nous nous engageons \u00e0 fournir une qualit\u00e9 irr\u00e9prochable et mettons en \u0153uvre des strat\u00e9gies de gestion de production industrialis\u00e9es au sein de notre atelier de fabrication moderne. Notre entreprise am\u00e9liore constamment sa plateforme de production en investissant dans des talents techniques, des \u00e9quipements de fabrication num\u00e9rique de pointe et des syst\u00e8mes de contr\u00f4le professionnels. Nous avons d\u00e9velopp\u00e9 une forte capacit\u00e9 d'innovation, nous permettant de r\u00e9pondre aux besoins vari\u00e9s de nos clients avec efficacit\u00e9, pr\u00e9cision et qualit\u00e9.<\/p>\n<h3>Professionnalisme<\/h3>\n<p>Nous privil\u00e9gions le professionnalisme dans tous les aspects de nos op\u00e9rations, garantissant ainsi des produits et services de la plus haute qualit\u00e9.<\/p>\n<h3>Certifications internationales<\/h3>\n<p>Nous d\u00e9tenons des certifications internationales, t\u00e9moignant de notre engagement \u00e0 respecter les normes mondiales.<\/p>\n<h3>Services de personnalisation<\/h3>\n<p>Nous proposons des services de personnalisation pour r\u00e9pondre aux exigences sp\u00e9cifiques de nos clients et fournir des solutions sur mesure.<\/p>\n<h3>\u00c9quipement de production<\/h3>\n<p>Nous disposons d'\u00e9quipements de production \u00e0 la pointe de la technologie, ce qui nous permet de fournir des produits de la plus haute qualit\u00e9.<\/p>\n<h3>Service apr\u00e8s-vente<\/h3>\n<p>Nous proposons des services apr\u00e8s-vente complets afin de garantir la satisfaction et le soutien de nos clients.<\/p>\n<p>  <img decoding=\"async\" src=\"https:\/\/www.hydraulic-cylinders.net\/wp-content\/uploads\/2025\/01\/songte-company-3.webp\" alt=\"V\u00e9rin de godet\"><\/p>\n<p>Auteur : lyl<\/p>\n<p><\/body><\/p>\n<p><\/html><\/p>","protected":false},"excerpt":{"rendered":"<p>Bucket Cylinder For Kobelco Large Excavator SK350LC Bucket Cylinder For Kobelco Large Excavator SK350LC Introduction A bucket cylinder is a specialized hydraulic cylinder designed to control the movement of the bucket in heavy machinery such as excavators, backhoe loaders, and front-end loaders. Its main function is to enable the lifting, lowering, and tilting of the [&hellip;]<\/p>","protected":false},"featured_media":14761,"comment_status":"open","ping_status":"closed","template":"","meta":{"_et_pb_use_builder":"","_et_pb_old_content":"","_et_gb_content_width":""},"product_brand":[],"product_cat":[1494],"product_tag":[1495,1496],"class_list":{"0":"post-15371","1":"product","2":"type-product","3":"status-publish","4":"has-post-thumbnail","6":"product_cat-bucket-cylinders","7":"product_tag-bucket-cylinders","8":"product_tag-hydraulic-cylinders","10":"first","11":"instock","12":"shipping-taxable","13":"product-type-simple"},"amp_enabled":true,"_links":{"self":[{"href":"https:\/\/www.hydraulic-cylinders.net\/fr\/wp-json\/wp\/v2\/product\/15371","targetHints":{"allow":["GET"]}}],"collection":[{"href":"https:\/\/www.hydraulic-cylinders.net\/fr\/wp-json\/wp\/v2\/product"}],"about":[{"href":"https:\/\/www.hydraulic-cylinders.net\/fr\/wp-json\/wp\/v2\/types\/product"}],"replies":[{"embeddable":true,"href":"https:\/\/www.hydraulic-cylinders.net\/fr\/wp-json\/wp\/v2\/comments?post=15371"}],"wp:featuredmedia":[{"embeddable":true,"href":"https:\/\/www.hydraulic-cylinders.net\/fr\/wp-json\/wp\/v2\/media\/14761"}],"wp:attachment":[{"href":"https:\/\/www.hydraulic-cylinders.net\/fr\/wp-json\/wp\/v2\/media?parent=15371"}],"wp:term":[{"taxonomy":"product_brand","embeddable":true,"href":"https:\/\/www.hydraulic-cylinders.net\/fr\/wp-json\/wp\/v2\/product_brand?post=15371"},{"taxonomy":"product_cat","embeddable":true,"href":"https:\/\/www.hydraulic-cylinders.net\/fr\/wp-json\/wp\/v2\/product_cat?post=15371"},{"taxonomy":"product_tag","embeddable":true,"href":"https:\/\/www.hydraulic-cylinders.net\/fr\/wp-json\/wp\/v2\/product_tag?post=15371"}],"curies":[{"name":"wp","href":"https:\/\/api.w.org\/{rel}","templated":true}]}}