{"id":15372,"date":"2025-01-19T14:26:55","date_gmt":"2025-01-19T14:26:55","guid":{"rendered":"https:\/\/www.hydraulic-cylinders.net\/product\/bucket-cylinder-for-kobelco-large-excavator-sk4608\/"},"modified":"2025-01-19T14:26:57","modified_gmt":"2025-01-19T14:26:57","slug":"bucket-cylinder-for-kobelco-large-excavator-sk4608","status":"publish","type":"product","link":"https:\/\/www.hydraulic-cylinders.net\/fr\/produit\/bucket-cylinder-for-kobelco-large-excavator-sk4608\/","title":{"rendered":"Cylindre de godet pour pelle hydraulique Kobelco SK4608"},"content":{"rendered":"<p><!DOCTYPE html><br \/>\n<html><br \/>\n<head><br \/>\n<title>Cylindre de godet pour pelle hydraulique Kobelco SK4608<\/title><br \/>\n<\/head><br \/>\n<body><\/p>\n<h1>Cylindre de godet pour pelle hydraulique Kobelco SK4608<\/h1>\n<h2>Introduction<\/h2>\n<p>Le v\u00e9rin de godet est un v\u00e9rin hydraulique sp\u00e9cialement con\u00e7u pour contr\u00f4ler les mouvements du godet sur les engins de chantier tels que les pelles hydrauliques, les chargeuses-pelleteuses et les chargeuses frontales. Sa fonction principale est de permettre le levage, l'abaissement et l'inclinaison du godet, facilitant ainsi diverses op\u00e9rations de manutention. Au sein du syst\u00e8me hydraulique, le v\u00e9rin de godet assure un contr\u00f4le pr\u00e9cis du godet gr\u00e2ce aux variations de pression d'huile hydraulique, permettant aux op\u00e9rateurs de manipuler efficacement des charges lourdes et de s'adapter \u00e0 des environnements de travail complexes et \u00e0 des exigences vari\u00e9es.<\/p>\n<p><img decoding=\"async\" src=\"https:\/\/www.hydraulic-cylinders.net\/wp-content\/uploads\/2025\/01\/songte-company-2.webp\" alt=\"Image du cylindre du godet\"><\/p>\n<h2>Caract\u00e9ristiques<\/h2>\n<ul>\n<li>Haute r\u00e9sistance et durabilit\u00e9\u00a0: Fabriqu\u00e9 g\u00e9n\u00e9ralement en acier ou en aluminium haute r\u00e9sistance, il supporte les hautes pressions et les charges importantes, s\u2019adaptant ainsi aux environnements de travail difficiles. Sa conception assure une r\u00e9sistance \u00e0 l\u2019usure et \u00e0 la corrosion, prolongeant sa dur\u00e9e de vie.<\/li>\n<li>Fonctionnement hydraulique efficace\u00a0: utilisant la pression de l\u2019huile hydraulique pour obtenir des mouvements d\u2019extension et de r\u00e9traction fluides, il peut r\u00e9pondre rapidement aux commandes, fournissant des forces de pouss\u00e9e et de traction puissantes, adapt\u00e9es \u00e0 la manutention de charges lourdes et \u00e0 des t\u00e2ches complexes.<\/li>\n<li>Diff\u00e9rents types\u00a0: Choisissez entre des v\u00e9rins simple effet (pression hydraulique unidirectionnelle) ou double effet (pression hydraulique bidirectionnelle) pour r\u00e9pondre \u00e0 diff\u00e9rents besoins op\u00e9rationnels. Certains mod\u00e8les sont t\u00e9lescopiques, permettant une plus grande extension sans augmentation des dimensions ext\u00e9rieures, ce qui les rend adapt\u00e9s aux applications \u00e0 espace restreint.<\/li>\n<li>Remplacement parfait : notre produit peut parfaitement remplacer ces v\u00e9rins hydrauliques.<\/li>\n<\/ul>\n<p><img decoding=\"async\" src=\"https:\/\/www.hydraulic-cylinders.net\/wp-content\/uploads\/2025\/01\/songte-cylinder-head-with-all-kinds-excavator-models.webp\" alt=\"Image de remplacement du v\u00e9rin de godet\"><\/p>\n<h2>Applications<\/h2>\n<ul>\n<li>Mat\u00e9riel de construction\u00a0: Pr\u00e9sents dans les excavatrices, ils sont essentiels pour l\u2019excavation, le chargement et le d\u00e9placement de la terre ou des d\u00e9bris. Dans les chargeuses-pelleteuses, le v\u00e9rin du godet contribue \u00e0 la fois au creusement et au levage.<\/li>\n<li>Machines agricoles : Utilis\u00e9es dans les chargeuses frontales pour ramasser, soulever et transporter la terre, le foin et autres mat\u00e9riaux.<\/li>\n<li>Excavateurs : Le v\u00e9rin de godet permet les actions de creusement en permettant au godet de p\u00e9n\u00e9trer le sol.<\/li>\n<li>Chargeurs : Sur les chargeurs frontaux, ils contribuent \u00e0 un levage et un d\u00e9chargement efficaces des marchandises.<\/li>\n<\/ul>\n<h2>Consid\u00e9rations de conception et crit\u00e8res de s\u00e9lection<\/h2>\n<ul>\n<li>Capacit\u00e9 de charge : Discutez de la capacit\u00e9 du cylindre \u00e0 supporter des charges.<\/li>\n<li>\u00c9tanch\u00e9it\u00e9\u00a0: Expliquez l\u2019importance de l\u2019utilisation de diff\u00e9rents types de joints, tels que les joints de piston et les joints de tige, fabriqu\u00e9s dans des mat\u00e9riaux r\u00e9sistants \u00e0 l\u2019usure comme le polyur\u00e9thane et le caoutchouc nitrile. Mentionnez le traitement de surface de pr\u00e9cision du corps du cylindre et des extr\u00e9mit\u00e9s filet\u00e9es afin d\u2019am\u00e9liorer la r\u00e9sistance \u00e0 l\u2019usure.<\/li>\n<li>Durabilit\u00e9 : Discutez de la long\u00e9vit\u00e9 du cylindre et de sa r\u00e9sistance \u00e0 l'usure.<\/li>\n<li>S\u00e9curit\u00e9 : Discuter des dispositifs de s\u00e9curit\u00e9 et des pr\u00e9cautions \u00e0 prendre lors de l'utilisation du cylindre.<\/li>\n<li>Maintenance : Expliquez l'importance des inspections r\u00e9guli\u00e8res, de la lubrification, du remplacement des joints et des contr\u00f4les d'\u00e9talonnage pour garantir des performances optimales et prolonger la dur\u00e9e de vie du cylindre.<\/li>\n<\/ul>\n<p><img decoding=\"async\" src=\"https:\/\/www.hydraulic-cylinders.net\/wp-content\/uploads\/2025\/01\/songte-oil-pipes-and-spare-parts.webp\" alt=\"Image de maintenance du v\u00e9rin hydraulique\"><\/p>\n<h2>\u00c9tanch\u00e9it\u00e9 et lubrification<\/h2>\n<p>Le v\u00e9rin utilise diff\u00e9rents types de joints, tels que des joints de piston et de tige. Ces joints sont fabriqu\u00e9s dans des mat\u00e9riaux r\u00e9sistants \u00e0 l'usure, comme le polyur\u00e9thane et le caoutchouc nitrile. Le corps du v\u00e9rin et ses extr\u00e9mit\u00e9s filet\u00e9es b\u00e9n\u00e9ficient d'un traitement de surface fin afin d'am\u00e9liorer leur r\u00e9sistance \u00e0 l'usure. Une lubrification r\u00e9guli\u00e8re avec une huile hydraulique appropri\u00e9e est indispensable pour garantir un fonctionnement optimal et une lubrification ad\u00e9quate des composants du v\u00e9rin.<\/p>\n<h2>Inspection et maintenance pr\u00e9ventive<\/h2>\n<ul>\n<li>Inspection r\u00e9guli\u00e8re\u00a0: inspectez r\u00e9guli\u00e8rement le cylindre afin de d\u00e9celer tout signe d\u2019usure, de dommage ou de fuite.<\/li>\n<li>Lubrification : Assurez une lubrification ad\u00e9quate de toutes les pi\u00e8ces mobiles.<\/li>\n<li>Remplacement des joints : Remplacez rapidement les joints us\u00e9s ou endommag\u00e9s afin de maintenir des performances optimales.<\/li>\n<li>Contr\u00f4les d'\u00e9talonnage\u00a0: Contr\u00f4lez et \u00e9talonnez p\u00e9riodiquement le cylindre pour garantir un fonctionnement pr\u00e9cis.<\/li>\n<\/ul>\n<p><img decoding=\"async\" src=\"https:\/\/www.hydraulic-cylinders.net\/wp-content\/uploads\/2025\/01\/songte-chushion-collar.webp\" alt=\"Image d&#039;inspection du v\u00e9rin hydraulique\"><\/p>\n<h2>Consid\u00e9rations de s\u00e9curit\u00e9 et facteurs environnementaux<\/h2>\n<p>Lors de l'utilisation du v\u00e9rin de godet, il est important de respecter les consignes de s\u00e9curit\u00e9 afin de pr\u00e9venir les accidents et de garantir un environnement de travail s\u00fbr. Tenez compte des facteurs environnementaux tels que la temp\u00e9rature, l'humidit\u00e9 et l'exposition \u00e0 des substances corrosives qui peuvent affecter le fonctionnement du v\u00e9rin.<\/p>\n<h2>D\u00e9pannage et probl\u00e8mes courants<\/h2>\n<p>Discuter des conseils de d\u00e9pannage courants, fournir des solutions aux probl\u00e8mes fr\u00e9quents et sugg\u00e9rer des mesures pr\u00e9ventives pour minimiser les probl\u00e8mes potentiels.<\/p>\n<p><img decoding=\"async\" src=\"https:\/\/www.hydraulic-cylinders.net\/wp-content\/uploads\/2025\/01\/songte-bushings-with-all-kinds-of-excavator-models.webp\" alt=\"Image de d\u00e9pannage du v\u00e9rin hydraulique\"><\/p>\n<h2>Pr\u00e9sentation de l'entreprise<\/h2>\n<p>Nous sommes un fabricant et distributeur de premier plan de v\u00e9rins hydrauliques sur les march\u00e9s nationaux et internationaux. Notre vaste gamme de produits, notre engagement envers l'excellence et nos strat\u00e9gies de gestion de la production industrialis\u00e9e, mises en \u0153uvre dans nos installations de fabrication ultramodernes, nous ont permis de nous positionner comme un fournisseur de confiance de v\u00e9rins hydrauliques de haute qualit\u00e9. Gr\u00e2ce \u00e0 notre expertise technologique, nos \u00e9quipements de production de pointe et nos syst\u00e8mes de contr\u00f4le qualit\u00e9 professionnels, nous am\u00e9liorons constamment notre plateforme de fabrication et nos processus de production. Notre entreprise poss\u00e8de une forte capacit\u00e9 d'innovation, garantissant efficacit\u00e9, pr\u00e9cision et produits de haute qualit\u00e9 pour r\u00e9pondre aux besoins vari\u00e9s de nos clients.<\/p>\n<p><img decoding=\"async\" src=\"https:\/\/hzpt.com\/wp-content\/uploads\/2024\/11\/songte-company-1.webp\" alt=\"Image de l&#039;entreprise\"><\/p>\n<h3>Professionnalisme<\/h3>\n<p>Notre \u00e9quipe est compos\u00e9e de professionnels du secteur qui garantissent les plus hauts standards de qualit\u00e9 et de performance.<\/p>\n<h3>Certification internationale<\/h3>\n<p>Nous avons obtenu des certifications internationales attestant de la qualit\u00e9 et de la fiabilit\u00e9 de nos produits.<\/p>\n<h3>Services de personnalisation<\/h3>\n<p>Nous proposons des services de personnalisation pour r\u00e9pondre aux exigences sp\u00e9cifiques de nos clients.<\/p>\n<h3>\u00c9quipement de production<\/h3>\n<p>Nous utilisons des \u00e9quipements de production de pointe pour garantir la pr\u00e9cision et l'efficacit\u00e9 de la fabrication.<\/p>\n<h3>Service apr\u00e8s-vente<\/h3>\n<p>Nous proposons un service apr\u00e8s-vente complet, incluant le remplacement de pi\u00e8ces et la remise en \u00e9tat, afin d'allonger la dur\u00e9e de vie de nos produits.<\/p>\n<p><img decoding=\"async\" src=\"https:\/\/www.hydraulic-cylinders.net\/wp-content\/uploads\/2025\/01\/songte-company-3.webp\" alt=\"Image de pr\u00e9sentation de l&#039;entreprise\"><\/p>\n<p>Auteur : lyl<\/p>\n<p><\/body><br \/>\n<\/html><\/p>","protected":false},"excerpt":{"rendered":"<p>Bucket Cylinder For Kobelco Large Excavator SK4608 Bucket Cylinder For Kobelco Large Excavator SK4608 Introduction The bucket cylinder is a specially designed hydraulic cylinder that is primarily used to control the movement of the bucket in heavy machinery such as excavators, backhoe loaders, and front loaders. Its main function is to enable the lifting, lowering, [&hellip;]<\/p>","protected":false},"featured_media":14789,"comment_status":"open","ping_status":"closed","template":"","meta":{"_et_pb_use_builder":"","_et_pb_old_content":"","_et_gb_content_width":""},"product_brand":[],"product_cat":[1494],"product_tag":[1495,1496],"class_list":{"0":"post-15372","1":"product","2":"type-product","3":"status-publish","4":"has-post-thumbnail","6":"product_cat-bucket-cylinders","7":"product_tag-bucket-cylinders","8":"product_tag-hydraulic-cylinders","10":"first","11":"instock","12":"shipping-taxable","13":"product-type-simple"},"amp_enabled":true,"_links":{"self":[{"href":"https:\/\/www.hydraulic-cylinders.net\/fr\/wp-json\/wp\/v2\/product\/15372","targetHints":{"allow":["GET"]}}],"collection":[{"href":"https:\/\/www.hydraulic-cylinders.net\/fr\/wp-json\/wp\/v2\/product"}],"about":[{"href":"https:\/\/www.hydraulic-cylinders.net\/fr\/wp-json\/wp\/v2\/types\/product"}],"replies":[{"embeddable":true,"href":"https:\/\/www.hydraulic-cylinders.net\/fr\/wp-json\/wp\/v2\/comments?post=15372"}],"wp:featuredmedia":[{"embeddable":true,"href":"https:\/\/www.hydraulic-cylinders.net\/fr\/wp-json\/wp\/v2\/media\/14789"}],"wp:attachment":[{"href":"https:\/\/www.hydraulic-cylinders.net\/fr\/wp-json\/wp\/v2\/media?parent=15372"}],"wp:term":[{"taxonomy":"product_brand","embeddable":true,"href":"https:\/\/www.hydraulic-cylinders.net\/fr\/wp-json\/wp\/v2\/product_brand?post=15372"},{"taxonomy":"product_cat","embeddable":true,"href":"https:\/\/www.hydraulic-cylinders.net\/fr\/wp-json\/wp\/v2\/product_cat?post=15372"},{"taxonomy":"product_tag","embeddable":true,"href":"https:\/\/www.hydraulic-cylinders.net\/fr\/wp-json\/wp\/v2\/product_tag?post=15372"}],"curies":[{"name":"wp","href":"https:\/\/api.w.org\/{rel}","templated":true}]}}