{"id":15376,"date":"2025-01-19T14:27:11","date_gmt":"2025-01-19T14:27:11","guid":{"rendered":"https:\/\/www.hydraulic-cylinders.net\/product\/bucket-cylinder-for-yugong-wy75-7-8\/"},"modified":"2025-01-19T14:27:13","modified_gmt":"2025-01-19T14:27:13","slug":"bucket-cylinder-for-yugong-wy75-7-8","status":"publish","type":"product","link":"https:\/\/www.hydraulic-cylinders.net\/fr\/produit\/bucket-cylinder-for-yugong-wy75-7-8\/","title":{"rendered":"Cylindre de godet pour Yugong WY75-7-8"},"content":{"rendered":"<h2>Introduction<\/h2>\n<h3>D\u00e9finition du v\u00e9rin \u00e0 godet pour Yugong WY75-7-8<\/h3>\n<p>Le v\u00e9rin de godet pour Yugong WY75-7-8 est un v\u00e9rin hydraulique sp\u00e9cialis\u00e9 con\u00e7u pour contr\u00f4ler les mouvements du godet sur les engins de chantier tels que les pelles hydrauliques, les chargeuses-pelleteuses et les chargeuses frontales. Sa fonction principale est de permettre la lev\u00e9e, l'abaissement et l'inclinaison du godet, facilitant ainsi diverses op\u00e9rations de manutention. Au sein du syst\u00e8me hydraulique, le v\u00e9rin de godet assure un contr\u00f4le pr\u00e9cis du godet gr\u00e2ce \u00e0 la variation de la pression d'huile hydraulique, permettant aux op\u00e9rateurs de manipuler efficacement des charges lourdes et de s'adapter \u00e0 des environnements de travail complexes et \u00e0 des exigences op\u00e9rationnelles vari\u00e9es.<\/p>\n<p><img decoding=\"async\" src=\"https:\/\/www.hydraulic-cylinders.net\/wp-content\/uploads\/2025\/01\/songte-company-2.webp\"\/><\/p>\n<h3>Caract\u00e9ristiques du v\u00e9rin de godet pour Yugong WY75-7-8<\/h3>\n<ul>\n<li><strong>Haute r\u00e9sistance et durabilit\u00e9 :<\/strong> Fabriqu\u00e9 g\u00e9n\u00e9ralement en acier ou en aluminium \u00e0 haute r\u00e9sistance, il peut supporter une pression \u00e9lev\u00e9e et des charges importantes, s'adaptant aux environnements de travail difficiles, et con\u00e7u avec une r\u00e9sistance \u00e0 l'usure et \u00e0 la corrosion pour prolonger sa dur\u00e9e de vie.<\/li>\n<li><strong>Fonctionnement hydraulique efficace :<\/strong> Utilisant la pression de l'huile hydraulique pour obtenir des mouvements d'expansion et de contraction fluides, il peut r\u00e9pondre rapidement aux commandes, fournissant des forces de pouss\u00e9e et de traction puissantes, adapt\u00e9es \u00e0 la manutention de charges lourdes et \u00e0 des t\u00e2ches op\u00e9rationnelles complexes.<\/li>\n<li><strong>Diff\u00e9rents types :<\/strong> Les v\u00e9rins \u00e0 simple effet (fonctionnant dans un seul sens) ou \u00e0 double effet (fonctionnant dans les deux sens) peuvent \u00eatre s\u00e9lectionn\u00e9s en fonction des besoins op\u00e9rationnels. Certains mod\u00e8les sont t\u00e9lescopiques, permettant une plus grande extension sans augmenter l'encombrement, ce qui les rend particuli\u00e8rement adapt\u00e9s aux applications o\u00f9 l'espace est limit\u00e9.<\/li>\n<li><strong>Facile \u00e0 produire :<\/strong> Nos produits peuvent parfaitement remplacer ces v\u00e9rins hydrauliques.<\/li>\n<\/ul>\n<p><img decoding=\"async\" src=\"https:\/\/www.hydraulic-cylinders.net\/wp-content\/uploads\/2025\/01\/songte-cylinder-head-with-all-kinds-excavator-models.webp\"\/><\/p>\n<h3>Applications du v\u00e9rin \u00e0 godet pour Yugong WY75-7-8<\/h3>\n<p>Le v\u00e9rin de godet pour Yugong WY75-7-8 est largement utilis\u00e9 dans diverses machines lourdes, notamment\u00a0:<\/p>\n<ul>\n<li><strong>\u00c9quipement de construction :<\/strong> Sur les excavatrices, ils sont indispensables pour creuser, charger et d\u00e9placer la terre ou les d\u00e9bris. Sur les chargeuses-pelleteuses, les v\u00e9rins du godet participent \u00e0 la fois au creusement et au levage. <\/li>\n<li><strong>Machines agricoles :<\/strong> Utilis\u00e9s dans les chargeuses frontales pour ramasser, soulever et transporter de la terre, du foin et d'autres mat\u00e9riaux, les v\u00e9rins de godet des excavatrices permettent de creuser dans le sol. <\/li>\n<li><strong>Chargeur:<\/strong> Sur les chargeuses frontales, les v\u00e9rins du godet permettent de soulever et de d\u00e9charger efficacement les marchandises.<\/li>\n<\/ul>\n<h3>Consid\u00e9rations de conception et crit\u00e8res de s\u00e9lection du v\u00e9rin de godet pour Yugong WY75-7-8<\/h3>\n<p>Lors de la conception et du choix des v\u00e9rins de godet, divers facteurs doivent \u00eatre pris en compte afin de garantir leur fiabilit\u00e9 et leurs performances. Ces facteurs comprennent\u00a0:<\/p>\n<ul>\n<li><strong>Capacit\u00e9 portante :<\/strong> S'assurer que le v\u00e9rin du godet peut supporter les charges qui lui sont appliqu\u00e9es et remplir ses fonctions sans d\u00e9faillance.<\/li>\n<li><strong>Scellage:<\/strong> L'utilisation de divers joints, tels que des joints de piston, des joints de tige, etc., et la s\u00e9lection de mat\u00e9riaux r\u00e9sistants \u00e0 l'usure tels que le polyur\u00e9thane et le caoutchouc nitrile pour les joints, le corps du cylindre et la surface d'extr\u00e9mit\u00e9 filet\u00e9e sont finement trait\u00e9s pour am\u00e9liorer la r\u00e9sistance \u00e0 l'usure, et un remplissage r\u00e9gulier est n\u00e9cessaire pour la lubrification.<\/li>\n<li><strong>Durabilit\u00e9:<\/strong> S'assurer que le v\u00e9rin du godet puisse r\u00e9sister \u00e0 des conditions environnementales difficiles et maintenir ses performances sur une longue p\u00e9riode.<\/li>\n<li><strong>S\u00e9curit\u00e9:<\/strong> S\u2019assurer que le v\u00e9rin du godet est s\u00fbr \u00e0 utiliser et ne pr\u00e9sente aucun danger pour les op\u00e9rateurs ou les autres \u00e9quipements.<\/li>\n<li><strong>Maintenabilit\u00e9 :<\/strong> Garantir que le v\u00e9rin du godet soit facile \u00e0 entretenir et \u00e0 r\u00e9parer, r\u00e9duisant ainsi les temps d'arr\u00eat et les co\u00fbts de maintenance.<\/li>\n<\/ul>\n<p><img decoding=\"async\" src=\"https:\/\/www.hydraulic-cylinders.net\/wp-content\/uploads\/2025\/01\/songte-oil-pipes-and-spare-parts.webp\"\/><\/p>\n<h3>Maintenance et d\u00e9pannage du v\u00e9rin de godet pour Yugong WY75-7-8<\/h3>\n<p>Un entretien et une inspection r\u00e9guliers sont essentiels pour garantir le bon fonctionnement des v\u00e9rins de godet. Voici quelques t\u00e2ches d'entretien courantes\u00a0:<\/p>\n<ul>\n<li><strong>Inspection r\u00e9guli\u00e8re :<\/strong> Inspection du corps du cylindre, du piston, de la bielle et des joints pour d\u00e9tecter toute usure ou tout dommage.<\/li>\n<li><strong>Lubrification:<\/strong> Appliquer la quantit\u00e9 appropri\u00e9e d'huile hydraulique sur le corps du v\u00e9rin et les joints afin d'assurer un fonctionnement fluide et de pr\u00e9venir l'usure et les dommages.<\/li>\n<li><strong>Remplacement du joint :<\/strong> Remplacement des joints us\u00e9s ou endommag\u00e9s afin de maintenir l'\u00e9tanch\u00e9it\u00e9 du cylindre.<\/li>\n<\/ul>\n<p>Une installation, une lubrification et un r\u00e9glage corrects sont essentiels au fonctionnement fiable et s\u00fbr des v\u00e9rins de godet. Lors de l'installation, il est recommand\u00e9 d'aligner correctement le v\u00e9rin et d'utiliser des supports de fixation appropri\u00e9s. Des inspections, des r\u00e9parations et des remplacements r\u00e9guliers sont recommand\u00e9s afin de prolonger la dur\u00e9e de vie du v\u00e9rin et d'am\u00e9liorer sa fiabilit\u00e9.<\/p>\n<p><img decoding=\"async\" src=\"https:\/\/www.hydraulic-cylinders.net\/wp-content\/uploads\/2025\/01\/songte-chushion-collar.webp\"\/><\/p>\n<h3>Consid\u00e9rations de s\u00e9curit\u00e9 et facteurs environnementaux du v\u00e9rin de godet pour Yugong WY75-7-8<\/h3>\n<p>Lors de l'utilisation de v\u00e9rins hydrauliques pour godets, des mesures de s\u00e9curit\u00e9 doivent \u00eatre prises afin de pr\u00e9venir les accidents et de garantir un fonctionnement s\u00fbr. Il est recommand\u00e9 de suivre les consignes de s\u00e9curit\u00e9 et d'utiliser un \u00e9quipement de protection individuelle adapt\u00e9, comme des gants et des lunettes de protection. Les facteurs environnementaux, tels que la temp\u00e9rature, l'humidit\u00e9 et l'exposition \u00e0 des produits chimiques ou \u00e0 des substances corrosives, doivent \u00e9galement \u00eatre pris en compte, et des mesures appropri\u00e9es doivent \u00eatre mises en \u0153uvre pour prot\u00e9ger le v\u00e9rin contre tout dommage.<\/p>\n<p><img decoding=\"async\" src=\"https:\/\/www.hydraulic-cylinders.net\/wp-content\/uploads\/2025\/01\/songte-bushings-with-all-kinds-of-excavator-models.webp\"\/><\/p>\n<h3>Conclusion<\/h3>\n<p>En tant que fabricant et grossiste leader de v\u00e9rins hydrauliques, nous proposons une vaste gamme de produits r\u00e9pondant \u00e0 divers besoins op\u00e9rationnels. Notre engagement envers l'excellence en mati\u00e8re de qualit\u00e9, de gestion de la production et de service client nous a permis de devenir un acteur majeur sur le march\u00e9 mondial. Gr\u00e2ce \u00e0 nos installations de production de pointe et \u00e0 notre \u00e9quipe technique hautement qualifi\u00e9e, nous nous engageons \u00e0 fournir \u00e0 nos clients des produits performants, pr\u00e9cis et de haute qualit\u00e9. Notre entreprise offre des services de personnalisation professionnels, une certification internationale et un excellent service apr\u00e8s-vente afin de garantir la satisfaction de nos clients.<\/p>\n<p><img decoding=\"async\" src=\"https:\/\/hzpt.com\/wp-content\/uploads\/2024\/11\/songte-company-1.webp\"\/><\/p>\n<p>Auteur : lyl<\/p>","protected":false},"excerpt":{"rendered":"<p>Introduction Definition of Bucket Cylinder For Yugong WY75-7-8 The bucket cylinder for Yugong WY75-7-8 is a type of specialized hydraulic cylinder designed primarily to control the movement of the bucket in heavy machinery such as excavators, backhoe loaders, and front-end loaders. Its primary function is to enable the bucket to lift, lower, and tilt, thus [&hellip;]<\/p>","protected":false},"featured_media":14784,"comment_status":"open","ping_status":"closed","template":"","meta":{"_et_pb_use_builder":"","_et_pb_old_content":"","_et_gb_content_width":""},"product_brand":[],"product_cat":[1494],"product_tag":[1495,1496],"class_list":{"0":"post-15376","1":"product","2":"type-product","3":"status-publish","4":"has-post-thumbnail","6":"product_cat-bucket-cylinders","7":"product_tag-bucket-cylinders","8":"product_tag-hydraulic-cylinders","10":"first","11":"instock","12":"shipping-taxable","13":"product-type-simple"},"amp_enabled":true,"_links":{"self":[{"href":"https:\/\/www.hydraulic-cylinders.net\/fr\/wp-json\/wp\/v2\/product\/15376","targetHints":{"allow":["GET"]}}],"collection":[{"href":"https:\/\/www.hydraulic-cylinders.net\/fr\/wp-json\/wp\/v2\/product"}],"about":[{"href":"https:\/\/www.hydraulic-cylinders.net\/fr\/wp-json\/wp\/v2\/types\/product"}],"replies":[{"embeddable":true,"href":"https:\/\/www.hydraulic-cylinders.net\/fr\/wp-json\/wp\/v2\/comments?post=15376"}],"wp:featuredmedia":[{"embeddable":true,"href":"https:\/\/www.hydraulic-cylinders.net\/fr\/wp-json\/wp\/v2\/media\/14784"}],"wp:attachment":[{"href":"https:\/\/www.hydraulic-cylinders.net\/fr\/wp-json\/wp\/v2\/media?parent=15376"}],"wp:term":[{"taxonomy":"product_brand","embeddable":true,"href":"https:\/\/www.hydraulic-cylinders.net\/fr\/wp-json\/wp\/v2\/product_brand?post=15376"},{"taxonomy":"product_cat","embeddable":true,"href":"https:\/\/www.hydraulic-cylinders.net\/fr\/wp-json\/wp\/v2\/product_cat?post=15376"},{"taxonomy":"product_tag","embeddable":true,"href":"https:\/\/www.hydraulic-cylinders.net\/fr\/wp-json\/wp\/v2\/product_tag?post=15376"}],"curies":[{"name":"wp","href":"https:\/\/api.w.org\/{rel}","templated":true}]}}