{"id":15377,"date":"2025-01-19T14:27:15","date_gmt":"2025-01-19T14:27:15","guid":{"rendered":"https:\/\/www.hydraulic-cylinders.net\/product\/bucket-cylinder-for-yugong-wy135-8\/"},"modified":"2025-01-19T14:27:22","modified_gmt":"2025-01-19T14:27:22","slug":"bucket-cylinder-for-yugong-wy135-8","status":"publish","type":"product","link":"https:\/\/www.hydraulic-cylinders.net\/fr\/produit\/bucket-cylinder-for-yugong-wy135-8\/","title":{"rendered":"Cylindre de godet pour Yugong WY135-8"},"content":{"rendered":"<h1>Cylindre de godet pour Yugong WY135-8<\/h1>\n<h2>Introduction<\/h2>\n<p>Le v\u00e9rin de godet pour Yugong WY135-8 est un v\u00e9rin hydraulique sp\u00e9cialis\u00e9 servant principalement \u00e0 contr\u00f4ler les mouvements du godet sur les engins de chantier tels que les pelles hydrauliques, les tractopelles et les chargeuses frontales. Sa fonction principale est de permettre la lev\u00e9e, l'abaissement et l'inclinaison du godet, facilitant ainsi le transport de divers mat\u00e9riaux. Au sein du syst\u00e8me hydraulique, le v\u00e9rin de godet contr\u00f4le avec pr\u00e9cision les mouvements du godet en modulant la pression de l'huile hydraulique, permettant aux op\u00e9rateurs de manipuler efficacement des charges lourdes, de s'adapter \u00e0 des environnements de travail complexes et de r\u00e9pondre \u00e0 des exigences de t\u00e2ches vari\u00e9es.<\/p>\n<p><img decoding=\"async\" src=\"https:\/\/www.hydraulic-cylinders.net\/wp-content\/uploads\/2025\/01\/songte-company-2.webp\"\/><\/p>\n<h2>Caract\u00e9ristiques<\/h2>\n<ul>\n<li>Haute r\u00e9sistance et durabilit\u00e9 : G\u00e9n\u00e9ralement fabriqu\u00e9s en acier ou en aluminium \u00e0 haute r\u00e9sistance, ils peuvent supporter une pression \u00e9lev\u00e9e et des charges importantes, s'adapter aux environnements de travail difficiles et sont con\u00e7us pour r\u00e9sister \u00e0 l'usure et \u00e0 la corrosion, prolongeant ainsi leur dur\u00e9e de vie.<\/li>\n<li>Fonctionnement hydraulique efficace : utilise la pression de l'huile hydraulique pour assurer des mouvements d'extension et de r\u00e9traction fluides, r\u00e9pondre rapidement aux commandes, fournir une force de pouss\u00e9e et de traction puissante et convient \u00e0 la manutention de charges lourdes et \u00e0 des t\u00e2ches complexes.<\/li>\n<li>Diff\u00e9rents types de v\u00e9rins sont disponibles\u00a0: \u00e0 simple effet (fonctionnement hydraulique dans un seul sens) ou \u00e0 double effet (fonctionnement hydraulique dans les deux sens), selon les besoins op\u00e9rationnels. Certains mod\u00e8les sont t\u00e9lescopiques, ce qui permet une plus grande extension sans augmenter les dimensions ext\u00e9rieures et les rend particuli\u00e8rement adapt\u00e9s aux applications o\u00f9 l\u2019espace est limit\u00e9.<\/li>\n<li>Rempla\u00e7able : Notre produit peut parfaitement remplacer ces v\u00e9rins hydrauliques.<\/li>\n<\/ul>\n<p><img decoding=\"async\" src=\"https:\/\/www.hydraulic-cylinders.net\/wp-content\/uploads\/2025\/01\/songte-cylinder-head-with-all-kinds-excavator-models.webp\"\/><\/p>\n<h2>Applications<\/h2>\n<p>Le v\u00e9rin \u00e0 godet pour Yugong WY135-8 est largement utilis\u00e9 dans diverses industries\u00a0:<\/p>\n<ul>\n<li>Engins de chantier\u00a0: Sur les excavatrices, le v\u00e9rin du godet est essentiel pour creuser, charger et d\u00e9placer la terre ou les d\u00e9bris. Sur les pelles r\u00e9trocaveuses, il sert \u00e0 la fois au creusement et au levage. <\/li>\n<li>Machines agricoles : Utilis\u00e9es dans les chargeuses frontales pour ramasser, soulever et transporter la terre, le foin et autres mat\u00e9riaux.<\/li>\n<li>Excavatrices : Le v\u00e9rin du godet permet l'action de creuser en permettant au godet de p\u00e9n\u00e9trer dans le sol.<\/li>\n<li>Chargeuses frontales : Sur les chargeuses frontales, elles permettent de soulever et d'incliner efficacement les charges.<\/li>\n<\/ul>\n<p>Chaque application est d\u00e9crite en d\u00e9tail ci-dessous\u00a0:<\/p>\n<h3>Mat\u00e9riel de construction<\/h3>\n<p>Sur les excavatrices, le v\u00e9rin du godet est un composant essentiel qui permet de creuser, de charger et de d\u00e9placer la terre ou les d\u00e9bris. Sa puissance lui permet d'effectuer tous les travaux lourds avec aisance et pr\u00e9cision. Sur les pelles r\u00e9trocaveuses, le v\u00e9rin du godet contribue \u00e0 la fois au creusement et au levage, ce qui en fait un outil indispensable sur les chantiers.<\/p>\n<h3>machines agricoles<\/h3>\n<p>Le v\u00e9rin de godet est un composant essentiel des machines agricoles, notamment des chargeuses frontales. Il permet un chargement et un d\u00e9chargement efficaces de divers mat\u00e9riaux, tels que la terre, le foin et autres produits agricoles. Sa puissance et sa stabilit\u00e9 en font un outil id\u00e9al pour une utilisation dans le secteur agricole.<\/p>\n<h3>Excavateurs<\/h3>\n<p>Le v\u00e9rin de godet de la pelle Yugong WY135-8 joue un r\u00f4le crucial, permettant au godet de p\u00e9n\u00e9trer le sol et de soulever des charges lourdes. Sa pr\u00e9cision et son efficacit\u00e9 lui permettent d'accomplir les t\u00e2ches les plus exigeantes avec aisance, ce qui en fait un outil indispensable pour tout projet d'excavation.<\/p>\n<h3>Chargeuses frontales<\/h3>\n<p>Sur les chargeuses frontales, le v\u00e9rin du godet permet de lever et d'incliner efficacement les charges. Gr\u00e2ce \u00e0 sa puissance et \u00e0 sa stabilit\u00e9, il peut manipuler des charges lourdes avec aisance, ce qui en fait un \u00e9l\u00e9ment essentiel de toute chargeuse frontale.<\/p>\n<h2>Consid\u00e9rations de conception et crit\u00e8res de s\u00e9lection<\/h2>\n<p>Les consid\u00e9rations de conception et les crit\u00e8res de s\u00e9lection du v\u00e9rin de godet pour Yugong WY135-8 sont les suivants\u00a0:<\/p>\n<h3>capacit\u00e9 de charge<\/h3>\n<p>La capacit\u00e9 de charge du cylindre est un crit\u00e8re essentiel lors de sa conception. Le cylindre doit pouvoir r\u00e9sister \u00e0 une pression \u00e9lev\u00e9e et \u00e0 des charges importantes sans se d\u00e9former ni se rompre.<\/p>\n<h3>Scellage<\/h3>\n<p>Le cylindre doit pr\u00e9senter une \u00e9tanch\u00e9it\u00e9 parfaite afin d'\u00e9viter les fuites d'huile et d'assurer son bon fonctionnement. Diff\u00e9rents mat\u00e9riaux d'\u00e9tanch\u00e9it\u00e9, tels que le polyur\u00e9thane et le caoutchouc nitrile, sont utilis\u00e9s pour garantir une r\u00e9sistance maximale \u00e0 l'usure et une \u00e9tanch\u00e9it\u00e9 optimale.<\/p>\n<h3>Durabilit\u00e9<\/h3>\n<p>Le v\u00e9rin doit \u00eatre robuste et capable de r\u00e9sister aux environnements de travail difficiles et aux charges importantes. Les mat\u00e9riaux utilis\u00e9s doivent pr\u00e9senter une r\u00e9sistance \u00e9lev\u00e9e et une bonne r\u00e9sistance \u00e0 l'usure, garantissant ainsi la long\u00e9vit\u00e9 du v\u00e9rin.<\/p>\n<h3>S\u00e9curit\u00e9<\/h3>\n<p>La s\u00e9curit\u00e9 du cylindre est primordiale et il doit \u00eatre con\u00e7u avec des dispositifs de s\u00e9curit\u00e9 tels que des soupapes de d\u00e9charge de pression, des verrous de s\u00e9curit\u00e9 et d'autres m\u00e9canismes de s\u00e9curit\u00e9 afin de pr\u00e9venir les accidents et d'assurer la s\u00e9curit\u00e9 de l'op\u00e9rateur.<\/p>\n<h3>Entretien<\/h3>\n<p>Le cylindre doit \u00eatre con\u00e7u en tenant compte de la facilit\u00e9 d'entretien, notamment par un d\u00e9montage et un remontage faciles, un acc\u00e8s ais\u00e9 aux pi\u00e8ces rempla\u00e7ables et des proc\u00e9dures d'entretien simples.<\/p>\n<p><img decoding=\"async\" src=\"https:\/\/www.hydraulic-cylinders.net\/wp-content\/uploads\/2025\/01\/songte-oil-pipes-and-spare-parts.webp\"\/><\/p>\n<h2>\u00c9tanch\u00e9it\u00e9 et lubrification<\/h2>\n<p>Le v\u00e9rin de godet du Yugong WY135-8 utilise divers joints d'\u00e9tanch\u00e9it\u00e9, notamment des joints de piston et de tige, fabriqu\u00e9s en mat\u00e9riaux r\u00e9sistants \u00e0 l'usure tels que le polyur\u00e9thane et le caoutchouc nitrile. Le corps du v\u00e9rin et les surfaces d'extr\u00e9mit\u00e9 filet\u00e9es b\u00e9n\u00e9ficient d'un traitement de surface optimis\u00e9 pour une meilleure r\u00e9sistance \u00e0 l'usure. La lubrification est assur\u00e9e par l'ajout d'une quantit\u00e9 appropri\u00e9e d'huile hydraulique, garantissant ainsi un fonctionnement fluide du v\u00e9rin.<\/p>\n<h2>Maintenance et mesures pr\u00e9ventives<\/h2>\n<p>Le v\u00e9rin de godet du Yugong WY135-8 n\u00e9cessite un entretien r\u00e9gulier pour garantir sa long\u00e9vit\u00e9 et ses performances optimales. Cet entretien comprend l'inspection r\u00e9guli\u00e8re, la lubrification, le remplacement des joints et les v\u00e9rifications d'\u00e9talonnage. Une installation, une lubrification et un r\u00e9glage corrects sont essentiels au bon fonctionnement du v\u00e9rin. Des instructions d'alignement pr\u00e9cises doivent \u00eatre fournies lors de l'installation, et des supports de montage appropri\u00e9s doivent \u00eatre utilis\u00e9s pour fixer le v\u00e9rin. Les proc\u00e9dures d'inspection, de r\u00e9paration et de remplacement recommand\u00e9es doivent \u00eatre suivies, ainsi que les techniques permettant d'optimiser la dur\u00e9e de vie du v\u00e9rin.<\/p>\n<p><img decoding=\"async\" src=\"https:\/\/www.hydraulic-cylinders.net\/wp-content\/uploads\/2025\/01\/songte-chushion-collar.webp\"\/><\/p>\n<h2>Consid\u00e9rations de s\u00e9curit\u00e9 et facteurs environnementaux<\/h2>\n<p>Le v\u00e9rin de godet pour Yugong WY135-8 doit \u00eatre utilis\u00e9 en respectant les consignes de s\u00e9curit\u00e9, notamment en veillant \u00e0 une installation correcte, \u00e0 une inspection et un entretien r\u00e9guliers, et en suivant les consignes de s\u00e9curit\u00e9 afin de pr\u00e9venir tout accident. Il convient \u00e9galement de tenir compte des facteurs environnementaux tels que la temp\u00e9rature, l'humidit\u00e9, les substances corrosives et la poussi\u00e8re lors de son utilisation.<\/p>\n<h2>D\u00e9pannage et probl\u00e8mes courants<\/h2>\n<p>Voici quelques probl\u00e8mes courants pouvant survenir lors de l'utilisation du v\u00e9rin \u00e0 godet pour Yugong WY135-8\u00a0:<\/p>\n<ul>\n<li>Fuite d'huile due \u00e0 des joints us\u00e9s<\/li>\n<li>Pression insuffisante due \u00e0 une pompe ou une vanne d\u00e9fectueuse<\/li>\n<li>Courbure excessive du cylindre due \u00e0 une surcharge ou \u00e0 une installation incorrecte<\/li>\n<\/ul>\n<p>Pour r\u00e9soudre ces probl\u00e8mes, les \u00e9tapes suivantes doivent \u00eatre suivies\u00a0:<\/p>\n<ul>\n<li>V\u00e9rifiez l'usure des joints d'\u00e9tanch\u00e9it\u00e9 et remplacez-les si n\u00e9cessaire.<\/li>\n<li>V\u00e9rifiez le bon fonctionnement de la pompe et de la vanne et r\u00e9parez ou remplacez-les si n\u00e9cessaire.<\/li>\n<li>V\u00e9rifiez l'installation et l'alignement du cylindre et effectuez les r\u00e9glages n\u00e9cessaires.<\/li>\n<\/ul>\n<h2>Pr\u00e9sentation de l'entreprise<\/h2>\n<p>Nous sommes un fabricant et distributeur de premier plan de v\u00e9rins hydrauliques sur les march\u00e9s nationaux et internationaux. Nous proposons une gamme compl\u00e8te de v\u00e9rins hydrauliques et nous nous engageons \u00e0 fournir des produits d'excellente qualit\u00e9. Nos proc\u00e9d\u00e9s de fabrication reposent sur des technologies de pointe et notre \u00e9quipe de professionnels qualifi\u00e9s veille \u00e0 ce que nos produits r\u00e9pondent aux normes de qualit\u00e9 les plus exigeantes. Nous offrons \u00e9galement des services personnalis\u00e9s pour r\u00e9pondre aux besoins sp\u00e9cifiques de nos clients. Nos produits sont largement utilis\u00e9s dans divers secteurs industriels et nous sommes reconnus pour notre engagement envers la qualit\u00e9, la fiabilit\u00e9 et la satisfaction client.<\/p>\n<p>Notre entreprise se caract\u00e9rise par les \u00e9l\u00e9ments suivants\u00a0:<\/p>\n<ul>\n<li>Professionnalisme<\/li>\n<li>Certification internationale<\/li>\n<li>Services personnalis\u00e9s<\/li>\n<li>\u00e9quipement de production avanc\u00e9<\/li>\n<li>Excellent service apr\u00e8s-vente<\/li>\n<\/ul>\n<p>Nous sommes fiers de nos produits et nous nous engageons \u00e0 fournir \u00e0 nos clients les meilleures solutions possibles pour leurs besoins en v\u00e9rins hydrauliques.<\/p>\n<p><img decoding=\"async\" src=\"https:\/\/hzpt.com\/wp-content\/uploads\/2024\/11\/songte-company-1.webp\"\/><\/p>\n<p>Auteur : lyl.<\/p>","protected":false},"excerpt":{"rendered":"<p>Bucket Cylinder For Yugong WY135-8 Introduction The bucket cylinder for Yugong WY135-8 is a specialized hydraulic cylinder primarily used to control the movement of the bucket in heavy machinery such as excavators, backhoes, and front-end loaders. Its main function is to allow the bucket to lift, lower, and tilt, making it easier to transport various [&hellip;]<\/p>","protected":false},"featured_media":14782,"comment_status":"open","ping_status":"closed","template":"","meta":{"_et_pb_use_builder":"","_et_pb_old_content":"","_et_gb_content_width":""},"product_brand":[],"product_cat":[1494],"product_tag":[1495,1496],"class_list":{"0":"post-15377","1":"product","2":"type-product","3":"status-publish","4":"has-post-thumbnail","6":"product_cat-bucket-cylinders","7":"product_tag-bucket-cylinders","8":"product_tag-hydraulic-cylinders","10":"first","11":"instock","12":"shipping-taxable","13":"product-type-simple"},"amp_enabled":true,"_links":{"self":[{"href":"https:\/\/www.hydraulic-cylinders.net\/fr\/wp-json\/wp\/v2\/product\/15377","targetHints":{"allow":["GET"]}}],"collection":[{"href":"https:\/\/www.hydraulic-cylinders.net\/fr\/wp-json\/wp\/v2\/product"}],"about":[{"href":"https:\/\/www.hydraulic-cylinders.net\/fr\/wp-json\/wp\/v2\/types\/product"}],"replies":[{"embeddable":true,"href":"https:\/\/www.hydraulic-cylinders.net\/fr\/wp-json\/wp\/v2\/comments?post=15377"}],"wp:featuredmedia":[{"embeddable":true,"href":"https:\/\/www.hydraulic-cylinders.net\/fr\/wp-json\/wp\/v2\/media\/14782"}],"wp:attachment":[{"href":"https:\/\/www.hydraulic-cylinders.net\/fr\/wp-json\/wp\/v2\/media?parent=15377"}],"wp:term":[{"taxonomy":"product_brand","embeddable":true,"href":"https:\/\/www.hydraulic-cylinders.net\/fr\/wp-json\/wp\/v2\/product_brand?post=15377"},{"taxonomy":"product_cat","embeddable":true,"href":"https:\/\/www.hydraulic-cylinders.net\/fr\/wp-json\/wp\/v2\/product_cat?post=15377"},{"taxonomy":"product_tag","embeddable":true,"href":"https:\/\/www.hydraulic-cylinders.net\/fr\/wp-json\/wp\/v2\/product_tag?post=15377"}],"curies":[{"name":"wp","href":"https:\/\/api.w.org\/{rel}","templated":true}]}}