{"id":15378,"date":"2025-01-19T14:27:25","date_gmt":"2025-01-19T14:27:25","guid":{"rendered":"https:\/\/www.hydraulic-cylinders.net\/product\/bucket-cylinder-for-yugong-wy150-8\/"},"modified":"2025-01-19T14:27:27","modified_gmt":"2025-01-19T14:27:27","slug":"bucket-cylinder-for-yugong-wy150-8","status":"publish","type":"product","link":"https:\/\/www.hydraulic-cylinders.net\/fr\/produit\/bucket-cylinder-for-yugong-wy150-8\/","title":{"rendered":"Cylindre de godet pour Yugong WY150-8"},"content":{"rendered":"<p><!DOCTYPE html><br \/>\n<html><br \/>\n<head><br \/>\n<\/head><br \/>\n<body><\/p>\n<h1>Cylindre de godet pour Yugong WY150-8<\/h1>\n<h2>Introduction<\/h2>\n<p>Le v\u00e9rin de godet est un v\u00e9rin hydraulique sp\u00e9cialement con\u00e7u pour contr\u00f4ler les mouvements du godet sur les engins de chantier tels que les pelles hydrauliques, les chargeuses-pelleteuses et les chargeuses sur pneus. Sa fonction principale est de permettre le levage, l'abaissement et l'inclinaison du godet, facilitant ainsi diverses op\u00e9rations de manutention. Au sein du syst\u00e8me hydraulique, le v\u00e9rin de godet assure un contr\u00f4le pr\u00e9cis du godet gr\u00e2ce aux variations de pression de l'huile hydraulique, permettant aux op\u00e9rateurs de manipuler efficacement des charges lourdes et de s'adapter \u00e0 des environnements de travail complexes et \u00e0 des exigences op\u00e9rationnelles vari\u00e9es.<\/p>\n<p><img decoding=\"async\" src=\"https:\/\/www.hydraulic-cylinders.net\/wp-content\/uploads\/2025\/01\/songte-company-2.webp\" alt=\"Image du cylindre du godet\"><\/p>\n<h2>Caract\u00e9ristiques<\/h2>\n<ul>\n<li>Haute r\u00e9sistance et durabilit\u00e9\u00a0: Fabriqu\u00e9 g\u00e9n\u00e9ralement en acier ou en aluminium haute r\u00e9sistance, le v\u00e9rin du godet supporte les hautes pressions et les charges importantes, s\u2019adaptant ainsi aux conditions de travail difficiles. Sa conception prend en compte la r\u00e9sistance \u00e0 l\u2019usure et \u00e0 la corrosion afin d\u2019en prolonger la dur\u00e9e de vie.<\/li>\n<li>Fonctionnement hydraulique efficace : gr\u00e2ce \u00e0 la pression de l'huile hydraulique, le v\u00e9rin du godet assure des mouvements d'extension et de r\u00e9traction fluides, fournissant des forces de pouss\u00e9e et de traction puissantes adapt\u00e9es \u00e0 la manutention de charges lourdes et \u00e0 des t\u00e2ches op\u00e9rationnelles complexes.<\/li>\n<li>Diff\u00e9rents types sont disponibles\u00a0: les v\u00e9rins \u00e0 simple effet (pression hydraulique unidirectionnelle) ou \u00e0 double effet (pression hydraulique bidirectionnelle) peuvent \u00eatre choisis en fonction des besoins sp\u00e9cifiques. Certains mod\u00e8les sont t\u00e9lescopiques, ce qui permet une plus grande extension sans augmenter l\u2019encombrement et les rend particuli\u00e8rement adapt\u00e9s aux applications \u00e0 espace restreint.<\/li>\n<li>Remplacement parfait : notre produit peut parfaitement remplacer ces v\u00e9rins hydrauliques.<\/li>\n<\/ul>\n<p><img decoding=\"async\" src=\"https:\/\/www.hydraulic-cylinders.net\/wp-content\/uploads\/2025\/01\/songte-cylinder-head-with-all-kinds-excavator-models.webp\" alt=\"Image de remplacement du v\u00e9rin de godet\"><\/p>\n<h2>Applications<\/h2>\n<p>Les v\u00e9rins \u00e0 godet trouvent des applications dans divers secteurs et \u00e9quipements\u00a0:<\/p>\n<ul>\n<li>Mat\u00e9riel de construction\u00a0: Indispensables aux excavatrices pour creuser, charger et d\u00e9placer la terre ou les d\u00e9bris. Sur les pelles r\u00e9tro, les v\u00e9rins du godet facilitent \u00e0 la fois le creusement et le levage.<\/li>\n<li>Machines agricoles : utilis\u00e9es dans les chargeurs frontaux pour ramasser, soulever et transporter de la terre, du foin et d'autres mat\u00e9riaux.<\/li>\n<li>Excavatrices : Les v\u00e9rins du godet permettent l'action de creuser en permettant au godet de p\u00e9n\u00e9trer dans le sol.<\/li>\n<li>Chargeuses sur pneus : Sur les chargeuses sur pneus, elles permettent de lever et d'incliner efficacement la charge.<\/li>\n<\/ul>\n<h2>Consid\u00e9rations de conception et crit\u00e8res de s\u00e9lection<\/h2>\n<p>En ce qui concerne les consid\u00e9rations de conception et les crit\u00e8res de s\u00e9lection des v\u00e9rins de godet, plusieurs facteurs sont essentiels\u00a0:<\/p>\n<ul>\n<li>Capacit\u00e9 de charge : Discuter de la capacit\u00e9 \u00e0 r\u00e9sister \u00e0 des charges et \u00e0 une pression importantes.<\/li>\n<li>\u00c9tanch\u00e9it\u00e9\u00a0: Expliquez l\u2019importance d\u2019utiliser divers composants d\u2019\u00e9tanch\u00e9it\u00e9, tels que les joints de piston et les joints de tige fabriqu\u00e9s \u00e0 partir de mat\u00e9riaux r\u00e9sistants \u00e0 l\u2019usure comme le polyur\u00e9thane et le caoutchouc nitrile.<\/li>\n<li>Durabilit\u00e9 : Soulignez le traitement de surface soign\u00e9 des corps de cylindre et des extr\u00e9mit\u00e9s filet\u00e9es pour am\u00e9liorer la r\u00e9sistance \u00e0 l'usure.<\/li>\n<li>S\u00e9curit\u00e9 : Discuter des dispositifs et des consid\u00e9rations de s\u00e9curit\u00e9 \u00e0 prendre en compte lors de la conception, afin de garantir un fonctionnement s\u00fbr.<\/li>\n<li>Facilit\u00e9 d'entretien : Expliquez la facilit\u00e9 d'entretien et de r\u00e9paration, y compris les contr\u00f4les p\u00e9riodiques recommand\u00e9s et les mesures pr\u00e9ventives.<\/li>\n<\/ul>\n<p><img decoding=\"async\" src=\"https:\/\/www.hydraulic-cylinders.net\/wp-content\/uploads\/2025\/01\/songte-oil-pipes-and-spare-parts.webp\" alt=\"Image de conception du cylindre de godet\"><\/p>\n<h2>\u00c9tanch\u00e9it\u00e9 et lubrification<\/h2>\n<p>Les v\u00e9rins de godet utilisent diff\u00e9rents composants d'\u00e9tanch\u00e9it\u00e9 pour une performance optimale\u00a0:<\/p>\n<ul>\n<li>Joints de piston et joints de tige fabriqu\u00e9s \u00e0 partir de mat\u00e9riaux r\u00e9sistants \u00e0 l'usure comme le polyur\u00e9thane et le caoutchouc nitrile.<\/li>\n<li>Les corps de cylindre et les extr\u00e9mit\u00e9s filet\u00e9es subissent un traitement de surface fin afin d'am\u00e9liorer leur r\u00e9sistance \u00e0 l'usure.<\/li>\n<li>Une lubrification r\u00e9guli\u00e8re avec un fluide hydraulique appropri\u00e9 am\u00e9liore le bon fonctionnement et la dur\u00e9e de vie.<\/li>\n<\/ul>\n<h2>Inspection r\u00e9guli\u00e8re et maintenance pr\u00e9ventive<\/h2>\n<p>Des inspections r\u00e9guli\u00e8res et un entretien pr\u00e9ventif sont essentiels pour garantir les performances et la dur\u00e9e de vie du v\u00e9rin du godet. Voici quelques mesures recommand\u00e9es\u00a0:<\/p>\n<ul>\n<li>Contr\u00f4les r\u00e9guliers pour d\u00e9tecter les fuites, les dommages et l'usure.<\/li>\n<li>Lubrification et graissage appropri\u00e9s des pi\u00e8ces mobiles.<\/li>\n<li>Remplacement p\u00e9riodique des joints pour des performances optimales.<\/li>\n<li>Contr\u00f4les d'\u00e9talonnage pour garantir un fonctionnement pr\u00e9cis.<\/li>\n<\/ul>\n<p><img decoding=\"async\" src=\"https:\/\/www.hydraulic-cylinders.net\/wp-content\/uploads\/2025\/01\/songte-chushion-collar.webp\" alt=\"Image d&#039;entretien du v\u00e9rin de godet\"><\/p>\n<h2>Consid\u00e9rations de s\u00e9curit\u00e9 et facteurs environnementaux<\/h2>\n<p>L\u2019utilisation des v\u00e9rins de godet implique d\u2019importantes mesures de s\u00e9curit\u00e9 pour garantir un fonctionnement s\u00fbr. Ces mesures comprennent\u00a0:<\/p>\n<ul>\n<li>Formation ad\u00e9quate et connaissance des proc\u00e9dures op\u00e9rationnelles.<\/li>\n<li>Respecter les consignes et r\u00e9glementations de s\u00e9curit\u00e9.<\/li>\n<li>Utiliser l'\u00e9quipement de protection individuelle appropri\u00e9.<\/li>\n<\/ul>\n<h2>Diagnostic des pannes et probl\u00e8mes courants<\/h2>\n<p>En cas de d\u00e9fauts ou de probl\u00e8mes avec les v\u00e9rins du godet, les points suivants peuvent aider \u00e0 diagnostiquer et \u00e0 r\u00e9soudre les probl\u00e8mes\u00a0:<\/p>\n<ul>\n<li>Fournir des conseils et des solutions de d\u00e9pannage.<\/li>\n<li>Mettre en \u0153uvre des mesures pr\u00e9ventives pour minimiser les probl\u00e8mes potentiels.<\/li>\n<\/ul>\n<p><img decoding=\"async\" src=\"https:\/\/www.hydraulic-cylinders.net\/wp-content\/uploads\/2025\/01\/songte-bushings-with-all-kinds-of-excavator-models.webp\" alt=\"Image de diagnostic de panne du v\u00e9rin de godet\"><\/p>\n<h2>Pr\u00e9sentation de l'entreprise<\/h2>\n<p>Nous sommes un fabricant et distributeur de premier plan de v\u00e9rins hydrauliques sur les march\u00e9s nationaux et internationaux. Notre gamme de produits est vaste et nous visons l'excellence en mati\u00e8re de qualit\u00e9. Gr\u00e2ce \u00e0 nos ateliers de fabrication modernes, nos \u00e9quipements de pointe et nos syst\u00e8mes de contr\u00f4le qualit\u00e9 professionnels, nous am\u00e9liorons constamment notre plateforme de production et nos processus de fabrication. Notre forte capacit\u00e9 d'innovation nous permet de r\u00e9pondre aux besoins vari\u00e9s de nos clients avec efficacit\u00e9, pr\u00e9cision et qualit\u00e9.<\/p>\n<p><img decoding=\"async\" src=\"https:\/\/hzpt.com\/wp-content\/uploads\/2024\/11\/songte-company-1.webp\" alt=\"Image de l&#039;entreprise\"><\/p>\n<h3>Professionnalisme<\/h3>\n<p>Nous privil\u00e9gions le professionnalisme dans nos op\u00e9rations, ce qui nous permet de fournir des produits de la plus haute qualit\u00e9.<\/p>\n<h3>Certifications internationales<\/h3>\n<p>Nous poss\u00e9dons des certifications internationales qui attestent de la qualit\u00e9 et de la fiabilit\u00e9 de nos v\u00e9rins hydrauliques.<\/p>\n<h3>Services de personnalisation<\/h3>\n<p>Nous proposons des services de personnalisation pour r\u00e9pondre aux exigences sp\u00e9cifiques de nos clients en mati\u00e8re de v\u00e9rins hydrauliques.<\/p>\n<h3>\u00c9quipement de production<\/h3>\n<p>Nous utilisons des \u00e9quipements de production de pointe pour garantir des processus de fabrication efficaces et pr\u00e9cis.<\/p>\n<h3>Services apr\u00e8s-vente<\/h3>\n<p>Nous proposons des services apr\u00e8s-vente complets, incluant le remplacement de composants et la remise en \u00e9tat, afin d'am\u00e9liorer la dur\u00e9e de vie de nos v\u00e9rins hydrauliques.<\/p>\n<p><img decoding=\"async\" src=\"https:\/\/www.hydraulic-cylinders.net\/wp-content\/uploads\/2025\/01\/songte-company-3.webp\" alt=\"Image de pr\u00e9sentation de l&#039;entreprise\"><\/p>\n<p>Auteur : lyl<\/p>\n<p><\/body><br \/>\n<\/html><\/p>","protected":false},"excerpt":{"rendered":"<p>Bucket Cylinder For Yugong WY150-8 Introduction The bucket cylinder is a specially designed hydraulic cylinder primarily used to control the movement of the bucket in heavy machinery such as excavators, backhoe excavators, and wheel loaders. Its main function is to enable the lifting, lowering, and tilting of the bucket, facilitating various material handling tasks. In [&hellip;]<\/p>","protected":false},"featured_media":14780,"comment_status":"open","ping_status":"closed","template":"","meta":{"_et_pb_use_builder":"","_et_pb_old_content":"","_et_gb_content_width":""},"product_brand":[],"product_cat":[1494],"product_tag":[1495,1496],"class_list":{"0":"post-15378","1":"product","2":"type-product","3":"status-publish","4":"has-post-thumbnail","6":"product_cat-bucket-cylinders","7":"product_tag-bucket-cylinders","8":"product_tag-hydraulic-cylinders","10":"first","11":"instock","12":"shipping-taxable","13":"product-type-simple"},"amp_enabled":true,"_links":{"self":[{"href":"https:\/\/www.hydraulic-cylinders.net\/fr\/wp-json\/wp\/v2\/product\/15378","targetHints":{"allow":["GET"]}}],"collection":[{"href":"https:\/\/www.hydraulic-cylinders.net\/fr\/wp-json\/wp\/v2\/product"}],"about":[{"href":"https:\/\/www.hydraulic-cylinders.net\/fr\/wp-json\/wp\/v2\/types\/product"}],"replies":[{"embeddable":true,"href":"https:\/\/www.hydraulic-cylinders.net\/fr\/wp-json\/wp\/v2\/comments?post=15378"}],"wp:featuredmedia":[{"embeddable":true,"href":"https:\/\/www.hydraulic-cylinders.net\/fr\/wp-json\/wp\/v2\/media\/14780"}],"wp:attachment":[{"href":"https:\/\/www.hydraulic-cylinders.net\/fr\/wp-json\/wp\/v2\/media?parent=15378"}],"wp:term":[{"taxonomy":"product_brand","embeddable":true,"href":"https:\/\/www.hydraulic-cylinders.net\/fr\/wp-json\/wp\/v2\/product_brand?post=15378"},{"taxonomy":"product_cat","embeddable":true,"href":"https:\/\/www.hydraulic-cylinders.net\/fr\/wp-json\/wp\/v2\/product_cat?post=15378"},{"taxonomy":"product_tag","embeddable":true,"href":"https:\/\/www.hydraulic-cylinders.net\/fr\/wp-json\/wp\/v2\/product_tag?post=15378"}],"curies":[{"name":"wp","href":"https:\/\/api.w.org\/{rel}","templated":true}]}}