{"id":15383,"date":"2025-01-19T14:27:45","date_gmt":"2025-01-19T14:27:45","guid":{"rendered":"https:\/\/www.hydraulic-cylinders.net\/product\/bucket-cylinder-for-volvo-small-excavator-bl-60b\/"},"modified":"2025-01-19T14:27:47","modified_gmt":"2025-01-19T14:27:47","slug":"bucket-cylinder-for-volvo-small-excavator-bl-60b","status":"publish","type":"product","link":"https:\/\/www.hydraulic-cylinders.net\/fr\/produit\/bucket-cylinder-for-volvo-small-excavator-bl-60b\/","title":{"rendered":"V\u00e9rin de godet pour mini-pelle Volvo BL\/60B"},"content":{"rendered":"<p><!DOCTYPE html><br \/>\n<html><br \/>\n<head><br \/>\n<title>V\u00e9rin de godet pour mini-pelle Volvo BL\/60B<\/title><br \/>\n<\/head><br \/>\n<body><\/p>\n<h1>V\u00e9rin de godet pour mini-pelle Volvo BL\/60B<\/h1>\n<h2>Introduction<\/h2>\n<p>Le v\u00e9rin de godet de la mini-pelle Volvo BL\/60B est un v\u00e9rin hydraulique sp\u00e9cialement con\u00e7u pour commander les mouvements du godet sur les engins de chantier tels que les pelles hydrauliques, les chargeuses-pelleteuses et les chargeuses frontales. Sa fonction principale est de permettre la lev\u00e9e, l'abaissement et l'inclinaison du godet, facilitant ainsi diverses op\u00e9rations de manutention. Au sein du syst\u00e8me hydraulique, le v\u00e9rin de godet assure un contr\u00f4le pr\u00e9cis du godet gr\u00e2ce aux variations de pression de l'huile hydraulique, permettant aux op\u00e9rateurs de manipuler efficacement des charges lourdes et de s'adapter \u00e0 des environnements de travail complexes et \u00e0 des exigences vari\u00e9es.<\/p>\n<p><img decoding=\"async\" src=\"https:\/\/www.hydraulic-cylinders.net\/wp-content\/uploads\/2025\/01\/songte-company-2.webp\" alt=\"Image du cylindre du godet\"><\/p>\n<h2>Caract\u00e9ristiques<\/h2>\n<ul>\n<li>Haute r\u00e9sistance et durabilit\u00e9\u00a0: g\u00e9n\u00e9ralement fabriqu\u00e9 en acier ou en aluminium haute r\u00e9sistance, le v\u00e9rin de godet supporte les hautes pressions et les charges importantes, s\u2019adaptant ainsi aux environnements de travail difficiles. Sa conception prend en compte la r\u00e9sistance \u00e0 l\u2019usure et \u00e0 la corrosion afin d\u2019en prolonger la dur\u00e9e de vie.<\/li>\n<li>Fonctionnement hydraulique efficace\u00a0: gr\u00e2ce \u00e0 la pression de l\u2019huile hydraulique, le v\u00e9rin du godet permet des mouvements d\u2019extension et de r\u00e9traction fluides, offrant une force de pouss\u00e9e et de traction importante. Il est adapt\u00e9 \u00e0 la manutention de charges lourdes et aux t\u00e2ches complexes.<\/li>\n<li>Diff\u00e9rents types\u00a0: Le v\u00e9rin du godet peut \u00eatre choisi en version simple effet (actionnement hydraulique dans un seul sens) ou double effet (actionnement hydraulique dans les deux sens) afin de r\u00e9pondre \u00e0 diff\u00e9rents besoins op\u00e9rationnels. Certains mod\u00e8les sont t\u00e9lescopiques, ce qui permet une plus grande extension sans augmenter les dimensions ext\u00e9rieures et les rend adapt\u00e9s aux espaces restreints.<\/li>\n<li>Remplacement id\u00e9al : Notre produit peut parfaitement remplacer les v\u00e9rins hydrauliques existants. <\/li>\n<\/ul>\n<p><img decoding=\"async\" src=\"https:\/\/www.hydraulic-cylinders.net\/wp-content\/uploads\/2025\/01\/songte-cylinder-head-with-all-kinds-excavator-models.webp\" alt=\"Image du cylindre de remplacement\"><\/p>\n<h2>Applications<\/h2>\n<ul>\n<li>Mat\u00e9riel de construction\u00a0: Pr\u00e9sents dans les excavatrices, ils sont indispensables pour l\u2019excavation, le chargement et le d\u00e9placement de terre ou de d\u00e9bris. Dans les chargeuses-pelleteuses, le v\u00e9rin du godet contribue \u00e0 la fois au creusement et au levage.<\/li>\n<li>Machines agricoles : Utilis\u00e9es dans les chargeuses frontales pour ramasser, soulever et transporter la terre, le foin et autres mat\u00e9riaux.<\/li>\n<li>Excavateurs : Le v\u00e9rin de godet permet les actions de creusement en permettant au godet de p\u00e9n\u00e9trer le sol.<\/li>\n<li>Chargeuses : Sur les chargeuses frontales, elles permettent de lever et de d\u00e9charger efficacement les marchandises.<\/li>\n<\/ul>\n<h2>Consid\u00e9rations de conception et crit\u00e8res de s\u00e9lection<\/h2>\n<ul>\n<li>Capacit\u00e9 de charge<\/li>\n<li>Capacit\u00e9s d'\u00e9tanch\u00e9it\u00e9<\/li>\n<li>Durabilit\u00e9<\/li>\n<li>S\u00e9curit\u00e9<\/li>\n<li>Maintenabilit\u00e9<\/li>\n<\/ul>\n<p><img decoding=\"async\" src=\"https:\/\/www.hydraulic-cylinders.net\/wp-content\/uploads\/2025\/01\/songte-oil-pipes-and-spare-parts.webp\" alt=\"Consid\u00e9rations de conception Image\"><\/p>\n<h2>\u00c9tanch\u00e9it\u00e9 et lubrification<\/h2>\n<p>Le v\u00e9rin du godet utilise divers \u00e9l\u00e9ments d'\u00e9tanch\u00e9it\u00e9, tels que des joints de piston et des joints de tige, fabriqu\u00e9s en mat\u00e9riaux r\u00e9sistants \u00e0 l'usure comme le polyur\u00e9thane et le caoutchouc nitrile. Le corps du v\u00e9rin et ses extr\u00e9mit\u00e9s filet\u00e9es font l'objet d'un traitement de pr\u00e9cision afin d'optimiser sa r\u00e9sistance \u00e0 l'usure. Une lubrification r\u00e9guli\u00e8re avec une huile hydraulique adapt\u00e9e est indispensable \u00e0 son bon fonctionnement.<\/p>\n<h2>Inspection r\u00e9guli\u00e8re et maintenance pr\u00e9ventive<\/h2>\n<ul>\n<li>Inspection pour d\u00e9tecter les fuites et les dommages<\/li>\n<li>V\u00e9rifier et maintenir une lubrification appropri\u00e9e<\/li>\n<li>Remplacement des joints us\u00e9s ou endommag\u00e9s<\/li>\n<li>Contr\u00f4les d'\u00e9talonnage<\/li>\n<\/ul>\n<p><img decoding=\"async\" src=\"https:\/\/www.hydraulic-cylinders.net\/wp-content\/uploads\/2025\/01\/songte-chushion-collar.webp\" alt=\"Image de maintenance\"><\/p>\n<h2>Consid\u00e9rations de s\u00e9curit\u00e9 et facteurs environnementaux<\/h2>\n<p>Lors de l'utilisation du v\u00e9rin \u00e0 godet, il est important de respecter les consignes de s\u00e9curit\u00e9 afin d'\u00e9viter tout accident. Les facteurs environnementaux doivent \u00e9galement \u00eatre pris en compte afin de minimiser les risques potentiels.<\/p>\n<h2>D\u00e9pannage et probl\u00e8mes courants<\/h2>\n<p>Parmi les probl\u00e8mes courants pouvant affecter le v\u00e9rin du godet, on retrouve les fuites, les mouvements erratiques et une puissance insuffisante. Pour y rem\u00e9dier, suivez les conseils et solutions de d\u00e9pannage fournis afin de diagnostiquer et de r\u00e9soudre efficacement ces probl\u00e8mes. Des mesures pr\u00e9ventives sont \u00e9galement recommand\u00e9es pour minimiser les risques de dysfonctionnement.<\/p>\n<p><img decoding=\"async\" src=\"https:\/\/www.hydraulic-cylinders.net\/wp-content\/uploads\/2025\/01\/songte-bushings-with-all-kinds-of-excavator-models.webp\" alt=\"Image de d\u00e9pannage\"><\/p>\n<h2>Pr\u00e9sentation de l'entreprise<\/h2>\n<p>Nous sommes un fabricant et distributeur de premier plan de v\u00e9rins hydrauliques, sp\u00e9cialis\u00e9 dans la production de v\u00e9rins de remplacement. Notre vaste gamme de produits nous positionne comme un acteur majeur sur les march\u00e9s nationaux et internationaux. Soucieux de l'excellence, nous appliquons une strat\u00e9gie de gestion de production industrialis\u00e9e, en nous appuyant sur des techniciens qualifi\u00e9s, des \u00e9quipements de fabrication de pointe et des syst\u00e8mes de contr\u00f4le professionnels. Nous am\u00e9liorons constamment notre plateforme de production et la qualit\u00e9 de nos produits, t\u00e9moignant ainsi de notre forte capacit\u00e9 d'innovation. Nos principes d'efficacit\u00e9, de pr\u00e9cision et de qualit\u00e9 nous permettent de r\u00e9pondre aux besoins vari\u00e9s de nos clients.<\/p>\n<p><img decoding=\"async\" src=\"https:\/\/hzpt.com\/wp-content\/uploads\/2024\/11\/songte-company-1.webp\" alt=\"Image de l&#039;entreprise\"><\/p>\n<h3>Professionnalisme<\/h3>\n<p>Nous nous engageons \u00e0 maintenir un haut niveau de professionnalisme dans tous les aspects de nos activit\u00e9s commerciales.<\/p>\n<h3>Certifications internationales<\/h3>\n<p>Nos produits b\u00e9n\u00e9ficient de certifications internationales, garantissant leur qualit\u00e9 et leur fiabilit\u00e9.<\/p>\n<h3>Services de personnalisation<\/h3>\n<p>Nous proposons des services de personnalisation pour r\u00e9pondre \u00e0 des exigences sp\u00e9cifiques et fournir des solutions sur mesure.<\/p>\n<h3>\u00c9quipement de production<\/h3>\n<p>Dot\u00e9s d'\u00e9quipements de production de pointe, nous assurons une fabrication efficace et pr\u00e9cise.<\/p>\n<h3>Service apr\u00e8s-vente<\/h3>\n<p>Notre service apr\u00e8s-vente garantit la satisfaction et l'assistance du client tout au long du cycle de vie du produit.<\/p>\n<p><img decoding=\"async\" src=\"https:\/\/www.hydraulic-cylinders.net\/wp-content\/uploads\/2025\/01\/songte-company-3.webp\" alt=\"Image de l&#039;entreprise\"><\/p>\n<p>Auteur : lyl<\/p>\n<p><\/body><br \/>\n<\/html><\/p>","protected":false},"excerpt":{"rendered":"<p>Bucket Cylinder For Volvo Small Excavator BL\/60B Bucket Cylinder For Volvo Small Excavator BL\/60B Introduction The bucket cylinder for Volvo small excavator BL\/60B is a specially designed hydraulic cylinder used to control the movement of the bucket in heavy machinery such as excavators, backhoe loaders, and front-end loaders. Its main function is to enable the [&hellip;]<\/p>","protected":false},"featured_media":14769,"comment_status":"open","ping_status":"closed","template":"","meta":{"_et_pb_use_builder":"","_et_pb_old_content":"","_et_gb_content_width":""},"product_brand":[],"product_cat":[1494],"product_tag":[1495,1496],"class_list":{"0":"post-15383","1":"product","2":"type-product","3":"status-publish","4":"has-post-thumbnail","6":"product_cat-bucket-cylinders","7":"product_tag-bucket-cylinders","8":"product_tag-hydraulic-cylinders","10":"first","11":"instock","12":"shipping-taxable","13":"product-type-simple"},"amp_enabled":true,"_links":{"self":[{"href":"https:\/\/www.hydraulic-cylinders.net\/fr\/wp-json\/wp\/v2\/product\/15383","targetHints":{"allow":["GET"]}}],"collection":[{"href":"https:\/\/www.hydraulic-cylinders.net\/fr\/wp-json\/wp\/v2\/product"}],"about":[{"href":"https:\/\/www.hydraulic-cylinders.net\/fr\/wp-json\/wp\/v2\/types\/product"}],"replies":[{"embeddable":true,"href":"https:\/\/www.hydraulic-cylinders.net\/fr\/wp-json\/wp\/v2\/comments?post=15383"}],"wp:featuredmedia":[{"embeddable":true,"href":"https:\/\/www.hydraulic-cylinders.net\/fr\/wp-json\/wp\/v2\/media\/14769"}],"wp:attachment":[{"href":"https:\/\/www.hydraulic-cylinders.net\/fr\/wp-json\/wp\/v2\/media?parent=15383"}],"wp:term":[{"taxonomy":"product_brand","embeddable":true,"href":"https:\/\/www.hydraulic-cylinders.net\/fr\/wp-json\/wp\/v2\/product_brand?post=15383"},{"taxonomy":"product_cat","embeddable":true,"href":"https:\/\/www.hydraulic-cylinders.net\/fr\/wp-json\/wp\/v2\/product_cat?post=15383"},{"taxonomy":"product_tag","embeddable":true,"href":"https:\/\/www.hydraulic-cylinders.net\/fr\/wp-json\/wp\/v2\/product_tag?post=15383"}],"curies":[{"name":"wp","href":"https:\/\/api.w.org\/{rel}","templated":true}]}}