{"id":15414,"date":"2025-01-19T14:30:04","date_gmt":"2025-01-19T14:30:04","guid":{"rendered":"https:\/\/www.hydraulic-cylinders.net\/product\/bucket-cylinder-for-volvo-wheel-excavator-ew60c\/"},"modified":"2025-01-19T14:30:06","modified_gmt":"2025-01-19T14:30:06","slug":"bucket-cylinder-for-volvo-wheel-excavator-ew60c","status":"publish","type":"product","link":"https:\/\/www.hydraulic-cylinders.net\/fr\/produit\/bucket-cylinder-for-volvo-wheel-excavator-ew60c\/","title":{"rendered":"V\u00e9rin de godet pour pelle sur pneus Volvo EW60C"},"content":{"rendered":"<h1>V\u00e9rin de godet pour pelle sur pneus Volvo EW60C<\/h1>\n<h2>Introduction<\/h2>\n<h3>D\u00e9finition du cylindre \u00e0 godet<\/h3>\n<p>Un v\u00e9rin de godet est un v\u00e9rin hydraulique sp\u00e9cialement con\u00e7u pour contr\u00f4ler les mouvements des godets sur les engins de chantier, tels que les pelles hydrauliques, les chargeuses-pelleteuses et les chargeuses frontales. Sa fonction principale est de permettre la lev\u00e9e, l'abaissement et l'inclinaison du godet, facilitant ainsi la manutention de divers mat\u00e9riaux. Dans le syst\u00e8me hydraulique, le v\u00e9rin de godet utilise la variation de pression de l'huile hydraulique pour un contr\u00f4le pr\u00e9cis du godet, permettant aux op\u00e9rateurs de manipuler efficacement des charges lourdes, de s'adapter \u00e0 des environnements de travail complexes et \u00e0 des exigences vari\u00e9es.<\/p>\n<p><img decoding=\"async\" src=\"https:\/\/www.hydraulic-cylinders.net\/wp-content\/uploads\/2025\/01\/songte-company-2.webp\" alt=\"Image du cylindre du godet\"><\/p>\n<h3>Caract\u00e9ristiques du v\u00e9rin de godet<\/h3>\n<ul>\n<li>Haute r\u00e9sistance et durabilit\u00e9 : G\u00e9n\u00e9ralement fabriqu\u00e9 en acier ou en aluminium \u00e0 haute r\u00e9sistance, il peut supporter une pression \u00e9lev\u00e9e et des charges importantes, s'adapter aux environnements de travail difficiles et est con\u00e7u pour r\u00e9sister \u00e0 l'usure et \u00e0 la corrosion, prolongeant ainsi sa dur\u00e9e de vie.<\/li>\n<li>Fonctionnement hydraulique efficace\u00a0: utilisant la pression de l\u2019huile hydraulique pour obtenir un mouvement t\u00e9lescopique fluide, il peut r\u00e9pondre rapidement aux commandes de fonctionnement et fournir des forces de pouss\u00e9e et de traction puissantes, adapt\u00e9es \u00e0 la manutention d\u2019objets lourds et aux t\u00e2ches complexes.<\/li>\n<li>Diff\u00e9rents types de v\u00e9rins : des v\u00e9rins simple effet (fonctionnant dans un seul sens) ou double effet (fonctionnant dans les deux sens) peuvent \u00eatre s\u00e9lectionn\u00e9s en fonction des besoins pour r\u00e9pondre \u00e0 diff\u00e9rentes exigences op\u00e9rationnelles. Certains mod\u00e8les sont t\u00e9lescopiques et permettent une plus grande extension sans augmenter les dimensions ext\u00e9rieures, ce qui les rend adapt\u00e9s aux applications o\u00f9 l'espace est limit\u00e9.<\/li>\n<li>Rempla\u00e7able : Notre produit peut parfaitement remplacer ces v\u00e9rins hydrauliques.<\/li>\n<\/ul>\n<p><img decoding=\"async\" src=\"https:\/\/www.hydraulic-cylinders.net\/wp-content\/uploads\/2025\/01\/songte-cylinder-head-with-all-kinds-excavator-models.webp\" alt=\"Image du cylindre du godet\"><\/p>\n<h2>Application<\/h2>\n<p><strong>\u00c9quipement de construction :<\/strong> Sur les excavatrices, les v\u00e9rins sont essentiels pour l'excavation, le chargement et le d\u00e9placement de la terre ou des d\u00e9bris. Sur les pelles r\u00e9tro, le v\u00e9rin du godet facilite l'excavation et le levage. Sur les chargeuses frontales, ils permettent de lever et de basculer efficacement la charge.<\/p>\n<p><strong>Machines agricoles :<\/strong> Utilis\u00e9 sur les chargeuses frontales pour ramasser, soulever et transporter de la terre, du foin et d'autres mat\u00e9riaux. Sur les pelles hydrauliques, le v\u00e9rin du godet permet de creuser en faisant p\u00e9n\u00e9trer le godet dans le sol.<\/p>\n<h2>Consid\u00e9rations de conception et crit\u00e8res de s\u00e9lection<\/h2>\n<h3>Capacit\u00e9 de charge<\/h3>\n<p>La capacit\u00e9 de charge est un crit\u00e8re essentiel dans le choix d'un v\u00e9rin de godet. Elle d\u00e9pend des dimensions et du poids du mat\u00e9riau d\u00e9plac\u00e9, ainsi que de la force n\u00e9cessaire \u00e0 son d\u00e9placement. De plus, le v\u00e9rin doit pouvoir supporter le poids du godet et de ses accessoires.<\/p>\n<h3>\u00c9tanch\u00e9it\u00e9 et lubrification<\/h3>\n<p>Divers composants d'\u00e9tanch\u00e9it\u00e9, tels que les joints de piston et les joints de tige, sont utilis\u00e9s pour pr\u00e9venir les fuites d'huile hydraulique et la contamination du syst\u00e8me. Ils sont fabriqu\u00e9s \u00e0 partir de mat\u00e9riaux r\u00e9sistants \u00e0 l'usure, comme le polyur\u00e9thane et le caoutchouc nitrile. Le corps du v\u00e9rin et la surface d'extr\u00e9mit\u00e9 filet\u00e9e b\u00e9n\u00e9ficient d'un traitement de surface pour une meilleure r\u00e9sistance \u00e0 l'usure, et un remplissage r\u00e9gulier avec une huile hydraulique adapt\u00e9e est n\u00e9cessaire pour la lubrification.<\/p>\n<p><img decoding=\"async\" src=\"https:\/\/www.hydraulic-cylinders.net\/wp-content\/uploads\/2025\/01\/songte-oil-pipes-and-spare-parts.webp\" alt=\"Image du cylindre du godet\"><\/p>\n<h2>Entretien<\/h2>\n<p>Un entretien r\u00e9gulier et des mesures pr\u00e9ventives sont essentiels pour garantir la long\u00e9vit\u00e9 et les performances du v\u00e9rin du godet.<\/p>\n<h3>Guide d'installation<\/h3>\n<p>Le v\u00e9rin du godet doit \u00eatre install\u00e9 correctement et son alignement est crucial. Il est recommand\u00e9 d'utiliser des supports de fixation adapt\u00e9s pour le maintenir en position. L'installation doit \u00eatre effectu\u00e9e en suivant scrupuleusement les instructions afin d'\u00e9viter tout dommage.<\/p>\n<h3>Contr\u00f4les de routine et lubrification<\/h3>\n<p>Un contr\u00f4le et une lubrification r\u00e9guliers sont n\u00e9cessaires pour assurer le bon fonctionnement du v\u00e9rin du godet. Il convient de v\u00e9rifier r\u00e9guli\u00e8rement le v\u00e9rin afin de d\u00e9tecter tout signe d'usure ou de dommage, et d'utiliser un lubrifiant adapt\u00e9 pour garantir son bon fonctionnement.<\/p>\n<h3>Remplacement des joints et contr\u00f4les d'\u00e9talonnage<\/h3>\n<p>Les joints doivent \u00eatre remplac\u00e9s r\u00e9guli\u00e8rement afin d'\u00e9viter toute fuite d'huile hydraulique. Des contr\u00f4les d'\u00e9talonnage doivent \u00e9galement \u00eatre effectu\u00e9s pour garantir le bon fonctionnement et la s\u00e9curit\u00e9 du v\u00e9rin.<\/p>\n<p><img decoding=\"async\" src=\"https:\/\/www.hydraulic-cylinders.net\/wp-content\/uploads\/2025\/01\/songte-chushion-collar.webp\" alt=\"Image du cylindre du godet\"><\/p>\n<h2>Consid\u00e9rations de s\u00e9curit\u00e9 et facteurs environnementaux<\/h2>\n<p>Lors de l'utilisation du v\u00e9rin de godet, des mesures de s\u00e9curit\u00e9 doivent \u00eatre prises afin de pr\u00e9venir tout accident ou dommage mat\u00e9riel ou corporel. Les facteurs environnementaux, tels que la temp\u00e9rature et l'humidit\u00e9, peuvent \u00e9galement affecter les performances du v\u00e9rin et doivent \u00eatre pris en compte pendant son utilisation.<\/p>\n<h2>D\u00e9pannage et probl\u00e8mes courants<\/h2>\n<p><strong>Probl\u00e8me:<\/strong> Le cylindre ne fonctionne pas correctement.<br \/>\n<strong>Solution:<\/strong> V\u00e9rifiez l'absence de dommages ou de fuites. Assurez-vous d'utiliser des lubrifiants appropri\u00e9s et que le cylindre est correctement calibr\u00e9.<\/p>\n<p><strong>Probl\u00e8me:<\/strong> Le cylindre fuit de l'huile hydraulique.<br \/>\n<strong>Solution:<\/strong> V\u00e9rifiez l'\u00e9tat des joints et remplacez tout joint d\u00e9fectueux.<\/p>\n<p><strong>Probl\u00e8me:<\/strong> Le cylindre ne r\u00e9pond pas aux commandes de fonctionnement.<br \/>\n<strong>Solution:<\/strong> V\u00e9rifiez le syst\u00e8me hydraulique afin de d\u00e9tecter tout probl\u00e8me, comme des obstructions ou une basse pression. Assurez-vous que le v\u00e9rin est correctement calibr\u00e9.<\/p>\n<p><img decoding=\"async\" src=\"https:\/\/www.hydraulic-cylinders.net\/wp-content\/uploads\/2025\/01\/songte-bushings-with-all-kinds-of-excavator-models.webp\" alt=\"Image du cylindre du godet\"><\/p>\n<h2>Pr\u00e9sentation de l'entreprise<\/h2>\n<p>Nous sommes un fabricant de v\u00e9rins hydrauliques de remplacement. Notre entreprise propose une gamme compl\u00e8te de produits et s'est impos\u00e9e comme l'un des principaux fabricants et distributeurs de v\u00e9rins hydrauliques sur les march\u00e9s nationaux et internationaux. Notre priorit\u00e9 est l'excellence, et nous nous appuyons sur une strat\u00e9gie de gestion de production industrialis\u00e9e au sein d'un atelier de fabrication de pr\u00e9cision. Nous optimisons constamment nos installations, am\u00e9liorons nos processus de production et disposons d'une forte capacit\u00e9 d'innovation. Nous offrons des services personnalis\u00e9s, des \u00e9quipements de production de pointe et des syst\u00e8mes de contr\u00f4le professionnels.<\/p>\n<p><img decoding=\"async\" src=\"https:\/\/hzpt.com\/wp-content\/uploads\/2024\/11\/songte-company-1.webp\" alt=\"Image de l&#039;entreprise\"><\/p>\n<h3>Professionnalisme<\/h3>\n<p>Notre \u00e9quipe de professionnels hautement qualifi\u00e9s et form\u00e9s \u00e0 la production de v\u00e9rins hydrauliques garantit que nos produits sont de la plus haute qualit\u00e9 et r\u00e9pondent aux besoins de nos clients.<\/p>\n<h3>Certification internationale<\/h3>\n<p>Notre entreprise a obtenu diverses certifications internationales, notamment ISO9001 et CE, garantissant que nos produits r\u00e9pondent aux normes de qualit\u00e9 les plus \u00e9lev\u00e9es.<\/p>\n<h3>Services de personnalisation<\/h3>\n<p>Nous proposons des services personnalis\u00e9s pour r\u00e9pondre aux besoins sp\u00e9cifiques de nos clients, en veillant \u00e0 ce que leurs exigences soient satisfaites de la mani\u00e8re la plus efficace et efficiente possible.<\/p>\n<h3>\u00c9quipement de production<\/h3>\n<p>Notre entreprise utilise des \u00e9quipements de production de pointe afin de garantir que nos produits soient de la plus haute qualit\u00e9 et r\u00e9pondent aux besoins de nos clients.<\/p>\n<h3>Service apr\u00e8s-vente<\/h3>\n<p>Nous proposons des services apr\u00e8s-vente complets, incluant la maintenance, la r\u00e9paration et le remplacement, afin de garantir que nos produits restent en excellent \u00e9tat et r\u00e9pondent aux besoins de nos clients.<\/p>\n<p><img decoding=\"async\" src=\"https:\/\/www.hydraulic-cylinders.net\/wp-content\/uploads\/2025\/01\/songte-company-3.webp\" alt=\"Image de l&#039;entreprise\"><\/p>\n<p>Auteur : lyl<\/p>","protected":false},"excerpt":{"rendered":"<p>Bucket Cylinder For Volvo Wheel Excavator EW60C Introduction Definition of Bucket Cylinder A bucket cylinder is a specially designed hydraulic cylinder that is primarily used to control the movement of buckets in heavy machinery, such as excavators, backhoe excavators, and front-end loaders. Its main function is to allow the bucket to be lifted, lowered, and [&hellip;]<\/p>","protected":false},"featured_media":14765,"comment_status":"open","ping_status":"closed","template":"","meta":{"_et_pb_use_builder":"","_et_pb_old_content":"","_et_gb_content_width":""},"product_brand":[],"product_cat":[1494],"product_tag":[1495,1496],"class_list":{"0":"post-15414","1":"product","2":"type-product","3":"status-publish","4":"has-post-thumbnail","6":"product_cat-bucket-cylinders","7":"product_tag-bucket-cylinders","8":"product_tag-hydraulic-cylinders","10":"first","11":"instock","12":"shipping-taxable","13":"product-type-simple"},"amp_enabled":true,"_links":{"self":[{"href":"https:\/\/www.hydraulic-cylinders.net\/fr\/wp-json\/wp\/v2\/product\/15414","targetHints":{"allow":["GET"]}}],"collection":[{"href":"https:\/\/www.hydraulic-cylinders.net\/fr\/wp-json\/wp\/v2\/product"}],"about":[{"href":"https:\/\/www.hydraulic-cylinders.net\/fr\/wp-json\/wp\/v2\/types\/product"}],"replies":[{"embeddable":true,"href":"https:\/\/www.hydraulic-cylinders.net\/fr\/wp-json\/wp\/v2\/comments?post=15414"}],"wp:featuredmedia":[{"embeddable":true,"href":"https:\/\/www.hydraulic-cylinders.net\/fr\/wp-json\/wp\/v2\/media\/14765"}],"wp:attachment":[{"href":"https:\/\/www.hydraulic-cylinders.net\/fr\/wp-json\/wp\/v2\/media?parent=15414"}],"wp:term":[{"taxonomy":"product_brand","embeddable":true,"href":"https:\/\/www.hydraulic-cylinders.net\/fr\/wp-json\/wp\/v2\/product_brand?post=15414"},{"taxonomy":"product_cat","embeddable":true,"href":"https:\/\/www.hydraulic-cylinders.net\/fr\/wp-json\/wp\/v2\/product_cat?post=15414"},{"taxonomy":"product_tag","embeddable":true,"href":"https:\/\/www.hydraulic-cylinders.net\/fr\/wp-json\/wp\/v2\/product_tag?post=15414"}],"curies":[{"name":"wp","href":"https:\/\/api.w.org\/{rel}","templated":true}]}}