{"id":15424,"date":"2025-01-19T14:30:51","date_gmt":"2025-01-19T14:30:51","guid":{"rendered":"https:\/\/www.hydraulic-cylinders.net\/product\/bucket-cylinder-for-sany-small-excavator-sy60c-9\/"},"modified":"2025-01-19T14:30:53","modified_gmt":"2025-01-19T14:30:53","slug":"bucket-cylinder-for-sany-small-excavator-sy60c-9","status":"publish","type":"product","link":"https:\/\/www.hydraulic-cylinders.net\/fr\/produit\/bucket-cylinder-for-sany-small-excavator-sy60c-9\/","title":{"rendered":"Cylindre de godet pour mini-pelle Sany SY60C-9"},"content":{"rendered":"<h1>Cylindre de godet pour mini-pelle Sany SY60C-9<\/h1>\n<h2>Introduction<\/h2>\n<p>Le v\u00e9rin de godet de la mini-pelle Sany SY60C-9 est un v\u00e9rin hydraulique con\u00e7u pour commander les mouvements du godet sur les engins de chantier tels que les pelles, les tractopelles et les chargeuses. Sa fonction principale est de lever, d'abaisser et d'incliner le godet pour une manutention efficace des mat\u00e9riaux. Au sein du syst\u00e8me hydraulique, le v\u00e9rin de godet contr\u00f4le avec pr\u00e9cision les mouvements du godet gr\u00e2ce \u00e0 la pression de l'huile hydraulique, permettant ainsi aux op\u00e9rateurs de manipuler efficacement des charges lourdes et de s'adapter \u00e0 des environnements de travail complexes et \u00e0 des exigences vari\u00e9es.<\/p>\n<p><img decoding=\"async\" src=\"https:\/\/www.hydraulic-cylinders.net\/wp-content\/uploads\/2025\/01\/songte-company-2.webp\" alt=\"Cylindre de godet pour mini-pelle Sany SY60C-9\"><\/p>\n<h2>Caract\u00e9ristiques<\/h2>\n<ul>\n<li>Haute r\u00e9sistance et durabilit\u00e9 : g\u00e9n\u00e9ralement fabriqu\u00e9 en acier ou en aluminium \u00e0 haute r\u00e9sistance, il peut supporter une pression \u00e9lev\u00e9e et des charges importantes, et est con\u00e7u pour r\u00e9sister \u00e0 l'usure et \u00e0 la corrosion, prolongeant ainsi sa dur\u00e9e de vie.<\/li>\n<li>Fonctionnement hydraulique efficace : utilise la pression de l'huile hydraulique pour obtenir une extension et une r\u00e9traction en douceur, capable de r\u00e9pondre rapidement aux commandes, fournissant une force de pouss\u00e9e et de traction puissante adapt\u00e9e \u00e0 la manutention de charges lourdes et \u00e0 des t\u00e2ches complexes.<\/li>\n<li>Diff\u00e9rents types sont disponibles\u00a0: en versions simple effet (actionnement hydraulique unidirectionnel) ou double effet (actionnement hydraulique bidirectionnel) pour r\u00e9pondre \u00e0 divers besoins op\u00e9rationnels. Certains mod\u00e8les sont t\u00e9lescopiques, permettant une plus grande extension sans augmentation des dimensions ext\u00e9rieures, ce qui les rend adapt\u00e9s aux applications \u00e0 espace restreint.<\/li>\n<li>Notre produit peut parfaitement remplacer ces v\u00e9rins hydrauliques.<\/li>\n<\/ul>\n<p><img decoding=\"async\" src=\"https:\/\/www.hydraulic-cylinders.net\/wp-content\/uploads\/2025\/01\/songte-cylinder-head-with-all-kinds-excavator-models.webp\" alt=\"Cylindre de godet pour mini-pelle Sany SY60C-9\"><\/p>\n<h2>Applications<\/h2>\n<ul>\n<li>Engins de chantier\u00a0: Sur les excavatrices, les v\u00e9rins sont essentiels pour creuser, charger et d\u00e9placer la terre ou les d\u00e9bris. Sur les pelles r\u00e9tro, les v\u00e9rins du godet facilitent le creusement et le levage. Sur les chargeuses, ils permettent de lever et de d\u00e9charger efficacement la charge.<\/li>\n<li>Machines agricoles\u00a0: Utilis\u00e9s sur les chargeuses frontales pour ramasser, soulever et transporter la terre, le foin et autres mat\u00e9riaux. Sur les pelles hydrauliques, le v\u00e9rin du godet permet de creuser en faisant p\u00e9n\u00e9trer le godet dans le sol. Sur les chargeuses, il facilite le levage et le basculement efficaces des charges.<\/li>\n<\/ul>\n<h2>Consid\u00e9rations de conception et crit\u00e8res de s\u00e9lection<\/h2>\n<ul>\n<li>Capacit\u00e9 de charge : Con\u00e7u pour r\u00e9sister \u00e0 une pression \u00e9lev\u00e9e et \u00e0 des charges importantes.<\/li>\n<li>\u00c9tanch\u00e9it\u00e9 : Utilise divers composants d'\u00e9tanch\u00e9it\u00e9 tels que des joints de piston, des joints de tige, etc., fabriqu\u00e9s \u00e0 partir de mat\u00e9riaux r\u00e9sistants \u00e0 l'usure tels que le polyur\u00e9thane et le caoutchouc nitrile, et le corps du cylindre et les extr\u00e9mit\u00e9s filet\u00e9es sont finement trait\u00e9s pour am\u00e9liorer la r\u00e9sistance \u00e0 l'usure.<\/li>\n<li>Durabilit\u00e9 : Fabriqu\u00e9 \u00e0 partir de mat\u00e9riaux haute r\u00e9sistance et con\u00e7u pour r\u00e9sister \u00e0 l'usure et \u00e0 la corrosion, ce qui prolonge sa dur\u00e9e de vie.<\/li>\n<li>S\u00e9curit\u00e9 : Con\u00e7u dans un souci de s\u00e9curit\u00e9, garantissant un fonctionnement s\u00fbr et fiable.<\/li>\n<li>Facilit\u00e9 d'entretien : Facile \u00e0 entretenir et \u00e0 r\u00e9parer afin de minimiser les temps d'arr\u00eat.<\/li>\n<\/ul>\n<p><img decoding=\"async\" src=\"https:\/\/www.hydraulic-cylinders.net\/wp-content\/uploads\/2025\/01\/songte-oil-pipes-and-spare-parts.webp\" alt=\"Cylindre de godet pour mini-pelle Sany SY60C-9\"><\/p>\n<h2>\u00c9tanch\u00e9it\u00e9 et lubrification<\/h2>\n<p>Le v\u00e9rin du godet utilise divers joints d'\u00e9tanch\u00e9it\u00e9 (joints de piston, joints de tige, etc.) fabriqu\u00e9s en mat\u00e9riaux r\u00e9sistants \u00e0 l'usure tels que le polyur\u00e9thane et le caoutchouc nitrile. Le corps du v\u00e9rin et ses extr\u00e9mit\u00e9s filet\u00e9es sont usin\u00e9s avec pr\u00e9cision pour une meilleure r\u00e9sistance \u00e0 l'usure. Un graissage r\u00e9gulier avec une huile hydraulique adapt\u00e9e est n\u00e9cessaire pour un fonctionnement optimal.<\/p>\n<h2>Entretien et r\u00e9paration<\/h2>\n<ul>\n<li>Inspection r\u00e9guli\u00e8re\u00a0: inspectez r\u00e9guli\u00e8rement le cylindre et ses composants afin de d\u00e9tecter tout signe d\u2019usure ou de dommage.<\/li>\n<li>Lubrification : Lubrifiez r\u00e9guli\u00e8rement le cylindre avec une huile hydraulique appropri\u00e9e.<\/li>\n<li>Remplacement des joints : Remplacez les joints au besoin pour assurer une \u00e9tanch\u00e9it\u00e9 ad\u00e9quate et pr\u00e9venir les fuites.<\/li>\n<li>Contr\u00f4le d'\u00e9talonnage\u00a0: V\u00e9rifiez r\u00e9guli\u00e8rement l'\u00e9talonnage pour garantir un fonctionnement correct.<\/li>\n<\/ul>\n<p><img decoding=\"async\" src=\"https:\/\/www.hydraulic-cylinders.net\/wp-content\/uploads\/2025\/01\/songte-chushion-collar.webp\" alt=\"Cylindre de godet pour mini-pelle Sany SY60C-9\"><\/p>\n<h2>Consid\u00e9rations de s\u00e9curit\u00e9 et facteurs environnementaux<\/h2>\n<p>Lors de l'utilisation du v\u00e9rin de godet, il est important de respecter les consignes de s\u00e9curit\u00e9 afin d'\u00e9viter les blessures et les dommages. Il est \u00e9galement essentiel de prendre en compte l'impact environnemental des syst\u00e8mes hydrauliques et d'\u00e9liminer les fluides hydrauliques conform\u00e9ment \u00e0 la r\u00e9glementation.<\/p>\n<h2>D\u00e9pannage et probl\u00e8mes courants<\/h2>\n<p>Les probl\u00e8mes courants rencontr\u00e9s avec les v\u00e9rins de godet incluent les fuites, les performances m\u00e9diocres et la r\u00e9duction de leur fonctionnalit\u00e9. Ces probl\u00e8mes peuvent g\u00e9n\u00e9ralement \u00eatre r\u00e9solus par un entretien et des r\u00e9parations appropri\u00e9s, notamment le remplacement des joints, la v\u00e9rification du calibrage et la lubrification.<\/p>\n<p><img decoding=\"async\" src=\"https:\/\/www.hydraulic-cylinders.net\/wp-content\/uploads\/2025\/01\/songte-bushings-with-all-kinds-of-excavator-models.webp\" alt=\"Cylindre de godet pour mini-pelle Sany SY60C-9\"><\/p>\n<h2>\u00c0 propos de notre entreprise<\/h2>\n<p>Nous sommes un fabricant de v\u00e9rins hydrauliques offrant une gamme compl\u00e8te de produits et figurant parmi les principaux fabricants et distributeurs de v\u00e9rins hydrauliques sur les march\u00e9s nationaux et internationaux. Attach\u00e9s \u00e0 l'excellence, nous nous appuyons sur des strat\u00e9gies de gestion de production industrialis\u00e9es au sein d'ateliers de fabrication de pointe. Nous am\u00e9liorons constamment nos plateformes de production, nos lignes de production et notre capacit\u00e9 d'innovation nous permet de r\u00e9pondre aux besoins vari\u00e9s de nos clients avec efficacit\u00e9, pr\u00e9cision et qualit\u00e9.<\/p>\n<p><img decoding=\"async\" src=\"https:\/\/hzpt.com\/wp-content\/uploads\/2024\/11\/songte-company-1.webp\" alt=\"Cylindre de godet pour mini-pelle Sany SY60C-9\"><\/p>\n<h3>Nos sp\u00e9cialit\u00e9s<\/h3>\n<ul>\n<li>Professionnalisme : Nous disposons d'une \u00e9quipe d'ing\u00e9nieurs et de techniciens professionnels qui s'engagent \u00e0 fournir des v\u00e9rins hydrauliques de haute qualit\u00e9.<\/li>\n<li>Certification internationale\u00a0: Nos produits ont obtenu diverses certifications internationales, garantissant leur fiabilit\u00e9 et leur s\u00e9curit\u00e9.<\/li>\n<li>Personnalisation : Nous proposons des services personnalis\u00e9s pour r\u00e9pondre aux besoins sp\u00e9cifiques de nos clients.<\/li>\n<li>\u00c9quipements de production : Nous utilisons des \u00e9quipements de production de pointe, notamment des machines CNC et des syst\u00e8mes de test, afin de garantir la qualit\u00e9 et la constance de nos produits.<\/li>\n<li>Service apr\u00e8s-vente\u00a0: Nous assurons un service apr\u00e8s-vente complet, incluant la maintenance, la r\u00e9paration et le remplacement des produits.<\/li>\n<\/ul>\n<p>Auteur : lyl<\/p>","protected":false},"excerpt":{"rendered":"<p>Bucket Cylinder For Sany Small Excavator SY60C-9 Introduction The bucket cylinder for Sany small excavator SY60C-9 is a hydraulic cylinder designed to control the movement of the bucket in heavy machinery such as excavators, backhoes, and loaders. Its main function is to lift, lower, and tilt the bucket for efficient material handling tasks. In the [&hellip;]<\/p>","protected":false},"featured_media":14778,"comment_status":"open","ping_status":"closed","template":"","meta":{"_et_pb_use_builder":"","_et_pb_old_content":"","_et_gb_content_width":""},"product_brand":[],"product_cat":[1494],"product_tag":[1495,1496],"class_list":{"0":"post-15424","1":"product","2":"type-product","3":"status-publish","4":"has-post-thumbnail","6":"product_cat-bucket-cylinders","7":"product_tag-bucket-cylinders","8":"product_tag-hydraulic-cylinders","10":"first","11":"instock","12":"shipping-taxable","13":"product-type-simple"},"amp_enabled":true,"_links":{"self":[{"href":"https:\/\/www.hydraulic-cylinders.net\/fr\/wp-json\/wp\/v2\/product\/15424","targetHints":{"allow":["GET"]}}],"collection":[{"href":"https:\/\/www.hydraulic-cylinders.net\/fr\/wp-json\/wp\/v2\/product"}],"about":[{"href":"https:\/\/www.hydraulic-cylinders.net\/fr\/wp-json\/wp\/v2\/types\/product"}],"replies":[{"embeddable":true,"href":"https:\/\/www.hydraulic-cylinders.net\/fr\/wp-json\/wp\/v2\/comments?post=15424"}],"wp:featuredmedia":[{"embeddable":true,"href":"https:\/\/www.hydraulic-cylinders.net\/fr\/wp-json\/wp\/v2\/media\/14778"}],"wp:attachment":[{"href":"https:\/\/www.hydraulic-cylinders.net\/fr\/wp-json\/wp\/v2\/media?parent=15424"}],"wp:term":[{"taxonomy":"product_brand","embeddable":true,"href":"https:\/\/www.hydraulic-cylinders.net\/fr\/wp-json\/wp\/v2\/product_brand?post=15424"},{"taxonomy":"product_cat","embeddable":true,"href":"https:\/\/www.hydraulic-cylinders.net\/fr\/wp-json\/wp\/v2\/product_cat?post=15424"},{"taxonomy":"product_tag","embeddable":true,"href":"https:\/\/www.hydraulic-cylinders.net\/fr\/wp-json\/wp\/v2\/product_tag?post=15424"}],"curies":[{"name":"wp","href":"https:\/\/api.w.org\/{rel}","templated":true}]}}