{"id":15432,"date":"2025-01-19T14:31:22","date_gmt":"2025-01-19T14:31:22","guid":{"rendered":"https:\/\/www.hydraulic-cylinders.net\/product\/bucket-cylinder-for-sany-middle-excavator-sy220lc\/"},"modified":"2025-01-19T14:31:30","modified_gmt":"2025-01-19T14:31:30","slug":"bucket-cylinder-for-sany-middle-excavator-sy220lc","status":"publish","type":"product","link":"https:\/\/www.hydraulic-cylinders.net\/fr\/produit\/bucket-cylinder-for-sany-middle-excavator-sy220lc\/","title":{"rendered":"Cylindre de godet pour pelle hydraulique Sany SY220LC"},"content":{"rendered":"<h1>Cylindre de godet pour pelle hydraulique Sany SY220LC<\/h1>\n<h2>Introduction<\/h2>\n<h3>D\u00e9finition du cylindre \u00e0 godet<\/h3>\n<p>Le v\u00e9rin de godet est un v\u00e9rin hydraulique sp\u00e9cialement con\u00e7u pour contr\u00f4ler les mouvements du godet sur les engins de chantier tels que les pelles hydrauliques, les chargeuses-pelleteuses et les chargeuses frontales. Sa fonction principale est de permettre la lev\u00e9e, l'abaissement et l'inclinaison du godet, le rendant ainsi adapt\u00e9 \u00e0 diverses op\u00e9rations de manutention. Au sein du syst\u00e8me hydraulique, le v\u00e9rin de godet assure un contr\u00f4le pr\u00e9cis du godet en modulant la pression de l'huile hydraulique, permettant aux op\u00e9rateurs de manipuler efficacement des charges lourdes et de s'adapter \u00e0 des environnements de travail complexes et \u00e0 des exigences vari\u00e9es.<\/p>\n<p><img decoding=\"async\" src=\"https:\/\/www.hydraulic-cylinders.net\/wp-content\/uploads\/2025\/01\/songte-company-2.webp\" alt=\"Image du cylindre du godet\"><\/p>\n<h2>Caract\u00e9ristiques<\/h2>\n<ul>\n<li>Haute r\u00e9sistance et durabilit\u00e9\u00a0: g\u00e9n\u00e9ralement fabriqu\u00e9 en acier ou en aluminium haute r\u00e9sistance, le v\u00e9rin du godet supporte les hautes pressions et les charges importantes, s\u2019adaptant ainsi aux environnements de travail difficiles. Sa conception assure une r\u00e9sistance \u00e0 l\u2019usure et \u00e0 la corrosion, prolongeant sa dur\u00e9e de vie.<\/li>\n<li>Fonctionnement hydraulique efficace\u00a0: gr\u00e2ce \u00e0 la pression de l\u2019huile hydraulique, le v\u00e9rin du godet assure une extension et une r\u00e9traction fluides, permettant une r\u00e9ponse rapide aux commandes et fournissant des forces de pouss\u00e9e et de traction puissantes pour la manutention de charges lourdes et l\u2019ex\u00e9cution de t\u00e2ches complexes.<\/li>\n<li>Diff\u00e9rents types\u00a0: Le v\u00e9rin du godet peut \u00eatre choisi en version simple effet (actionnement hydraulique dans un seul sens) ou double effet (actionnement hydraulique dans les deux sens), selon les besoins op\u00e9rationnels. Certains mod\u00e8les sont t\u00e9lescopiques, ce qui permet une plus grande extension sans augmenter les dimensions ext\u00e9rieures et les rend adapt\u00e9s aux applications dans des espaces restreints.<\/li>\n<li>Remplacement id\u00e9al : Nos produits peuvent parfaitement remplacer ces v\u00e9rins hydrauliques.<\/li>\n<\/ul>\n<p><img decoding=\"async\" src=\"https:\/\/www.hydraulic-cylinders.net\/wp-content\/uploads\/2025\/01\/songte-cylinder-head-with-all-kinds-excavator-models.webp\" alt=\"Image de la culasse\"><\/p>\n<h2>Applications<\/h2>\n<h3>\u00c9quipement de construction<\/h3>\n<p>Sur les excavatrices, ils sont indispensables pour creuser, charger et d\u00e9placer la terre ou les d\u00e9bris. Sur les chargeuses-pelleteuses, le v\u00e9rin du godet contribue \u00e0 la fois \u00e0 l'excavation et au levage.<\/p>\n<h3>machines agricoles<\/h3>\n<p>Utilis\u00e9 sur les chargeuses frontales pour ramasser, soulever et transporter la terre, le foin et autres mat\u00e9riaux.<\/p>\n<h3>Excavateurs<\/h3>\n<p>Le v\u00e9rin du godet permet l'action de creuser en permettant au godet de p\u00e9n\u00e9trer dans le sol.<\/p>\n<h3>Chargeurs<\/h3>\n<p>Sur les chargeuses frontales, elles contribuent \u00e0 lever et \u00e0 d\u00e9charger efficacement les marchandises.<\/p>\n<h2>Consid\u00e9rations de conception et crit\u00e8res de s\u00e9lection<\/h2>\n<ul>\n<li>Capacit\u00e9 de charge : Discutez de la capacit\u00e9 de charge du cylindre et de son importance dans la conception.<\/li>\n<li>\u00c9tanch\u00e9it\u00e9\u00a0: Examinez les diff\u00e9rents composants d\u2019\u00e9tanch\u00e9it\u00e9 utilis\u00e9s, tels que les joints de piston et les joints de tige, fabriqu\u00e9s \u00e0 partir de mat\u00e9riaux r\u00e9sistants \u00e0 l\u2019usure comme le polyur\u00e9thane et le caoutchouc nitrile. Soulignez l\u2019importance d\u2019une \u00e9tanch\u00e9it\u00e9 ad\u00e9quate pour une dur\u00e9e de vie optimale.<\/li>\n<li>Durabilit\u00e9\u00a0: Abordez le traitement de surface du corps du cylindre et de l\u2019extr\u00e9mit\u00e9 filet\u00e9e afin d\u2019am\u00e9liorer la r\u00e9sistance \u00e0 l\u2019usure. Soulignez la n\u00e9cessit\u00e9 d\u2019une lubrification r\u00e9guli\u00e8re.<\/li>\n<li>S\u00e9curit\u00e9 : Expliquez les mesures de s\u00e9curit\u00e9 \u00e0 prendre lors de l'utilisation du v\u00e9rin du godet et de la manipulation d'engins lourds.<\/li>\n<li>Facilit\u00e9 d'entretien : Discuter de la facilit\u00e9 d'entretien et de l'importance des inspections r\u00e9guli\u00e8res et des mesures pr\u00e9ventives pour minimiser les probl\u00e8mes potentiels.<\/li>\n<\/ul>\n<p><img decoding=\"async\" src=\"https:\/\/www.hydraulic-cylinders.net\/wp-content\/uploads\/2025\/01\/songte-oil-pipes-and-spare-parts.webp\" alt=\"Image des tuyaux de p\u00e9trole et des pi\u00e8ces de rechange\"><\/p>\n<h2>\u00c9tanch\u00e9it\u00e9 et lubrification<\/h2>\n<p>Le v\u00e9rin du godet utilise divers joints d'\u00e9tanch\u00e9it\u00e9, tels que des joints de piston et des joints de tige, fabriqu\u00e9s en mat\u00e9riaux r\u00e9sistants \u00e0 l'usure comme le polyur\u00e9thane et le caoutchouc nitrile. Le corps du v\u00e9rin et son extr\u00e9mit\u00e9 filet\u00e9e b\u00e9n\u00e9ficient d'un traitement de surface rigoureux afin d'optimiser sa r\u00e9sistance \u00e0 l'usure. Une lubrification r\u00e9guli\u00e8re avec la quantit\u00e9 appropri\u00e9e d'huile hydraulique est indispensable pour garantir un fonctionnement optimal et une longue dur\u00e9e de vie.<\/p>\n<h2>Inspection r\u00e9guli\u00e8re et maintenance pr\u00e9ventive<\/h2>\n<p>Pour garantir la fiabilit\u00e9 et les performances du v\u00e9rin de godet, des inspections r\u00e9guli\u00e8res et un entretien pr\u00e9ventif sont indispensables. Voici quelques op\u00e9rations d'entretien recommand\u00e9es\u00a0:<\/p>\n<ul>\n<li>Inspection r\u00e9guli\u00e8re du cylindre pour d\u00e9tecter tout signe d'usure ou de dommage<\/li>\n<li>Lubrification ad\u00e9quate de toutes les pi\u00e8ces mobiles<\/li>\n<li>Remplacement des joints lorsque n\u00e9cessaire<\/li>\n<li>Contr\u00f4les d'\u00e9talonnage pour garantir un fonctionnement pr\u00e9cis<\/li>\n<\/ul>\n<p><img decoding=\"async\" src=\"https:\/\/www.hydraulic-cylinders.net\/wp-content\/uploads\/2025\/01\/songte-chushion-collar.webp\" alt=\"Image du col Chushion\"><\/p>\n<h2>Consid\u00e9rations de s\u00e9curit\u00e9 et facteurs environnementaux<\/h2>\n<p>Lors de l'utilisation du v\u00e9rin de godet, il est crucial de respecter les consignes de s\u00e9curit\u00e9 afin de pr\u00e9venir les accidents. Ces consignes comprennent une formation ad\u00e9quate, le respect des consignes de s\u00e9curit\u00e9 et le port d'\u00e9quipements de protection individuelle. De plus, la prise en compte des facteurs environnementaux, tels que l'\u00e9limination appropri\u00e9e de l'huile hydraulique et le respect de la r\u00e9glementation environnementale, est essentielle pour minimiser tout impact n\u00e9gatif.<\/p>\n<h2>Diagnostic des pannes et probl\u00e8mes courants<\/h2>\n<p>En cas de dysfonctionnement du v\u00e9rin du godet, il est important d'\u00e9tablir un diagnostic et d'y rem\u00e9dier rapidement. Parmi les probl\u00e8mes courants, on peut citer les fuites, un fonctionnement insuffisant et des bruits anormaux. Fournissez des conseils et des solutions de d\u00e9pannage pour aider les utilisateurs \u00e0 diagnostiquer et r\u00e9soudre efficacement les probl\u00e8mes. Soulignez l'importance des mesures pr\u00e9ventives pour minimiser les risques de dysfonctionnement.<\/p>\n<p><img decoding=\"async\" src=\"https:\/\/www.hydraulic-cylinders.net\/wp-content\/uploads\/2025\/01\/songte-bushings-with-all-kinds-of-excavator-models.webp\" alt=\"Image des bagues\"><\/p>\n<h2>Pr\u00e9sentation de l'entreprise<\/h2>\n<p>Nous sommes un fabricant de v\u00e9rins hydrauliques de remplacement et proposons une large gamme de produits. Nous figurons parmi les principaux fabricants et distributeurs de v\u00e9rins hydrauliques sur les march\u00e9s nationaux et internationaux. Soucieux de l'excellence, nous nous appuyons sur des strat\u00e9gies de gestion de production industrialis\u00e9es au sein de nos ateliers de fabrication modernes. Gr\u00e2ce \u00e0 notre personnel qualifi\u00e9, nos \u00e9quipements de production de pointe et nos syst\u00e8mes de contr\u00f4le qualit\u00e9 professionnels, nous am\u00e9liorons constamment notre plateforme de production et optimisons nos processus afin de garantir la qualit\u00e9 de nos produits. Notre forte capacit\u00e9 d'innovation et notre engagement envers l'efficacit\u00e9, la pr\u00e9cision et la qualit\u00e9 nous permettent de r\u00e9pondre aux besoins vari\u00e9s de nos clients.<\/p>\n<p><img decoding=\"async\" src=\"https:\/\/www.hydraulic-cylinders.net\/wp-content\/uploads\/2025\/01\/songte-company-3.webp\" alt=\"Image de l&#039;entreprise\"><\/p>\n<p>De plus, nous proposons\u00a0:<\/p>\n<ul>\n<li>Professionnalisme et expertise dans le secteur<\/li>\n<li>Certifications internationales<\/li>\n<li>Services de personnalisation<\/li>\n<li>\u00c9quipements de production de pointe<\/li>\n<li>Service apr\u00e8s-vente<\/li>\n<\/ul>\n<p>Auteur : lyl<\/p>","protected":false},"excerpt":{"rendered":"<p>Bucket Cylinder For Sany Middle Excavator SY220LC Introduction Definition of Bucket Cylinder The bucket cylinder is a specially designed hydraulic cylinder that is primarily used to control the movement of the bucket in heavy machinery such as excavators, backhoe loaders, and front loaders. Its main function is to enable the bucket to lift, lower, and [&hellip;]<\/p>","protected":false},"featured_media":14789,"comment_status":"open","ping_status":"closed","template":"","meta":{"_et_pb_use_builder":"","_et_pb_old_content":"","_et_gb_content_width":""},"product_brand":[],"product_cat":[1494],"product_tag":[1495,1496],"class_list":{"0":"post-15432","1":"product","2":"type-product","3":"status-publish","4":"has-post-thumbnail","6":"product_cat-bucket-cylinders","7":"product_tag-bucket-cylinders","8":"product_tag-hydraulic-cylinders","10":"first","11":"instock","12":"shipping-taxable","13":"product-type-simple"},"amp_enabled":true,"_links":{"self":[{"href":"https:\/\/www.hydraulic-cylinders.net\/fr\/wp-json\/wp\/v2\/product\/15432","targetHints":{"allow":["GET"]}}],"collection":[{"href":"https:\/\/www.hydraulic-cylinders.net\/fr\/wp-json\/wp\/v2\/product"}],"about":[{"href":"https:\/\/www.hydraulic-cylinders.net\/fr\/wp-json\/wp\/v2\/types\/product"}],"replies":[{"embeddable":true,"href":"https:\/\/www.hydraulic-cylinders.net\/fr\/wp-json\/wp\/v2\/comments?post=15432"}],"wp:featuredmedia":[{"embeddable":true,"href":"https:\/\/www.hydraulic-cylinders.net\/fr\/wp-json\/wp\/v2\/media\/14789"}],"wp:attachment":[{"href":"https:\/\/www.hydraulic-cylinders.net\/fr\/wp-json\/wp\/v2\/media?parent=15432"}],"wp:term":[{"taxonomy":"product_brand","embeddable":true,"href":"https:\/\/www.hydraulic-cylinders.net\/fr\/wp-json\/wp\/v2\/product_brand?post=15432"},{"taxonomy":"product_cat","embeddable":true,"href":"https:\/\/www.hydraulic-cylinders.net\/fr\/wp-json\/wp\/v2\/product_cat?post=15432"},{"taxonomy":"product_tag","embeddable":true,"href":"https:\/\/www.hydraulic-cylinders.net\/fr\/wp-json\/wp\/v2\/product_tag?post=15432"}],"curies":[{"name":"wp","href":"https:\/\/api.w.org\/{rel}","templated":true}]}}