{"id":15437,"date":"2025-01-19T14:31:48","date_gmt":"2025-01-19T14:31:48","guid":{"rendered":"https:\/\/www.hydraulic-cylinders.net\/product\/bucket-cylinder-for-sany-middle-excavator-sy225c-9\/"},"modified":"2025-01-19T14:31:50","modified_gmt":"2025-01-19T14:31:50","slug":"bucket-cylinder-for-sany-middle-excavator-sy225c-9","status":"publish","type":"product","link":"https:\/\/www.hydraulic-cylinders.net\/fr\/produit\/bucket-cylinder-for-sany-middle-excavator-sy225c-9\/","title":{"rendered":"Cylindre de godet pour pelle hydraulique Sany SY225C-9"},"content":{"rendered":"<h1>Cylindre de godet pour pelle hydraulique Sany SY225C-9<\/h1>\n<h2>Introduction au v\u00e9rin de godet<\/h2>\n<h3>D\u00e9finition<\/h3>\n<p>Un v\u00e9rin de godet est un v\u00e9rin hydraulique sp\u00e9cialis\u00e9 con\u00e7u pour commander les mouvements du godet sur les engins de chantier tels que les pelles hydrauliques, les chargeuses-pelleteuses et les chargeuses frontales. Sa fonction principale est de permettre la lev\u00e9e, l'abaissement et l'inclinaison du godet, facilitant ainsi la manutention de divers mat\u00e9riaux. Au sein du syst\u00e8me hydraulique, le v\u00e9rin de godet assure un contr\u00f4le pr\u00e9cis du godet en modulant la pression de l'huile hydraulique, permettant aux op\u00e9rateurs de manipuler efficacement des charges lourdes et de s'adapter \u00e0 des environnements de travail complexes et \u00e0 des exigences vari\u00e9es.<\/p>\n<p><img decoding=\"async\" src=\"https:\/\/www.hydraulic-cylinders.net\/wp-content\/uploads\/2025\/01\/songte-company-2.webp\" alt=\"Image du cylindre du godet\"><\/p>\n<h2>Caract\u00e9ristiques du v\u00e9rin de godet<\/h2>\n<ul>\n<li>Haute r\u00e9sistance et durabilit\u00e9 : G\u00e9n\u00e9ralement fabriqu\u00e9 en acier ou en aluminium \u00e0 haute r\u00e9sistance, capable de r\u00e9sister \u00e0 une pression \u00e9lev\u00e9e et \u00e0 des charges importantes, adaptable aux environnements de travail difficiles, con\u00e7u pour r\u00e9sister \u00e0 l'usure et \u00e0 la corrosion, prolongeant ainsi sa dur\u00e9e de vie.<\/li>\n<li>Fonctionnement hydraulique efficace\u00a0: les mouvements d\u2019extension et de r\u00e9traction en douceur sont obtenus gr\u00e2ce \u00e0 la pression de l\u2019huile hydraulique, capable de r\u00e9pondre rapidement aux commandes, fournissant des forces de pouss\u00e9e-traction puissantes, adapt\u00e9es \u00e0 la manutention de charges lourdes et \u00e0 des t\u00e2ches complexes.<\/li>\n<li>Diff\u00e9rents types : Le v\u00e9rin simple effet (hydraulique utilis\u00e9 dans un seul sens) ou double effet (hydraulique utilis\u00e9 dans les deux sens) peut \u00eatre s\u00e9lectionn\u00e9 en fonction des besoins op\u00e9rationnels sp\u00e9cifiques ; certains mod\u00e8les sont t\u00e9lescopiques, permettant une plus grande extension sans augmenter les dimensions ext\u00e9rieures, adapt\u00e9s aux applications \u00e0 espace limit\u00e9.<\/li>\n<\/ul>\n<p>Nous pouvons produire ce produit et notre produit peut parfaitement remplacer ces v\u00e9rins hydrauliques.<\/p>\n<p><img decoding=\"async\" src=\"https:\/\/www.hydraulic-cylinders.net\/wp-content\/uploads\/2025\/01\/songte-cylinder-head-with-all-kinds-excavator-models.webp\" alt=\"Image du cylindre du godet\"><\/p>\n<h2>Applications du v\u00e9rin \u00e0 godet<\/h2>\n<p>Les v\u00e9rins de godet sont largement utilis\u00e9s dans diverses machines lourdes. Voici quelques applications courantes\u00a0:<\/p>\n<h3>\u00c9quipement de construction<\/h3>\n<p>Sur les excavatrices, ils sont essentiels pour creuser, charger et d\u00e9placer la terre ou les d\u00e9bris. Sur les chargeuses-pelleteuses, le v\u00e9rin du godet contribue \u00e0 la fois au creusement et au levage. <\/p>\n<h3>machines agricoles<\/h3>\n<p>Utilis\u00e9 sur les chargeuses frontales pour ramasser, soulever et transporter la terre, le foin et autres mat\u00e9riaux. <\/p>\n<h3>Excavatrice<\/h3>\n<p>Le v\u00e9rin du godet permet l'excavation en laissant le godet p\u00e9n\u00e9trer dans le sol.<\/p>\n<h3>Chargeur<\/h3>\n<p>Sur les chargeuses frontales, elles permettent de soulever et d'incliner efficacement la charge.<\/p>\n<h2>Consid\u00e9rations de conception et crit\u00e8res de s\u00e9lection<\/h2>\n<p>Les v\u00e9rins de godet sont con\u00e7us en tenant compte de divers facteurs, tels que la capacit\u00e9 de charge, l'\u00e9tanch\u00e9it\u00e9, la durabilit\u00e9, la s\u00e9curit\u00e9 et la facilit\u00e9 d'entretien. <\/p>\n<h3>Capacit\u00e9 de charge<\/h3>\n<p>Le choix du v\u00e9rin doit se baser sur le poids de la charge \u00e0 soulever et sur la pression hydraulique n\u00e9cessaire pour la soulever. <\/p>\n<h3>Scellage<\/h3>\n<p>Divers composants d'\u00e9tanch\u00e9it\u00e9, tels que les joints de piston et les joints de tige, assurent un fonctionnement sans fuite. Des mat\u00e9riaux comme le polyur\u00e9thane et le caoutchouc nitrile sont g\u00e9n\u00e9ralement utilis\u00e9s pour ces composants afin de garantir leur r\u00e9sistance \u00e0 l'usure. Le corps du cylindre et les surfaces d'extr\u00e9mit\u00e9 du filetage sont usin\u00e9s avec pr\u00e9cision pour optimiser cette r\u00e9sistance. Un ajout r\u00e9gulier d'huile hydraulique appropri\u00e9e est n\u00e9cessaire pour la lubrification. <\/p>\n<h3>Durabilit\u00e9<\/h3>\n<p>Le cylindre doit \u00eatre con\u00e7u pour r\u00e9sister aux conditions environnementales difficiles et \u00e0 l'usure. <\/p>\n<h3>S\u00e9curit\u00e9 et maintenabilit\u00e9<\/h3>\n<p>Les v\u00e9rins de godet doivent \u00eatre con\u00e7us avec des dispositifs de s\u00e9curit\u00e9 tels que des soupapes de d\u00e9charge de pression et des disques de rupture pour pr\u00e9venir les surcharges. La maintenance et la r\u00e9paration doivent \u00eatre facilit\u00e9es par une conception des v\u00e9rins comportant des composants accessibles, des pi\u00e8ces faciles \u00e0 d\u00e9monter et des joints rempla\u00e7ables. <\/p>\n<p><img decoding=\"async\" src=\"https:\/\/www.hydraulic-cylinders.net\/wp-content\/uploads\/2025\/01\/songte-oil-pipes-and-spare-parts.webp\" alt=\"Image du cylindre du godet\"><\/p>\n<h2>Entretien et r\u00e9paration<\/h2>\n<p>L'entretien et la r\u00e9paration r\u00e9guliers des v\u00e9rins de godet sont indispensables pour garantir des performances optimales et une longue dur\u00e9e de vie. Voici quelques op\u00e9rations d'entretien courantes\u00a0:<\/p>\n<h3>Inspection r\u00e9guli\u00e8re<\/h3>\n<p>Il convient de proc\u00e9der \u00e0 une inspection p\u00e9riodique du cylindre afin de d\u00e9tecter tout dommage ou usure des joints et autres composants. <\/p>\n<h3>Lubrification<\/h3>\n<p>Une lubrification ad\u00e9quate est indispensable au bon fonctionnement du cylindre. Un d\u00e9faut de lubrification peut entra\u00eener des dommages et r\u00e9duire sa dur\u00e9e de vie.<\/p>\n<h3>Remplacement des joints et v\u00e9rification de l'\u00e9talonnage<\/h3>\n<p>Les joints doivent \u00eatre remplac\u00e9s r\u00e9guli\u00e8rement pour \u00e9viter les fuites. Des contr\u00f4les d'\u00e9talonnage doivent \u00e9galement \u00eatre effectu\u00e9s pour garantir le bon positionnement du cylindre. <\/p>\n<p><img decoding=\"async\" src=\"https:\/\/www.hydraulic-cylinders.net\/wp-content\/uploads\/2025\/01\/songte-chushion-collar.webp\" alt=\"Image du cylindre du godet\"><\/p>\n<h2>Consid\u00e9rations de s\u00e9curit\u00e9 et facteurs environnementaux<\/h2>\n<p>Les v\u00e9rins de godet doivent \u00eatre utilis\u00e9s en toute s\u00e9curit\u00e9. Des dispositifs de s\u00e9curit\u00e9 tels que des soupapes de d\u00e9charge et des disques de rupture doivent \u00eatre mis en \u0153uvre afin de pr\u00e9venir les surcharges et les dommages accidentels. <\/p>\n<h2>D\u00e9pannage et probl\u00e8mes courants<\/h2>\n<p>Parmi les probl\u00e8mes courants rencontr\u00e9s avec les v\u00e9rins de godet, on peut citer les fuites de fluide, la d\u00e9rive du v\u00e9rin et la perte de puissance. Pour diagnostiquer et r\u00e9soudre ces probl\u00e8mes, il est important d'inspecter et d'entretenir correctement le v\u00e9rin.<\/p>\n<h2>\u00c0 propos de notre entreprise<\/h2>\n<p>Nous sommes fabricants de v\u00e9rins hydrauliques de remplacement. Notre entreprise propose une large gamme de produits et s'est impos\u00e9e comme l'un des principaux fabricants et grossistes de v\u00e9rins hydrauliques sur les march\u00e9s nationaux et internationaux. Nous privil\u00e9gions l'excellence et nous appuyons sur une strat\u00e9gie de gestion de production industrialis\u00e9e au sein d'un atelier de fabrication moderne. Nous am\u00e9liorons constamment notre plateforme de production, optimisons nos processus de fabrication et disposons d'une forte capacit\u00e9 d'innovation. Nous r\u00e9pondons aux besoins vari\u00e9s de nos clients avec efficacit\u00e9, pr\u00e9cision et qualit\u00e9. <\/p>\n<p><img decoding=\"async\" src=\"https:\/\/hzpt.com\/wp-content\/uploads\/2024\/11\/songte-company-1.webp\" alt=\"Image du cylindre du godet\"><\/p>\n<h3>Professionnalisme<\/h3>\n<p>Notre \u00e9quipe est compos\u00e9e de professionnels exp\u00e9riment\u00e9s qui s'engagent \u00e0 fournir \u00e0 nos clients des produits et services de la plus haute qualit\u00e9. <\/p>\n<h3>Certification internationale<\/h3>\n<p>Nos produits sont certifi\u00e9s conformes aux normes internationales telles que l'ISO, le CE et le RoHS, garantissant ainsi qu'ils r\u00e9pondent aux normes de qualit\u00e9 et de s\u00e9curit\u00e9 les plus \u00e9lev\u00e9es. <\/p>\n<h3>Services de personnalisation<\/h3>\n<p>Nous fournissons des v\u00e9rins hydrauliques sur mesure, adapt\u00e9s aux besoins et exigences sp\u00e9cifiques de nos clients.<\/p>\n<h3>\u00c9quipement de production<\/h3>\n<p>Notre entreprise utilise des \u00e9quipements de fabrication num\u00e9riques haut de gamme et des syst\u00e8mes de test professionnels pour garantir que nos produits r\u00e9pondent \u00e0 des normes de contr\u00f4le qualit\u00e9 rigoureuses.<\/p>\n<h3>Services apr\u00e8s-vente<\/h3>\n<p>Nous offrons \u00e0 nos clients un service apr\u00e8s-vente complet, comprenant des services de r\u00e9paration et d'entretien, des pi\u00e8ces de rechange et des services de remise \u00e0 neuf, ainsi qu'une assistance technique et un d\u00e9pannage. <\/p>\n<p>Auteur : lyl<\/p>\n<p><img decoding=\"async\" src=\"https:\/\/www.hydraulic-cylinders.net\/wp-content\/uploads\/2025\/01\/songte-bushings-with-all-kinds-of-excavator-models.webp\" alt=\"Image du cylindre du godet\"><\/p>","protected":false},"excerpt":{"rendered":"<p>Bucket Cylinder For Sany Middle Excavator SY225C-9 Introduction to Bucket Cylinder Definition A bucket cylinder is a specialized hydraulic cylinder designed to control the movement of buckets in heavy machinery such as excavators, backhoe loaders and front-end loaders. Its main function is to enable the bucket to lift, lower and tilt, making it easier to [&hellip;]<\/p>","protected":false},"featured_media":14782,"comment_status":"open","ping_status":"closed","template":"","meta":{"_et_pb_use_builder":"","_et_pb_old_content":"","_et_gb_content_width":""},"product_brand":[],"product_cat":[1494],"product_tag":[1495,1496],"class_list":{"0":"post-15437","1":"product","2":"type-product","3":"status-publish","4":"has-post-thumbnail","6":"product_cat-bucket-cylinders","7":"product_tag-bucket-cylinders","8":"product_tag-hydraulic-cylinders","10":"first","11":"instock","12":"shipping-taxable","13":"product-type-simple"},"amp_enabled":true,"_links":{"self":[{"href":"https:\/\/www.hydraulic-cylinders.net\/fr\/wp-json\/wp\/v2\/product\/15437","targetHints":{"allow":["GET"]}}],"collection":[{"href":"https:\/\/www.hydraulic-cylinders.net\/fr\/wp-json\/wp\/v2\/product"}],"about":[{"href":"https:\/\/www.hydraulic-cylinders.net\/fr\/wp-json\/wp\/v2\/types\/product"}],"replies":[{"embeddable":true,"href":"https:\/\/www.hydraulic-cylinders.net\/fr\/wp-json\/wp\/v2\/comments?post=15437"}],"wp:featuredmedia":[{"embeddable":true,"href":"https:\/\/www.hydraulic-cylinders.net\/fr\/wp-json\/wp\/v2\/media\/14782"}],"wp:attachment":[{"href":"https:\/\/www.hydraulic-cylinders.net\/fr\/wp-json\/wp\/v2\/media?parent=15437"}],"wp:term":[{"taxonomy":"product_brand","embeddable":true,"href":"https:\/\/www.hydraulic-cylinders.net\/fr\/wp-json\/wp\/v2\/product_brand?post=15437"},{"taxonomy":"product_cat","embeddable":true,"href":"https:\/\/www.hydraulic-cylinders.net\/fr\/wp-json\/wp\/v2\/product_cat?post=15437"},{"taxonomy":"product_tag","embeddable":true,"href":"https:\/\/www.hydraulic-cylinders.net\/fr\/wp-json\/wp\/v2\/product_tag?post=15437"}],"curies":[{"name":"wp","href":"https:\/\/api.w.org\/{rel}","templated":true}]}}