{"id":15438,"date":"2025-01-19T14:31:52","date_gmt":"2025-01-19T14:31:52","guid":{"rendered":"https:\/\/www.hydraulic-cylinders.net\/product\/bucket-cylinder-for-sany-middle-excavator-sy235cq\/"},"modified":"2025-01-19T14:31:54","modified_gmt":"2025-01-19T14:31:54","slug":"bucket-cylinder-for-sany-middle-excavator-sy235cq","status":"publish","type":"product","link":"https:\/\/www.hydraulic-cylinders.net\/fr\/produit\/bucket-cylinder-for-sany-middle-excavator-sy235cq\/","title":{"rendered":"V\u00e9rin de godet pour pelle hydraulique Sany SY235CQ"},"content":{"rendered":"<h1>V\u00e9rin de godet pour pelle hydraulique Sany SY235CQ<\/h1>\n<h2>Introduction<\/h2>\n<p>Un v\u00e9rin de godet est un v\u00e9rin hydraulique sp\u00e9cialement con\u00e7u pour contr\u00f4ler les mouvements du godet sur les engins de chantier tels que les pelles hydrauliques, les chargeuses-pelleteuses et les chargeuses frontales. Sa fonction principale est de permettre la lev\u00e9e, l'abaissement et l'inclinaison du godet, facilitant ainsi diverses op\u00e9rations de manutention. Au sein du syst\u00e8me hydraulique, le v\u00e9rin de godet assure un contr\u00f4le pr\u00e9cis du godet gr\u00e2ce \u00e0 la variation de la pression d'huile hydraulique, permettant aux op\u00e9rateurs de manipuler efficacement des charges lourdes et de s'adapter \u00e0 des environnements de travail complexes et \u00e0 des exigences vari\u00e9es.<\/p>\n<p><img decoding=\"async\" src=\"https:\/\/www.hydraulic-cylinders.net\/wp-content\/uploads\/2025\/01\/songte-company-2.webp\" alt=\"Image du cylindre du godet\"><\/p>\n<h2>Caract\u00e9ristiques<\/h2>\n<ul>\n<li>Haute r\u00e9sistance et durabilit\u00e9 : g\u00e9n\u00e9ralement fabriqu\u00e9 en acier ou en aluminium \u00e0 haute r\u00e9sistance, il peut supporter une pression \u00e9lev\u00e9e et des charges importantes, s'adapter aux environnements de travail difficiles et prendre en compte la r\u00e9sistance \u00e0 l'usure et \u00e0 la corrosion lors de sa conception afin d'allonger sa dur\u00e9e de vie.<\/li>\n<li>Fonctionnement hydraulique efficace\u00a0: des mouvements d\u2019extension et de contraction fluides sont obtenus gr\u00e2ce \u00e0 la pression de l\u2019huile hydraulique, fournissant des forces de pouss\u00e9e et de traction puissantes, adapt\u00e9es \u00e0 la manutention de charges lourdes et \u00e0 des t\u00e2ches complexes.<\/li>\n<li>Diff\u00e9rents types de v\u00e9rins sont disponibles\u00a0: \u00e0 simple effet (fonctionnement hydraulique dans un seul sens) ou \u00e0 double effet (fonctionnement hydraulique dans les deux sens), selon les besoins et les exigences d\u2019utilisation. Certains mod\u00e8les sont t\u00e9lescopiques, ce qui permet une plus grande extension sans augmenter l\u2019encombrement et convient aux applications o\u00f9 l\u2019espace est limit\u00e9.<\/li>\n<li>Compatibilit\u00e9 avec les v\u00e9rins hydrauliques d'autres marques : Nos produits peuvent parfaitement remplacer les v\u00e9rins hydrauliques d'autres marques.<\/li>\n<\/ul>\n<p><img decoding=\"async\" src=\"https:\/\/www.hydraulic-cylinders.net\/wp-content\/uploads\/2025\/01\/songte-cylinder-head-with-all-kinds-excavator-models.webp\" alt=\"Image du cylindre du godet\"><\/p>\n<h2>Applications<\/h2>\n<ul>\n<li>Mat\u00e9riel de construction\u00a0: Sur les pelles hydrauliques, les v\u00e9rins sont essentiels pour l\u2019excavation, le chargement et le d\u00e9placement de terre ou de d\u00e9bris. Sur les pelles r\u00e9tro, le v\u00e9rin du godet contribue \u00e0 la fois \u00e0 l\u2019excavation et au levage. Sur les chargeuses frontales, ils permettent de lever et de d\u00e9charger efficacement la charge.<\/li>\n<li>Machines agricoles : Utilis\u00e9es dans les chargeuses frontales, pour ramasser, soulever et transporter la terre, le foin et autres mat\u00e9riaux. <\/li>\n<li>Excavateurs : Le v\u00e9rin de godet permet les actions de creusement en permettant au godet de p\u00e9n\u00e9trer le sol. <\/li>\n<\/ul>\n<p>Chacune de ces applications peut \u00eatre expliqu\u00e9e plus en d\u00e9tail en au moins 200 mots.<\/p>\n<h2>Consid\u00e9rations de conception et crit\u00e8res de s\u00e9lection<\/h2>\n<ul>\n<li>Capacit\u00e9 de charge : La capacit\u00e9 de charge du v\u00e9rin hydraulique est essentielle pour garantir que l'appareil puisse supporter et soulever des charges lourdes. <\/li>\n<li>Capacit\u00e9 d'\u00e9tanch\u00e9it\u00e9 : Des joints de haute qualit\u00e9 sont n\u00e9cessaires pour \u00e9viter les fuites de fluide hydraulique et assurer un fonctionnement fluide. <\/li>\n<li>Durabilit\u00e9 : Le v\u00e9rin hydraulique doit pouvoir r\u00e9sister et s'adapter aux environnements d'exploitation difficiles, garantissant ainsi sa long\u00e9vit\u00e9. <\/li>\n<li>S\u00e9curit\u00e9 : Des dispositifs de s\u00e9curit\u00e9 tels que des soupapes de d\u00e9charge de pression et des soupapes de s\u00e9curit\u00e9 doivent \u00eatre int\u00e9gr\u00e9s \u00e0 la conception afin de garantir un fonctionnement s\u00fbr et efficace de l'appareil.<\/li>\n<li>Maintenance : Le v\u00e9rin hydraulique doit \u00eatre facile \u00e0 entretenir et \u00e0 r\u00e9parer, avec des pi\u00e8ces de rechange et des accessoires facilement disponibles.<\/li>\n<\/ul>\n<p><img decoding=\"async\" src=\"https:\/\/www.hydraulic-cylinders.net\/wp-content\/uploads\/2025\/01\/songte-oil-pipes-and-spare-parts.webp\" alt=\"Image du cylindre du godet\"><\/p>\n<h2>\u00c9tanch\u00e9it\u00e9 et lubrification du cylindre<\/h2>\n<p>Divers composants d'\u00e9tanch\u00e9it\u00e9, tels que les joints de piston et les joints de tige, assurent l'\u00e9tanch\u00e9it\u00e9 entre les pi\u00e8ces mobiles du v\u00e9rin hydraulique et emp\u00eachent les fuites d'huile hydraulique. Ces joints sont fabriqu\u00e9s \u00e0 partir de mat\u00e9riaux r\u00e9sistants \u00e0 l'usure, comme le polyur\u00e9thane, le caoutchouc nitrile et d'autres mat\u00e9riaux capables de supporter des conditions d'utilisation difficiles. De plus, le corps du v\u00e9rin et les surfaces d'extr\u00e9mit\u00e9 filet\u00e9es sont usin\u00e9s avec pr\u00e9cision pour am\u00e9liorer leur r\u00e9sistance \u00e0 l'usure. Une lubrification r\u00e9guli\u00e8re avec la quantit\u00e9 appropri\u00e9e d'huile hydraulique est indispensable au bon fonctionnement du v\u00e9rin.<\/p>\n<p><img decoding=\"async\" src=\"https:\/\/www.hydraulic-cylinders.net\/wp-content\/uploads\/2025\/01\/songte-chushion-collar.webp\" alt=\"Image du cylindre du godet\"><\/p>\n<h2>Inspection r\u00e9guli\u00e8re et maintenance pr\u00e9ventive<\/h2>\n<p>L'inspection r\u00e9guli\u00e8re et la maintenance pr\u00e9ventive sont essentielles pour garantir le bon fonctionnement et la s\u00e9curit\u00e9 du v\u00e9rin hydraulique. Voici quelques t\u00e2ches de maintenance courantes\u00a0:<\/p>\n<ul>\n<li>Inspection et lubrification r\u00e9guli\u00e8res des pi\u00e8ces mobiles<\/li>\n<li>Remplacement des joints us\u00e9s ou endommag\u00e9s<\/li>\n<li>Inspection d'\u00e9talonnage pour garantir la pr\u00e9cision et la s\u00e9curit\u00e9 du cylindre<\/li>\n<\/ul>\n<p>Il est important d'aligner correctement le cylindre lors de l'installation et d'utiliser les supports de fixation appropri\u00e9s pour le maintenir en place. Nous recommandons de suivre les proc\u00e9dures d'inspection, de r\u00e9paration et de remplacement pr\u00e9conis\u00e9es afin de prolonger la dur\u00e9e de vie du cylindre.<\/p>\n<h2>Consid\u00e9rations de s\u00e9curit\u00e9 et facteurs environnementaux<\/h2>\n<p>Les mesures de s\u00e9curit\u00e9 sont essentielles lors de l'utilisation de v\u00e9rins hydrauliques afin de pr\u00e9venir les accidents et de garantir la s\u00e9curit\u00e9 des travailleurs. Il est \u00e9galement primordial de prendre en compte l'impact environnemental de leur utilisation et d'assurer l'\u00e9limination appropri\u00e9e des fluides hydrauliques et autres d\u00e9chets.<\/p>\n<h2>Diagnostic et solutions des pannes courantes<\/h2>\n<p>Les pannes courantes des v\u00e9rins hydrauliques comprennent les fuites de fluide, une pression insuffisante et un positionnement impr\u00e9cis. Un diagnostic pr\u00e9cis et une r\u00e9paration rapide sont indispensables pour pr\u00e9venir les dommages et garantir le bon fonctionnement et la s\u00e9curit\u00e9 du v\u00e9rin. Des inspections r\u00e9guli\u00e8res et une maintenance pr\u00e9ventive permettent d'identifier et de r\u00e9soudre les probl\u00e8mes potentiels.<\/p>\n<p><img decoding=\"async\" src=\"https:\/\/www.hydraulic-cylinders.net\/wp-content\/uploads\/2025\/01\/songte-bushings-with-all-kinds-of-excavator-models.webp\" alt=\"Image du cylindre du godet\"><\/p>\n<h2>\u00c0 propos de notre entreprise<\/h2>\n<p>Nous sommes un fabricant de v\u00e9rins hydrauliques compatibles avec ceux d'autres marques. Gr\u00e2ce \u00e0 notre gamme compl\u00e8te de produits, nous sommes devenus l'un des principaux fabricants et distributeurs de v\u00e9rins hydrauliques sur les march\u00e9s nationaux et internationaux. Attach\u00e9s \u00e0 l'excellence, nous nous appuyons sur une strat\u00e9gie de gestion de la production industrielle rigoureuse, au sein d'ateliers de fabrication de pointe, afin d'am\u00e9liorer constamment nos installations, nos lignes de production et notre capacit\u00e9 d'innovation. Nous fournissons ainsi des produits performants, pr\u00e9cis et de haute qualit\u00e9, r\u00e9pondant aux besoins vari\u00e9s de nos clients.<\/p>\n<p><img decoding=\"async\" src=\"https:\/\/hzpt.com\/wp-content\/uploads\/2024\/11\/songte-company-1.webp\" alt=\"Image du cylindre du godet\"><\/p>\n<p>Nous proposons des services professionnels, une certification internationale, des services personnalis\u00e9s, des \u00e9quipements de production et un service apr\u00e8s-vente. Nos produits sont fabriqu\u00e9s par des techniciens qualifi\u00e9s, gr\u00e2ce \u00e0 des \u00e9quipements de production num\u00e9rique de pointe et des syst\u00e8mes de test professionnels. Nous am\u00e9liorons constamment la qualit\u00e9 de notre processus de fabrication afin de fournir des produits et services de haute qualit\u00e9 r\u00e9pondant aux exigences de nos clients.<\/p>\n<p>Auteur : lyl.<\/p>","protected":false},"excerpt":{"rendered":"<p>Bucket Cylinder For Sany Middle Excavator SY235CQ Introduction A bucket cylinder is a specially designed hydraulic cylinder primarily used to control the movement of the bucket in heavy machinery such as excavators, backhoe excavators, and front-end loaders. Its main function is to enable the bucket to lift, lower, and tilt, making it easier for various [&hellip;]<\/p>","protected":false},"featured_media":14780,"comment_status":"open","ping_status":"closed","template":"","meta":{"_et_pb_use_builder":"","_et_pb_old_content":"","_et_gb_content_width":""},"product_brand":[],"product_cat":[1494],"product_tag":[1495,1496],"class_list":{"0":"post-15438","1":"product","2":"type-product","3":"status-publish","4":"has-post-thumbnail","6":"product_cat-bucket-cylinders","7":"product_tag-bucket-cylinders","8":"product_tag-hydraulic-cylinders","10":"first","11":"instock","12":"shipping-taxable","13":"product-type-simple"},"amp_enabled":true,"_links":{"self":[{"href":"https:\/\/www.hydraulic-cylinders.net\/fr\/wp-json\/wp\/v2\/product\/15438","targetHints":{"allow":["GET"]}}],"collection":[{"href":"https:\/\/www.hydraulic-cylinders.net\/fr\/wp-json\/wp\/v2\/product"}],"about":[{"href":"https:\/\/www.hydraulic-cylinders.net\/fr\/wp-json\/wp\/v2\/types\/product"}],"replies":[{"embeddable":true,"href":"https:\/\/www.hydraulic-cylinders.net\/fr\/wp-json\/wp\/v2\/comments?post=15438"}],"wp:featuredmedia":[{"embeddable":true,"href":"https:\/\/www.hydraulic-cylinders.net\/fr\/wp-json\/wp\/v2\/media\/14780"}],"wp:attachment":[{"href":"https:\/\/www.hydraulic-cylinders.net\/fr\/wp-json\/wp\/v2\/media?parent=15438"}],"wp:term":[{"taxonomy":"product_brand","embeddable":true,"href":"https:\/\/www.hydraulic-cylinders.net\/fr\/wp-json\/wp\/v2\/product_brand?post=15438"},{"taxonomy":"product_cat","embeddable":true,"href":"https:\/\/www.hydraulic-cylinders.net\/fr\/wp-json\/wp\/v2\/product_cat?post=15438"},{"taxonomy":"product_tag","embeddable":true,"href":"https:\/\/www.hydraulic-cylinders.net\/fr\/wp-json\/wp\/v2\/product_tag?post=15438"}],"curies":[{"name":"wp","href":"https:\/\/api.w.org\/{rel}","templated":true}]}}