{"id":15441,"date":"2025-01-19T14:32:04","date_gmt":"2025-01-19T14:32:04","guid":{"rendered":"https:\/\/www.hydraulic-cylinders.net\/product\/bucket-cylinder-for-sany-middle-excavator-sy215q\/"},"modified":"2025-01-19T14:32:06","modified_gmt":"2025-01-19T14:32:06","slug":"bucket-cylinder-for-sany-middle-excavator-sy215q","status":"publish","type":"product","link":"https:\/\/www.hydraulic-cylinders.net\/fr\/produit\/bucket-cylinder-for-sany-middle-excavator-sy215q\/","title":{"rendered":"V\u00e9rin de godet pour pelle hydraulique Sany SY215Q"},"content":{"rendered":"<h1>V\u00e9rin de godet pour pelle hydraulique Sany SY215Q<\/h1>\n<h2>Introduction<\/h2>\n<p>Le v\u00e9rin de godet de la pelle moyenne Sany SY215Q est un v\u00e9rin hydraulique sp\u00e9cialement con\u00e7u pour contr\u00f4ler les mouvements du godet sur les engins de chantier tels que les pelles, les chargeuses-pelleteuses et les chargeuses frontales. Sa fonction principale est de permettre la lev\u00e9e, l'abaissement et l'inclinaison du godet, facilitant ainsi diverses op\u00e9rations de manutention. Au sein du syst\u00e8me hydraulique, le v\u00e9rin de godet contr\u00f4le pr\u00e9cis\u00e9ment les mouvements du godet en modulant la pression de l'huile hydraulique, permettant ainsi \u00e0 l'op\u00e9rateur de manipuler efficacement des charges lourdes et de s'adapter \u00e0 des environnements de travail complexes et \u00e0 des exigences vari\u00e9es.<\/p>\n<p><img decoding=\"async\" src=\"https:\/\/www.hydraulic-cylinders.net\/wp-content\/uploads\/2025\/01\/songte-company-2.webp\" alt=\"V\u00e9rin de godet pour pelle hydraulique Sany SY215Q\"><\/p>\n<h2>Caract\u00e9ristiques<\/h2>\n<ul>\n<li>Haute r\u00e9sistance et durabilit\u00e9 : g\u00e9n\u00e9ralement fabriqu\u00e9 en acier ou en aluminium \u00e0 haute r\u00e9sistance, il peut supporter une pression \u00e9lev\u00e9e et des charges importantes, s'adapter aux environnements de travail difficiles et est con\u00e7u dans un souci de r\u00e9sistance \u00e0 l'usure et \u00e0 la corrosion, prolongeant ainsi sa dur\u00e9e de vie.<\/li>\n<li>Fonctionnement hydraulique efficace\u00a0: les mouvements d\u2019extension et de r\u00e9traction en douceur sont obtenus gr\u00e2ce \u00e0 la pression de l\u2019huile hydraulique, qui peut r\u00e9pondre rapidement aux commandes, fournir des forces de pouss\u00e9e et de traction puissantes et convient \u00e0 la manutention de charges lourdes et \u00e0 des t\u00e2ches complexes.<\/li>\n<li>Diff\u00e9rents types de v\u00e9rins sont disponibles\u00a0: \u00e0 simple effet (le fluide hydraulique est utilis\u00e9 dans un seul sens) ou \u00e0 double effet (le fluide hydraulique est utilis\u00e9 dans les deux sens), selon les besoins et les exigences de fonctionnement. Certains mod\u00e8les sont t\u00e9lescopiques, ce qui permet une plus grande extension sans augmenter les dimensions ext\u00e9rieures et les rend donc adapt\u00e9s aux applications o\u00f9 l\u2019espace est limit\u00e9.<\/li>\n<li>Facile \u00e0 installer\u00a0: notre produit remplace parfaitement ces v\u00e9rins hydrauliques. Nous pouvons le fabriquer.<\/li>\n<\/ul>\n<p><img decoding=\"async\" src=\"https:\/\/www.hydraulic-cylinders.net\/wp-content\/uploads\/2025\/01\/songte-cylinder-head-with-all-kinds-excavator-models.webp\" alt=\"V\u00e9rin de godet pour pelle hydraulique Sany SY215Q\"><\/p>\n<h2>Applications<\/h2>\n<p>Le v\u00e9rin de godet pour pelle moyenne Sany SY215Q est largement utilis\u00e9 dans divers domaines, notamment\u00a0:<\/p>\n<ul>\n<li>Engins de chantier\u00a0: Sur les excavatrices, les v\u00e9rins sont indispensables pour creuser, charger et d\u00e9placer la terre ou les d\u00e9bris. Sur les chargeuses-pelleteuses, le v\u00e9rin du godet participe \u00e0 la fois au creusement et au levage. <\/li>\n<li>Machines agricoles : Utilis\u00e9es sur les chargeuses frontales pour ramasser, soulever et transporter la terre, le foin et autres mat\u00e9riaux. <\/li>\n<li>Excavatrices : Les v\u00e9rins du godet permettent le creusement en permettant au godet de p\u00e9n\u00e9trer dans le sol. <\/li>\n<li>Chargeuses : Sur les chargeuses frontales, elles permettent de soulever et d'incliner efficacement les charges.<\/li>\n<\/ul>\n<p>Chaque application est d\u00e9crite en d\u00e9tail ci-dessous\u00a0:<\/p>\n<h3>Mat\u00e9riel de construction<\/h3>\n<p>Sur les excavatrices, les v\u00e9rins de godet sont indispensables pour creuser, charger et d\u00e9placer la terre ou les d\u00e9bris. On les retrouve \u00e9galement sur les chargeuses-pelleteuses, o\u00f9 ils participent aux op\u00e9rations de creusement et de levage. Largement utilis\u00e9s dans le secteur de la construction pour les travaux d'excavation et de chargement, les v\u00e9rins de godet sont essentiels au mouvement du godet\u00a0: ils permettent de le lever, de l'abaisser et de l'incliner, facilitant ainsi la manutention des mat\u00e9riaux.<\/p>\n<h3>machines agricoles<\/h3>\n<p>Le v\u00e9rin de godet est largement utilis\u00e9 dans les machines agricoles telles que les chargeuses frontales. Gr\u00e2ce \u00e0 lui, la chargeuse peut facilement ramasser, soulever et transporter de la terre, du foin et d'autres mat\u00e9riaux. Le v\u00e9rin de godet est un composant essentiel de la chargeuse et lui permet d'effectuer ais\u00e9ment des travaux exigeants.<\/p>\n<h3>Excavateurs<\/h3>\n<p>Le v\u00e9rin de godet de la pelle moyenne Sany SY215Q joue un r\u00f4le essentiel. Il permet au godet de p\u00e9n\u00e9trer dans le sol et d'effectuer le creusement. Ce v\u00e9rin est actionn\u00e9 par l'huile hydraulique, qui module la pression pour contr\u00f4ler le mouvement du godet. L'op\u00e9rateur peut ainsi creuser efficacement, facilement et avec pr\u00e9cision.<\/p>\n<h3>Chargeurs<\/h3>\n<p>Sur les chargeuses frontales, les v\u00e9rins de godet permettent de lever et d'incliner efficacement les charges. Con\u00e7us pour soulever des charges lourdes en douceur et en toute s\u00e9curit\u00e9, ils sont indispensables aux op\u00e9rations de manutention. Les v\u00e9rins de godet permettent \u00e0 la chargeuse de lever, d'abaisser et d'incliner le godet, facilitant ainsi le chargement et le d\u00e9chargement.<\/p>\n<h2>Consid\u00e9rations de conception et crit\u00e8res de s\u00e9lection<\/h2>\n<p>Lors de la conception et de la s\u00e9lection des v\u00e9rins de godet, plusieurs facteurs doivent \u00eatre pris en compte, notamment la capacit\u00e9 de charge, l'\u00e9tanch\u00e9it\u00e9, la durabilit\u00e9, la s\u00e9curit\u00e9 et la facilit\u00e9 d'entretien.<\/p>\n<ul>\n<li>Capacit\u00e9 de charge\u00a0: Le v\u00e9rin du godet doit pouvoir supporter le poids de la charge. Le mat\u00e9riau utilis\u00e9 doit \u00eatre r\u00e9sistant et durable, et la conception structurelle du v\u00e9rin doit \u00eatre suffisamment robuste pour supporter des charges importantes.<\/li>\n<li>\u00c9tanch\u00e9it\u00e9\u00a0: Le v\u00e9rin du godet doit \u00eatre parfaitement \u00e9tanche afin d\u2019\u00e9viter les fuites et d\u2019assurer un fonctionnement optimal. Les joints utilis\u00e9s doivent \u00eatre fabriqu\u00e9s dans des mat\u00e9riaux r\u00e9sistants \u00e0 l\u2019usure et con\u00e7us pour supporter des pressions \u00e9lev\u00e9es.<\/li>\n<li>Durabilit\u00e9 : Les v\u00e9rins de godet sont expos\u00e9s \u00e0 des environnements difficiles et doivent \u00eatre con\u00e7us pour r\u00e9sister \u00e0 la corrosion, \u00e0 l'usure et \u00e0 d'autres facteurs externes susceptibles de r\u00e9duire leur dur\u00e9e de vie.<\/li>\n<li>S\u00e9curit\u00e9\u00a0: Les v\u00e9rins de godet doivent \u00eatre con\u00e7us en tenant compte de la s\u00e9curit\u00e9. Ils doivent \u00eatre \u00e9quip\u00e9s de dispositifs de s\u00e9curit\u00e9 tels que des soupapes de d\u00e9charge de pression afin de pr\u00e9venir les accidents.<\/li>\n<li>Facilit\u00e9 d'entretien\u00a0: Les v\u00e9rins de godet doivent \u00eatre con\u00e7us pour faciliter l'entretien et les r\u00e9parations. Ils doivent \u00eatre faciles \u00e0 d\u00e9monter et \u00e0 remonter, et les pi\u00e8ces de rechange doivent \u00eatre facilement disponibles.<\/li>\n<\/ul>\n<p><img decoding=\"async\" src=\"https:\/\/www.hydraulic-cylinders.net\/wp-content\/uploads\/2025\/01\/songte-oil-pipes-and-spare-parts.webp\" alt=\"V\u00e9rin de godet pour pelle hydraulique Sany SY215Q\"><\/p>\n<h2>\u00c9tanch\u00e9it\u00e9 et lubrification<\/h2>\n<p>Le v\u00e9rin de godet de la pelle Sany SY215Q utilise divers composants d'\u00e9tanch\u00e9it\u00e9, tels que des joints de piston et des joints de tige. Ces joints sont fabriqu\u00e9s \u00e0 partir de mat\u00e9riaux r\u00e9sistants \u00e0 l'usure, comme le polyur\u00e9thane et le caoutchouc nitrile, pour une dur\u00e9e de vie accrue. Le corps du v\u00e9rin et la surface d'extr\u00e9mit\u00e9 du filetage b\u00e9n\u00e9ficient d'un usinage de pr\u00e9cision pour une meilleure r\u00e9sistance \u00e0 l'usure. Un graissage r\u00e9gulier \u00e0 l'huile hydraulique est n\u00e9cessaire pour un fonctionnement optimal. Ce graissage r\u00e9gulier contribue \u00e9galement \u00e0 prolonger la dur\u00e9e de vie du v\u00e9rin et garantit un fonctionnement efficace et s\u00fbr.<\/p>\n<h2>Entretien et r\u00e9paration<\/h2>\n<p>Un entretien et des r\u00e9parations r\u00e9guliers sont essentiels pour garantir le fonctionnement efficace et s\u00fbr du v\u00e9rin de godet de la pelle Sany SY215Q. Les t\u00e2ches d'entretien courantes comprennent les inspections r\u00e9guli\u00e8res, la lubrification appropri\u00e9e, le remplacement des joints et les v\u00e9rifications d'\u00e9talonnage. Une installation, une lubrification et un r\u00e9glage corrects sont \u00e9galement indispensables au bon fonctionnement du v\u00e9rin. L'utilisation de supports de fixation appropri\u00e9s est recommand\u00e9e. Lors de la r\u00e9paration ou du remplacement de pi\u00e8ces, il est recommand\u00e9 de suivre les proc\u00e9dures de remplacement recommand\u00e9es afin de garantir le fonctionnement s\u00fbr et efficace du v\u00e9rin.<\/p>\n<p><img decoding=\"async\" src=\"https:\/\/www.hydraulic-cylinders.net\/wp-content\/uploads\/2025\/01\/songte-chushion-collar.webp\" alt=\"V\u00e9rin de godet pour pelle hydraulique Sany SY215Q\"><\/p>\n<h2>Consid\u00e9rations de s\u00e9curit\u00e9 et facteurs environnementaux<\/h2>\n<p>Lors de l'utilisation du v\u00e9rin de godet de la pelle Sany SY215Q, il est essentiel de respecter les consignes de s\u00e9curit\u00e9 afin de pr\u00e9venir tout accident. Des dispositifs de s\u00e9curit\u00e9, tels que des soupapes de d\u00e9charge de pression, doivent \u00eatre install\u00e9s. Les facteurs environnementaux \u00e0 prendre en compte incluent la plage de temp\u00e9ratures de l'environnement d'utilisation et la nature des mat\u00e9riaux ou substances avec lesquels le v\u00e9rin sera en contact.<\/p>\n<h2>Diagnostic des pannes et probl\u00e8mes courants<\/h2>\n<p>Parmi les probl\u00e8mes courants pouvant affecter le v\u00e9rin de godet de la pelle Sany SY215Q, on retrouve les fuites, les dysfonctionnements et l'endommagement des joints ou d'autres composants. Ces probl\u00e8mes peuvent \u00eatre diagnostiqu\u00e9s en inspectant le v\u00e9rin afin de d\u00e9tecter tout dommage ou usure. Un entretien et une inspection r\u00e9guliers permettent de pr\u00e9venir ces probl\u00e8mes, et une d\u00e9tection pr\u00e9coce permet d'en limiter l'\u00e9tendue des d\u00e9g\u00e2ts.<\/p>\n<p>En cas de probl\u00e8me, il est essentiel de suivre les proc\u00e9dures de r\u00e9paration recommand\u00e9es afin de garantir le fonctionnement s\u00fbr et efficace du v\u00e9rin. Si les dommages sont importants, il peut \u00eatre n\u00e9cessaire de remplacer le v\u00e9rin ou certains de ses composants.<\/p>\n<p><img decoding=\"async\" src=\"https:\/\/www.hydraulic-cylinders.net\/wp-content\/uploads\/2025\/01\/songte-bushings-with-all-kinds-of-excavator-models.webp\" alt=\"V\u00e9rin de godet pour pelle hydraulique Sany SY215Q\"><\/p>\n<h2>\u00c0 propos de notre entreprise<\/h2>\n<p>Nous sommes un fabricant de v\u00e9rins hydrauliques de remplacement et proposons une gamme compl\u00e8te de produits. Nous figurons parmi les principaux fabricants et distributeurs de v\u00e9rins hydrauliques sur les march\u00e9s nationaux et internationaux. Notre priorit\u00e9 est l'excellence, et nous nous appuyons sur une strat\u00e9gie de gestion de la production industrielle rigoureuse au sein d'un atelier de fabrication performant. Nous optimisons constamment nos processus de production gr\u00e2ce \u00e0 l'expertise de nos techniciens, \u00e0 des \u00e9quipements de fabrication num\u00e9riques de pointe et \u00e0 des syst\u00e8mes de contr\u00f4le professionnels. Notre forte capacit\u00e9 d'innovation et notre engagement envers l'efficacit\u00e9, la pr\u00e9cision et la qualit\u00e9 nous permettent de r\u00e9pondre aux besoins vari\u00e9s de nos clients.<\/p>\n<p>Notre entreprise est sp\u00e9cialis\u00e9e, certifi\u00e9e \u00e0 l'international, propose des services personnalis\u00e9s, utilise des \u00e9quipements de production de pointe et offre un excellent service apr\u00e8s-vente. Nos produits sont le fruit de notre engagement envers la qualit\u00e9 et l'innovation, et nous mettons tout en \u0153uvre pour offrir la meilleure exp\u00e9rience client possible.<\/p>\n<p><img decoding=\"async\" src=\"https:\/\/hzpt.com\/wp-content\/uploads\/2024\/11\/songte-company-1.webp\" alt=\"V\u00e9rin de godet pour pelle hydraulique Sany SY215Q\"><\/p>\n<p>Auteur : lyl<\/p>","protected":false},"excerpt":{"rendered":"<p>Bucket Cylinder For Sany Middle Excavator SY215Q Introduction The bucket cylinder for Sany middle excavator SY215Q is a specially designed hydraulic cylinder used primarily to control the movement of the bucket in heavy machinery such as excavators, backhoe loaders, and front-end loaders. Its main function is to enable the bucket to lift, lower, and tilt, [&hellip;]<\/p>","protected":false},"featured_media":14773,"comment_status":"open","ping_status":"closed","template":"","meta":{"_et_pb_use_builder":"","_et_pb_old_content":"","_et_gb_content_width":""},"product_brand":[],"product_cat":[1494],"product_tag":[1495,1496],"class_list":{"0":"post-15441","1":"product","2":"type-product","3":"status-publish","4":"has-post-thumbnail","6":"product_cat-bucket-cylinders","7":"product_tag-bucket-cylinders","8":"product_tag-hydraulic-cylinders","10":"first","11":"instock","12":"shipping-taxable","13":"product-type-simple"},"amp_enabled":true,"_links":{"self":[{"href":"https:\/\/www.hydraulic-cylinders.net\/fr\/wp-json\/wp\/v2\/product\/15441","targetHints":{"allow":["GET"]}}],"collection":[{"href":"https:\/\/www.hydraulic-cylinders.net\/fr\/wp-json\/wp\/v2\/product"}],"about":[{"href":"https:\/\/www.hydraulic-cylinders.net\/fr\/wp-json\/wp\/v2\/types\/product"}],"replies":[{"embeddable":true,"href":"https:\/\/www.hydraulic-cylinders.net\/fr\/wp-json\/wp\/v2\/comments?post=15441"}],"wp:featuredmedia":[{"embeddable":true,"href":"https:\/\/www.hydraulic-cylinders.net\/fr\/wp-json\/wp\/v2\/media\/14773"}],"wp:attachment":[{"href":"https:\/\/www.hydraulic-cylinders.net\/fr\/wp-json\/wp\/v2\/media?parent=15441"}],"wp:term":[{"taxonomy":"product_brand","embeddable":true,"href":"https:\/\/www.hydraulic-cylinders.net\/fr\/wp-json\/wp\/v2\/product_brand?post=15441"},{"taxonomy":"product_cat","embeddable":true,"href":"https:\/\/www.hydraulic-cylinders.net\/fr\/wp-json\/wp\/v2\/product_cat?post=15441"},{"taxonomy":"product_tag","embeddable":true,"href":"https:\/\/www.hydraulic-cylinders.net\/fr\/wp-json\/wp\/v2\/product_tag?post=15441"}],"curies":[{"name":"wp","href":"https:\/\/api.w.org\/{rel}","templated":true}]}}