{"id":15444,"date":"2025-01-19T14:32:16","date_gmt":"2025-01-19T14:32:16","guid":{"rendered":"https:\/\/www.hydraulic-cylinders.net\/product\/bucket-cylinder-for-sany-middle-excavator-sy265c-9\/"},"modified":"2025-01-19T14:32:18","modified_gmt":"2025-01-19T14:32:18","slug":"bucket-cylinder-for-sany-middle-excavator-sy265c-9","status":"publish","type":"product","link":"https:\/\/www.hydraulic-cylinders.net\/fr\/produit\/bucket-cylinder-for-sany-middle-excavator-sy265c-9\/","title":{"rendered":"Cylindre de godet pour pelle hydraulique Sany SY265C-9"},"content":{"rendered":"<h1>Cylindre de godet pour pelle hydraulique Sany SY265C-9<\/h1>\n<h2>Introduction<\/h2>\n<h3>D\u00e9finition et explication<\/h3>\n<p>Un v\u00e9rin de godet est un v\u00e9rin hydraulique sp\u00e9cialis\u00e9 con\u00e7u pour contr\u00f4ler les mouvements du godet sur les engins de chantier tels que les pelles hydrauliques, les chargeuses-pelleteuses et les chargeuses frontales. Sa fonction principale est de permettre la lev\u00e9e, l'abaissement et l'inclinaison du godet, facilitant ainsi la manutention de divers mat\u00e9riaux. Au sein du syst\u00e8me hydraulique, le v\u00e9rin de godet assure un contr\u00f4le pr\u00e9cis du godet gr\u00e2ce \u00e0 la variation de la pression d'huile hydraulique, permettant aux op\u00e9rateurs de manipuler efficacement des charges lourdes et de s'adapter \u00e0 des environnements de travail complexes et \u00e0 des besoins op\u00e9rationnels vari\u00e9s.<\/p>\n<p><img decoding=\"async\" src=\"https:\/\/www.hydraulic-cylinders.net\/wp-content\/uploads\/2025\/01\/songte-company-2.webp\"><\/p>\n<h2>Caract\u00e9ristiques<\/h2>\n<p>Le v\u00e9rin de godet pour pelle moyenne Sany SY265C-9 pr\u00e9sente les caract\u00e9ristiques suivantes\u00a0:<\/p>\n<ul>\n<li>Haute r\u00e9sistance et durabilit\u00e9\u00a0: Fabriqu\u00e9 g\u00e9n\u00e9ralement en acier ou en aluminium haute r\u00e9sistance, il supporte les hautes pressions et les charges importantes, s\u2019adaptant ainsi aux environnements de travail difficiles. Sa conception lui conf\u00e8re une r\u00e9sistance \u00e0 l\u2019usure et \u00e0 la corrosion optimale, prolongeant ainsi sa dur\u00e9e de vie.<\/li>\n<li>Fonctionnement hydraulique efficace\u00a0: des mouvements d\u2019extension et de contraction fluides sont obtenus gr\u00e2ce \u00e0 la pression de l\u2019huile hydraulique, permettant une r\u00e9ponse rapide aux commandes et fournissant des forces de pouss\u00e9e et de traction puissantes adapt\u00e9es \u00e0 la manutention de charges lourdes et \u00e0 des t\u00e2ches complexes.<\/li>\n<li>Types polyvalents\u00a0: des v\u00e9rins \u00e0 simple effet (fonctionnement hydraulique dans un seul sens) ou \u00e0 double effet (fonctionnement hydraulique dans les deux sens) peuvent \u00eatre s\u00e9lectionn\u00e9s en fonction des besoins op\u00e9rationnels. Certains mod\u00e8les sont t\u00e9lescopiques, ce qui permet une plus grande extension sans augmenter les dimensions ext\u00e9rieures et les rend adapt\u00e9s aux applications dans des espaces restreints.<\/li>\n<li>Remplacement parfait : notre produit peut parfaitement remplacer ces v\u00e9rins hydrauliques.<\/li>\n<\/ul>\n<p><img decoding=\"async\" src=\"https:\/\/www.hydraulic-cylinders.net\/wp-content\/uploads\/2025\/01\/songte-cylinder-head-with-all-kinds-excavator-models.webp\"><\/p>\n<h2>Applications<\/h2>\n<p>Le v\u00e9rin \u00e0 godet est largement utilis\u00e9 dans diverses machines lourdes, notamment\u00a0:<\/p>\n<ul>\n<li>Mat\u00e9riel de construction\u00a0: Sur les excavatrices, le v\u00e9rin du godet est essentiel pour creuser, charger et d\u00e9placer la terre ou les d\u00e9bris. Sur les pelles r\u00e9trocaveuses, le v\u00e9rin du godet participe \u00e0 la fois au creusement et au levage. <\/li>\n<li>Machines agricoles : Utilis\u00e9es sur les chargeuses frontales, elles servent \u00e0 ramasser, soulever et transporter la terre, le foin et d'autres mat\u00e9riaux. <\/li>\n<li>Excavatrices : Le v\u00e9rin du godet assure l'excavation en permettant au godet de p\u00e9n\u00e9trer dans le sol. <\/li>\n<li>Chargeuses : Sur les chargeuses frontales, elles facilitent le levage et le d\u00e9chargement efficace des marchandises. <\/li>\n<\/ul>\n<p>Vous trouverez ci-dessous la description d\u00e9taill\u00e9e de chaque application\u00a0:<\/p>\n<h3>\u00c9quipement de construction<\/h3>\n<p>Sur les pelles hydrauliques, le v\u00e9rin du godet est essentiel pour creuser, charger et d\u00e9placer la terre ou les d\u00e9bris. Gr\u00e2ce \u00e0 lui, l'op\u00e9rateur contr\u00f4le les mouvements du godet et peut facilement ramasser les mat\u00e9riaux, ce qui permet un travail efficace sur les chantiers. Sur les pelles r\u00e9tro, le v\u00e9rin du godet participe \u00e0 la fois au creusement et au levage, offrant un meilleur contr\u00f4le des mouvements du godet et permettant \u00e0 l'op\u00e9rateur de travailler dans des espaces restreints. <\/p>\n<h3>machines agricoles<\/h3>\n<p>Le v\u00e9rin de godet est utilis\u00e9 sur les chargeuses frontales pour ramasser, soulever et transporter de la terre, du foin et d'autres mat\u00e9riaux. Gr\u00e2ce \u00e0 ce v\u00e9rin, l'op\u00e9rateur peut contr\u00f4ler le mouvement du godet et d\u00e9placer facilement les mat\u00e9riaux, ce qui simplifie le travail dans les exploitations agricoles.<\/p>\n<h3>Excavateurs<\/h3>\n<p>Le v\u00e9rin du godet d'une excavatrice permet l'excavation en enfon\u00e7ant le godet dans le sol. Cette fonction est essentielle lors des travaux d'excavation n\u00e9cessitant l'enl\u00e8vement de terre.<\/p>\n<h3>Chargeurs<\/h3>\n<p>Sur les chargeuses frontales, le v\u00e9rin du godet facilite le levage et le d\u00e9chargement des marchandises. Il permet de contr\u00f4ler le mouvement du godet, simplifiant ainsi les op\u00e9rations de chargement et de d\u00e9chargement.<\/p>\n<h2>Consid\u00e9rations de conception et crit\u00e8res de s\u00e9lection<\/h2>\n<p>Lors de la conception du v\u00e9rin de godet, plusieurs facteurs doivent \u00eatre pris en compte\u00a0:<\/p>\n<ul>\n<li>Capacit\u00e9 de charge : Le v\u00e9rin du godet doit \u00eatre con\u00e7u pour supporter la charge \u00e0 laquelle il sera soumis, y compris le poids du mat\u00e9riau soulev\u00e9 et les conditions de l'environnement de travail.<\/li>\n<li>\u00c9tanch\u00e9it\u00e9 : Le v\u00e9rin du godet doit \u00eatre parfaitement \u00e9tanche afin d'\u00e9viter les fuites de fluide hydraulique, qui peuvent entra\u00eener une panne du syst\u00e8me.<\/li>\n<li>Durabilit\u00e9 : Le v\u00e9rin du godet doit \u00eatre con\u00e7u pour r\u00e9sister aux conditions de travail difficiles, notamment \u00e0 l'usure, \u00e0 la corrosion et \u00e0 d'autres facteurs pouvant r\u00e9duire sa dur\u00e9e de vie.<\/li>\n<li>S\u00e9curit\u00e9 : Le v\u00e9rin du godet doit \u00eatre con\u00e7u en tenant compte de la s\u00e9curit\u00e9, notamment en int\u00e9grant des dispositifs de s\u00e9curit\u00e9 qui emp\u00eachent tout dysfonctionnement ou accident.<\/li>\n<li>Facilit\u00e9 d'entretien\u00a0: Le v\u00e9rin du godet doit \u00eatre con\u00e7u pour \u00eatre facilement entretenu et r\u00e9par\u00e9, ce qui peut contribuer \u00e0 prolonger sa dur\u00e9e de vie et \u00e0 r\u00e9duire les temps d'arr\u00eat.<\/li>\n<\/ul>\n<p><img decoding=\"async\" src=\"https:\/\/www.hydraulic-cylinders.net\/wp-content\/uploads\/2025\/01\/songte-oil-pipes-and-spare-parts.webp\"><\/p>\n<h2>\u00c9tanch\u00e9it\u00e9 et lubrification du v\u00e9rin de godet<\/h2>\n<p>Le v\u00e9rin du godet utilise diff\u00e9rents joints, tels que des joints de piston et des joints de tige en mat\u00e9riaux r\u00e9sistants \u00e0 l'usure comme le polyur\u00e9thane et le caoutchouc nitrile, afin de pr\u00e9venir les fuites d'huile hydraulique. Le corps du v\u00e9rin et les surfaces d'extr\u00e9mit\u00e9 filet\u00e9es sont usin\u00e9s avec pr\u00e9cision pour une meilleure r\u00e9sistance \u00e0 l'usure. Un appoint r\u00e9gulier d'huile hydraulique est n\u00e9cessaire pour la lubrification.<\/p>\n<h2>Inspection et maintenance pr\u00e9ventive du v\u00e9rin du godet<\/h2>\n<p>Pour assurer le bon fonctionnement du v\u00e9rin du godet, il est essentiel de proc\u00e9der \u00e0 des inspections r\u00e9guli\u00e8res et \u00e0 un entretien pr\u00e9ventif. Voici quelques conseils\u00a0:<\/p>\n<ul>\n<li>V\u00e9rifiez r\u00e9guli\u00e8rement l'absence de fuites ou de dommages au niveau du corps du cylindre et des joints. <\/li>\n<li>Ajoutez r\u00e9guli\u00e8rement du lubrifiant au cylindre et remplacez les joints lorsqu'ils pr\u00e9sentent des signes d'usure.<\/li>\n<li>Calibrer le cylindre si n\u00e9cessaire pour s'assurer de son bon fonctionnement.<\/li>\n<\/ul>\n<h2>Installation et alignement du v\u00e9rin de godet<\/h2>\n<p>Une installation et un alignement corrects du v\u00e9rin de godet sont essentiels pour garantir son bon fonctionnement et sa long\u00e9vit\u00e9. Voici quelques conseils essentiels\u00a0:<\/p>\n<ul>\n<li>Fournir des instructions claires pour l'alignement du cylindre lors de l'installation.<\/li>\n<li>Utilisez des supports d\u2019installation appropri\u00e9s pour fixer le cylindre en place.<\/li>\n<li>Contr\u00f4lez, r\u00e9parez et remplacez r\u00e9guli\u00e8rement les pi\u00e8ces afin de maintenir le bon fonctionnement du v\u00e9rin du godet.<\/li>\n<li>Utilisez les proc\u00e9dures d'inspection, de r\u00e9paration et de remplacement recommand\u00e9es pour augmenter la dur\u00e9e de vie du v\u00e9rin du godet.<\/li>\n<\/ul>\n<p><img decoding=\"async\" src=\"https:\/\/www.hydraulic-cylinders.net\/wp-content\/uploads\/2025\/01\/songte-chushion-collar.webp\"><\/p>\n<h2>Consid\u00e9rations relatives \u00e0 la s\u00e9curit\u00e9 et \u00e0 l'environnement<\/h2>\n<p>Les mesures de s\u00e9curit\u00e9 sont essentielles lors de l'utilisation du v\u00e9rin de godet. Lors du choix de ce dernier, il est n\u00e9cessaire de prendre en compte les dispositifs de s\u00e9curit\u00e9 qui pr\u00e9viennent les dysfonctionnements et les accidents. Le v\u00e9rin de godet doit \u00eatre utilis\u00e9 conform\u00e9ment aux instructions du fabricant afin d'\u00e9viter tout accident. Il est indispensable d'\u00e9liminer correctement l'huile hydraulique usag\u00e9e et les autres mat\u00e9riaux afin de pr\u00e9server l'environnement.<\/p>\n<h2>D\u00e9pannage et probl\u00e8mes courants<\/h2>\n<p>Voici les probl\u00e8mes courants et leurs solutions qui peuvent survenir lors de l'utilisation du v\u00e9rin de godet\u00a0:<\/p>\n<ul>\n<li>Le v\u00e9rin ne bouge pas\u00a0: v\u00e9rifiez le syst\u00e8me hydraulique\u00a0: filtres obstru\u00e9s, niveau d\u2019huile insuffisant ou conduites endommag\u00e9es. <\/li>\n<li>Le v\u00e9rin se d\u00e9place trop lentement\u00a0: v\u00e9rifiez l\u2019absence de fuites dans le syst\u00e8me hydraulique et le niveau d\u2019huile. <\/li>\n<li>Le cylindre fuit de l'huile\u00a0: v\u00e9rifiez les joints et remplacez-les si n\u00e9cessaire.<\/li>\n<\/ul>\n<p>Il est essentiel de proc\u00e9der \u00e0 des inspections r\u00e9guli\u00e8res et \u00e0 une maintenance pr\u00e9ventive afin d'\u00e9viter ces probl\u00e8mes et d'augmenter la dur\u00e9e de vie du v\u00e9rin du godet. <\/p>\n<p><img decoding=\"async\" src=\"https:\/\/www.hydraulic-cylinders.net\/wp-content\/uploads\/2025\/01\/songte-bushings-with-all-kinds-of-excavator-models.webp\"><\/p>\n<h2>\u00c0 propos de notre entreprise<\/h2>\n<p>Nous sommes un fabricant de v\u00e9rins hydrauliques compatibles avec les pi\u00e8ces d'origine. Notre gamme compl\u00e8te de produits nous a permis de devenir l'un des principaux fabricants et distributeurs de v\u00e9rins hydrauliques sur les march\u00e9s nationaux et internationaux. Notre priorit\u00e9 est l'excellence, et nous nous appuyons sur des strat\u00e9gies de production industrialis\u00e9es au sein d'ateliers de fabrication de pointe. Nous am\u00e9liorons constamment notre plateforme de production, perfectionnons notre processus de fabrication et sommes en mesure de concevoir des produits performants, pr\u00e9cis et de haute qualit\u00e9, r\u00e9pondant ainsi aux besoins vari\u00e9s de nos clients.<\/p>\n<p>Notre entreprise pr\u00e9sente les caract\u00e9ristiques suivantes\u00a0:<\/p>\n<ul>\n<li>Professionnalisme<\/li>\n<li>Certification internationale<\/li>\n<li>Service personnalis\u00e9<\/li>\n<li>\u00c9quipement de production<\/li>\n<li>Service apr\u00e8s-vente<\/li>\n<\/ul>\n<p><img decoding=\"async\" src=\"https:\/\/hzpt.com\/wp-content\/uploads\/2024\/11\/songte-company-1.webp\"><\/p>\n<p>Auteur : lyl<\/p>","protected":false},"excerpt":{"rendered":"<p>Bucket Cylinder For Sany Middle Excavator SY265C-9 Introduction Definition and Explanation A bucket cylinder is a specialized hydraulic cylinder designed to control the movement of the bucket in heavy machinery such as excavators, backhoe excavators, and front-end loaders. Its main function is to enable the bucket to lift, lower, and tilt, making it easier to [&hellip;]<\/p>","protected":false},"featured_media":14765,"comment_status":"open","ping_status":"closed","template":"","meta":{"_et_pb_use_builder":"","_et_pb_old_content":"","_et_gb_content_width":""},"product_brand":[],"product_cat":[1494],"product_tag":[1495,1496],"class_list":{"0":"post-15444","1":"product","2":"type-product","3":"status-publish","4":"has-post-thumbnail","6":"product_cat-bucket-cylinders","7":"product_tag-bucket-cylinders","8":"product_tag-hydraulic-cylinders","10":"first","11":"instock","12":"shipping-taxable","13":"product-type-simple"},"amp_enabled":true,"_links":{"self":[{"href":"https:\/\/www.hydraulic-cylinders.net\/fr\/wp-json\/wp\/v2\/product\/15444","targetHints":{"allow":["GET"]}}],"collection":[{"href":"https:\/\/www.hydraulic-cylinders.net\/fr\/wp-json\/wp\/v2\/product"}],"about":[{"href":"https:\/\/www.hydraulic-cylinders.net\/fr\/wp-json\/wp\/v2\/types\/product"}],"replies":[{"embeddable":true,"href":"https:\/\/www.hydraulic-cylinders.net\/fr\/wp-json\/wp\/v2\/comments?post=15444"}],"wp:featuredmedia":[{"embeddable":true,"href":"https:\/\/www.hydraulic-cylinders.net\/fr\/wp-json\/wp\/v2\/media\/14765"}],"wp:attachment":[{"href":"https:\/\/www.hydraulic-cylinders.net\/fr\/wp-json\/wp\/v2\/media?parent=15444"}],"wp:term":[{"taxonomy":"product_brand","embeddable":true,"href":"https:\/\/www.hydraulic-cylinders.net\/fr\/wp-json\/wp\/v2\/product_brand?post=15444"},{"taxonomy":"product_cat","embeddable":true,"href":"https:\/\/www.hydraulic-cylinders.net\/fr\/wp-json\/wp\/v2\/product_cat?post=15444"},{"taxonomy":"product_tag","embeddable":true,"href":"https:\/\/www.hydraulic-cylinders.net\/fr\/wp-json\/wp\/v2\/product_tag?post=15444"}],"curies":[{"name":"wp","href":"https:\/\/api.w.org\/{rel}","templated":true}]}}