{"id":15457,"date":"2025-01-19T14:33:14","date_gmt":"2025-01-19T14:33:14","guid":{"rendered":"https:\/\/www.hydraulic-cylinders.net\/product\/bucket-cylinder-for-sany-large-excavator-sy365h-9\/"},"modified":"2025-01-19T14:33:16","modified_gmt":"2025-01-19T14:33:16","slug":"bucket-cylinder-for-sany-large-excavator-sy365h-9","status":"publish","type":"product","link":"https:\/\/www.hydraulic-cylinders.net\/fr\/produit\/bucket-cylinder-for-sany-large-excavator-sy365h-9\/","title":{"rendered":"Cylindre de godet pour pelle hydraulique Sany SY365H-9"},"content":{"rendered":"<h1>Cylindre de godet pour pelle hydraulique Sany SY365H-9<\/h1>\n<h2>Introduction<\/h2>\n<p>Le v\u00e9rin de godet pour pelle hydraulique Sany SY365H-9 est un v\u00e9rin hydraulique sp\u00e9cialement con\u00e7u pour contr\u00f4ler les mouvements du godet sur les engins de chantier tels que les pelles hydrauliques, les pelles r\u00e9tro et les chargeuses frontales. Sa fonction principale est de permettre la lev\u00e9e, l'abaissement et l'inclinaison du godet, facilitant ainsi la manutention de divers mat\u00e9riaux. Au sein du syst\u00e8me hydraulique, le v\u00e9rin de godet utilise la variation de pression de l'huile hydraulique pour un contr\u00f4le pr\u00e9cis du godet, permettant aux op\u00e9rateurs de manipuler efficacement des charges lourdes et de s'adapter \u00e0 des environnements de travail complexes et \u00e0 des exigences op\u00e9rationnelles vari\u00e9es.<\/p>\n<p><img decoding=\"async\" src=\"https:\/\/www.hydraulic-cylinders.net\/wp-content\/uploads\/2025\/01\/songte-company-2.webp\"><\/p>\n<h2>Caract\u00e9ristiques du produit<\/h2>\n<ul>\n<li>\n<h3>Haute r\u00e9sistance et durabilit\u00e9<\/h3>\n<p>Le v\u00e9rin du godet est g\u00e9n\u00e9ralement fabriqu\u00e9 en acier haute r\u00e9sistance ou en aluminium, ce qui lui permet de supporter des pressions et des charges importantes et le rend adapt\u00e9 aux environnements de travail difficiles. Sa conception prend en compte la r\u00e9sistance \u00e0 l'usure et \u00e0 la corrosion, prolongeant ainsi sa dur\u00e9e de vie.<\/p>\n<\/li>\n<li>\n<h3>Fonctionnement hydraulique efficace<\/h3>\n<p>Le v\u00e9rin du godet utilise la pression de l'huile hydraulique pour assurer des mouvements d'expansion et de contraction fluides, r\u00e9pond rapidement aux commandes op\u00e9rationnelles, fournit une force de pouss\u00e9e et de traction puissante et convient \u00e0 la manutention de charges lourdes et \u00e0 des t\u00e2ches op\u00e9rationnelles complexes.<\/p>\n<\/li>\n<li>\n<h3>Divers types<\/h3>\n<p>Le v\u00e9rin du godet peut \u00eatre un v\u00e9rin simple effet (fonctionnant dans un seul sens) ou un v\u00e9rin double effet (fonctionnant dans les deux sens), selon les besoins op\u00e9rationnels. Certains mod\u00e8les sont t\u00e9lescopiques, ce qui permet une plus grande extension sans augmenter les dimensions ext\u00e9rieures, id\u00e9al pour les applications o\u00f9 l'espace est limit\u00e9.<\/p>\n<\/li>\n<li>\n<h3>Remplacement parfait<\/h3>\n<p>Notre produit peut parfaitement remplacer ces v\u00e9rins hydrauliques.<\/p>\n<\/li>\n<\/ul>\n<p><img decoding=\"async\" src=\"https:\/\/www.hydraulic-cylinders.net\/wp-content\/uploads\/2025\/01\/songte-cylinder-head-with-all-kinds-excavator-models.webp\"><\/p>\n<h2>Applications<\/h2>\n<p>Le v\u00e9rin \u00e0 godet est largement utilis\u00e9 dans diverses machines lourdes, notamment\u00a0:<\/p>\n<ul>\n<li>\n<h3>\u00c9quipement de construction<\/h3>\n<p>Sur les excavatrices, les v\u00e9rins sont indispensables pour creuser, charger et d\u00e9placer la terre ou les d\u00e9bris. Sur les pelles r\u00e9tro, le v\u00e9rin du godet facilite l'excavation et le levage. Sur les chargeuses frontales, ils permettent de lever et de basculer efficacement les marchandises.<\/p>\n<\/li>\n<li>\n<h3>machines agricoles<\/h3>\n<p>Utilis\u00e9 dans les chargeurs frontaux pour ramasser, soulever et transporter de la terre, du foin et d'autres mat\u00e9riaux.<\/p>\n<\/li>\n<li>\n<h3>Excavateurs<\/h3>\n<p>Le v\u00e9rin du godet permet \u00e0 celui-ci de p\u00e9n\u00e9trer dans le sol lors des travaux d'excavation.<\/p>\n<\/li>\n<\/ul>\n<h2>Consid\u00e9rations de conception et crit\u00e8res de s\u00e9lection<\/h2>\n<ul>\n<li>\n<h3>Capacit\u00e9 de charge<\/h3>\n<p>Le v\u00e9rin du godet doit pouvoir supporter la charge maximale pour laquelle il est con\u00e7u.<\/p>\n<\/li>\n<li>\n<h3>Scellage<\/h3>\n<p>Le v\u00e9rin du godet doit \u00eatre \u00e9tanch\u00e9ifi\u00e9 \u00e0 l'aide de joints de haute qualit\u00e9, tels que des joints de piston et de tige, fabriqu\u00e9s dans des mat\u00e9riaux r\u00e9sistants \u00e0 l'usure comme le polyur\u00e9thane et le caoutchouc nitrile. Le corps du v\u00e9rin et la surface d'extr\u00e9mit\u00e9 du filetage doivent \u00eatre finement usin\u00e9s pour optimiser la r\u00e9sistance \u00e0 l'usure. Une lubrification r\u00e9guli\u00e8re \u00e0 l'huile hydraulique est indispensable pour garantir l'\u00e9tanch\u00e9it\u00e9 du v\u00e9rin.<\/p>\n<\/li>\n<li>\n<h3>Durabilit\u00e9<\/h3>\n<p>Le v\u00e9rin du godet doit \u00eatre fabriqu\u00e9 avec des mat\u00e9riaux de haute qualit\u00e9 afin de garantir sa durabilit\u00e9 et d'allonger sa dur\u00e9e de vie.<\/p>\n<\/li>\n<li>\n<h3>S\u00e9curit\u00e9<\/h3>\n<p>Le v\u00e9rin du godet doit \u00eatre con\u00e7u et install\u00e9 avec des dispositifs de s\u00e9curit\u00e9 tels que des soupapes de d\u00e9charge de pression et des verrous de s\u00e9curit\u00e9 afin de pr\u00e9venir les accidents.<\/p>\n<\/li>\n<li>\n<h3>Entretien<\/h3>\n<p>Le v\u00e9rin du godet doit \u00eatre inspect\u00e9 et entretenu r\u00e9guli\u00e8rement afin de garantir son fonctionnement optimal. Les op\u00e9rations d'entretien courantes comprennent la lubrification, le remplacement des joints et le calibrage.<\/p>\n<\/li>\n<\/ul>\n<p><img decoding=\"async\" src=\"https:\/\/www.hydraulic-cylinders.net\/wp-content\/uploads\/2025\/01\/songte-oil-pipes-and-spare-parts.webp\"><\/p>\n<h2>Installation et maintenance<\/h2>\n<p>Une installation, une lubrification et un r\u00e9glage corrects sont essentiels pour garantir des performances optimales et une longue dur\u00e9e de vie au v\u00e9rin du godet. Les t\u00e2ches d'entretien courantes comprennent\u00a0:<\/p>\n<ul>\n<li>\n<h3>Inspection r\u00e9guli\u00e8re<\/h3>\n<p>Le v\u00e9rin du godet doit \u00eatre inspect\u00e9 r\u00e9guli\u00e8rement afin de v\u00e9rifier l'absence de fuites, de bosses et d'autres signes de dommages.<\/p>\n<\/li>\n<li>\n<h3>Lubrification<\/h3>\n<p>Le cylindre doit \u00eatre lubrifi\u00e9 avec la quantit\u00e9 appropri\u00e9e d'huile hydraulique pour assurer un fonctionnement fluide.<\/p>\n<\/li>\n<li>\n<h3>Remplacement du joint<\/h3>\n<p>Les joints doivent \u00eatre remplac\u00e9s r\u00e9guli\u00e8rement pour assurer une \u00e9tanch\u00e9it\u00e9 optimale et \u00e9viter les fuites.<\/p>\n<\/li>\n<li>\n<h3>\u00c9talonnage<\/h3>\n<p>L'\u00e9talonnage du v\u00e9rin du godet est n\u00e9cessaire pour garantir un fonctionnement fluide et pr\u00e9cis. Il convient de l'\u00e9talonner r\u00e9guli\u00e8rement afin de maintenir des performances optimales.<\/p>\n<\/li>\n<li>\n<h3>Alignement correct<\/h3>\n<p>Un alignement correct du cylindre est essentiel pour garantir son fonctionnement optimal. Il doit \u00eatre correctement align\u00e9 lors de l'installation.<\/p>\n<\/li>\n<\/ul>\n<p><img decoding=\"async\" src=\"https:\/\/www.hydraulic-cylinders.net\/wp-content\/uploads\/2025\/01\/songte-chushion-collar.webp\"><\/p>\n<h2>Consid\u00e9rations de s\u00e9curit\u00e9 et facteurs environnementaux<\/h2>\n<p>Lors de l'utilisation du v\u00e9rin de godet, il est essentiel de respecter les consignes de s\u00e9curit\u00e9 afin d'\u00e9viter tout accident. Ces consignes comprennent\u00a0:<\/p>\n<ul>\n<li>Le port d'\u00e9quipements de protection tels que des gants et des lunettes de protection<\/li>\n<li>Garder les mains et les pieds \u00e0 l'\u00e9cart des pi\u00e8ces mobiles<\/li>\n<li>Utiliser le v\u00e9rin \u00e0 godet uniquement pour l'usage auquel il est destin\u00e9.<\/li>\n<li>L'utilisation du v\u00e9rin \u00e0 godet est r\u00e9serv\u00e9e au personnel form\u00e9.<\/li>\n<\/ul>\n<p>Les facteurs environnementaux tels que la temp\u00e9rature et l'humidit\u00e9 peuvent affecter les performances du v\u00e9rin de godet et doivent \u00eatre pris en compte lors du choix et de l'utilisation du v\u00e9rin.<\/p>\n<p><img decoding=\"async\" src=\"https:\/\/hzpt.com\/wp-content\/uploads\/2024\/11\/songte-company-1.webp\"><\/p>\n<h2>D\u00e9pannage produit et probl\u00e8mes courants<\/h2>\n<p>Les probl\u00e8mes courants li\u00e9s au v\u00e9rin du godet incluent les fuites, l'usure et un fonctionnement incorrect. Pour diagnostiquer et r\u00e9soudre ces probl\u00e8mes\u00a0:<\/p>\n<ul>\n<li>Inspectez le cylindre pour d\u00e9tecter tout signe de dommage ou d'usure.<\/li>\n<li>V\u00e9rifiez l'\u00e9tanch\u00e9it\u00e9 des joints.<\/li>\n<li>V\u00e9rifiez l'alignement du cylindre<\/li>\n<li>Calibrer le cylindre si n\u00e9cessaire<\/li>\n<\/ul>\n<p>Pour pr\u00e9venir ces probl\u00e8mes, une inspection et un entretien r\u00e9guliers sont n\u00e9cessaires.<\/p>\n<p><img decoding=\"async\" src=\"https:\/\/www.hydraulic-cylinders.net\/wp-content\/uploads\/2025\/01\/songte-bushings-with-all-kinds-of-excavator-models.webp\"><\/p>\n<h2>\u00c0 propos de notre entreprise<\/h2>\n<p>Nous sommes un fabricant et distributeur de premier plan de v\u00e9rins hydrauliques sur les march\u00e9s nationaux et internationaux. Notre gamme de produits est tr\u00e8s diversifi\u00e9e et nous privil\u00e9gions l'excellence, gr\u00e2ce \u00e0 une gestion de production industrielle rigoureuse au sein d'ateliers de fabrication de pointe. Nous optimisons constamment nos processus de production et disposons de technologies et d'\u00e9quipements avanc\u00e9s, de syst\u00e8mes de test professionnels et d'une \u00e9quipe de techniciens exp\u00e9riment\u00e9s. Nous proposons des services personnalis\u00e9s \u00e0 nos clients et nous nous effor\u00e7ons de r\u00e9pondre \u00e0 leurs besoins vari\u00e9s avec efficacit\u00e9, pr\u00e9cision et qualit\u00e9.<\/p>\n<ul>\n<li>\n<h3>Professionnalisme<\/h3>\n<p>Nous disposons d'une \u00e9quipe de techniciens exp\u00e9riment\u00e9s qui s'engagent \u00e0 fournir des services professionnels \u00e0 nos clients.<\/p>\n<\/li>\n<li>\n<h3>Certification internationale<\/h3>\n<p>Nos produits ont obtenu diverses certifications internationales, telles que ISO 9001, CE et SGS.<\/p>\n<\/li>\n<li>\n<h3>Services de personnalisation<\/h3>\n<p>Nous proposons des services personnalis\u00e9s \u00e0 nos clients, en adaptant nos produits \u00e0 leurs besoins sp\u00e9cifiques.<\/p>\n<\/li>\n<li>\n<h3>\u00c9quipements de production avanc\u00e9s<\/h3>\n<p>Nous disposons d'\u00e9quipements de production de pointe qui nous permettent de fabriquer efficacement des produits de haute qualit\u00e9.<\/p>\n<\/li>\n<li>\n<h3>Excellent service apr\u00e8s-vente<\/h3>\n<p>Nous offrons un excellent service apr\u00e8s-vente \u00e0 nos clients, garantissant ainsi leur satisfaction quant \u00e0 nos produits.<\/p>\n<\/li>\n<\/ul>\n<p>Auteur : lyl<\/p>","protected":false},"excerpt":{"rendered":"<p>Bucket Cylinder For Sany Large Excavator SY365H-9 Introduction The bucket cylinder for Sany large excavator SY365H-9 is a hydraulic cylinder specially designed to control the movement of the shovel bucket in heavy machinery such as excavators, backhoe excavators, and front-end loaders. Its main function is to enable the bucket to be lifted, lowered, and tilted, [&hellip;]<\/p>","protected":false},"featured_media":14771,"comment_status":"open","ping_status":"closed","template":"","meta":{"_et_pb_use_builder":"","_et_pb_old_content":"","_et_gb_content_width":""},"product_brand":[],"product_cat":[1494],"product_tag":[1495,1496],"class_list":{"0":"post-15457","1":"product","2":"type-product","3":"status-publish","4":"has-post-thumbnail","6":"product_cat-bucket-cylinders","7":"product_tag-bucket-cylinders","8":"product_tag-hydraulic-cylinders","10":"first","11":"instock","12":"shipping-taxable","13":"product-type-simple"},"amp_enabled":true,"_links":{"self":[{"href":"https:\/\/www.hydraulic-cylinders.net\/fr\/wp-json\/wp\/v2\/product\/15457","targetHints":{"allow":["GET"]}}],"collection":[{"href":"https:\/\/www.hydraulic-cylinders.net\/fr\/wp-json\/wp\/v2\/product"}],"about":[{"href":"https:\/\/www.hydraulic-cylinders.net\/fr\/wp-json\/wp\/v2\/types\/product"}],"replies":[{"embeddable":true,"href":"https:\/\/www.hydraulic-cylinders.net\/fr\/wp-json\/wp\/v2\/comments?post=15457"}],"wp:featuredmedia":[{"embeddable":true,"href":"https:\/\/www.hydraulic-cylinders.net\/fr\/wp-json\/wp\/v2\/media\/14771"}],"wp:attachment":[{"href":"https:\/\/www.hydraulic-cylinders.net\/fr\/wp-json\/wp\/v2\/media?parent=15457"}],"wp:term":[{"taxonomy":"product_brand","embeddable":true,"href":"https:\/\/www.hydraulic-cylinders.net\/fr\/wp-json\/wp\/v2\/product_brand?post=15457"},{"taxonomy":"product_cat","embeddable":true,"href":"https:\/\/www.hydraulic-cylinders.net\/fr\/wp-json\/wp\/v2\/product_cat?post=15457"},{"taxonomy":"product_tag","embeddable":true,"href":"https:\/\/www.hydraulic-cylinders.net\/fr\/wp-json\/wp\/v2\/product_tag?post=15457"}],"curies":[{"name":"wp","href":"https:\/\/api.w.org\/{rel}","templated":true}]}}