{"id":15458,"date":"2025-01-19T14:33:18","date_gmt":"2025-01-19T14:33:18","guid":{"rendered":"https:\/\/www.hydraulic-cylinders.net\/product\/bucket-cylinder-for-sany-large-excavator-sy485h-9\/"},"modified":"2025-01-19T14:33:20","modified_gmt":"2025-01-19T14:33:20","slug":"bucket-cylinder-for-sany-large-excavator-sy485h-9","status":"publish","type":"product","link":"https:\/\/www.hydraulic-cylinders.net\/fr\/produit\/bucket-cylinder-for-sany-large-excavator-sy485h-9\/","title":{"rendered":"Cylindre de godet pour pelle hydraulique Sany SY485H-9"},"content":{"rendered":"<p><!DOCTYPE html><br \/>\n<html><br \/>\n<head><br \/>\n    <title>Cylindre de godet pour pelle hydraulique Sany SY485H-9<\/title><br \/>\n<\/head><br \/>\n<body><\/p>\n<h2>Introduction<\/h2>\n<p>Le v\u00e9rin de godet pour pelle hydraulique Sany SY485H-9 est un v\u00e9rin hydraulique sp\u00e9cialement con\u00e7u pour contr\u00f4ler les mouvements du godet sur les engins de chantier tels que les pelles hydrauliques, les chargeuses-pelleteuses et les chargeuses frontales. Sa fonction principale est de permettre la lev\u00e9e, l'abaissement et l'inclinaison du godet, facilitant ainsi diverses op\u00e9rations de manutention. Dans un syst\u00e8me hydraulique, le v\u00e9rin de godet assure un contr\u00f4le pr\u00e9cis du godet gr\u00e2ce aux variations de pression de l'huile hydraulique, permettant aux op\u00e9rateurs de manipuler efficacement des charges lourdes et de s'adapter \u00e0 des environnements de travail complexes et \u00e0 des exigences op\u00e9rationnelles vari\u00e9es.<\/p>\n<p>    <img decoding=\"async\" src=\"https:\/\/www.hydraulic-cylinders.net\/wp-content\/uploads\/2025\/01\/songte-company-2.webp\" alt=\"Image du cylindre du godet\"><\/p>\n<h3>Caract\u00e9ristiques du v\u00e9rin \u00e0 godet<\/h3>\n<ul>\n<li>Haute r\u00e9sistance et durabilit\u00e9 : g\u00e9n\u00e9ralement fabriqu\u00e9 en acier ou en aluminium \u00e0 haute r\u00e9sistance, il peut supporter une pression \u00e9lev\u00e9e et des charges importantes, s'adapter aux environnements de travail difficiles et est con\u00e7u en tenant compte de la r\u00e9sistance \u00e0 l'usure et \u00e0 la corrosion, prolongeant ainsi sa dur\u00e9e de vie.<\/li>\n<li>Fonctionnement hydraulique efficace\u00a0: gr\u00e2ce \u00e0 la pression de l\u2019huile hydraulique, il assure des mouvements d\u2019extension et de r\u00e9traction fluides, r\u00e9pond rapidement aux commandes, fournit des forces de pouss\u00e9e et de traction puissantes et convient \u00e0 la manutention de charges lourdes et \u00e0 des t\u00e2ches op\u00e9rationnelles complexes.<\/li>\n<li>Diff\u00e9rents types\u00a0: Le v\u00e9rin du godet peut \u00eatre choisi en version simple effet (actionnement hydraulique dans un seul sens) ou double effet (actionnement hydraulique dans les deux sens), selon les besoins op\u00e9rationnels. Certains mod\u00e8les sont t\u00e9lescopiques, ce qui permet une plus grande extension sans augmenter les dimensions ext\u00e9rieures et les rend adapt\u00e9s aux applications dans des espaces restreints.<\/li>\n<\/ul>\n<p>    <img decoding=\"async\" src=\"https:\/\/www.hydraulic-cylinders.net\/wp-content\/uploads\/2025\/01\/songte-cylinder-head-with-all-kinds-excavator-models.webp\" alt=\"Image de remplacement du v\u00e9rin de godet\"><\/p>\n<h3>Applications<\/h3>\n<p>Le v\u00e9rin \u00e0 godet trouve des applications dans divers \u00e9quipements\u00a0:<\/p>\n<ul>\n<li>Mat\u00e9riel de construction\u00a0: Pr\u00e9sents sur les excavatrices, ils sont indispensables pour creuser, charger et d\u00e9placer la terre ou les d\u00e9bris. Sur les chargeuses-pelleteuses, le v\u00e9rin du godet participe \u00e0 la fois au creusement et au levage.<\/li>\n<li>Machines agricoles : utilis\u00e9es dans les chargeurs frontaux pour ramasser, soulever et transporter de la terre, du foin et d'autres mat\u00e9riaux.<\/li>\n<li>Excavatrices : Le v\u00e9rin du godet permet l'excavation en permettant au godet de p\u00e9n\u00e9trer dans le sol.<\/li>\n<li>Chargeuses : Sur les chargeuses frontales, elles facilitent le levage et le d\u00e9chargement efficace de la cargaison.<\/li>\n<\/ul>\n<h3>Consid\u00e9rations de conception et crit\u00e8res de s\u00e9lection<\/h3>\n<p>Lors de la conception du v\u00e9rin du godet, plusieurs facteurs sont pris en compte\u00a0:<\/p>\n<ul>\n<li>Capacit\u00e9 de charge : Le cylindre doit pouvoir supporter les charges et les pressions pr\u00e9vues.<\/li>\n<li>\u00c9tanch\u00e9it\u00e9\u00a0: Diff\u00e9rents joints, tels que les joints de piston et les joints de tige, sont utilis\u00e9s, fabriqu\u00e9s \u00e0 partir de mat\u00e9riaux r\u00e9sistants \u00e0 l\u2019usure comme le polyur\u00e9thane et le caoutchouc nitrile. Le corps du cylindre et les extr\u00e9mit\u00e9s filet\u00e9es subissent un traitement de pr\u00e9cision afin d\u2019am\u00e9liorer leur r\u00e9sistance \u00e0 l\u2019usure.<\/li>\n<li>Durabilit\u00e9 : Le cylindre est con\u00e7u pour r\u00e9sister \u00e0 des conditions d'utilisation difficiles et poss\u00e8de une longue dur\u00e9e de vie.<\/li>\n<li>S\u00e9curit\u00e9 : Des dispositifs de s\u00e9curit\u00e9 sont int\u00e9gr\u00e9s pour garantir un fonctionnement s\u00fbr et pr\u00e9venir les accidents.<\/li>\n<li>Maintenance : Des mesures sont prises pour faciliter la maintenance et les r\u00e9parations.<\/li>\n<\/ul>\n<p>    <img decoding=\"async\" src=\"https:\/\/www.hydraulic-cylinders.net\/wp-content\/uploads\/2025\/01\/songte-oil-pipes-and-spare-parts.webp\" alt=\"Image des composants d&#039;un v\u00e9rin hydraulique\"><\/p>\n<h3>\u00c9tanch\u00e9it\u00e9 et lubrification<\/h3>\n<p>Le v\u00e9rin du godet utilise diff\u00e9rents composants d'\u00e9tanch\u00e9it\u00e9, tels que des joints de piston et des joints de tige. Ces joints sont fabriqu\u00e9s dans des mat\u00e9riaux r\u00e9sistants \u00e0 l'usure comme le polyur\u00e9thane et le caoutchouc nitrile. Le corps du v\u00e9rin et les extr\u00e9mit\u00e9s filet\u00e9es sont trait\u00e9s pour une meilleure r\u00e9sistance \u00e0 l'usure. Une lubrification r\u00e9guli\u00e8re avec la quantit\u00e9 appropri\u00e9e d'huile hydraulique est n\u00e9cessaire pour un fonctionnement optimal.<\/p>\n<h3>Inspections r\u00e9guli\u00e8res et maintenance pr\u00e9ventive<\/h3>\n<ul>\n<li>Inspectez r\u00e9guli\u00e8rement tous les composants pour d\u00e9tecter toute usure ou tout dommage.<\/li>\n<li>Assurer une lubrification ad\u00e9quate de toutes les pi\u00e8ces mobiles.<\/li>\n<li>Remplacez les joints lorsque cela est n\u00e9cessaire afin de maintenir des performances optimales.<\/li>\n<li>Effectuez des contr\u00f4les d\u2019\u00e9talonnage pour garantir un fonctionnement pr\u00e9cis.<\/li>\n<\/ul>\n<h3>Installation correcte du produit<\/h3>\n<p>Une installation correcte du v\u00e9rin de godet est essentielle pour un fonctionnement optimal. Suivez ces instructions\u00a0:<\/p>\n<ul>\n<li>Alignez correctement le cylindre lors de l'installation.<\/li>\n<li>Utilisez les supports de fixation appropri\u00e9s pour fixer le cylindre.<\/li>\n<li>Suivez les proc\u00e9dures d\u2019inspection, de r\u00e9paration et de remplacement recommand\u00e9es.<\/li>\n<li>Fournir des conseils pour prolonger la dur\u00e9e de vie du cylindre.<\/li>\n<\/ul>\n<p>    <img decoding=\"async\" src=\"https:\/\/www.hydraulic-cylinders.net\/wp-content\/uploads\/2025\/01\/songte-chushion-collar.webp\" alt=\"Image du collier coussin\u00e9\"><\/p>\n<h3>Consid\u00e9rations de s\u00e9curit\u00e9 et facteurs environnementaux<\/h3>\n<p>Lors de l'utilisation du v\u00e9rin de godet, il est important de privil\u00e9gier les mesures de s\u00e9curit\u00e9 afin de pr\u00e9venir les accidents et de garantir un environnement de travail s\u00fbr.<\/p>\n<h3>D\u00e9pannage et probl\u00e8mes courants<\/h3>\n<p>Voici quelques conseils et solutions de d\u00e9pannage courants\u00a0:<\/p>\n<ul>\n<li>Fournir des conseils pour diagnostiquer et r\u00e9soudre les probl\u00e8mes courants.<\/li>\n<li>Proposer des mesures pr\u00e9ventives pour minimiser les probl\u00e8mes potentiels.<\/li>\n<\/ul>\n<p>    <img decoding=\"async\" src=\"https:\/\/www.hydraulic-cylinders.net\/wp-content\/uploads\/2025\/01\/songte-bushings-with-all-kinds-of-excavator-models.webp\" alt=\"Image des bagues du v\u00e9rin de godet\"><\/p>\n<h2>Notre entreprise<\/h2>\n<p>Nous sommes un fabricant et distributeur de premier plan de v\u00e9rins hydrauliques, sp\u00e9cialis\u00e9 dans les v\u00e9rins de remplacement. Gr\u00e2ce \u00e0 notre large gamme de produits, nous sommes devenus un acteur majeur sur les march\u00e9s nationaux et internationaux. Notre entreprise s'appuie sur une gestion de production industrialis\u00e9e et des strat\u00e9gies performantes, mises en \u0153uvre dans notre atelier de fabrication de pointe. En tirant parti de nos talents techniques, de nos \u00e9quipements de fabrication num\u00e9rique haut de gamme et de nos syst\u00e8mes de contr\u00f4le qualit\u00e9 professionnels, nous am\u00e9liorons constamment nos capacit\u00e9s de production et nos processus de fabrication. Notre forte capacit\u00e9 d'innovation nous permet de r\u00e9pondre aux exigences vari\u00e9es de nos clients avec efficacit\u00e9, pr\u00e9cision et qualit\u00e9.<\/p>\n<p>    <img decoding=\"async\" src=\"https:\/\/hzpt.com\/wp-content\/uploads\/2024\/11\/songte-company-1.webp\" alt=\"Image de l&#039;entreprise\"><\/p>\n<h3>Points forts de notre entreprise\u00a0:<\/h3>\n<ul>\n<li>Professionnalisme et expertise<\/li>\n<li>Certifications internationales<\/li>\n<li>Services de personnalisation<\/li>\n<li>\u00c9quipements de production avanc\u00e9s<\/li>\n<li>Services apr\u00e8s-vente<\/li>\n<\/ul>\n<p>    <img decoding=\"async\" src=\"https:\/\/www.hydraulic-cylinders.net\/wp-content\/uploads\/2025\/01\/songte-company-3.webp\" alt=\"Image de pr\u00e9sentation de l&#039;entreprise\"><\/p>\n<p>Auteur : lyl<\/p>\n<p><\/body><br \/>\n<\/html><\/p>","protected":false},"excerpt":{"rendered":"<p>Bucket Cylinder For Sany Large Excavator SY485H-9 Introduction The bucket cylinder for Sany large excavator SY485H-9 is a specially designed hydraulic cylinder used to control the movement of the bucket in heavy machinery such as excavators, backhoe loaders, and front-end loaders. Its main function is to enable the lifting, lowering, and tilting of the bucket, [&hellip;]<\/p>","protected":false},"featured_media":14769,"comment_status":"open","ping_status":"closed","template":"","meta":{"_et_pb_use_builder":"","_et_pb_old_content":"","_et_gb_content_width":""},"product_brand":[],"product_cat":[1494],"product_tag":[1495,1496],"class_list":{"0":"post-15458","1":"product","2":"type-product","3":"status-publish","4":"has-post-thumbnail","6":"product_cat-bucket-cylinders","7":"product_tag-bucket-cylinders","8":"product_tag-hydraulic-cylinders","10":"first","11":"instock","12":"shipping-taxable","13":"product-type-simple"},"amp_enabled":true,"_links":{"self":[{"href":"https:\/\/www.hydraulic-cylinders.net\/fr\/wp-json\/wp\/v2\/product\/15458","targetHints":{"allow":["GET"]}}],"collection":[{"href":"https:\/\/www.hydraulic-cylinders.net\/fr\/wp-json\/wp\/v2\/product"}],"about":[{"href":"https:\/\/www.hydraulic-cylinders.net\/fr\/wp-json\/wp\/v2\/types\/product"}],"replies":[{"embeddable":true,"href":"https:\/\/www.hydraulic-cylinders.net\/fr\/wp-json\/wp\/v2\/comments?post=15458"}],"wp:featuredmedia":[{"embeddable":true,"href":"https:\/\/www.hydraulic-cylinders.net\/fr\/wp-json\/wp\/v2\/media\/14769"}],"wp:attachment":[{"href":"https:\/\/www.hydraulic-cylinders.net\/fr\/wp-json\/wp\/v2\/media?parent=15458"}],"wp:term":[{"taxonomy":"product_brand","embeddable":true,"href":"https:\/\/www.hydraulic-cylinders.net\/fr\/wp-json\/wp\/v2\/product_brand?post=15458"},{"taxonomy":"product_cat","embeddable":true,"href":"https:\/\/www.hydraulic-cylinders.net\/fr\/wp-json\/wp\/v2\/product_cat?post=15458"},{"taxonomy":"product_tag","embeddable":true,"href":"https:\/\/www.hydraulic-cylinders.net\/fr\/wp-json\/wp\/v2\/product_tag?post=15458"}],"curies":[{"name":"wp","href":"https:\/\/api.w.org\/{rel}","templated":true}]}}