{"id":15460,"date":"2025-01-19T14:33:26","date_gmt":"2025-01-19T14:33:26","guid":{"rendered":"https:\/\/www.hydraulic-cylinders.net\/product\/bucket-cylinder-for-xcmg-small-excavator-xe6oca\/"},"modified":"2025-01-19T14:33:34","modified_gmt":"2025-01-19T14:33:34","slug":"bucket-cylinder-for-xcmg-small-excavator-xe6oca","status":"publish","type":"product","link":"https:\/\/www.hydraulic-cylinders.net\/fr\/produit\/bucket-cylinder-for-xcmg-small-excavator-xe6oca\/","title":{"rendered":"Cylindre de godet pour mini-pelle XCMG XE6OCA"},"content":{"rendered":"<h1>Cylindre de godet pour mini-pelle XCMG XE6OCA<\/h1>\n<h2>Introduction<\/h2>\n<p>Le v\u00e9rin de godet pour la mini-pelle XCMG XE6OCA est un v\u00e9rin hydraulique sp\u00e9cialis\u00e9 servant \u00e0 contr\u00f4ler les mouvements du godet sur les engins de chantier tels que les pelles hydrauliques, les pelles r\u00e9tro et les chargeuses frontales. Sa fonction principale est de permettre la lev\u00e9e, l'abaissement et l'inclinaison du godet, facilitant ainsi le transport de divers mat\u00e9riaux. Au sein du syst\u00e8me hydraulique, le v\u00e9rin de godet contr\u00f4le avec pr\u00e9cision les mouvements du godet gr\u00e2ce aux variations de pression de l'huile hydraulique, permettant aux op\u00e9rateurs de manipuler efficacement des charges lourdes et de s'adapter \u00e0 des environnements de travail complexes et \u00e0 des exigences vari\u00e9es.<\/p>\n<p><img decoding=\"async\" src=\"https:\/\/www.hydraulic-cylinders.net\/wp-content\/uploads\/2025\/01\/songte-company-2.webp\" \/><\/p>\n<h2>Caract\u00e9ristiques<\/h2>\n<ul>\n<li>Haute r\u00e9sistance et durabilit\u00e9\u00a0: g\u00e9n\u00e9ralement fabriqu\u00e9 en acier haute r\u00e9sistance ou en aluminium, il supporte les hautes pressions et les charges importantes, s\u2019adaptant ainsi aux environnements de travail difficiles. Sa conception prend en compte la r\u00e9sistance \u00e0 l\u2019usure et \u00e0 la corrosion, prolongeant sa dur\u00e9e de vie.<\/li>\n<li>Fonctionnement hydraulique efficace\u00a0: l\u2019extension et la r\u00e9traction sont fluides gr\u00e2ce \u00e0 la pression de l\u2019huile hydraulique. Le syst\u00e8me r\u00e9pond rapidement aux commandes et fournit une force de pouss\u00e9e et de traction importante, adapt\u00e9e \u00e0 la manutention de charges lourdes et aux t\u00e2ches complexes.<\/li>\n<li>Diff\u00e9rents types de v\u00e9rins sont disponibles\u00a0: \u00e0 simple effet (actionnement hydraulique dans un seul sens) ou \u00e0 double effet (actionnement hydraulique dans les deux sens), selon les besoins et les exigences d\u2019utilisation. Certains mod\u00e8les sont t\u00e9lescopiques, ce qui permet une plus grande extension sans augmenter l\u2019encombrement, et convient donc aux applications o\u00f9 l\u2019espace est limit\u00e9.<\/li>\n<li>Peuvent remplacer d'autres v\u00e9rins hydrauliques\u00a0: Nos produits peuvent parfaitement remplacer ces v\u00e9rins hydrauliques.<\/li>\n<\/ul>\n<p><img decoding=\"async\" src=\"https:\/\/www.hydraulic-cylinders.net\/wp-content\/uploads\/2025\/01\/songte-cylinder-head-with-all-kinds-excavator-models.webp\" \/><\/p>\n<h2>Applications<\/h2>\n<p>Le v\u00e9rin \u00e0 godet a diverses applications dans diff\u00e9rentes industries\u00a0:<\/p>\n<ul>\n<li>Mat\u00e9riel de construction\u00a0: Sur les excavatrices, les v\u00e9rins sont indispensables pour creuser, charger et d\u00e9placer la terre ou les d\u00e9bris. Sur les pelles r\u00e9tro, le v\u00e9rin du godet sert \u00e0 la fois au creusement et au levage. <\/li>\n<li>Machines agricoles\u00a0: Utilis\u00e9s dans les chargeuses frontales, ils servent \u00e0 ramasser, soulever et transporter la terre, le foin et autres mat\u00e9riaux. Dans les excavatrices, le v\u00e9rin du godet permet le creusement en permettant \u00e0 ce dernier de p\u00e9n\u00e9trer dans le sol. Dans les chargeuses frontales, ils contribuent \u00e0 lever et \u00e0 d\u00e9charger efficacement la charge.<\/li>\n<\/ul>\n<p>Les applications ci-dessus peuvent \u00eatre \u00e9tendues comme suit\u00a0:<\/p>\n<ul>\n<li>Engins de chantier\u00a0: Les v\u00e9rins de godet sont couramment utilis\u00e9s sur les pelles hydrauliques pour creuser, charger et d\u00e9placer la terre ou les d\u00e9bris. Ils sont essentiels au fonctionnement des pelles et jouent un r\u00f4le primordial dans leurs performances. Sur les pelles r\u00e9tro, le v\u00e9rin de godet contribue \u00e0 la fois au creusement et au levage. Il permet un contr\u00f4le pr\u00e9cis du mouvement du godet, facilitant ainsi la manutention des mat\u00e9riaux. <\/li>\n<li>Machines agricoles\u00a0: Sur les chargeuses frontales, les v\u00e9rins de godet servent \u00e0 ramasser, soulever et transporter la terre, le foin et autres mat\u00e9riaux. Ils fournissent la force n\u00e9cessaire pour soulever et d\u00e9placer la charge. Sur les pelles hydrauliques, le v\u00e9rin de godet permet le creusement en permettant au godet de p\u00e9n\u00e9trer dans le sol. Cette action facilite le ramassage de la terre et d'autres mat\u00e9riaux. Sur les chargeuses frontales, ils contribuent \u00e0 lever et \u00e0 d\u00e9charger efficacement la charge, assurant ainsi un fonctionnement fluide et performant.<\/li>\n<\/ul>\n<h2>Consid\u00e9rations de conception et crit\u00e8res de s\u00e9lection<\/h2>\n<p>Les crit\u00e8res de conception et de s\u00e9lection du v\u00e9rin de godet doivent prendre en compte les facteurs suivants\u00a0:<\/p>\n<ul>\n<li>Capacit\u00e9 de charge : Le cylindre doit \u00eatre suffisamment r\u00e9sistant pour supporter la charge \u00e0 laquelle il sera soumis en fonctionnement. <\/li>\n<li>\u00c9tanch\u00e9it\u00e9\u00a0: Une \u00e9tanch\u00e9it\u00e9 ad\u00e9quate garantit le bon fonctionnement du v\u00e9rin hydraulique et pr\u00e9vient les fuites d\u2019huile. Le choix des mat\u00e9riaux d\u2019\u00e9tanch\u00e9it\u00e9 doit prendre en compte la durabilit\u00e9, la r\u00e9sistance \u00e0 l\u2019usure et la r\u00e9sistance \u00e0 la corrosion.<\/li>\n<li>Durabilit\u00e9 : Le cylindre doit \u00eatre durable et capable de r\u00e9sister \u00e0 des environnements de travail difficiles. <\/li>\n<li>S\u00e9curit\u00e9\u00a0: La s\u00e9curit\u00e9 est un facteur primordial lors de la manipulation de v\u00e9rins hydrauliques. Le v\u00e9rin doit \u00eatre con\u00e7u avec des dispositifs de s\u00e9curit\u00e9 afin de pr\u00e9venir les accidents.<\/li>\n<li>Maintenance : Le v\u00e9rin doit \u00eatre con\u00e7u pour faciliter sa maintenance. Cette caract\u00e9ristique permet de r\u00e9duire les temps d'arr\u00eat et garantit son bon fonctionnement en permanence.<\/li>\n<\/ul>\n<p><img decoding=\"async\" src=\"https:\/\/www.hydraulic-cylinders.net\/wp-content\/uploads\/2025\/01\/songte-oil-pipes-and-spare-parts.webp\" \/><\/p>\n<h2>\u00c9tanch\u00e9it\u00e9 et lubrification<\/h2>\n<p>Le v\u00e9rin du godet utilise divers composants d'\u00e9tanch\u00e9it\u00e9, tels que des joints de piston, des joints de tige et des racleurs, afin de pr\u00e9venir les fuites d'huile et d'assurer un fonctionnement optimal. Les mat\u00e9riaux d'\u00e9tanch\u00e9it\u00e9 doivent \u00eatre durables, r\u00e9sistants \u00e0 l'usure et \u00e0 la corrosion, comme le polyur\u00e9thane et le caoutchouc nitrile. Le corps du v\u00e9rin et la surface d'extr\u00e9mit\u00e9 filet\u00e9e font l'objet d'un usinage de pr\u00e9cision pour am\u00e9liorer sa r\u00e9sistance \u00e0 l'usure.<\/p>\n<p>Le v\u00e9rin n\u00e9cessite une lubrification r\u00e9guli\u00e8re \u00e0 l'huile hydraulique pour assurer un fonctionnement optimal et pr\u00e9venir l'usure. L'huile doit \u00eatre ajout\u00e9e en quantit\u00e9 appropri\u00e9e et sa qualit\u00e9 contr\u00f4l\u00e9e r\u00e9guli\u00e8rement.<\/p>\n<h2>Entretien et r\u00e9paration<\/h2>\n<p>Un entretien et des r\u00e9parations r\u00e9guliers contribuent \u00e0 prolonger la dur\u00e9e de vie du v\u00e9rin du godet et \u00e0 garantir son bon fonctionnement. Les op\u00e9rations d'entretien suivantes sont recommand\u00e9es\u00a0:<\/p>\n<ul>\n<li>Contr\u00f4les r\u00e9guliers\u00a0: Des contr\u00f4les r\u00e9guliers permettent de d\u00e9tecter les probl\u00e8mes rapidement et d\u2019\u00e9viter qu\u2019ils ne causent des dommages importants.<\/li>\n<li>Lubrification : Une lubrification ad\u00e9quate permet de r\u00e9duire l'usure et d'assurer un fonctionnement fluide.<\/li>\n<li>Remplacement des joints et v\u00e9rification de l'\u00e9talonnage\u00a0: Le remplacement r\u00e9gulier des joints et les v\u00e9rifications d'\u00e9talonnage peuvent contribuer \u00e0 pr\u00e9venir les fuites d'huile et \u00e0 assurer un bon fonctionnement.<\/li>\n<\/ul>\n<p>Une installation, une lubrification et un r\u00e9glage corrects sont essentiels pour un fonctionnement optimal du v\u00e9rin hydraulique. Lors de l'installation, un alignement pr\u00e9cis du v\u00e9rin est crucial, et des supports de fixation appropri\u00e9s doivent \u00eatre utilis\u00e9s pour le maintenir en place. Nous recommandons de suivre les proc\u00e9dures d'inspection, de r\u00e9paration et de remplacement pr\u00e9conis\u00e9es par le fabricant, et proposons des pi\u00e8ces de rechange et des services de remise \u00e0 neuf pour prolonger la dur\u00e9e de vie du v\u00e9rin de godet.<\/p>\n<p><img decoding=\"async\" src=\"https:\/\/www.hydraulic-cylinders.net\/wp-content\/uploads\/2025\/01\/songte-chushion-collar.webp\" \/><\/p>\n<h2>Consid\u00e9rations relatives \u00e0 la s\u00e9curit\u00e9 et \u00e0 l'environnement<\/h2>\n<p>La s\u00e9curit\u00e9 est primordiale lors de la manipulation de v\u00e9rins hydrauliques. Les op\u00e9rateurs doivent respecter scrupuleusement toutes les consignes de s\u00e9curit\u00e9 et porter les \u00e9quipements de protection individuelle appropri\u00e9s. Le respect de l'environnement est \u00e9galement un facteur essentiel. L'\u00e9limination correcte des huiles hydrauliques usag\u00e9es et autres mati\u00e8res dangereuses est indispensable pour minimiser l'impact environnemental.<\/p>\n<h2>Probl\u00e8mes courants et d\u00e9pannage<\/h2>\n<p>Le v\u00e9rin du godet peut pr\u00e9senter des probl\u00e8mes courants tels que des fuites d'huile, un fonctionnement lent et une d\u00e9rive du v\u00e9rin. Ces probl\u00e8mes peuvent \u00eatre r\u00e9solus par un entretien et une inspection r\u00e9guliers. Si les probl\u00e8mes persistent, il est recommand\u00e9 de consulter le fabricant ou un technicien qualifi\u00e9.<\/p>\n<p><img decoding=\"async\" src=\"https:\/\/www.hydraulic-cylinders.net\/wp-content\/uploads\/2025\/01\/songte-bushings-with-all-kinds-of-excavator-models.webp\" \/><\/p>\n<h2>\u00c0 propos de notre entreprise<\/h2>\n<p>Nous sommes un fabricant et grossiste de premier plan de v\u00e9rins hydrauliques sur les march\u00e9s nationaux et internationaux. Notre gamme de produits est diversifi\u00e9e et compl\u00e8te, et nous privil\u00e9gions l'excellence en mati\u00e8re de qualit\u00e9, gr\u00e2ce \u00e0 une strat\u00e9gie de gestion de la production industrielle au sein d'un atelier de fabrication moderne. Nous am\u00e9liorons constamment notre plateforme de production, perfectionnons nos lignes de fabrication et disposons d'une forte capacit\u00e9 d'innovation pour r\u00e9pondre aux besoins vari\u00e9s de nos clients. Nous proposons \u00e9galement des services personnalis\u00e9s et b\u00e9n\u00e9ficions de certifications internationales garantissant la qualit\u00e9 de nos produits.<\/p>\n<p>Notre entreprise s'engage \u00e0 fournir des produits de haute qualit\u00e9 et un service irr\u00e9prochable \u00e0 ses clients. Nous disposons d'une \u00e9quipe de techniciens qualifi\u00e9s, d'\u00e9quipements de fabrication num\u00e9riques de pointe et d'un syst\u00e8me de contr\u00f4le qualit\u00e9 performant qui optimise en permanence notre plateforme de production et garantit une qualit\u00e9 de produit optimale.<\/p>\n<p>Notre entreprise propose \u00e9galement un service apr\u00e8s-vente complet, incluant l'inspection, la r\u00e9paration et le remplacement, afin de garantir la satisfaction de nos clients. Nous nous engageons \u00e0 leur fournir des v\u00e9rins hydrauliques et des services de la plus haute qualit\u00e9.<\/p>\n<p><img decoding=\"async\" src=\"https:\/\/hzpt.com\/wp-content\/uploads\/2024\/11\/songte-company-1.webp\" \/><\/p>\n<p>Auteur : lyl<\/p>","protected":false},"excerpt":{"rendered":"<p>Bucket Cylinder For XCMG Small Excavator XE6OCA Introduction The bucket cylinder for XCMG small excavator XE6OCA is a specialized hydraulic cylinder used for controlling the movement of the bucket in heavy machinery like excavators, backhoe excavators, and front-end loaders. Its primary function is to enable the bucket to lift, lower, and tilt, making it easy [&hellip;]<\/p>","protected":false},"featured_media":14762,"comment_status":"open","ping_status":"closed","template":"","meta":{"_et_pb_use_builder":"","_et_pb_old_content":"","_et_gb_content_width":""},"product_brand":[],"product_cat":[1494],"product_tag":[1495,1496],"class_list":{"0":"post-15460","1":"product","2":"type-product","3":"status-publish","4":"has-post-thumbnail","6":"product_cat-bucket-cylinders","7":"product_tag-bucket-cylinders","8":"product_tag-hydraulic-cylinders","10":"first","11":"instock","12":"shipping-taxable","13":"product-type-simple"},"amp_enabled":true,"_links":{"self":[{"href":"https:\/\/www.hydraulic-cylinders.net\/fr\/wp-json\/wp\/v2\/product\/15460","targetHints":{"allow":["GET"]}}],"collection":[{"href":"https:\/\/www.hydraulic-cylinders.net\/fr\/wp-json\/wp\/v2\/product"}],"about":[{"href":"https:\/\/www.hydraulic-cylinders.net\/fr\/wp-json\/wp\/v2\/types\/product"}],"replies":[{"embeddable":true,"href":"https:\/\/www.hydraulic-cylinders.net\/fr\/wp-json\/wp\/v2\/comments?post=15460"}],"wp:featuredmedia":[{"embeddable":true,"href":"https:\/\/www.hydraulic-cylinders.net\/fr\/wp-json\/wp\/v2\/media\/14762"}],"wp:attachment":[{"href":"https:\/\/www.hydraulic-cylinders.net\/fr\/wp-json\/wp\/v2\/media?parent=15460"}],"wp:term":[{"taxonomy":"product_brand","embeddable":true,"href":"https:\/\/www.hydraulic-cylinders.net\/fr\/wp-json\/wp\/v2\/product_brand?post=15460"},{"taxonomy":"product_cat","embeddable":true,"href":"https:\/\/www.hydraulic-cylinders.net\/fr\/wp-json\/wp\/v2\/product_cat?post=15460"},{"taxonomy":"product_tag","embeddable":true,"href":"https:\/\/www.hydraulic-cylinders.net\/fr\/wp-json\/wp\/v2\/product_tag?post=15460"}],"curies":[{"name":"wp","href":"https:\/\/api.w.org\/{rel}","templated":true}]}}